{"id":3272,"date":"2022-12-22T13:57:17","date_gmt":"2022-12-22T12:57:17","guid":{"rendered":"https:\/\/aupair.mondoit.de\/?post_type=product&#038;p=3272"},"modified":"2025-09-25T09:51:25","modified_gmt":"2025-09-25T07:51:25","slug":"assinatura-premium","status":"publish","type":"product","link":"https:\/\/aupairscout.com\/pt\/produto\/assinatura-premium\/","title":{"rendered":"Ades\u00e3o \u00e0 ag\u00eancia"},"content":{"rendered":"<div class=\"wpb_text_column wpb_content_element\">\n<div class=\"wpb_wrapper\">\n<div class=\"wpb_text_column wpb_content_element\">\n<div class=\"wpb_wrapper\">\n<h5><span style=\"color: #000000;\">ASSOCIA\u00c7\u00c3O PREMIUM EM AUPAIRSCOUT.DE<\/span><\/h5>\n<p><span style=\"color: #000000;\">Ao adquirir uma assinatura premium, voc\u00ea pode enviar mensagens pessoais para as candidatas \u2013 esta \u00e9 a maneira mais r\u00e1pida e f\u00e1cil de encontrar uma au pair. Voc\u00eas podem trocar informa\u00e7\u00f5es de contato e come\u00e7ar sua aventura como au pair! Aqui est\u00e1 uma vis\u00e3o geral dos diversos recursos premium:<\/span><\/p>\n<ul>\n<li><span style=\"color: #000000;\">Entre em contato com os candidatos por meio de mensagens personalizadas. Dessa forma, voc\u00ea ter\u00e1 certeza de que eles ler\u00e3o suas mensagens.<\/span><\/li>\n<li><span style=\"color: #000000;\">Leia e responda \u00e0s mensagens das partes interessadas, o que lhe dar\u00e1 a oportunidade de trocar mais informa\u00e7\u00f5es.<\/span><\/li>\n<li><span style=\"color: #000000;\">Leia descri\u00e7\u00f5es pessoais e tenha acesso a v\u00eddeos e depoimentos.<\/span><\/li>\n<li><span style=\"color: #000000;\">Tenha acesso a um contrato completo de Au Pair com conte\u00fado adicional, mais informa\u00e7\u00f5es e respostas \u00e0s perguntas mais frequentes.<\/span><\/li>\n<li><span style=\"color: #000000;\">Receba um manual para fam\u00edlias anfitri\u00e3s com dicas e informa\u00e7\u00f5es adicionais sobre o programa Au Pair, al\u00e9m de informa\u00e7\u00f5es \u00fateis sobre como encontrar uma Au Pair.<\/span><\/li>\n<\/ul>\n<\/div>\n<\/div>\n<div class=\"wpb_text_column wpb_content_element\">\n<div class=\"wpb_wrapper\"><\/div>\n<\/div>\n<\/div>\n<\/div>","protected":false},"excerpt":{"rendered":"<h5><span style=\"color: #000000;\">ZAHLUNGS-OPTIONEN<\/span><\/h5>\n<ul>\n<li><span style=\"color: #000000;\">PayPal<\/span><\/li>\n<li><span style=\"color: #000000;\">Cart\u00e3o de cr\u00e9dito<\/span><\/li>\n<li><span style=\"color: #000000;\">Transferir<\/span><\/li>\n<\/ul>","protected":false},"featured_media":3167,"template":"","meta":[],"product_brand":[],"product_cat":[122],"product_tag":[],"class_list":{"0":"post-3272","1":"product","2":"type-product","3":"status-publish","4":"has-post-thumbnail","6":"product_cat-abo","8":"first","9":"instock","10":"sold-individually","11":"taxable","12":"shipping-taxable","13":"purchasable","14":"product-type-variable-subscription"},"_links":{"self":[{"href":"https:\/\/aupairscout.com\/pt\/wp-json\/wp\/v2\/product\/3272","targetHints":{"allow":["GET"]}}],"collection":[{"href":"https:\/\/aupairscout.com\/pt\/wp-json\/wp\/v2\/product"}],"about":[{"href":"https:\/\/aupairscout.com\/pt\/wp-json\/wp\/v2\/types\/product"}],"wp:featuredmedia":[{"embeddable":true,"href":"https:\/\/aupairscout.com\/pt\/wp-json\/wp\/v2\/media\/3167"}],"wp:attachment":[{"href":"https:\/\/aupairscout.com\/pt\/wp-json\/wp\/v2\/media?parent=3272"}],"wp:term":[{"taxonomy":"product_brand","embeddable":true,"href":"https:\/\/aupairscout.com\/pt\/wp-json\/wp\/v2\/product_brand?post=3272"},{"taxonomy":"product_cat","embeddable":true,"href":"https:\/\/aupairscout.com\/pt\/wp-json\/wp\/v2\/product_cat?post=3272"},{"taxonomy":"product_tag","embeddable":true,"href":"https:\/\/aupairscout.com\/pt\/wp-json\/wp\/v2\/product_tag?post=3272"}],"curies":[{"name":"wp","href":"https:\/\/api.w.org\/{rel}","templated":true}]}}