{"id":3165,"date":"2022-11-02T21:10:10","date_gmt":"2022-11-02T20:10:10","guid":{"rendered":"https:\/\/aupair.mondoit.de\/?post_type=product&#038;p=3165"},"modified":"2025-09-01T13:24:02","modified_gmt":"2025-09-01T11:24:02","slug":"familia-anfitria-de-membros","status":"publish","type":"product","link":"https:\/\/aupairscout.com\/pt\/produto\/familia-anfitria-de-membros\/","title":{"rendered":"Ades\u00e3o para fam\u00edlia anfitri\u00e3"},"content":{"rendered":"<div class=\"wpb_text_column wpb_content_element\">\n<div class=\"wpb_wrapper\">\n<h3><span style=\"color: #000000;\">Afilia\u00e7\u00e3o de fam\u00edlia anfitri\u00e3 em AUPAIRSCOUT.DE<\/span><\/h3>\n<p>Para entrar em contato com uma au pair, as fam\u00edlias anfitri\u00e3s precisam de uma assinatura premium. Existem tr\u00eas pacotes \u00e0 escolha, que diferem apenas na dura\u00e7\u00e3o da assinatura.<\/p>\n<p><span style=\"color: #000000;\">A AuPairScout garante em troca:<\/span><\/p>\n<ul>\n<li><span style=\"color: #000000;\">d\u00e9cadas de experi\u00eancia como ag\u00eancia de au pair<\/span><\/li>\n<li><span style=\"color: #000000;\">Comunica\u00e7\u00e3o com nossa equipe AuPairScout<\/span><\/li>\n<li><span style=\"color: #000000;\">Contate-nos atrav\u00e9s de mensagens personalizadas<\/span><\/li>\n<li><span style=\"color: #000000;\">Troca de mais dados e informa\u00e7\u00f5es entre usu\u00e1rios<\/span><\/li>\n<li><span style=\"color: #000000;\">Acesso a descri\u00e7\u00f5es e refer\u00eancias pessoais<\/span><\/li>\n<li>N\u00e3o h\u00e1 publicidade em nosso site.<\/li>\n<\/ul>\n<\/div>\n<\/div>\n<div class=\"wpb_text_column wpb_content_element\">\n<div class=\"wpb_wrapper\"><\/div>\n<\/div>","protected":false},"excerpt":{"rendered":"<h5><span style=\"color: #000000;\">ZAHLUNGS-OPTIONEN<\/span><\/h5>\n<ul>\n<li><span style=\"color: #000000;\">PayPal<\/span><\/li>\n<li><span style=\"color: #000000;\">Cart\u00e3o de cr\u00e9dito<\/span><\/li>\n<li><span style=\"color: #000000;\">Transferir<\/span><\/li>\n<\/ul>","protected":false},"featured_media":3167,"template":"","meta":[],"product_brand":[],"product_cat":[122],"product_tag":[],"class_list":{"0":"post-3165","1":"product","2":"type-product","3":"status-publish","4":"has-post-thumbnail","6":"product_cat-abo","8":"first","9":"instock","10":"sold-individually","11":"taxable","12":"shipping-taxable","13":"purchasable","14":"product-type-variable-subscription"},"_links":{"self":[{"href":"https:\/\/aupairscout.com\/pt\/wp-json\/wp\/v2\/product\/3165","targetHints":{"allow":["GET"]}}],"collection":[{"href":"https:\/\/aupairscout.com\/pt\/wp-json\/wp\/v2\/product"}],"about":[{"href":"https:\/\/aupairscout.com\/pt\/wp-json\/wp\/v2\/types\/product"}],"wp:featuredmedia":[{"embeddable":true,"href":"https:\/\/aupairscout.com\/pt\/wp-json\/wp\/v2\/media\/3167"}],"wp:attachment":[{"href":"https:\/\/aupairscout.com\/pt\/wp-json\/wp\/v2\/media?parent=3165"}],"wp:term":[{"taxonomy":"product_brand","embeddable":true,"href":"https:\/\/aupairscout.com\/pt\/wp-json\/wp\/v2\/product_brand?post=3165"},{"taxonomy":"product_cat","embeddable":true,"href":"https:\/\/aupairscout.com\/pt\/wp-json\/wp\/v2\/product_cat?post=3165"},{"taxonomy":"product_tag","embeddable":true,"href":"https:\/\/aupairscout.com\/pt\/wp-json\/wp\/v2\/product_tag?post=3165"}],"curies":[{"name":"wp","href":"https:\/\/api.w.org\/{rel}","templated":true}]}}