{"id":7281,"date":"2025-08-14T11:25:52","date_gmt":"2025-08-14T09:25:52","guid":{"rendered":"https:\/\/aupairscout.com\/?page_id=7281"},"modified":"2025-08-19T12:32:13","modified_gmt":"2025-08-19T10:32:13","slug":"lista-de-precos-de-au-pair","status":"publish","type":"page","link":"https:\/\/aupairscout.com\/pt\/lista-de-precos-de-au-pair\/","title":{"rendered":"Lista de pre\u00e7os de Au Pair"},"content":{"rendered":"<section class=\"wp-block-group pricelist au-pair-premium has-global-padding is-layout-constrained wp-block-group-is-layout-constrained\">\n<div class=\"wp-block-columns tiles text-left aupair is-layout-flex wp-container-core-columns-is-layout-28f84493 wp-block-columns-is-layout-flex\">\n<div class=\"wp-block-column is-layout-flow wp-block-column-is-layout-flow\">\n<h2 class=\"wp-block-heading\">Lista de pre\u00e7os de Au Pair<\/h2>\n\n\n\n<p>Au pairs com um perfil b\u00e1sico podem encontrar e contatar fam\u00edlias gratuitamente. Fam\u00edlias com uma assinatura premium podem ent\u00e3o responder.<\/p>\n\n\n\n<p><strong>Novo:<\/strong> Agora, as au pairs tamb\u00e9m t\u00eam a op\u00e7\u00e3o de adquirir uma assinatura premium, que lhes permite responder \u00e0s fam\u00edlias e a outros participantes mesmo sem a sua pr\u00f3pria assinatura premium. N\u00e3o espere que as fam\u00edlias respondam \u2013 tome a iniciativa!<\/p>\n\n\n\n<p class=\"listcaption\">AuPairScout oferece em troca:<\/p>\n\n\n\n<ul class=\"wp-block-list\">\n<li>Estabelecer contato ativo com as fam\u00edlias e outros participantes.<\/li>\n\n\n\n<li>Fam\u00edlias e outros participantes podem responder sem precisar de uma inscri\u00e7\u00e3o pr\u00f3pria.<\/li>\n\n\n\n<li>Acesso a todos os dados familiares<\/li>\n\n\n\n<li>Conselhos pessoais da AuPairScout<\/li>\n\n\n\n<li>A ades\u00e3o \u00e9 <strong>V\u00e1lido por 12 meses<\/strong>Isso tamb\u00e9m \u00e9 suficiente para encontrar outra posi\u00e7\u00e3o posteriormente, por exemplo, em outro pa\u00eds anfitri\u00e3o.<\/li>\n<\/ul>\n<\/div>\n\n\n\n<div class=\"wp-block-column black front is-layout-flow wp-block-column-is-layout-flow\">\n<figure class=\"wp-block-image size-large\"><img decoding=\"async\" src=\"https:\/\/aupairscout.com\/wp-content\/uploads\/2023\/10\/Abo-Kaufen.png\" alt=\"Adquira uma assinatura de au pair \"\/><\/figure>\n\n\n\n<h3 class=\"wp-block-heading\"><strong><strong>Ades\u00e3o por 12 meses<\/strong><\/strong><\/h3>\n\n\n\n<p><strong>120.00 \u20ac<\/strong><br>10,00\u20ac por m\u00eas<\/p>\n\n\n<div class=\"wp-block-buttons is-layout-flex wp-block-buttons-is-layout-flex\"><div class=\"wp-block-button\"><a class=\"single_add_to_cart_button button wp-block-button__link wp-element-button\" href=\"\/au-pair-registrierung\">Cadastre-se + Compre<\/a><\/div><!-- .wp-block-button --><\/div><!-- .wp-block-buttons is-layout-flex wp-block-buttons-is-layout-flex -->\n\n\n\n<p>Assinatura premium<br>Conversar com as fam\u00edlias durante 12 meses.<\/p>\n<\/div>\n<\/div>\n<\/section>","protected":false},"excerpt":{"rendered":"<p>Au-pair Preisliste Au-pairs mit Basis Profil k\u00f6nnen kostenlos Familien finden und diese kontaktieren. Diese k\u00f6nnen darauf bei eigener Premium Mitgliedschaft antworten. Neu: Auch f\u00fcr Au-pairs besteht nun die M\u00f6glichkeit, eine Premium Mitgliedschaft zu kaufen, dann k\u00f6nnen Familien und anderen Teilnehmern auch ohne eigene Premium Mitgliedschaft antworten. Nicht auf die Familien warten, sondern selbst aktiv werden! [&hellip;]<\/p>\n","protected":false},"author":1,"featured_media":0,"parent":0,"menu_order":0,"comment_status":"closed","ping_status":"closed","template":"","meta":{"footnotes":""},"class_list":["post-7281","page","type-page","status-publish","hentry"],"_links":{"self":[{"href":"https:\/\/aupairscout.com\/pt\/wp-json\/wp\/v2\/pages\/7281","targetHints":{"allow":["GET"]}}],"collection":[{"href":"https:\/\/aupairscout.com\/pt\/wp-json\/wp\/v2\/pages"}],"about":[{"href":"https:\/\/aupairscout.com\/pt\/wp-json\/wp\/v2\/types\/page"}],"author":[{"embeddable":true,"href":"https:\/\/aupairscout.com\/pt\/wp-json\/wp\/v2\/users\/1"}],"replies":[{"embeddable":true,"href":"https:\/\/aupairscout.com\/pt\/wp-json\/wp\/v2\/comments?post=7281"}],"version-history":[{"count":8,"href":"https:\/\/aupairscout.com\/pt\/wp-json\/wp\/v2\/pages\/7281\/revisions"}],"predecessor-version":[{"id":7327,"href":"https:\/\/aupairscout.com\/pt\/wp-json\/wp\/v2\/pages\/7281\/revisions\/7327"}],"wp:attachment":[{"href":"https:\/\/aupairscout.com\/pt\/wp-json\/wp\/v2\/media?parent=7281"}],"curies":[{"name":"wp","href":"https:\/\/api.w.org\/{rel}","templated":true}]}}