{"id":6788,"date":"2025-02-28T17:15:18","date_gmt":"2025-02-28T16:15:18","guid":{"rendered":"https:\/\/aupairscout.com\/?page_id=6788"},"modified":"2025-03-01T10:58:23","modified_gmt":"2025-03-01T09:58:23","slug":"werkstatt","status":"publish","type":"page","link":"https:\/\/aupairscout.com\/pt\/werkstatt\/","title":{"rendered":"Werkstatt"},"content":{"rendered":"<div class=\"wp-block-group has-global-padding is-layout-constrained wp-block-group-is-layout-constrained\">\n<div class=\"wp-block-group has-global-padding is-layout-constrained wp-block-group-is-layout-constrained\">\n<h2 class=\"wp-block-heading has-text-align-center\">Novidades nas galerias<\/h2>\n\n\n<div class=\"concise-profiles\"><a class=\"concise\" href=\"\/benutzer-seite\/yvonnedeisen\"><p class=\"header\">Familie Deisen<br><span class=\"country\">da Alemanha<\/span><\/p><img decoding=\"async\" src=\"\/wp-content\/uploads\/ultimatemember\/991735\/profile_photo.jpeg\"\/><figcaption>procurando au pair<br>ab 01.04.26<br>por 12 meses<\/figcaption><\/a><a class=\"concise\" href=\"\/benutzer-seite\/fannybajeneza\"><p class=\"header\">Fanny<br><span class=\"country\">de Ruanda<\/span><\/p><img decoding=\"async\" src=\"\/wp-content\/uploads\/ultimatemember\/991818\/profile_photo.jpg\"\/><figcaption>procurando fam\u00edlia anfitri\u00e3<br>ab 01.05.26<br>por 12 meses<\/figcaption><\/a><a class=\"concise\" href=\"\/benutzer-seite\/fandresenaraharisonnycolas\"><p class=\"header\">FANDRESENA<br><span class=\"country\">de Madag\u00e1scar<\/span><\/p><img decoding=\"async\" src=\"\/wp-content\/uploads\/ultimatemember\/991814\/profile_photo.jpg\"\/><figcaption>procurando fam\u00edlia anfitri\u00e3<br>ab 01.07.26<br>por 12 meses<\/figcaption><\/a><a class=\"concise\" href=\"\/benutzer-seite\/christopherandriamamonjy\"><p class=\"header\">Christophe<br><span class=\"country\">de Madag\u00e1scar<\/span><\/p><img decoding=\"async\" src=\"\/wp-content\/uploads\/ultimatemember\/991793\/profile_photo.jpg\"\/><figcaption>procurando fam\u00edlia anfitri\u00e3<br>ab 20.08.26<br>por 6 meses<\/figcaption><\/a><a class=\"concise\" href=\"\/benutzer-seite\/saraabdelhakmi\"><p class=\"header\">Sara<br><span class=\"country\">da It\u00e1lia<\/span><\/p><img decoding=\"async\" src=\"\/wp-content\/uploads\/ultimatemember\/991813\/profile_photo.png\"\/><figcaption>procurando fam\u00edlia anfitri\u00e3<br>ab 30.04.26<br>por 24 meses<\/figcaption><\/a><a class=\"concise\" href=\"\/benutzer-seite\/manuelangouapo\"><p class=\"header\">Manuela<br><span class=\"country\">dos Camar\u00f5es<\/span><\/p><img decoding=\"async\" src=\"\/wp-content\/uploads\/ultimatemember\/991801\/profile_photo.jpg\"\/><figcaption>procurando fam\u00edlia anfitri\u00e3<br>ab 23.05.26<br>por 24 meses<\/figcaption><\/a><a class=\"concise\" href=\"\/benutzer-seite\/sarahwalz\"><p class=\"header\">Familie Walz<br><span class=\"country\">da Alemanha<\/span><\/p><img decoding=\"async\" src=\"\/wp-content\/uploads\/ultimatemember\/991799\/profile_photo.jpeg\"\/><figcaption>procurando au pair<br>ab 03.08.26<br>por 12 meses<\/figcaption><\/a><a class=\"concise\" href=\"\/benutzer-seite\/xiangruzhao95gmail-com\"><p class=\"header\">\u7965\u5982<br><span class=\"country\">da China<\/span><\/p><img decoding=\"async\" src=\"\/wp-content\/uploads\/ultimatemember\/991806\/profile_photo.jpg\"\/><figcaption>procurando fam\u00edlia anfitri\u00e3<br>ab 25.06.28<br>por 12 meses<\/figcaption><\/a><\/div><!-- .concise-profiles -->\n<\/div>\n\n\n\n<div class=\"wp-block-columns is-layout-flex wp-container-core-columns-is-layout-28f84493 wp-block-columns-is-layout-flex\">\n<div class=\"wp-block-column is-layout-flow wp-block-column-is-layout-flow\"><a class=\"concise\" href=\"\/benutzer-seite\/\"><p class=\"header\"><br><span class=\"country\">fora de <\/span><\/p><figcaption>procurando fam\u00edlia anfitri\u00e3<br>ab 01.01.70<br>f\u00fcr <\/figcaption><\/a>\n<\/div>\n\n\n\n<div class=\"wp-block-column is-layout-flow wp-block-column-is-layout-flow\"><a class=\"concise\" href=\"\/benutzer-seite\/aniquenomentsoa\"><p class=\"header\">Anique<br><span class=\"country\">da Alemanha<\/span><\/p><img decoding=\"async\" src=\"\/wp-content\/uploads\/ultimatemember\/990841\/profile_photo.jpeg\"\/><figcaption>procurando fam\u00edlia anfitri\u00e3<br>ab 01.05.25<br>por 12 meses<\/figcaption><\/a>\n<\/div>\n\n\n\n<div class=\"wp-block-column is-layout-flow wp-block-column-is-layout-flow\"><a class=\"concise\" href=\"\/benutzer-seite\/\"><p class=\"header\">Familie <br><span class=\"country\">fora de <\/span><\/p><figcaption>procurando au pair<br>ab 01.01.70<br>f\u00fcr <\/figcaption><\/a>\n<\/div>\n\n\n\n<div class=\"wp-block-column is-layout-flow wp-block-column-is-layout-flow\"><\/div>\n<\/div>\n<\/div>","protected":false},"excerpt":{"rendered":"<p>Novidades nas galerias<\/p>","protected":false},"author":1,"featured_media":0,"parent":0,"menu_order":0,"comment_status":"closed","ping_status":"closed","template":"","meta":{"footnotes":""},"class_list":["post-6788","page","type-page","status-publish","hentry"],"_links":{"self":[{"href":"https:\/\/aupairscout.com\/pt\/wp-json\/wp\/v2\/pages\/6788","targetHints":{"allow":["GET"]}}],"collection":[{"href":"https:\/\/aupairscout.com\/pt\/wp-json\/wp\/v2\/pages"}],"about":[{"href":"https:\/\/aupairscout.com\/pt\/wp-json\/wp\/v2\/types\/page"}],"author":[{"embeddable":true,"href":"https:\/\/aupairscout.com\/pt\/wp-json\/wp\/v2\/users\/1"}],"replies":[{"embeddable":true,"href":"https:\/\/aupairscout.com\/pt\/wp-json\/wp\/v2\/comments?post=6788"}],"version-history":[{"count":20,"href":"https:\/\/aupairscout.com\/pt\/wp-json\/wp\/v2\/pages\/6788\/revisions"}],"predecessor-version":[{"id":7397,"href":"https:\/\/aupairscout.com\/pt\/wp-json\/wp\/v2\/pages\/6788\/revisions\/7397"}],"wp:attachment":[{"href":"https:\/\/aupairscout.com\/pt\/wp-json\/wp\/v2\/media?parent=6788"}],"curies":[{"name":"wp","href":"https:\/\/api.w.org\/{rel}","templated":true}]}}