{"id":6590,"date":"2024-12-28T18:16:54","date_gmt":"2024-12-28T17:16:54","guid":{"rendered":"https:\/\/aupairscout.com\/?page_id=6590"},"modified":"2024-12-28T18:22:02","modified_gmt":"2024-12-28T17:22:02","slug":"familia-anfitria-na-suica","status":"publish","type":"page","link":"https:\/\/aupairscout.com\/pt\/procurando-por-au-pairs\/familia-anfitria-na-suica\/","title":{"rendered":"Gastfamilie in der Schweiz"},"content":{"rendered":"<link rel='stylesheet' id='um_members-css' href='\/wp-content\/plugins\/ultimate-member\/assets\/css\/um-members.css'>\n\n\n\n<h2 class=\"wp-block-heading\">Au pairs de todo o mundo procuram uma fam\u00edlia anfitri\u00e3 na Su\u00ed\u00e7a.<\/h2>\n\n\n\n<div class=\"wp-block-columns is-layout-flex wp-container-core-columns-is-layout-28f84493 wp-block-columns-is-layout-flex\">\n<div class=\"wp-block-column is-layout-flow wp-block-column-is-layout-flow\" style=\"flex-basis:25%\">\n<figure class=\"wp-block-image size-full\"><img loading=\"lazy\" decoding=\"async\" width=\"600\" height=\"600\" src=\"https:\/\/aupairscout.com\/wp-content\/uploads\/2024\/12\/Au-pair-sucht-Gastfamilie-in-der-Schweiz.jpg\" alt=\"\" class=\"wp-image-6591\" srcset=\"https:\/\/aupairscout.com\/wp-content\/uploads\/2024\/12\/Au-pair-sucht-Gastfamilie-in-der-Schweiz.jpg 600w, https:\/\/aupairscout.com\/wp-content\/uploads\/2024\/12\/Au-pair-sucht-Gastfamilie-in-der-Schweiz-300x300.jpg 300w, https:\/\/aupairscout.com\/wp-content\/uploads\/2024\/12\/Au-pair-sucht-Gastfamilie-in-der-Schweiz-150x150.jpg 150w, https:\/\/aupairscout.com\/wp-content\/uploads\/2024\/12\/Au-pair-sucht-Gastfamilie-in-der-Schweiz-12x12.jpg 12w, https:\/\/aupairscout.com\/wp-content\/uploads\/2024\/12\/Au-pair-sucht-Gastfamilie-in-der-Schweiz-250x250.jpg 250w, https:\/\/aupairscout.com\/wp-content\/uploads\/2024\/12\/Au-pair-sucht-Gastfamilie-in-der-Schweiz-450x450.jpg 450w, https:\/\/aupairscout.com\/wp-content\/uploads\/2024\/12\/Au-pair-sucht-Gastfamilie-in-der-Schweiz-100x100.jpg 100w\" sizes=\"auto, (max-width: 600px) 100vw, 600px\" \/><\/figure>\n<\/div>\n\n\n\n<div class=\"wp-block-column is-layout-flow wp-block-column-is-layout-flow\" style=\"flex-basis:75%\">\n<p>Encontre sua nova au pair na Su\u00ed\u00e7a em apenas alguns cliques. Encontrou candidatas adequadas? Ent\u00e3o, cadastre-se ou fa\u00e7a login com sua conta existente. Uma assinatura familiar com \u00f3timo custo-benef\u00edcio permite que voc\u00ea entre em contato com as au pairs e organize tudo para a estadia delas.<\/p>\n<\/div>\n<\/div>\n\n\n\n<section class=\"wp-block-group um has-global-padding is-layout-constrained wp-block-group-is-layout-constrained\">\n<div id=\"um-frame\"><div class=\"um-directory\"><div class=\"um-members-wrapper\"><\/div><\/div><\/div>\n<\/section>\n\n\n<iframe class=\"hidden-frame country-Schweiz\" src=\"\/au-pairs-suchen\/?filter_in-welche-lander-vermitteln-sie_fed60=Schweiz\"><\/iframe>","protected":false},"excerpt":{"rendered":"<p>Au-pairs aus aller Welt suchen eine Gastfamilie in der Schweiz Mit wenigen Klicks finden Sie hier Ihr neues Au-pair in der Schweiz. Haben Sie geeignete Kandidaten gefunden? Dann registrieren Sie sich oder melden sich mit Ihrem schon vorhandenen Konto an. \u00dcber eine kosteng\u00fcnstige Familienmitgliedschaft k\u00f6nnen Sie mit den Au-pairs Kontakt aufnehmen und alles f\u00fcr deren [&hellip;]<\/p>\n","protected":false},"author":1,"featured_media":0,"parent":6538,"menu_order":0,"comment_status":"closed","ping_status":"closed","template":"","meta":{"footnotes":""},"class_list":["post-6590","page","type-page","status-publish","hentry"],"_links":{"self":[{"href":"https:\/\/aupairscout.com\/pt\/wp-json\/wp\/v2\/pages\/6590","targetHints":{"allow":["GET"]}}],"collection":[{"href":"https:\/\/aupairscout.com\/pt\/wp-json\/wp\/v2\/pages"}],"about":[{"href":"https:\/\/aupairscout.com\/pt\/wp-json\/wp\/v2\/types\/page"}],"author":[{"embeddable":true,"href":"https:\/\/aupairscout.com\/pt\/wp-json\/wp\/v2\/users\/1"}],"replies":[{"embeddable":true,"href":"https:\/\/aupairscout.com\/pt\/wp-json\/wp\/v2\/comments?post=6590"}],"version-history":[{"count":1,"href":"https:\/\/aupairscout.com\/pt\/wp-json\/wp\/v2\/pages\/6590\/revisions"}],"predecessor-version":[{"id":6592,"href":"https:\/\/aupairscout.com\/pt\/wp-json\/wp\/v2\/pages\/6590\/revisions\/6592"}],"up":[{"embeddable":true,"href":"https:\/\/aupairscout.com\/pt\/wp-json\/wp\/v2\/pages\/6538"}],"wp:attachment":[{"href":"https:\/\/aupairscout.com\/pt\/wp-json\/wp\/v2\/media?parent=6590"}],"curies":[{"name":"wp","href":"https:\/\/api.w.org\/{rel}","templated":true}]}}