{"id":6227,"date":"2024-08-25T10:51:23","date_gmt":"2024-08-25T08:51:23","guid":{"rendered":"https:\/\/aupairscout.com\/?page_id=6227"},"modified":"2024-08-25T11:39:11","modified_gmt":"2024-08-25T09:39:11","slug":"traducoes","status":"publish","type":"page","link":"https:\/\/aupairscout.com\/pt\/traducoes\/","title":{"rendered":"Tradu\u00e7\u00f5es"},"content":{"rendered":"<section id=\"strings\" class=\"wp-block-group no-top has-global-padding is-layout-constrained wp-block-group-is-layout-constrained\">\n<h2 class=\"wp-block-heading\">Arquivo de idioma do plugin Au Pair<\/h2>\n\n\n\n<ul class=\"wp-block-list\">\n<li>Ag\u00eancia<\/li>\n\n\n\n<li>\u00a0Alem\u00e3o<\/li>\n\n\n\n<li>\u00a0Ingl\u00eas<\/li>\n\n\n\n<li>\u00a0Dura\u00e7\u00e3o de estadia<\/li>\n\n\n\n<li>\u00a0Data de in\u00edcio mais antiga<\/li>\n\n\n\n<li>\u00a0\u00daltima data de in\u00edcio<\/li>\n\n\n\n<li>\u00a0Carteira de motorista<\/li>\n\n\n\n<li>\u00a0Desbloquear<\/li>\n\n\n\n<li>\u00a0fora de<\/li>\n\n\n\n<li>\u00a0anos<\/li>\n\n\n\n<li>\u00a0Pa\u00eds desejado<\/li>\n\n\n\n<li>\u00a0telefone<\/li>\n\n\n\n<li>\u00a0M\u00f3vel<\/li>\n\n\n\n<li>\u00a0e-mail<\/li>\n\n\n\n<li>\u00a0Internet<\/li>\n\n\n\n<li>\u00a0Fornecemos au pairs desde<\/li>\n\n\n\n<li>\u00a0para os seguintes pa\u00edses<\/li>\n\n\n\n<li>\u00a0Editar foto da capa<\/li>\n\n\n\n<li>\u00a0N\u00famero do perfil<\/li>\n\n\n\n<li>\u00a0O perfil est\u00e1 ativado<\/li>\n\n\n\n<li>\u00a0O perfil est\u00e1 desativado<\/li>\n\n\n\n<li>\u00a0Querida ag\u00eancia<\/li>\n\n\n\n<li>\u00a0de seus funcion\u00e1rios e de sua ag\u00eancia<\/li>\n\n\n\n<li>\u00a0Querida fam\u00edlia<\/li>\n\n\n\n<li>\u00a0para sua futura au pair<\/li>\n\n\n\n<li>\u00a0Querida au pair<\/li>\n\n\n\n<li>\u00a0para sua futura fam\u00edlia anfitri\u00e3<\/li>\n\n\n\n<li>\u00a0Querida escola de idiomas<\/li>\n\n\n\n<li>\u00a0de seus funcion\u00e1rios e de sua escola<\/li>\n\n\n\n<li>\u00a0Caro clube de au pair<\/li>\n\n\n\n<li>\u00a0do seu clube<\/li>\n\n\n\n<li>\u00a0Obrigado pelo seu registro<\/li>\n\n\n\n<li>\u00a0Seu n\u00famero de perfil no AuPairScout \u00e9<\/li>\n\n\n\n<li>\u00a0Uma c\u00f3pia do registro foi enviada para o endere\u00e7o de e-mail que voc\u00ea forneceu. Se voc\u00ea n\u00e3o receber isso nos pr\u00f3ximos minutos, verifique sua pasta de spam ou entre em contato conosco atrav\u00e9s do nosso formul\u00e1rio de contato, informando seu n\u00famero de perfil<\/li>\n\n\n\n<li>Voc\u00ea ser\u00e1 redirecionado imediatamente para o seu perfil. Por favor, complete seu perfil com belas fotos<\/li>\n\n\n\n<li>Ap\u00f3s a ativa\u00e7\u00e3o por n\u00f3s, seu perfil ser\u00e1 exibido para todos os outros usu\u00e1rios.&#039;,<\/li>\n\n\n\n<li>Desejamos muito sucesso<\/li>\n\n\n\n<li>Finalidade de uso<\/li>\n<\/ul>\n\n\n\n<h2 class=\"wp-block-heading\">Idiomas<\/h2>\n\n\n\n<ul class=\"wp-block-list\">\n<li>Alem\u00e3o<\/li>\n\n\n\n<li>Ingl\u00eas<\/li>\n\n\n\n<li>Franc\u00eas<\/li>\n\n\n\n<li>Espanhol<\/li>\n\n\n\n<li>Portugu\u00eas<\/li>\n\n\n\n<li>italiano<\/li>\n\n\n\n<li>Holand\u00eas<\/li>\n\n\n\n<li>dinamarqu\u00eas<\/li>\n\n\n\n<li>sueco<\/li>\n<\/ul>\n<\/section>","protected":false},"excerpt":{"rendered":"<p>Au-pair Plugin Sprachdatei Sprachen<\/p>","protected":false},"author":1,"featured_media":0,"parent":0,"menu_order":0,"comment_status":"closed","ping_status":"closed","template":"","meta":{"footnotes":""},"class_list":["post-6227","page","type-page","status-publish","hentry"],"_links":{"self":[{"href":"https:\/\/aupairscout.com\/pt\/wp-json\/wp\/v2\/pages\/6227","targetHints":{"allow":["GET"]}}],"collection":[{"href":"https:\/\/aupairscout.com\/pt\/wp-json\/wp\/v2\/pages"}],"about":[{"href":"https:\/\/aupairscout.com\/pt\/wp-json\/wp\/v2\/types\/page"}],"author":[{"embeddable":true,"href":"https:\/\/aupairscout.com\/pt\/wp-json\/wp\/v2\/users\/1"}],"replies":[{"embeddable":true,"href":"https:\/\/aupairscout.com\/pt\/wp-json\/wp\/v2\/comments?post=6227"}],"version-history":[{"count":2,"href":"https:\/\/aupairscout.com\/pt\/wp-json\/wp\/v2\/pages\/6227\/revisions"}],"predecessor-version":[{"id":6229,"href":"https:\/\/aupairscout.com\/pt\/wp-json\/wp\/v2\/pages\/6227\/revisions\/6229"}],"wp:attachment":[{"href":"https:\/\/aupairscout.com\/pt\/wp-json\/wp\/v2\/media?parent=6227"}],"curies":[{"name":"wp","href":"https:\/\/api.w.org\/{rel}","templated":true}]}}