{"id":6128,"date":"2024-06-19T12:54:57","date_gmt":"2024-06-19T10:54:57","guid":{"rendered":"https:\/\/aupairscout.com\/?page_id=6128"},"modified":"2025-03-21T08:22:39","modified_gmt":"2025-03-21T07:22:39","slug":"oficina-de-idiomas","status":"publish","type":"page","link":"https:\/\/aupairscout.com\/pt\/oficina-de-idiomas\/","title":{"rendered":"Oficina de idiomas"},"content":{"rendered":"<section id=\"Profilseite\" class=\"wp-block-group has-global-padding is-layout-constrained wp-block-group-is-layout-constrained\">\n<p>Associa\u00e7\u00e3o familiar em aupairscout.de<\/p>\n\n\n\n<p>Associa\u00e7\u00e3o de ag\u00eancia em aupairscout.de<\/p>\n\n\n\n<p>Escolas de idiomas Associa\u00e7\u00e3o em aupairscout.de<\/p>\n\n\n\n<p>Compre uma assinatura de fam\u00edlia anfitri\u00e3 e ative as mensagens!<\/p>\n\n\n\n<p>Compre uma assinatura de ag\u00eancia e ative mensagens!<\/p>\n\n\n\n<p>Compre uma assinatura de escola de idiomas e ative as mensagens!<\/p>\n<\/section>\n\n\n\n<section id=\"Meldungen\" class=\"wp-block-group has-global-padding is-layout-constrained wp-block-group-is-layout-constrained\">\n<p><strong>Infelizmente, o banco de dados AuPairScout atualmente n\u00e3o cont\u00e9m nenhum clube de au pair que corresponda \u00e0 sua pesquisa<\/strong>. Portanto, primeiro tente expandir sua pesquisa evitando crit\u00e9rios de pesquisa restritivos.<\/p>\n\n\n\n<p>Se voc\u00ea ainda n\u00e3o consegue encontrar o que procura, use nosso aplicativo gratuito&nbsp;<a href=\"https:\/\/aupairscout.com\/%20au-pair-club-finden#info-service\">Servi\u00e7o de informa\u00e7\u00e3o<\/a>. Dica: se voc\u00ea&nbsp;<a href=\"https:\/\/aupairscout.com\/au-pair-registrierung\">Cadastre-se aqui no site<\/a>, ent\u00e3o voc\u00ea ser\u00e1 encontrado e contatado por fam\u00edlias anfitri\u00e3s, ag\u00eancias e escolas de idiomas.<\/p>\n\n\n\n<p><strong>Infelizmente, o banco de dados AuPairScout atualmente n\u00e3o cont\u00e9m nenhuma escola de idiomas que corresponda \u00e0 sua pesquisa<\/strong>. Portanto, primeiro tente expandir sua pesquisa evitando crit\u00e9rios de pesquisa restritivos.<\/p>\n\n\n\n<p>Se voc\u00ea ainda n\u00e3o consegue encontrar o que procura, use nosso aplicativo gratuito&nbsp;<a href=\"https:\/\/aupairscout.com\/sprachschule-finden#info-service\">Servi\u00e7o de informa\u00e7\u00e3o<\/a>. Ou voc\u00ea&nbsp;<a href=\"https:\/\/aupairscout.com\/au-pair-registrierung\">\u00c9 melhor se cadastrar aqui mesmo no site<\/a>, ent\u00e3o voc\u00ea ser\u00e1 encontrado e contatado por fam\u00edlias anfitri\u00e3s, ag\u00eancias e escolas de idiomas.<\/p>\n\n\n\n<p><strong>Infelizmente, o banco de dados AuPairScout atualmente n\u00e3o cont\u00e9m nenhuma ag\u00eancia que corresponda \u00e0 sua pesquisa<\/strong>. Portanto, primeiro tente expandir sua pesquisa evitando crit\u00e9rios de pesquisa restritivos.<\/p>\n\n\n\n<p>Se voc\u00ea ainda n\u00e3o consegue encontrar o que procura, use nosso aplicativo gratuito&nbsp;<a href=\"https:\/\/aupairscout.com\/agenturen-finden#info-service\">Servi\u00e7o de informa\u00e7\u00e3o<\/a>. Ou voc\u00ea&nbsp;<a href=\"https:\/\/aupairscout.com\/au-pair-registrierung\">\u00c9 melhor se cadastrar aqui mesmo no site<\/a>, ent\u00e3o voc\u00ea mesmo ser\u00e1 encontrado e contatado pelas ag\u00eancias.<\/p>\n\n\n\n<p><strong>Infelizmente, o banco de dados AuPairScout atualmente n\u00e3o cont\u00e9m nenhuma fam\u00edlia anfitri\u00e3 que corresponda \u00e0 sua pesquisa<\/strong>. Portanto, primeiro tente expandir sua pesquisa evitando crit\u00e9rios de pesquisa restritivos. Talvez haja uma fam\u00edlia adequada para voc\u00ea, afinal.<\/p>\n\n\n\n<p>Se voc\u00ea ainda n\u00e3o consegue encontrar o que procura, use nosso aplicativo gratuito&nbsp;<a href=\"https:\/\/aupairscout.com\/gastfamilie-finden#info-service\">Servi\u00e7o de informa\u00e7\u00e3o<\/a>. Quanto melhor voc\u00ea especificar o que procura, mais cedo poderemos inform\u00e1-lo por e-mail sobre novas fam\u00edlias anfitri\u00e3s no Au-Pair Scout que correspondam \u00e0 sua pesquisa. Ou \u00e9 melhor se registrar&nbsp;<a href=\"https:\/\/aupairscout.com\/au-pair-registrierung\">aqui mesmo no site<\/a>, ent\u00e3o voc\u00ea ser\u00e1 encontrado e contatado.<\/p>\n\n\n\n<p><strong>Infelizmente, o banco de dados AuPairScout atualmente n\u00e3o cont\u00e9m nenhuma au pair que corresponda \u00e0 sua pesquisa<\/strong>. Portanto, primeiro tente expandir sua pesquisa evitando crit\u00e9rios de pesquisa restritivos. Talvez haja uma au pair adequada para voc\u00ea, afinal.<\/p>\n\n\n\n<p>Se voc\u00ea ainda n\u00e3o consegue encontrar o que procura, use nosso aplicativo gratuito&nbsp;<a href=\"https:\/\/aupairscout.com\/au-pair-finden#info-service\">Servi\u00e7o de informa\u00e7\u00e3o<\/a>. Quanto melhor voc\u00ea especificar o que procura, mais cedo poderemos inform\u00e1-lo por e-mail sobre novas au pairs no Au-pair Scout que correspondem \u00e0 sua pesquisa. Ou o melhor \u00e9 se cadastrar&nbsp;<a href=\"https:\/\/aupairscout.com\/familien-registrierung\">aqui mesmo no site<\/a>, ent\u00e3o eles ser\u00e3o encontrados e contatados.<\/p>\n<\/section>","protected":false},"excerpt":{"rendered":"<p>Familien Mitgliedschaft bei aupairscout.de Agentur Mitgliedschaft bei aupairscout.de Sprachschulen Mitgliedschaft bei aupairscout.de Mitgliedschaft f\u00fcr Gastfamilie kaufen und Nachrichten aktivieren! Mitgliedschaft f\u00fcr Agentur kaufen und Nachrichten aktivieren! Mitgliedschaft f\u00fcr Sprachschule kaufen und Nachrichten aktivieren! Leider enth\u00e4lt die AuPairScout Datenbank derzeit keine Au-pair Clubs, die zu deiner Suche passen. Versuche daher zun\u00e4chst die Suche zu erweitern, indem [&hellip;]<\/p>\n","protected":false},"author":1,"featured_media":0,"parent":0,"menu_order":0,"comment_status":"closed","ping_status":"closed","template":"","meta":{"footnotes":""},"class_list":["post-6128","page","type-page","status-publish","hentry"],"_links":{"self":[{"href":"https:\/\/aupairscout.com\/pt\/wp-json\/wp\/v2\/pages\/6128","targetHints":{"allow":["GET"]}}],"collection":[{"href":"https:\/\/aupairscout.com\/pt\/wp-json\/wp\/v2\/pages"}],"about":[{"href":"https:\/\/aupairscout.com\/pt\/wp-json\/wp\/v2\/types\/page"}],"author":[{"embeddable":true,"href":"https:\/\/aupairscout.com\/pt\/wp-json\/wp\/v2\/users\/1"}],"replies":[{"embeddable":true,"href":"https:\/\/aupairscout.com\/pt\/wp-json\/wp\/v2\/comments?post=6128"}],"version-history":[{"count":9,"href":"https:\/\/aupairscout.com\/pt\/wp-json\/wp\/v2\/pages\/6128\/revisions"}],"predecessor-version":[{"id":6902,"href":"https:\/\/aupairscout.com\/pt\/wp-json\/wp\/v2\/pages\/6128\/revisions\/6902"}],"wp:attachment":[{"href":"https:\/\/aupairscout.com\/pt\/wp-json\/wp\/v2\/media?parent=6128"}],"curies":[{"name":"wp","href":"https:\/\/api.w.org\/{rel}","templated":true}]}}