{"id":5499,"date":"2023-10-27T18:25:22","date_gmt":"2023-10-27T16:25:22","guid":{"rendered":"https:\/\/aupairscout.com\/?page_id=5499"},"modified":"2025-08-19T14:28:58","modified_gmt":"2025-08-19T12:28:58","slug":"escolas-de-idiomas-premium","status":"publish","type":"page","link":"https:\/\/aupairscout.com\/pt\/escolas-de-idiomas-premium\/","title":{"rendered":"Lista de pre\u00e7os de escolas de idiomas"},"content":{"rendered":"<div class=\"wp-block-group pricelist language-school-premium has-global-padding is-layout-constrained wp-block-group-is-layout-constrained\">\n<section class=\"wp-block-group has-global-padding is-layout-constrained wp-block-group-is-layout-constrained\">\n<div class=\"wp-block-columns tiles aupair is-layout-flex wp-container-core-columns-is-layout-28f84493 wp-block-columns-is-layout-flex\">\n<div class=\"wp-block-column black flipbox is-layout-flow wp-block-column-is-layout-flow\">\n<div class=\"wp-block-group front has-global-padding is-layout-constrained wp-block-group-is-layout-constrained\">\n<figure class=\"wp-block-image size-full\"><img decoding=\"async\" src=\"https:\/\/aupairscout.com\/wp-content\/uploads\/2023\/10\/Abo-Kaufen.png\" alt=\"Compre uma assinatura b\u00e1sica para escolas de idiomas  \" class=\"wp-image-5172\"\/><\/figure>\n\n\n\n<h3 class=\"wp-block-heading\"><strong><strong>3 meses<\/strong><\/strong><\/h3>\n\n\n\n<p><strong>60.00 \u20ac<\/strong><br>20,00\u20ac por m\u00eas<\/p>\n\n\n<div class=\"wp-block-buttons is-layout-flex wp-block-buttons-is-layout-flex\"><div class=\"wp-block-button\"><a class=\"wp-block-button__link wp-element-button\" href=\"\/registrierung-als-sprachschule\">Cadastre-se + Compre<\/a><\/div><!-- .wp-block-button --><\/div><!-- .wp-block-buttons is-layout-flex wp-block-buttons-is-layout-flex -->\n<\/div>\n\n\n\n<div class=\"wp-block-group back has-global-padding is-layout-constrained wp-block-group-is-layout-constrained\">\n<p>Pacote b\u00e1sico<br>Sua assinatura n\u00e3o ser\u00e1 renovada automaticamente.<\/p>\n<\/div>\n<\/div>\n\n\n\n<div class=\"wp-block-column black flipbox is-layout-flow wp-block-column-is-layout-flow\">\n<div class=\"wp-block-group front has-global-padding is-layout-constrained wp-block-group-is-layout-constrained\">\n<figure class=\"wp-block-image size-full\"><img decoding=\"async\" src=\"https:\/\/aupairscout.com\/wp-content\/uploads\/2023\/10\/Abo-Kaufen.png\" alt=\"Compre uma assinatura Standard para escolas de idiomas \" class=\"wp-image-5172\"\/><\/figure>\n\n\n\n<h3 class=\"wp-block-heading\"><strong><strong>6 meses<\/strong><\/strong><\/h3>\n\n\n\n<p><strong>90.00 \u20ac<\/strong><br>15,00\u20ac por m\u00eas<\/p>\n\n\n<div class=\"wp-block-buttons is-layout-flex wp-block-buttons-is-layout-flex\"><div class=\"wp-block-button\"><a class=\"wp-block-button__link wp-element-button\" href=\"\/registrierung-als-sprachschule\">Cadastre-se + Compre<\/a><\/div><!-- .wp-block-button --><\/div><!-- .wp-block-buttons is-layout-flex wp-block-buttons-is-layout-flex -->\n<\/div>\n\n\n\n<div class=\"wp-block-group back has-global-padding is-layout-constrained wp-block-group-is-layout-constrained\">\n<p>Pacote padr\u00e3o<br>Sua assinatura n\u00e3o ser\u00e1 renovada automaticamente.<\/p>\n<\/div>\n<\/div>\n\n\n\n<div class=\"wp-block-column black flipbox is-layout-flow wp-block-column-is-layout-flow\">\n<div class=\"wp-block-group front has-global-padding is-layout-constrained wp-block-group-is-layout-constrained\">\n<figure class=\"wp-block-image size-full\"><img decoding=\"async\" src=\"https:\/\/aupairscout.com\/wp-content\/uploads\/2023\/10\/Abo-Kaufen.png\" alt=\"Compre uma assinatura Premium para escolas de idiomas  \" class=\"wp-image-5172\"\/><\/figure>\n\n\n\n<h3 class=\"wp-block-heading\"><strong><strong>12 meses<\/strong><\/strong><\/h3>\n\n\n\n<p><strong>120.00 \u20ac<\/strong><br>10,00\u20ac por m\u00eas<\/p>\n\n\n<div class=\"wp-block-buttons is-layout-flex wp-block-buttons-is-layout-flex\"><div class=\"wp-block-button\"><a class=\"wp-block-button__link wp-element-button\" href=\"\/registrierung-als-sprachschule\">Cadastre-se + Compre<\/a><\/div><!-- .wp-block-button --><\/div><!-- .wp-block-buttons is-layout-flex wp-block-buttons-is-layout-flex -->\n<\/div>\n\n\n\n<div class=\"wp-block-group back has-global-padding is-layout-constrained wp-block-group-is-layout-constrained\">\n<p>Pacote premium<br>Sua assinatura n\u00e3o ser\u00e1 renovada automaticamente.<\/p>\n<\/div>\n<\/div>\n<\/div>\n<\/section>\n\n\n\n<section class=\"wp-block-group has-global-padding is-layout-constrained wp-block-group-is-layout-constrained\">\n<h2 class=\"wp-block-heading\">Assinatura premium para escolas de idiomas<\/h2>\n\n\n\n<p>Ap\u00f3s o registro gratuito, voc\u00ea tem a op\u00e7\u00e3o de adquirir a assinatura anual das escolas de idiomas para que elas fiquem vis\u00edveis no seu perfil.<\/p>\n\n\n\n<p class=\"listcaption\">AuPairScout oferece em troca:<\/p>\n\n\n\n<ul class=\"wp-block-list\">\n<li>Contate-nos atrav\u00e9s de mensagens personalizadas<\/li>\n\n\n\n<li>Troca de mais dados e informa\u00e7\u00f5es entre usu\u00e1rios<\/li>\n\n\n\n<li>Acesso a descri\u00e7\u00f5es e refer\u00eancias pessoais<\/li>\n\n\n\n<li>D\u00e9cadas de experi\u00eancia como ag\u00eancia au pair<\/li>\n\n\n\n<li>Comunica\u00e7\u00e3o com nossa equipe AuPairScout<\/li>\n<\/ul>\n\n\n\n<h2 class=\"wp-block-heading list-caption\">Op\u00e7\u00f5es de pagamento<\/h2>\n\n\n\n<ul class=\"wp-block-list\">\n<li>PayPal<\/li>\n\n\n\n<li>Cart\u00e3o de cr\u00e9dito<\/li>\n\n\n\n<li>Transferir<\/li>\n<\/ul>\n<\/section>\n\n\n\n<section class=\"wp-block-group with-background grey has-global-padding is-layout-constrained wp-block-group-is-layout-constrained\">\n<h2 class=\"wp-block-heading\">D\u00favidas ou preocupa\u00e7\u00f5es sobre a associa\u00e7\u00e3o<\/h2>\n\n\n\n<div class=\"wp-block-getwid-accordion faq has-icon-left\" data-active-element=\"none\">\n<div class=\"wp-block-getwid-accordion__header-wrapper\"><span class=\"wp-block-getwid-accordion__header\"><a href=\"#\"><span class=\"wp-block-getwid-accordion__header-title\">Como fa\u00e7o para obter uma assinatura de escola de idiomas?<\/span><span class=\"wp-block-getwid-accordion__icon is-active\"><i class=\"fas fa-plus\"><\/i><\/span><span class=\"wp-block-getwid-accordion__icon is-passive\"><i class=\"fas fa-minus\"><\/i><\/span><\/a><\/span><\/div><div class=\"wp-block-getwid-accordion__content-wrapper\"><div class=\"wp-block-getwid-accordion__content\">\n<div class=\"wp-block-getwid-accordion has-icon-left\" data-active-element=\"none\">\n<div class=\"wp-block-getwid-accordion__header-wrapper\"><span class=\"wp-block-getwid-accordion__header\"><a href=\"#\"><span class=\"wp-block-getwid-accordion__header-title\">Compre uma assinatura anual<\/span><span class=\"wp-block-getwid-accordion__icon is-active\"><i class=\"fas fa-plus\"><\/i><\/span><span class=\"wp-block-getwid-accordion__icon is-passive\"><i class=\"fas fa-minus\"><\/i><\/span><\/a><\/span><\/div><div class=\"wp-block-getwid-accordion__content-wrapper\"><div class=\"wp-block-getwid-accordion__content\">\n<p>Voc\u00ea pode adquirir uma assinatura de escola de idiomas depois de se registrar e ativar.<\/p>\n<\/div><\/div>\n\n\n\n<div class=\"wp-block-getwid-accordion__header-wrapper\"><span class=\"wp-block-getwid-accordion__header\"><a href=\"#\"><span class=\"wp-block-getwid-accordion__header-title\">Quais s\u00e3o as taxas cobradas?<\/span><span class=\"wp-block-getwid-accordion__icon is-active\"><i class=\"fas fa-plus\"><\/i><\/span><span class=\"wp-block-getwid-accordion__icon is-passive\"><i class=\"fas fa-minus\"><\/i><\/span><\/a><\/span><\/div><div class=\"wp-block-getwid-accordion__content-wrapper\"><div class=\"wp-block-getwid-accordion__content\">\n<p>Somente com uma assinatura seu perfil ficar\u00e1 vis\u00edvel para au pairs, fam\u00edlias anfitri\u00e3s e ag\u00eancias.<\/p>\n<\/div><\/div>\n\n\n\n<div class=\"wp-block-getwid-accordion__header-wrapper\"><span class=\"wp-block-getwid-accordion__header\"><a href=\"#\"><span class=\"wp-block-getwid-accordion__header-title\">AuPairScout oferece em troca:<\/span><span class=\"wp-block-getwid-accordion__icon is-active\"><i class=\"fas fa-plus\"><\/i><\/span><span class=\"wp-block-getwid-accordion__icon is-passive\"><i class=\"fas fa-minus\"><\/i><\/span><\/a><\/span><\/div><div class=\"wp-block-getwid-accordion__content-wrapper\"><div class=\"wp-block-getwid-accordion__content\">\n<ul class=\"wp-block-list\">\n<li>Contate-nos atrav\u00e9s de mensagens personalizadas<\/li>\n\n\n\n<li>Troca de mais dados e informa\u00e7\u00f5es entre usu\u00e1rios<\/li>\n\n\n\n<li>Acesso a descri\u00e7\u00f5es e refer\u00eancias pessoais<\/li>\n\n\n\n<li>D\u00e9cadas de experi\u00eancia como ag\u00eancia au pair<\/li>\n\n\n\n<li>Comunica\u00e7\u00e3o com nossa equipe AuPairScout<\/li>\n<\/ul>\n<\/div><\/div>\n<\/div>\n<\/div><\/div>\n\n\n\n<div class=\"wp-block-getwid-accordion__header-wrapper\"><span class=\"wp-block-getwid-accordion__header\"><a href=\"#\"><span class=\"wp-block-getwid-accordion__header-title\">O que acontece no final do per\u00edodo pago?<\/span><span class=\"wp-block-getwid-accordion__icon is-active\"><i class=\"fas fa-plus\"><\/i><\/span><span class=\"wp-block-getwid-accordion__icon is-passive\"><i class=\"fas fa-minus\"><\/i><\/span><\/a><\/span><\/div><div class=\"wp-block-getwid-accordion__content-wrapper\"><div class=\"wp-block-getwid-accordion__content\">\n<div class=\"wp-block-getwid-accordion has-icon-left\" data-active-element=\"none\">\n<div class=\"wp-block-getwid-accordion__header-wrapper\"><span class=\"wp-block-getwid-accordion__header\"><a href=\"#\"><span class=\"wp-block-getwid-accordion__header-title\">Quando uma assinatura termina<\/span><span class=\"wp-block-getwid-accordion__icon is-active\"><i class=\"fas fa-plus\"><\/i><\/span><span class=\"wp-block-getwid-accordion__icon is-passive\"><i class=\"fas fa-minus\"><\/i><\/span><\/a><\/span><\/div><div class=\"wp-block-getwid-accordion__content-wrapper\"><div class=\"wp-block-getwid-accordion__content\">\n<p>Quando sua assinatura terminar, seu perfil n\u00e3o estar\u00e1 mais vis\u00edvel. No entanto, voc\u00ea sempre pode adquirir uma nova assinatura para torn\u00e1-lo vis\u00edvel novamente.<\/p>\n<\/div><\/div>\n<\/div>\n<\/div><\/div>\n\n\n\n<div class=\"wp-block-getwid-accordion__header-wrapper\"><span class=\"wp-block-getwid-accordion__header\"><a href=\"#\"><span class=\"wp-block-getwid-accordion__header-title\">Como posso cancelar minha assinatura?<\/span><span class=\"wp-block-getwid-accordion__icon is-active\"><i class=\"fas fa-plus\"><\/i><\/span><span class=\"wp-block-getwid-accordion__icon is-passive\"><i class=\"fas fa-minus\"><\/i><\/span><\/a><\/span><\/div><div class=\"wp-block-getwid-accordion__content-wrapper\"><div class=\"wp-block-getwid-accordion__content\">\n<div class=\"wp-block-getwid-accordion has-icon-left\" data-active-element=\"none\">\n<div class=\"wp-block-getwid-accordion__header-wrapper\"><span class=\"wp-block-getwid-accordion__header\"><a href=\"#\"><span class=\"wp-block-getwid-accordion__header-title\">Como fa\u00e7o para cancelar uma assinatura<\/span><span class=\"wp-block-getwid-accordion__icon is-active\"><i class=\"fas fa-plus\"><\/i><\/span><span class=\"wp-block-getwid-accordion__icon is-passive\"><i class=\"fas fa-minus\"><\/i><\/span><\/a><\/span><\/div><div class=\"wp-block-getwid-accordion__content-wrapper\"><div class=\"wp-block-getwid-accordion__content\">\n<p>Cada assinatura termina automaticamente ap\u00f3s o per\u00edodo selecionado e n\u00e3o precisa ser cancelada.<\/p>\n<\/div><\/div>\n<\/div>\n<\/div><\/div>\n<\/div>\n<\/section>\n<\/div>\n\n\n\n<section id=\"last-cta\" class=\"wp-block-group with-background small has-global-padding is-layout-constrained wp-block-group-is-layout-constrained\">\n<div class=\"wp-block-columns aupair is-layout-flex wp-container-core-columns-is-layout-28f84493 wp-block-columns-is-layout-flex\">\n<div class=\"wp-block-column is-layout-flow wp-block-column-is-layout-flow\">\n<h2 class=\"wp-block-heading\"><strong>Registe-se agora gratuitamente!<\/strong><\/h2>\n\n\n\n<h5 class=\"wp-block-heading\">ESTAMOS REUNINDO AU PAIRS, FAM\u00cdLIAS DE ACOLHIMENTO, AG\u00caNCIAS, ESCOLAS DE L\u00cdNGUAS E CLUBES DE AU PAIR EM TODO O MUNDO DESDE 1997.<\/h5>\n<\/div>\n\n\n\n<div class=\"wp-block-column is-layout-flow wp-block-column-is-layout-flow\">\n<div class=\"wp-block-buttons is-layout-flex wp-block-buttons-is-layout-flex\">\n<div class=\"wp-block-button highlighted\"><a class=\"wp-block-button__link wp-element-button\" href=\"\/#registrierung\"><strong>Vamos<\/strong><\/a><\/div>\n<\/div>\n<\/div>\n<\/div>\n<\/section>","protected":false},"excerpt":{"rendered":"","protected":false},"author":990158,"featured_media":0,"parent":0,"menu_order":0,"comment_status":"closed","ping_status":"closed","template":"","meta":{"footnotes":""},"class_list":["post-5499","page","type-page","status-publish","hentry"],"_links":{"self":[{"href":"https:\/\/aupairscout.com\/pt\/wp-json\/wp\/v2\/pages\/5499","targetHints":{"allow":["GET"]}}],"collection":[{"href":"https:\/\/aupairscout.com\/pt\/wp-json\/wp\/v2\/pages"}],"about":[{"href":"https:\/\/aupairscout.com\/pt\/wp-json\/wp\/v2\/types\/page"}],"author":[{"embeddable":true,"href":"https:\/\/aupairscout.com\/pt\/wp-json\/wp\/v2\/users\/990158"}],"replies":[{"embeddable":true,"href":"https:\/\/aupairscout.com\/pt\/wp-json\/wp\/v2\/comments?post=5499"}],"version-history":[{"count":18,"href":"https:\/\/aupairscout.com\/pt\/wp-json\/wp\/v2\/pages\/5499\/revisions"}],"predecessor-version":[{"id":7330,"href":"https:\/\/aupairscout.com\/pt\/wp-json\/wp\/v2\/pages\/5499\/revisions\/7330"}],"wp:attachment":[{"href":"https:\/\/aupairscout.com\/pt\/wp-json\/wp\/v2\/media?parent=5499"}],"curies":[{"name":"wp","href":"https:\/\/api.w.org\/{rel}","templated":true}]}}