{"id":5280,"date":"2023-10-22T13:08:46","date_gmt":"2023-10-22T11:08:46","guid":{"rendered":"https:\/\/aupairscout.com\/?page_id=5280"},"modified":"2024-12-26T10:55:08","modified_gmt":"2024-12-26T09:55:08","slug":"perguntas-frequentes-para-escolas-de-idiomas","status":"publish","type":"page","link":"https:\/\/aupairscout.com\/pt\/perguntas-frequentes-para-escolas-de-idiomas\/","title":{"rendered":"Perguntas frequentes sobre escolas de idiomas"},"content":{"rendered":"<div id=\"pagehead\" class=\"wp-block-group has-global-padding is-layout-constrained wp-block-group-is-layout-constrained\">\n<div class=\"wp-block-columns is-layout-flex wp-container-core-columns-is-layout-28f84493 wp-block-columns-is-layout-flex\">\n<div class=\"wp-block-column is-layout-flow wp-block-column-is-layout-flow\">\n<figure class=\"wp-block-image size-large\"><img loading=\"lazy\" decoding=\"async\" width=\"1024\" height=\"672\" src=\"https:\/\/aupairscout.com\/wp-content\/uploads\/2023\/10\/Registrierung-Sprachschule-1024x672.jpg\" alt=\"As escolas de idiomas podem usar o site Au pair Scout para apresentar seus cursos especiais de idiomas au pair \" class=\"wp-image-4844\" srcset=\"https:\/\/aupairscout.com\/wp-content\/uploads\/2023\/10\/Registrierung-Sprachschule-1024x672.jpg 1024w, https:\/\/aupairscout.com\/wp-content\/uploads\/2023\/10\/Registrierung-Sprachschule-300x197.jpg 300w, https:\/\/aupairscout.com\/wp-content\/uploads\/2023\/10\/Registrierung-Sprachschule-768x504.jpg 768w, https:\/\/aupairscout.com\/wp-content\/uploads\/2023\/10\/Registrierung-Sprachschule-18x12.jpg 18w, https:\/\/aupairscout.com\/wp-content\/uploads\/2023\/10\/Registrierung-Sprachschule-600x394.jpg 600w, https:\/\/aupairscout.com\/wp-content\/uploads\/2023\/10\/Registrierung-Sprachschule.jpg 1280w\" sizes=\"auto, (max-width: 1024px) 100vw, 1024px\" \/><\/figure>\n<\/div>\n\n\n\n<div class=\"wp-block-column is-layout-flow wp-block-column-is-layout-flow\">\n<h2 class=\"wp-block-heading\">Cursos de idiomas Au Pair e outras quest\u00f5es para escolas de idiomas<\/h2>\n\n\n\n<p>Aqui voc\u00ea encontrar\u00e1 perguntas e respostas para escolas de idiomas que gostariam de se apresentar em um site para au pairs.<\/p>\n<\/div>\n<\/div>\n<\/div>\n\n\n\n<section class=\"wp-block-group near has-global-padding is-layout-constrained wp-block-group-is-layout-constrained\">\n<div class=\"wp-block-getwid-accordion faq has-icon-left\" data-active-element=\"none\">\n<div class=\"wp-block-getwid-accordion__header-wrapper\"><span class=\"wp-block-getwid-accordion__header\"><a href=\"#\"><span class=\"wp-block-getwid-accordion__header-title\">Em geral<\/span><span class=\"wp-block-getwid-accordion__icon is-active\"><i class=\"fas fa-plus\"><\/i><\/span><span class=\"wp-block-getwid-accordion__icon is-passive\"><i class=\"fas fa-minus\"><\/i><\/span><\/a><\/span><\/div><div class=\"wp-block-getwid-accordion__content-wrapper\"><div class=\"wp-block-getwid-accordion__content\">\n<div class=\"wp-block-getwid-accordion has-icon-left\" data-active-element=\"none\">\n<div class=\"wp-block-getwid-accordion__header-wrapper\"><span class=\"wp-block-getwid-accordion__header\"><a href=\"#\"><span class=\"wp-block-getwid-accordion__header-title\">Quem pode se inscrever como escola de idiomas?<\/span><span class=\"wp-block-getwid-accordion__icon is-active\"><i class=\"fas fa-plus\"><\/i><\/span><span class=\"wp-block-getwid-accordion__icon is-passive\"><i class=\"fas fa-minus\"><\/i><\/span><\/a><\/span><\/div><div class=\"wp-block-getwid-accordion__content-wrapper\"><div class=\"wp-block-getwid-accordion__content\">\n<p>Qualquer escola de idiomas que ofere\u00e7a au pairs pode se inscrever.<\/p>\n<\/div><\/div>\n<\/div>\n<\/div><\/div>\n\n\n\n<div class=\"wp-block-getwid-accordion__header-wrapper\"><span class=\"wp-block-getwid-accordion__header\"><a href=\"#\"><span class=\"wp-block-getwid-accordion__header-title\">Registro \/ Login<\/span><span class=\"wp-block-getwid-accordion__icon is-active\"><i class=\"fas fa-plus\"><\/i><\/span><span class=\"wp-block-getwid-accordion__icon is-passive\"><i class=\"fas fa-minus\"><\/i><\/span><\/a><\/span><\/div><div class=\"wp-block-getwid-accordion__content-wrapper\"><div class=\"wp-block-getwid-accordion__content\">\n<div class=\"wp-block-getwid-accordion has-icon-left\" data-active-element=\"none\">\n<div class=\"wp-block-getwid-accordion__header-wrapper\"><span class=\"wp-block-getwid-accordion__header\"><a href=\"#\"><span class=\"wp-block-getwid-accordion__header-title\">Como podemos nos registrar?<\/span><span class=\"wp-block-getwid-accordion__icon is-active\"><i class=\"fas fa-plus\"><\/i><\/span><span class=\"wp-block-getwid-accordion__icon is-passive\"><i class=\"fas fa-minus\"><\/i><\/span><\/a><\/span><\/div><div class=\"wp-block-getwid-accordion__content-wrapper\"><div class=\"wp-block-getwid-accordion__content\">\n<p>\u00c9 muito simples: Para fazer isso, preencha nosso formul\u00e1rio no item de menu \u201cRegistrar\u201d de forma verdadeira e completa poss\u00edvel.<\/p>\n<\/div><\/div>\n<\/div>\n<\/div><\/div>\n\n\n\n<div class=\"wp-block-getwid-accordion__header-wrapper\"><span class=\"wp-block-getwid-accordion__header\"><a href=\"#\"><span class=\"wp-block-getwid-accordion__header-title\">Escola de idiomas com ades\u00e3o<\/span><span class=\"wp-block-getwid-accordion__icon is-active\"><i class=\"fas fa-plus\"><\/i><\/span><span class=\"wp-block-getwid-accordion__icon is-passive\"><i class=\"fas fa-minus\"><\/i><\/span><\/a><\/span><\/div><div class=\"wp-block-getwid-accordion__content-wrapper\"><div class=\"wp-block-getwid-accordion__content\">\n<div class=\"wp-block-getwid-accordion has-icon-left\" data-active-element=\"none\">\n<div class=\"wp-block-getwid-accordion__header-wrapper\"><span class=\"wp-block-getwid-accordion__header\"><a href=\"#\"><span class=\"wp-block-getwid-accordion__header-title\">Com ades\u00e3o<\/span><span class=\"wp-block-getwid-accordion__icon is-active\"><i class=\"fas fa-plus\"><\/i><\/span><span class=\"wp-block-getwid-accordion__icon is-passive\"><i class=\"fas fa-minus\"><\/i><\/span><\/a><\/span><\/div><div class=\"wp-block-getwid-accordion__content-wrapper\"><div class=\"wp-block-getwid-accordion__content\">\n<ul class=\"wp-block-list\">\n<li>Voc\u00ea pode entrar em contato com au pairs e fam\u00edlias anfitri\u00e3s por meio de mensagens personalizadas<\/li>\n\n\n\n<li>Voc\u00ea pode trocar mais dados e informa\u00e7\u00f5es entre si via chat<\/li>\n\n\n\n<li>voc\u00ea tem acesso a descri\u00e7\u00f5es e refer\u00eancias pessoais<\/li>\n<\/ul>\n<\/div><\/div>\n\n\n\n<div class=\"wp-block-getwid-accordion__header-wrapper\"><span class=\"wp-block-getwid-accordion__header\"><a href=\"#\"><span class=\"wp-block-getwid-accordion__header-title\">AuPairScout oferece em troca:<\/span><span class=\"wp-block-getwid-accordion__icon is-active\"><i class=\"fas fa-plus\"><\/i><\/span><span class=\"wp-block-getwid-accordion__icon is-passive\"><i class=\"fas fa-minus\"><\/i><\/span><\/a><\/span><\/div><div class=\"wp-block-getwid-accordion__content-wrapper\"><div class=\"wp-block-getwid-accordion__content\">\n<ul class=\"wp-block-list\">\n<li>D\u00e9cadas de experi\u00eancia como ag\u00eancia au pair<\/li>\n\n\n\n<li>Comunica\u00e7\u00e3o com nossa equipe AuPairScout<\/li>\n<\/ul>\n<\/div><\/div>\n<\/div>\n<\/div><\/div>\n<\/div>\n<\/section>","protected":false},"excerpt":{"rendered":"<p>Au-pair Sprachkurse und andere Fragen f\u00fcr Sprachschulen Hier finden Sie Fragen und Antworten f\u00fcr Sprachschulen, die sich auf einer Website f\u00fcr Au-pairs pr\u00e4sentieren m\u00f6chten.<\/p>","protected":false},"author":990158,"featured_media":0,"parent":0,"menu_order":0,"comment_status":"closed","ping_status":"closed","template":"","meta":{"footnotes":""},"class_list":["post-5280","page","type-page","status-publish","hentry"],"_links":{"self":[{"href":"https:\/\/aupairscout.com\/pt\/wp-json\/wp\/v2\/pages\/5280","targetHints":{"allow":["GET"]}}],"collection":[{"href":"https:\/\/aupairscout.com\/pt\/wp-json\/wp\/v2\/pages"}],"about":[{"href":"https:\/\/aupairscout.com\/pt\/wp-json\/wp\/v2\/types\/page"}],"author":[{"embeddable":true,"href":"https:\/\/aupairscout.com\/pt\/wp-json\/wp\/v2\/users\/990158"}],"replies":[{"embeddable":true,"href":"https:\/\/aupairscout.com\/pt\/wp-json\/wp\/v2\/comments?post=5280"}],"version-history":[{"count":15,"href":"https:\/\/aupairscout.com\/pt\/wp-json\/wp\/v2\/pages\/5280\/revisions"}],"predecessor-version":[{"id":6534,"href":"https:\/\/aupairscout.com\/pt\/wp-json\/wp\/v2\/pages\/5280\/revisions\/6534"}],"wp:attachment":[{"href":"https:\/\/aupairscout.com\/pt\/wp-json\/wp\/v2\/media?parent=5280"}],"curies":[{"name":"wp","href":"https:\/\/api.w.org\/{rel}","templated":true}]}}