{"id":5138,"date":"2023-10-15T17:43:57","date_gmt":"2023-10-15T15:43:57","guid":{"rendered":"https:\/\/aupairscout.com\/?page_id=5138"},"modified":"2023-10-15T17:44:01","modified_gmt":"2023-10-15T15:44:01","slug":"sessao-de-aconselhamento-familiar","status":"publish","type":"page","link":"https:\/\/aupairscout.com\/pt\/sessao-de-aconselhamento-familiar\/","title":{"rendered":"Consulta familiar"},"content":{"rendered":"<h2 class=\"wp-block-post-title\"><div class=\"breadcrumbs\"><span class=\"crumb\"><a href=\"https:\/\/aupairscout.com\/pt\">AuPairScout - Internacional<\/a> \u00bb <\/span><span class=\"crumb current-page\">Consulta familiar<\/span><\/div><\/h2>\n\n\n\n<h2 class=\"wp-block-heading\">Prezadas fam\u00edlias anfitri\u00e3s,<\/h2>\n\n\n\n<p>Voc\u00ea tem d\u00favidas sobre sua situa\u00e7\u00e3o espec\u00edfica que n\u00e3o foram respondidas na se\u00e7\u00e3o de perguntas frequentes, ou gostaria simplesmente de receber aconselhamento direto de um especialista sobre seus planos como au pair?<\/p>\n\n\n\n<p>Oferecemos uma consulta mediante o pagamento de uma taxa que varia de acordo com o tempo despendido, e voc\u00ea pode agendar um hor\u00e1rio aqui.<\/p>\n\n\n\n<p>\u2026<\/p>","protected":false},"excerpt":{"rendered":"<p>Liebe Gastfamilien, haben Sie Fragen, die sich aus Ihrer speziellen Situation ergeben und zu denen sich im FAQ Bereich keine Antworten finden oder m\u00f6chten Sie sich einfach vom Experten direkt zu Ihren Au-Pair Pl\u00e4nen beraten lassen? Gegen eine zeitabh\u00e4ngige Geb\u00fchr bieten wir Ihnen eine Beratungsgespr\u00e4ch an, zu dem Sie hier einen Termin buchen k\u00f6nnen. \u2026<\/p>","protected":false},"author":1,"featured_media":0,"parent":0,"menu_order":0,"comment_status":"closed","ping_status":"closed","template":"","meta":{"footnotes":""},"class_list":["post-5138","page","type-page","status-publish","hentry"],"_links":{"self":[{"href":"https:\/\/aupairscout.com\/pt\/wp-json\/wp\/v2\/pages\/5138","targetHints":{"allow":["GET"]}}],"collection":[{"href":"https:\/\/aupairscout.com\/pt\/wp-json\/wp\/v2\/pages"}],"about":[{"href":"https:\/\/aupairscout.com\/pt\/wp-json\/wp\/v2\/types\/page"}],"author":[{"embeddable":true,"href":"https:\/\/aupairscout.com\/pt\/wp-json\/wp\/v2\/users\/1"}],"replies":[{"embeddable":true,"href":"https:\/\/aupairscout.com\/pt\/wp-json\/wp\/v2\/comments?post=5138"}],"version-history":[{"count":1,"href":"https:\/\/aupairscout.com\/pt\/wp-json\/wp\/v2\/pages\/5138\/revisions"}],"predecessor-version":[{"id":5139,"href":"https:\/\/aupairscout.com\/pt\/wp-json\/wp\/v2\/pages\/5138\/revisions\/5139"}],"wp:attachment":[{"href":"https:\/\/aupairscout.com\/pt\/wp-json\/wp\/v2\/media?parent=5138"}],"curies":[{"name":"wp","href":"https:\/\/api.w.org\/{rel}","templated":true}]}}