{"id":5134,"date":"2023-10-15T17:24:54","date_gmt":"2023-10-15T15:24:54","guid":{"rendered":"https:\/\/aupairscout.com\/?page_id=5134"},"modified":"2024-12-26T10:32:46","modified_gmt":"2024-12-26T09:32:46","slug":"e-assim-que-funciona-para-clubes-de-au-pair","status":"publish","type":"page","link":"https:\/\/aupairscout.com\/pt\/e-assim-que-funciona-para-clubes-de-au-pair\/","title":{"rendered":"Clubes de Au Pair \u00c9 assim que funciona"},"content":{"rendered":"<div id=\"pagehead\" class=\"wp-block-group has-global-padding is-layout-constrained wp-block-group-is-layout-constrained\">\n<div class=\"wp-block-columns is-layout-flex wp-container-core-columns-is-layout-28f84493 wp-block-columns-is-layout-flex\">\n<div class=\"wp-block-column is-layout-flow wp-block-column-is-layout-flow\">\n<figure class=\"wp-block-image size-large\"><img loading=\"lazy\" decoding=\"async\" width=\"1024\" height=\"672\" src=\"https:\/\/aupairscout.com\/wp-content\/uploads\/2023\/10\/Registrierung-Au-Pair-Club-1024x672.jpg\" alt=\"4 etapas para se registrar no clube de au pair\" class=\"wp-image-4845\" srcset=\"https:\/\/aupairscout.com\/wp-content\/uploads\/2023\/10\/Registrierung-Au-Pair-Club-1024x672.jpg 1024w, https:\/\/aupairscout.com\/wp-content\/uploads\/2023\/10\/Registrierung-Au-Pair-Club-300x197.jpg 300w, https:\/\/aupairscout.com\/wp-content\/uploads\/2023\/10\/Registrierung-Au-Pair-Club-768x504.jpg 768w, https:\/\/aupairscout.com\/wp-content\/uploads\/2023\/10\/Registrierung-Au-Pair-Club-18x12.jpg 18w, https:\/\/aupairscout.com\/wp-content\/uploads\/2023\/10\/Registrierung-Au-Pair-Club-600x394.jpg 600w, https:\/\/aupairscout.com\/wp-content\/uploads\/2023\/10\/Registrierung-Au-Pair-Club.jpg 1280w\" sizes=\"auto, (max-width: 1024px) 100vw, 1024px\" \/><\/figure>\n<\/div>\n\n\n\n<div class=\"wp-block-column is-layout-flow wp-block-column-is-layout-flow\">\n<h2 class=\"wp-block-heading\"><strong>4 etapas para se registrar no clube de au pair<\/strong><\/h2>\n\n\n\n<p>Aqui voc\u00ea tem a oportunidade de se registrar gratuitamente como um clube\/local de encontro de au pair e se apresentar online em todo o mundo. Aqui voc\u00ea ser\u00e1 abordado por au pairs que encontraram uma fam\u00edlia anfitri\u00e3 nas proximidades ou por fam\u00edlias anfitri\u00e3s que acolheram uma au pair em sua casa. Au pairs muitas vezes procuram amigos novos ou que pensam como voc\u00ea em seu tempo livre. Agora siga as 4 etapas abaixo. <\/p>\n<\/div>\n<\/div>\n<\/div>\n\n\n\n<section class=\"wp-block-group near has-global-padding is-layout-constrained wp-block-group-is-layout-constrained\">\n<div class=\"wp-block-getwid-accordion has-icon-left\" data-active-element=\"0\">\n<div class=\"wp-block-getwid-accordion__header-wrapper\"><span class=\"wp-block-getwid-accordion__header\"><a href=\"#\"><span class=\"wp-block-getwid-accordion__header-title\">Cadastro<\/span><span class=\"wp-block-getwid-accordion__icon is-active\"><i class=\"\"><\/i><\/span><span class=\"wp-block-getwid-accordion__icon is-passive\"><i class=\"\"><\/i><\/span><\/a><\/span><\/div><div class=\"wp-block-getwid-accordion__content-wrapper\"><div class=\"wp-block-getwid-accordion__content\">\n<p>A inscri\u00e7\u00e3o como clube\/local de encontro de au pair \u00e9 gratuita e n\u00e3o vinculativa.<\/p>\n\n\n\n<p>Voc\u00ea gostaria de se tornar vis\u00edvel para as au pairs como um clube de au pair e convid\u00e1-las para reuni\u00f5es em seu clube?<\/p>\n\n\n\n<p>Ent\u00e3o cadastre-se em nosso site preenchendo o question\u00e1rio de forma completa e verdadeira.<\/p>\n\n\n\n<p>Adicione uma bela foto e logotipo do seu clube de au pair e apresente-se \u00e0s au pairs.<\/p>\n<\/div><\/div>\n\n\n\n<div class=\"wp-block-getwid-accordion__header-wrapper\"><span class=\"wp-block-getwid-accordion__header\"><a href=\"#\"><span class=\"wp-block-getwid-accordion__header-title\">Ativa\u00e7\u00e3o<\/span><span class=\"wp-block-getwid-accordion__icon is-active\"><i class=\"\"><\/i><\/span><span class=\"wp-block-getwid-accordion__icon is-passive\"><i class=\"\"><\/i><\/span><\/a><\/span><\/div><div class=\"wp-block-getwid-accordion__content-wrapper\"><div class=\"wp-block-getwid-accordion__content\">\n<p>Depois de recebermos o seu perfil, iremos analis\u00e1-lo e ativ\u00e1-lo dentro de 24 a 48 horas - se n\u00e3o houver d\u00favidas da nossa parte.<\/p>\n<\/div><\/div>\n\n\n\n<div class=\"wp-block-getwid-accordion__header-wrapper\"><span class=\"wp-block-getwid-accordion__header\"><a href=\"#\"><span class=\"wp-block-getwid-accordion__header-title\">Sendo encontrado<\/span><span class=\"wp-block-getwid-accordion__icon is-active\"><i class=\"\"><\/i><\/span><span class=\"wp-block-getwid-accordion__icon is-passive\"><i class=\"\"><\/i><\/span><\/a><\/span><\/div><div class=\"wp-block-getwid-accordion__content-wrapper\"><div class=\"wp-block-getwid-accordion__content\">\n<p>Ap\u00f3s seu registro e ativa\u00e7\u00e3o gratuitos, voc\u00ea poder\u00e1 ser contatado\/conversado por todos.<\/p>\n<\/div><\/div>\n\n\n\n<div class=\"wp-block-getwid-accordion__header-wrapper\"><span class=\"wp-block-getwid-accordion__header\"><a href=\"#\"><span class=\"wp-block-getwid-accordion__header-title\">Conversar<\/span><span class=\"wp-block-getwid-accordion__icon is-active\"><i class=\"\"><\/i><\/span><span class=\"wp-block-getwid-accordion__icon is-passive\"><i class=\"\"><\/i><\/span><\/a><\/span><\/div><div class=\"wp-block-getwid-accordion__content-wrapper\"><div class=\"wp-block-getwid-accordion__content\">\n<p>Voc\u00ea pode entrar em contato com au pairs e fam\u00edlias via chat e trocar ideias e conhec\u00ea-los amplamente.<\/p>\n<\/div><\/div>\n<\/div>\n\n\n\n<div class=\"wp-block-group aupair is-layout-flow wp-block-group-is-layout-flow\">\n<div class=\"wp-block-buttons is-layout-flex wp-block-buttons-is-layout-flex\">\n<div class=\"wp-block-button CTA\"><a class=\"wp-block-button__link wp-element-button\" href=\"\/registrierung-als-au-pair-club\">vamos<\/a><\/div>\n<\/div>\n<\/div>\n<\/section>\n\n\n\n<section class=\"wp-block-group with-background has-global-padding is-layout-constrained wp-block-group-is-layout-constrained\">\n<h3 class=\"wp-block-heading\">Ainda tem d\u00favidas?<\/h3>\n\n\n\n<p>AINDA D\u00daVIDAS? Se voc\u00ea tiver alguma d\u00favida, problema ou sugest\u00e3o, teremos prazer em ajud\u00e1-lo durante o hor\u00e1rio normal de expediente. Voc\u00ea pode entrar em contato conosco por telefone, email ou formul\u00e1rio de contato. Reunimos uma lista de perguntas e respostas, divididas por \u00e1rea tem\u00e1tica, na se\u00e7\u00e3o \u201cPerguntas Frequentes\u201d.<\/p>\n<\/section>","protected":false},"excerpt":{"rendered":"<p>In 4 Schritten zur Au-pair Club Registrierung Hier haben Sie die M\u00f6glichkeit, sich kostenlos als Au-pair Club\/Treff zu registrieren und sich weltweit online zu pr\u00e4sentieren. Hier werden Sie von Au-pairs angesprochen, die in der N\u00e4he eine Gastfamilie gefunden haben oder von Gastfamilien, die in ihrer N\u00e4he ein Au-pair im Hause aufgenommen haben. Oft suchen Au-pairs [&hellip;]<\/p>\n","protected":false},"author":990158,"featured_media":0,"parent":0,"menu_order":0,"comment_status":"closed","ping_status":"closed","template":"","meta":{"footnotes":""},"class_list":["post-5134","page","type-page","status-publish","hentry"],"_links":{"self":[{"href":"https:\/\/aupairscout.com\/pt\/wp-json\/wp\/v2\/pages\/5134","targetHints":{"allow":["GET"]}}],"collection":[{"href":"https:\/\/aupairscout.com\/pt\/wp-json\/wp\/v2\/pages"}],"about":[{"href":"https:\/\/aupairscout.com\/pt\/wp-json\/wp\/v2\/types\/page"}],"author":[{"embeddable":true,"href":"https:\/\/aupairscout.com\/pt\/wp-json\/wp\/v2\/users\/990158"}],"replies":[{"embeddable":true,"href":"https:\/\/aupairscout.com\/pt\/wp-json\/wp\/v2\/comments?post=5134"}],"version-history":[{"count":14,"href":"https:\/\/aupairscout.com\/pt\/wp-json\/wp\/v2\/pages\/5134\/revisions"}],"predecessor-version":[{"id":6532,"href":"https:\/\/aupairscout.com\/pt\/wp-json\/wp\/v2\/pages\/5134\/revisions\/6532"}],"wp:attachment":[{"href":"https:\/\/aupairscout.com\/pt\/wp-json\/wp\/v2\/media?parent=5134"}],"curies":[{"name":"wp","href":"https:\/\/api.w.org\/{rel}","templated":true}]}}