{"id":5127,"date":"2023-10-15T17:06:58","date_gmt":"2023-10-15T15:06:58","guid":{"rendered":"https:\/\/aupairscout.com\/?page_id=5127"},"modified":"2024-12-24T12:36:41","modified_gmt":"2024-12-24T11:36:41","slug":"e-assim-que-funciona-para-escolas-de-idiomas","status":"publish","type":"page","link":"https:\/\/aupairscout.com\/pt\/e-assim-que-funciona-para-escolas-de-idiomas\/","title":{"rendered":"Escola de idiomas, \u00e9 assim que funciona"},"content":{"rendered":"<div id=\"pagehead\" class=\"wp-block-group has-global-padding is-layout-constrained wp-block-group-is-layout-constrained\">\n<div class=\"wp-block-columns is-layout-flex wp-container-core-columns-is-layout-28f84493 wp-block-columns-is-layout-flex\">\n<div class=\"wp-block-column is-layout-flow wp-block-column-is-layout-flow\">\n<figure class=\"wp-block-image size-large\"><img loading=\"lazy\" decoding=\"async\" width=\"1024\" height=\"672\" src=\"https:\/\/aupairscout.com\/wp-content\/uploads\/2023\/10\/Registrierung-Sprachschule-1024x672.jpg\" alt=\"Voc\u00ea pode tornar sua escola de idiomas atraente para au pairs se apresentar o perfil de sua escola de idiomas no Au-pair Scout \" class=\"wp-image-4844\" srcset=\"https:\/\/aupairscout.com\/wp-content\/uploads\/2023\/10\/Registrierung-Sprachschule-1024x672.jpg 1024w, https:\/\/aupairscout.com\/wp-content\/uploads\/2023\/10\/Registrierung-Sprachschule-300x197.jpg 300w, https:\/\/aupairscout.com\/wp-content\/uploads\/2023\/10\/Registrierung-Sprachschule-768x504.jpg 768w, https:\/\/aupairscout.com\/wp-content\/uploads\/2023\/10\/Registrierung-Sprachschule-18x12.jpg 18w, https:\/\/aupairscout.com\/wp-content\/uploads\/2023\/10\/Registrierung-Sprachschule-600x394.jpg 600w, https:\/\/aupairscout.com\/wp-content\/uploads\/2023\/10\/Registrierung-Sprachschule.jpg 1280w\" sizes=\"auto, (max-width: 1024px) 100vw, 1024px\" \/><\/figure>\n<\/div>\n\n\n\n<div class=\"wp-block-column is-layout-flow wp-block-column-is-layout-flow\">\n<h2 class=\"wp-block-heading\">Torne uma escola de idiomas atraente para au pairs: Inscreva-se em uma escola de idiomas em 4 etapas<\/h2>\n\n\n\n<p>Aqui voc\u00ea tem a oportunidade de se registrar como uma escola de idiomas e se apresentar on-line regional e mundialmente, adquirindo uma assinatura. Voc\u00ea ser\u00e1 visto por au pairs, fam\u00edlias anfitri\u00e3s, mas tamb\u00e9m por qualquer pessoa interessada em uma escola de idiomas. Agora siga as 4 etapas abaixo. N\u00e3o se esque\u00e7a de enviar suas fotos depois de se registrar.<\/p>\n<\/div>\n<\/div>\n<\/div>\n\n\n\n<section class=\"wp-block-group near has-global-padding is-layout-constrained wp-block-group-is-layout-constrained\">\n<div class=\"wp-block-getwid-accordion has-icon-left\" data-active-element=\"0\">\n<div class=\"wp-block-getwid-accordion__header-wrapper\"><span class=\"wp-block-getwid-accordion__header\"><a href=\"#\"><span class=\"wp-block-getwid-accordion__header-title\">Cadastro<\/span><span class=\"wp-block-getwid-accordion__icon is-active\"><i class=\"\"><\/i><\/span><span class=\"wp-block-getwid-accordion__icon is-passive\"><i class=\"\"><\/i><\/span><\/a><\/span><\/div><div class=\"wp-block-getwid-accordion__content-wrapper\"><div class=\"wp-block-getwid-accordion__content\">\n<p>A inscri\u00e7\u00e3o como escola de idiomas \u00e9 gratuita e n\u00e3o vinculativa.<\/p>\n\n\n\n<p>Como escola de idiomas, voc\u00ea gostaria de falar com au pairs e fam\u00edlias anfitri\u00e3s e inform\u00e1-los sobre sua oferta?<\/p>\n\n\n\n<p>Ent\u00e3o cadastre-se em nosso site preenchendo o question\u00e1rio de forma completa e verdadeira.<\/p>\n\n\n\n<p>Adicione uma bela foto e logotipo da sua escola de idiomas e apresente-se \u00e0s au pairs e fam\u00edlias.<\/p>\n<\/div><\/div>\n\n\n\n<div class=\"wp-block-getwid-accordion__header-wrapper\"><span class=\"wp-block-getwid-accordion__header\"><a href=\"#\"><span class=\"wp-block-getwid-accordion__header-title\">Ativa\u00e7\u00e3o<\/span><span class=\"wp-block-getwid-accordion__icon is-active\"><i class=\"\"><\/i><\/span><span class=\"wp-block-getwid-accordion__icon is-passive\"><i class=\"\"><\/i><\/span><\/a><\/span><\/div><div class=\"wp-block-getwid-accordion__content-wrapper\"><div class=\"wp-block-getwid-accordion__content\">\n<p>Depois de recebermos o seu perfil, iremos analis\u00e1-lo e ativ\u00e1-lo dentro de 24 a 48 horas - se n\u00e3o houver d\u00favidas da nossa parte.<\/p>\n<\/div><\/div>\n\n\n\n<div class=\"wp-block-getwid-accordion__header-wrapper\"><span class=\"wp-block-getwid-accordion__header\"><a href=\"#\"><span class=\"wp-block-getwid-accordion__header-title\">Sendo encontrado<\/span><span class=\"wp-block-getwid-accordion__icon is-active\"><i class=\"\"><\/i><\/span><span class=\"wp-block-getwid-accordion__icon is-passive\"><i class=\"\"><\/i><\/span><\/a><\/span><\/div><div class=\"wp-block-getwid-accordion__content-wrapper\"><div class=\"wp-block-getwid-accordion__content\">\n<p>Ap\u00f3s seu registro gratuito, voc\u00ea tem a op\u00e7\u00e3o de adquirir uma assinatura de 12 meses.<\/p>\n<\/div><\/div>\n\n\n\n<div class=\"wp-block-getwid-accordion__header-wrapper\"><span class=\"wp-block-getwid-accordion__header\"><a href=\"#\"><span class=\"wp-block-getwid-accordion__header-title\">Conversar<\/span><span class=\"wp-block-getwid-accordion__icon is-active\"><i class=\"\"><\/i><\/span><span class=\"wp-block-getwid-accordion__icon is-passive\"><i class=\"\"><\/i><\/span><\/a><\/span><\/div><div class=\"wp-block-getwid-accordion__content-wrapper\"><div class=\"wp-block-getwid-accordion__content\">\n<p>Com a sua assinatura voc\u00ea pode entrar em contato com au pairs e fam\u00edlias via chat e vice-versa.<\/p>\n<\/div><\/div>\n<\/div>\n\n\n\n<div class=\"wp-block-group aupair is-layout-flow wp-block-group-is-layout-flow\">\n<div class=\"wp-block-buttons is-layout-flex wp-block-buttons-is-layout-flex\">\n<div class=\"wp-block-button CTA\"><a class=\"wp-block-button__link wp-element-button\" href=\"\/registrierung-als-sprachschule\/\">vamos<\/a><\/div>\n<\/div>\n<\/div>\n<\/section>\n\n\n\n<section class=\"wp-block-group with-background has-global-padding is-layout-constrained wp-block-group-is-layout-constrained\">\n<h3 class=\"wp-block-heading\">Ainda tem d\u00favidas?<\/h3>\n\n\n\n<p>AINDA D\u00daVIDAS? Se voc\u00ea tiver alguma d\u00favida, problema ou sugest\u00e3o, teremos prazer em ajud\u00e1-lo durante o hor\u00e1rio normal de expediente. Voc\u00ea pode entrar em contato conosco por telefone, email ou formul\u00e1rio de contato. Reunimos uma lista de perguntas e respostas, divididas por \u00e1rea tem\u00e1tica, na se\u00e7\u00e3o \u201cPerguntas Frequentes\u201d.<\/p>\n<\/section>","protected":false},"excerpt":{"rendered":"<p>Sprachschule f\u00fcr Au-Pairs attraktiv machen: In 4 Schritten zur Sprachschulen-Registrierung Hier haben Sie M\u00f6glichkeit, sich als Sprachschule zu registrieren und sich mit dem Kauf einer Mitgliedschaft online regional und weltweit zu pr\u00e4sentieren. Sie werden dann von Au-pairs, Gastfamilien, aber auch von allen Anderen gesehen, die Interesse an einer Sprachschule haben. Bitte folgen Sie nun den [&hellip;]<\/p>\n","protected":false},"author":990158,"featured_media":0,"parent":0,"menu_order":0,"comment_status":"closed","ping_status":"closed","template":"","meta":{"footnotes":""},"class_list":["post-5127","page","type-page","status-publish","hentry"],"_links":{"self":[{"href":"https:\/\/aupairscout.com\/pt\/wp-json\/wp\/v2\/pages\/5127","targetHints":{"allow":["GET"]}}],"collection":[{"href":"https:\/\/aupairscout.com\/pt\/wp-json\/wp\/v2\/pages"}],"about":[{"href":"https:\/\/aupairscout.com\/pt\/wp-json\/wp\/v2\/types\/page"}],"author":[{"embeddable":true,"href":"https:\/\/aupairscout.com\/pt\/wp-json\/wp\/v2\/users\/990158"}],"replies":[{"embeddable":true,"href":"https:\/\/aupairscout.com\/pt\/wp-json\/wp\/v2\/comments?post=5127"}],"version-history":[{"count":14,"href":"https:\/\/aupairscout.com\/pt\/wp-json\/wp\/v2\/pages\/5127\/revisions"}],"predecessor-version":[{"id":6525,"href":"https:\/\/aupairscout.com\/pt\/wp-json\/wp\/v2\/pages\/5127\/revisions\/6525"}],"wp:attachment":[{"href":"https:\/\/aupairscout.com\/pt\/wp-json\/wp\/v2\/media?parent=5127"}],"curies":[{"name":"wp","href":"https:\/\/api.w.org\/{rel}","templated":true}]}}