{"id":2888,"date":"2022-10-26T10:12:17","date_gmt":"2022-10-26T08:12:17","guid":{"rendered":"https:\/\/aupair.mondoit.de\/?page_id=2888"},"modified":"2025-09-25T09:52:40","modified_gmt":"2025-09-25T07:52:40","slug":"agencias-premium","status":"publish","type":"page","link":"https:\/\/aupairscout.com\/pt\/agencias-premium\/","title":{"rendered":"Lista de pre\u00e7os da ag\u00eancia"},"content":{"rendered":"<div class=\"wp-block-group pricelist agency-premium has-global-padding is-layout-constrained wp-block-group-is-layout-constrained\">\n<section class=\"wp-block-group has-global-padding is-layout-constrained wp-block-group-is-layout-constrained\">\n<div class=\"wp-block-columns tiles text-left aupair is-layout-flex wp-container-core-columns-is-layout-28f84493 wp-block-columns-is-layout-flex\">\n<div class=\"wp-block-column is-layout-flow wp-block-column-is-layout-flow\">\n<section class=\"wp-block-group has-global-padding is-layout-constrained wp-block-group-is-layout-constrained\">\n<h2 class=\"wp-block-heading\">Premium para ag\u00eancias<\/h2>\n\n\n\n<p class=\"listcaption\">Ap\u00f3s o cadastro gratuito, voc\u00ea tem a op\u00e7\u00e3o de adquirir uma assinatura anual. Em troca, a AuPairScout oferece o seguinte:<\/p>\n\n\n\n<ul class=\"wp-block-list\">\n<li>Coloque suas pr\u00f3prias au pairs online na galeria atrav\u00e9s de sua conta.<\/li>\n\n\n\n<li>A comunica\u00e7\u00e3o com as fam\u00edlias de suas au pairs passa por sua ag\u00eancia.<\/li>\n\n\n\n<li>Voc\u00ea pode ver os perfis completos de outras au pairs e contat\u00e1-las<\/li>\n\n\n\n<li>Contate-nos atrav\u00e9s de mensagens personalizadas<\/li>\n\n\n\n<li>Voc\u00ea pode ver os perfis completos das fam\u00edlias e contat\u00e1-las<\/li>\n\n\n\n<li>Contate-nos atrav\u00e9s de mensagens personalizadas<\/li>\n\n\n\n<li>Troca de mais dados e informa\u00e7\u00f5es entre usu\u00e1rios<\/li>\n\n\n\n<li>Acesso a descri\u00e7\u00f5es e refer\u00eancias pessoais<\/li>\n\n\n\n<li>Conselho pessoal <\/li>\n\n\n\n<li>D\u00e9cadas de experi\u00eancia como ag\u00eancia au pair<\/li>\n\n\n\n<li>Comunica\u00e7\u00e3o com nossa equipe AuPairScout<\/li>\n<\/ul>\n<\/section>\n<\/div>\n\n\n\n<div class=\"wp-block-column black flipbox is-layout-flow wp-block-column-is-layout-flow\">\n<div class=\"wp-block-group front has-global-padding is-layout-constrained wp-block-group-is-layout-constrained\">\n<figure class=\"wp-block-image size-full\"><img decoding=\"async\" src=\"https:\/\/aupairscout.com\/wp-content\/uploads\/2023\/10\/Abo-Kaufen.png\" alt=\"Compre assinatura b\u00e1sica para fam\u00edlia anfitri\u00e3 \" class=\"wp-image-5172\"\/><\/figure>\n\n\n\n<h3 class=\"wp-block-heading\"><strong>Ades\u00e3o por 12 meses<\/strong><\/h3>\n\n\n\n<p><strong>120.00 \u20ac<br><\/strong>\u20ac 10,00 por m\u00eas<\/p>\n\n\n<div class=\"wp-block-buttons is-layout-flex wp-block-buttons-is-layout-flex\"><div class=\"wp-block-button\"><a class=\"wp-block-button__link wp-element-button\" href=\"\/registrierung-als-agentur\">Cadastre-se + Compre<\/a><\/div><!-- .wp-block-button --><\/div><!-- .wp-block-buttons is-layout-flex wp-block-buttons-is-layout-flex -->\n<\/div>\n\n\n\n<div class=\"wp-block-group back has-global-padding is-layout-constrained wp-block-group-is-layout-constrained\">\n<p>Pacote premium<br>12 meses apresentando sua ag\u00eancia no AuPairScout.<\/p>\n<\/div>\n<\/div>\n<\/div>\n<\/section>\n\n\n\n<section class=\"wp-block-group with-background grey has-global-padding is-layout-constrained wp-block-group-is-layout-constrained\">\n<h2 class=\"wp-block-heading\">D\u00favidas ou preocupa\u00e7\u00f5es?<\/h2>\n\n\n\n<div class=\"wp-block-getwid-accordion faq has-icon-left\" data-active-element=\"none\">\n<div class=\"wp-block-getwid-accordion__header-wrapper\"><span class=\"wp-block-getwid-accordion__header\"><a href=\"#\"><span class=\"wp-block-getwid-accordion__header-title\">Como fa\u00e7o para obter uma apresenta\u00e7\u00e3o da ag\u00eancia?<\/span><span class=\"wp-block-getwid-accordion__icon is-active\"><i class=\"fas fa-plus\"><\/i><\/span><span class=\"wp-block-getwid-accordion__icon is-passive\"><i class=\"fas fa-minus\"><\/i><\/span><\/a><\/span><\/div><div class=\"wp-block-getwid-accordion__content-wrapper\"><div class=\"wp-block-getwid-accordion__content\">\n<div class=\"wp-block-getwid-accordion has-icon-left\" data-active-element=\"none\">\n<div class=\"wp-block-getwid-accordion__header-wrapper\"><span class=\"wp-block-getwid-accordion__header\"><a href=\"#\"><span class=\"wp-block-getwid-accordion__header-title\">Adquira uma assinatura de 1 ano.<\/span><span class=\"wp-block-getwid-accordion__icon is-active\"><i class=\"fas fa-plus\"><\/i><\/span><span class=\"wp-block-getwid-accordion__icon is-passive\"><i class=\"fas fa-minus\"><\/i><\/span><\/a><\/span><\/div><div class=\"wp-block-getwid-accordion__content-wrapper\"><div class=\"wp-block-getwid-accordion__content\">\n<p>Voc\u00ea pode compr\u00e1-los depois que eles forem registrados e ativados.<\/p>\n<\/div><\/div>\n\n\n\n<div class=\"wp-block-getwid-accordion__header-wrapper\"><span class=\"wp-block-getwid-accordion__header\"><a href=\"#\"><span class=\"wp-block-getwid-accordion__header-title\">Quais s\u00e3o as taxas cobradas?<\/span><span class=\"wp-block-getwid-accordion__icon is-active\"><i class=\"fas fa-plus\"><\/i><\/span><span class=\"wp-block-getwid-accordion__icon is-passive\"><i class=\"fas fa-minus\"><\/i><\/span><\/a><\/span><\/div><div class=\"wp-block-getwid-accordion__content-wrapper\"><div class=\"wp-block-getwid-accordion__content\">\n<p>Somente com o Premium voc\u00ea pode apresentar suas pr\u00f3prias au pairs e entrar em contato com outras au pairs e fam\u00edlias.<\/p>\n<\/div><\/div>\n\n\n\n<div class=\"wp-block-getwid-accordion__header-wrapper\"><span class=\"wp-block-getwid-accordion__header\"><a href=\"#\"><span class=\"wp-block-getwid-accordion__header-title\">AuPairScout oferece em troca:<\/span><span class=\"wp-block-getwid-accordion__icon is-active\"><i class=\"fas fa-plus\"><\/i><\/span><span class=\"wp-block-getwid-accordion__icon is-passive\"><i class=\"fas fa-minus\"><\/i><\/span><\/a><\/span><\/div><div class=\"wp-block-getwid-accordion__content-wrapper\"><div class=\"wp-block-getwid-accordion__content\">\n<ul class=\"wp-block-list\">\n<li>Coloque suas pr\u00f3prias au pairs online na galeria atrav\u00e9s de sua conta.<\/li>\n\n\n\n<li>A comunica\u00e7\u00e3o com as fam\u00edlias de suas au pairs passa por sua ag\u00eancia.<\/li>\n\n\n\n<li>Voc\u00ea pode ver os perfis completos de outras au pairs e contat\u00e1-las<\/li>\n\n\n\n<li>Contate-nos atrav\u00e9s de mensagens personalizadas<\/li>\n\n\n\n<li>Voc\u00ea pode ver os perfis completos das fam\u00edlias e contat\u00e1-las<\/li>\n\n\n\n<li>Contate-nos atrav\u00e9s de mensagens personalizadas<\/li>\n\n\n\n<li>Troca de mais dados e informa\u00e7\u00f5es entre usu\u00e1rios<\/li>\n\n\n\n<li>Acesso a descri\u00e7\u00f5es e refer\u00eancias pessoais<\/li>\n\n\n\n<li>D\u00e9cadas de experi\u00eancia como ag\u00eancia au pair<\/li>\n\n\n\n<li>Comunica\u00e7\u00e3o com nossa equipe AuPairScout<\/li>\n<\/ul>\n<\/div><\/div>\n<\/div>\n<\/div><\/div>\n\n\n\n<div class=\"wp-block-getwid-accordion__header-wrapper\"><span class=\"wp-block-getwid-accordion__header\"><a href=\"#\"><span class=\"wp-block-getwid-accordion__header-title\">O que acontece no final do per\u00edodo pago?<\/span><span class=\"wp-block-getwid-accordion__icon is-active\"><i class=\"fas fa-plus\"><\/i><\/span><span class=\"wp-block-getwid-accordion__icon is-passive\"><i class=\"fas fa-minus\"><\/i><\/span><\/a><\/span><\/div><div class=\"wp-block-getwid-accordion__content-wrapper\"><div class=\"wp-block-getwid-accordion__content\">\n<div class=\"wp-block-getwid-accordion has-icon-left\" data-active-element=\"none\">\n<div class=\"wp-block-getwid-accordion__header-wrapper\"><span class=\"wp-block-getwid-accordion__header\"><a href=\"#\"><span class=\"wp-block-getwid-accordion__header-title\">Quando uma oferta termina<\/span><span class=\"wp-block-getwid-accordion__icon is-active\"><i class=\"fas fa-plus\"><\/i><\/span><span class=\"wp-block-getwid-accordion__icon is-passive\"><i class=\"fas fa-minus\"><\/i><\/span><\/a><\/span><\/div><div class=\"wp-block-getwid-accordion__content-wrapper\"><div class=\"wp-block-getwid-accordion__content\">\n<p>Quando sua oferta terminar, voc\u00ea n\u00e3o poder\u00e1 mais apresentar suas pr\u00f3prias au pairs ou entrar em contato com outras au pairs ou fam\u00edlias. Al\u00e9m disso, voc\u00ea n\u00e3o poder\u00e1 mais ler ou responder mensagens.<\/p>\n<\/div><\/div>\n<\/div>\n<\/div><\/div>\n\n\n\n<div class=\"wp-block-getwid-accordion__header-wrapper\"><span class=\"wp-block-getwid-accordion__header\"><a href=\"#\"><span class=\"wp-block-getwid-accordion__header-title\">Como posso cancelar minha assinatura?<\/span><span class=\"wp-block-getwid-accordion__icon is-active\"><i class=\"fas fa-plus\"><\/i><\/span><span class=\"wp-block-getwid-accordion__icon is-passive\"><i class=\"fas fa-minus\"><\/i><\/span><\/a><\/span><\/div><div class=\"wp-block-getwid-accordion__content-wrapper\"><div class=\"wp-block-getwid-accordion__content\">\n<div class=\"wp-block-getwid-accordion has-icon-left\" data-active-element=\"none\">\n<div class=\"wp-block-getwid-accordion__header-wrapper\"><span class=\"wp-block-getwid-accordion__header\"><a href=\"#\"><span class=\"wp-block-getwid-accordion__header-title\">Como posso cancelar minha assinatura<\/span><span class=\"wp-block-getwid-accordion__icon is-active\"><i class=\"fas fa-plus\"><\/i><\/span><span class=\"wp-block-getwid-accordion__icon is-passive\"><i class=\"fas fa-minus\"><\/i><\/span><\/a><\/span><\/div><div class=\"wp-block-getwid-accordion__content-wrapper\"><div class=\"wp-block-getwid-accordion__content\">\n<p>Sua assinatura terminar\u00e1 automaticamente ap\u00f3s o per\u00edodo selecionado e n\u00e3o precisa ser cancelada.<\/p>\n<\/div><\/div>\n<\/div>\n<\/div><\/div>\n<\/div>\n<\/section>\n<\/div>\n\n\n\n<section id=\"last-cta\" class=\"wp-block-group with-background small has-global-padding is-layout-constrained wp-block-group-is-layout-constrained\">\n<div class=\"wp-block-columns aupair is-layout-flex wp-container-core-columns-is-layout-28f84493 wp-block-columns-is-layout-flex\">\n<div class=\"wp-block-column is-layout-flow wp-block-column-is-layout-flow\">\n<h2 class=\"wp-block-heading\"><strong>Registe-se agora gratuitamente!<\/strong><\/h2>\n\n\n\n<h5 class=\"wp-block-heading\">ESTAMOS REUNINDO AU PAIRS, FAM\u00cdLIAS DE ACOLHIMENTO, AG\u00caNCIAS, ESCOLAS DE L\u00cdNGUAS E CLUBES DE AU PAIR EM TODO O MUNDO DESDE 1997.<\/h5>\n<\/div>\n\n\n\n<div class=\"wp-block-column is-layout-flow wp-block-column-is-layout-flow\">\n<div class=\"wp-block-buttons is-layout-flex wp-block-buttons-is-layout-flex\">\n<div class=\"wp-block-button highlighted\"><a class=\"wp-block-button__link wp-element-button\" href=\"\/#registrierung\"><strong>Vamos<\/strong><\/a><\/div>\n<\/div>\n<\/div>\n<\/div>\n<\/section>","protected":false},"excerpt":{"rendered":"","protected":false},"author":990158,"featured_media":0,"parent":0,"menu_order":0,"comment_status":"closed","ping_status":"closed","template":"","meta":{"footnotes":""},"class_list":["post-2888","page","type-page","status-publish","hentry"],"_links":{"self":[{"href":"https:\/\/aupairscout.com\/pt\/wp-json\/wp\/v2\/pages\/2888","targetHints":{"allow":["GET"]}}],"collection":[{"href":"https:\/\/aupairscout.com\/pt\/wp-json\/wp\/v2\/pages"}],"about":[{"href":"https:\/\/aupairscout.com\/pt\/wp-json\/wp\/v2\/types\/page"}],"author":[{"embeddable":true,"href":"https:\/\/aupairscout.com\/pt\/wp-json\/wp\/v2\/users\/990158"}],"replies":[{"embeddable":true,"href":"https:\/\/aupairscout.com\/pt\/wp-json\/wp\/v2\/comments?post=2888"}],"version-history":[{"count":25,"href":"https:\/\/aupairscout.com\/pt\/wp-json\/wp\/v2\/pages\/2888\/revisions"}],"predecessor-version":[{"id":7329,"href":"https:\/\/aupairscout.com\/pt\/wp-json\/wp\/v2\/pages\/2888\/revisions\/7329"}],"wp:attachment":[{"href":"https:\/\/aupairscout.com\/pt\/wp-json\/wp\/v2\/media?parent=2888"}],"curies":[{"name":"wp","href":"https:\/\/api.w.org\/{rel}","templated":true}]}}