{"id":2233,"date":"2022-06-22T13:06:10","date_gmt":"2022-06-22T11:06:10","guid":{"rendered":"https:\/\/aupair.mondoit.de\/?page_id=2233"},"modified":"2023-09-24T13:07:49","modified_gmt":"2023-09-24T11:07:49","slug":"barcelona","status":"publish","type":"page","link":"https:\/\/aupairscout.com\/pt\/barcelona\/","title":{"rendered":"Barcelona"},"content":{"rendered":"<h2 class=\"wp-block-post-title\"><div class=\"breadcrumbs\"><span class=\"crumb\"><a href=\"https:\/\/aupairscout.com\/pt\">AuPairScout - Internacional<\/a> \u00bb <\/span><span class=\"crumb current-page\">Barcelona<\/span><\/div><\/h2>\n\n\n\n<section class=\"wp-block-group has-global-padding is-layout-constrained wp-block-group-is-layout-constrained\">\n<div class=\"wp-block-columns is-layout-flex wp-container-core-columns-is-layout-28f84493 wp-block-columns-is-layout-flex\">\n<div class=\"wp-block-column is-layout-flow wp-block-column-is-layout-flow\">\n<h2 class=\"wp-block-heading\">Hist\u00f3ria<\/h2>\n\n\n\n<p>Em 1137, a Catalunha foi dividido, no entanto, como resultado da Uni\u00e3o entre Fernando de Arag\u00e3o e Isabel de Castela para Castela para. O Barcelona foi o econ\u00f4mico e o centro pol\u00edtico do Aragon\u00eas Imp\u00e9rio e uma das cidades mais importantes do Mediterr\u00e2neo. Por outro lado, a Catalunha perdeu pela Associa\u00e7\u00e3o para suas pr\u00f3prias institui\u00e7\u00f5es.<\/p>\n\n\n\n<p>Durante os s\u00e9culos XIII, XIV e XV, o per\u00edodo medieval testemunhou a constru\u00e7\u00e3o de magn\u00edficos edif\u00edcios que moldaram Barcelona para sempre. Exemplos disso incluem a hist\u00f3ria da Catedral de Barcelona e da Igreja de Santa Maria del Mar, para citar apenas alguns.<\/p>\n\n\n\n<p>Entre os s\u00e9culos XVI e XVII, e devido \u00e0s guerras de sucess\u00e3o, Barcelona tornou-se insolvente e mergulhou numa grande crise. No entanto, gra\u00e7as ao com\u00e9rcio com as Am\u00e9ricas e o resto da Pen\u00ednsula Ib\u00e9rica, a cidade come\u00e7ou a desenvolver-se novamente. Foi o in\u00edcio da industrializa\u00e7\u00e3o, no final do s\u00e9culo XVIII e in\u00edcio do s\u00e9culo XIX, que trouxe grandes mudan\u00e7as \u00e0 hist\u00f3ria de Barcelona: o crescimento da ind\u00fastria t\u00eaxtil e in\u00fameros desenvolvimentos urbanos \u2014 como a chegada da ferrovia e do bonde, e a constru\u00e7\u00e3o das grandes avenidas e ruas de Barcelona \u2014 transformaram completamente a apar\u00eancia da cidade.<\/p>\n<\/div>\n\n\n\n<div class=\"wp-block-column is-layout-flow wp-block-column-is-layout-flow\">\n<h2 class=\"wp-block-heading\">Como au pair em Barcelona<\/h2>\n\n\n\n<figure class=\"wp-block-gallery has-nested-images columns-default is-cropped wp-block-gallery-1 is-layout-flex wp-block-gallery-is-layout-flex\">\n<figure class=\"wp-block-image size-full\"><a href=\"https:\/\/aupairscout.com\/wp-content\/uploads\/2022\/06\/barcelona-g0613471aa_1280.jpg\"><img loading=\"lazy\" decoding=\"async\" width=\"1280\" height=\"720\" data-id=\"2236\" src=\"https:\/\/aupairscout.com\/wp-content\/uploads\/2022\/06\/barcelona-g0613471aa_1280.jpg\" alt=\"\" class=\"wp-image-2236\" srcset=\"https:\/\/aupairscout.com\/wp-content\/uploads\/2022\/06\/barcelona-g0613471aa_1280.jpg 1280w, https:\/\/aupairscout.com\/wp-content\/uploads\/2022\/06\/barcelona-g0613471aa_1280-600x338.jpg 600w, https:\/\/aupairscout.com\/wp-content\/uploads\/2022\/06\/barcelona-g0613471aa_1280-300x169.jpg 300w, https:\/\/aupairscout.com\/wp-content\/uploads\/2022\/06\/barcelona-g0613471aa_1280-1024x576.jpg 1024w, https:\/\/aupairscout.com\/wp-content\/uploads\/2022\/06\/barcelona-g0613471aa_1280-768x432.jpg 768w, https:\/\/aupairscout.com\/wp-content\/uploads\/2022\/06\/barcelona-g0613471aa_1280-18x10.jpg 18w\" sizes=\"auto, (max-width: 1280px) 100vw, 1280px\" \/><\/a><\/figure>\n\n\n\n<figure class=\"wp-block-image size-full\"><a href=\"https:\/\/aupairscout.com\/wp-content\/uploads\/2022\/06\/spain-g04ce3a10b_1280.jpg\"><img loading=\"lazy\" decoding=\"async\" width=\"1280\" height=\"853\" data-id=\"2237\" src=\"https:\/\/aupairscout.com\/wp-content\/uploads\/2022\/06\/spain-g04ce3a10b_1280.jpg\" alt=\"\" class=\"wp-image-2237\" srcset=\"https:\/\/aupairscout.com\/wp-content\/uploads\/2022\/06\/spain-g04ce3a10b_1280.jpg 1280w, https:\/\/aupairscout.com\/wp-content\/uploads\/2022\/06\/spain-g04ce3a10b_1280-600x400.jpg 600w, https:\/\/aupairscout.com\/wp-content\/uploads\/2022\/06\/spain-g04ce3a10b_1280-300x200.jpg 300w, https:\/\/aupairscout.com\/wp-content\/uploads\/2022\/06\/spain-g04ce3a10b_1280-1024x682.jpg 1024w, https:\/\/aupairscout.com\/wp-content\/uploads\/2022\/06\/spain-g04ce3a10b_1280-768x512.jpg 768w, https:\/\/aupairscout.com\/wp-content\/uploads\/2022\/06\/spain-g04ce3a10b_1280-18x12.jpg 18w\" sizes=\"auto, (max-width: 1280px) 100vw, 1280px\" \/><\/a><\/figure>\n\n\n\n<figure class=\"wp-block-image size-full\"><a href=\"https:\/\/aupairscout.com\/wp-content\/uploads\/2022\/06\/cadaques-g38bdef8ca_1280.jpg\"><img loading=\"lazy\" decoding=\"async\" width=\"1280\" height=\"853\" data-id=\"2238\" src=\"https:\/\/aupairscout.com\/wp-content\/uploads\/2022\/06\/cadaques-g38bdef8ca_1280.jpg\" alt=\"\" class=\"wp-image-2238\" srcset=\"https:\/\/aupairscout.com\/wp-content\/uploads\/2022\/06\/cadaques-g38bdef8ca_1280.jpg 1280w, https:\/\/aupairscout.com\/wp-content\/uploads\/2022\/06\/cadaques-g38bdef8ca_1280-600x400.jpg 600w, https:\/\/aupairscout.com\/wp-content\/uploads\/2022\/06\/cadaques-g38bdef8ca_1280-300x200.jpg 300w, https:\/\/aupairscout.com\/wp-content\/uploads\/2022\/06\/cadaques-g38bdef8ca_1280-1024x682.jpg 1024w, https:\/\/aupairscout.com\/wp-content\/uploads\/2022\/06\/cadaques-g38bdef8ca_1280-768x512.jpg 768w, https:\/\/aupairscout.com\/wp-content\/uploads\/2022\/06\/cadaques-g38bdef8ca_1280-18x12.jpg 18w\" sizes=\"auto, (max-width: 1280px) 100vw, 1280px\" \/><\/a><\/figure>\n\n\n\n<figure class=\"wp-block-image size-full\"><a href=\"https:\/\/aupairscout.com\/wp-content\/uploads\/2022\/06\/placa-despanya-ga5265b88b_1280.jpg\"><img loading=\"lazy\" decoding=\"async\" width=\"1280\" height=\"855\" data-id=\"2239\" src=\"https:\/\/aupairscout.com\/wp-content\/uploads\/2022\/06\/placa-despanya-ga5265b88b_1280.jpg\" alt=\"\" class=\"wp-image-2239\" srcset=\"https:\/\/aupairscout.com\/wp-content\/uploads\/2022\/06\/placa-despanya-ga5265b88b_1280.jpg 1280w, https:\/\/aupairscout.com\/wp-content\/uploads\/2022\/06\/placa-despanya-ga5265b88b_1280-600x401.jpg 600w, https:\/\/aupairscout.com\/wp-content\/uploads\/2022\/06\/placa-despanya-ga5265b88b_1280-300x200.jpg 300w, https:\/\/aupairscout.com\/wp-content\/uploads\/2022\/06\/placa-despanya-ga5265b88b_1280-1024x684.jpg 1024w, https:\/\/aupairscout.com\/wp-content\/uploads\/2022\/06\/placa-despanya-ga5265b88b_1280-768x513.jpg 768w, https:\/\/aupairscout.com\/wp-content\/uploads\/2022\/06\/placa-despanya-ga5265b88b_1280-18x12.jpg 18w\" sizes=\"auto, (max-width: 1280px) 100vw, 1280px\" \/><\/a><\/figure>\n\n\n\n<figure class=\"wp-block-image size-full\"><a href=\"https:\/\/aupairscout.com\/wp-content\/uploads\/2022\/06\/cathedral-g002552ba1_1280.jpg\"><img loading=\"lazy\" decoding=\"async\" width=\"1280\" height=\"853\" data-id=\"2240\" src=\"https:\/\/aupairscout.com\/wp-content\/uploads\/2022\/06\/cathedral-g002552ba1_1280.jpg\" alt=\"\" class=\"wp-image-2240\" srcset=\"https:\/\/aupairscout.com\/wp-content\/uploads\/2022\/06\/cathedral-g002552ba1_1280.jpg 1280w, https:\/\/aupairscout.com\/wp-content\/uploads\/2022\/06\/cathedral-g002552ba1_1280-600x400.jpg 600w, https:\/\/aupairscout.com\/wp-content\/uploads\/2022\/06\/cathedral-g002552ba1_1280-300x200.jpg 300w, https:\/\/aupairscout.com\/wp-content\/uploads\/2022\/06\/cathedral-g002552ba1_1280-1024x682.jpg 1024w, https:\/\/aupairscout.com\/wp-content\/uploads\/2022\/06\/cathedral-g002552ba1_1280-768x512.jpg 768w, https:\/\/aupairscout.com\/wp-content\/uploads\/2022\/06\/cathedral-g002552ba1_1280-18x12.jpg 18w\" sizes=\"auto, (max-width: 1280px) 100vw, 1280px\" \/><\/a><\/figure>\n\n\n\n<figure class=\"wp-block-image size-full\"><a href=\"https:\/\/aupairscout.com\/wp-content\/uploads\/2022\/06\/street-g3c7318ecb_1280.jpg\"><img loading=\"lazy\" decoding=\"async\" width=\"1280\" height=\"853\" data-id=\"2241\" src=\"https:\/\/aupairscout.com\/wp-content\/uploads\/2022\/06\/street-g3c7318ecb_1280.jpg\" alt=\"\" class=\"wp-image-2241\" srcset=\"https:\/\/aupairscout.com\/wp-content\/uploads\/2022\/06\/street-g3c7318ecb_1280.jpg 1280w, https:\/\/aupairscout.com\/wp-content\/uploads\/2022\/06\/street-g3c7318ecb_1280-600x400.jpg 600w, https:\/\/aupairscout.com\/wp-content\/uploads\/2022\/06\/street-g3c7318ecb_1280-300x200.jpg 300w, https:\/\/aupairscout.com\/wp-content\/uploads\/2022\/06\/street-g3c7318ecb_1280-1024x682.jpg 1024w, https:\/\/aupairscout.com\/wp-content\/uploads\/2022\/06\/street-g3c7318ecb_1280-768x512.jpg 768w, https:\/\/aupairscout.com\/wp-content\/uploads\/2022\/06\/street-g3c7318ecb_1280-18x12.jpg 18w\" sizes=\"auto, (max-width: 1280px) 100vw, 1280px\" \/><\/a><\/figure>\n\n\n\n<figure class=\"wp-block-image size-full\"><a href=\"https:\/\/aupairscout.com\/wp-content\/uploads\/2022\/06\/barcelona-g37251ea0c_1280.jpg\"><img loading=\"lazy\" decoding=\"async\" width=\"1280\" height=\"854\" data-id=\"2235\" src=\"https:\/\/aupairscout.com\/wp-content\/uploads\/2022\/06\/barcelona-g37251ea0c_1280.jpg\" alt=\"\" class=\"wp-image-2235\" srcset=\"https:\/\/aupairscout.com\/wp-content\/uploads\/2022\/06\/barcelona-g37251ea0c_1280.jpg 1280w, https:\/\/aupairscout.com\/wp-content\/uploads\/2022\/06\/barcelona-g37251ea0c_1280-600x400.jpg 600w, https:\/\/aupairscout.com\/wp-content\/uploads\/2022\/06\/barcelona-g37251ea0c_1280-300x200.jpg 300w, https:\/\/aupairscout.com\/wp-content\/uploads\/2022\/06\/barcelona-g37251ea0c_1280-1024x683.jpg 1024w, https:\/\/aupairscout.com\/wp-content\/uploads\/2022\/06\/barcelona-g37251ea0c_1280-768x512.jpg 768w, https:\/\/aupairscout.com\/wp-content\/uploads\/2022\/06\/barcelona-g37251ea0c_1280-18x12.jpg 18w\" sizes=\"auto, (max-width: 1280px) 100vw, 1280px\" \/><\/a><\/figure>\n<\/figure>\n<\/div>\n<\/div>\n<\/section>\n\n\n\n<section id=\"last-cta\" class=\"wp-block-group with-background small has-global-padding is-layout-constrained wp-block-group-is-layout-constrained\">\n<div class=\"wp-block-columns aupair is-layout-flex wp-container-core-columns-is-layout-28f84493 wp-block-columns-is-layout-flex\">\n<div class=\"wp-block-column is-layout-flow wp-block-column-is-layout-flow\">\n<h2 class=\"wp-block-heading\"><strong>Registe-se agora gratuitamente!<\/strong><\/h2>\n\n\n\n<h5 class=\"wp-block-heading\">ESTAMOS REUNINDO AU PAIRS, FAM\u00cdLIAS DE ACOLHIMENTO, AG\u00caNCIAS, ESCOLAS DE L\u00cdNGUAS E CLUBES DE AU PAIR EM TODO O MUNDO DESDE 1997.<\/h5>\n<\/div>\n\n\n\n<div class=\"wp-block-column is-layout-flow wp-block-column-is-layout-flow\">\n<div class=\"wp-block-buttons is-layout-flex wp-block-buttons-is-layout-flex\">\n<div class=\"wp-block-button highlighted\"><a class=\"wp-block-button__link wp-element-button\" href=\"\/#registrierung\"><strong>Vamos<\/strong><\/a><\/div>\n<\/div>\n<\/div>\n<\/div>\n<\/section>","protected":false},"excerpt":{"rendered":"<p>Geschichte Im Jahr 1137 wurde Katalonien jedoch als Ergebnis der Vereinigung zwischen Ferdinand von Aragon und Isabella von Kastilien an Kastilien angegliedert. Barcelona wurde zum wirtschaftlichen und politischen Zentrum des aragonischen Reiches und zu einer der wichtigsten St\u00e4dte im Mittelmeerraum. Auf der anderen Seite verlor Katalonien durch diese Vereinigung seine eigenen Institutionen. Im Laufe des [&hellip;]<\/p>\n","protected":false},"author":990158,"featured_media":0,"parent":0,"menu_order":0,"comment_status":"closed","ping_status":"closed","template":"","meta":{"footnotes":""},"class_list":["post-2233","page","type-page","status-publish","hentry"],"_links":{"self":[{"href":"https:\/\/aupairscout.com\/pt\/wp-json\/wp\/v2\/pages\/2233","targetHints":{"allow":["GET"]}}],"collection":[{"href":"https:\/\/aupairscout.com\/pt\/wp-json\/wp\/v2\/pages"}],"about":[{"href":"https:\/\/aupairscout.com\/pt\/wp-json\/wp\/v2\/types\/page"}],"author":[{"embeddable":true,"href":"https:\/\/aupairscout.com\/pt\/wp-json\/wp\/v2\/users\/990158"}],"replies":[{"embeddable":true,"href":"https:\/\/aupairscout.com\/pt\/wp-json\/wp\/v2\/comments?post=2233"}],"version-history":[{"count":10,"href":"https:\/\/aupairscout.com\/pt\/wp-json\/wp\/v2\/pages\/2233\/revisions"}],"predecessor-version":[{"id":4731,"href":"https:\/\/aupairscout.com\/pt\/wp-json\/wp\/v2\/pages\/2233\/revisions\/4731"}],"wp:attachment":[{"href":"https:\/\/aupairscout.com\/pt\/wp-json\/wp\/v2\/media?parent=2233"}],"curies":[{"name":"wp","href":"https:\/\/api.w.org\/{rel}","templated":true}]}}