{"id":1954,"date":"2022-05-31T11:54:22","date_gmt":"2022-05-31T09:54:22","guid":{"rendered":"https:\/\/aupair.mondoit.de\/?page_id=1954"},"modified":"2024-12-24T10:37:20","modified_gmt":"2024-12-24T09:37:20","slug":"e-assim-que-funciona-para-agencias","status":"publish","type":"page","link":"https:\/\/aupairscout.com\/pt\/e-assim-que-funciona-para-agencias\/","title":{"rendered":"Ag\u00eancias \u00c9 assim que funciona"},"content":{"rendered":"<div id=\"pagehead\" class=\"wp-block-group has-global-padding is-layout-constrained wp-block-group-is-layout-constrained\">\n<div class=\"wp-block-columns is-layout-flex wp-container-core-columns-is-layout-28f84493 wp-block-columns-is-layout-flex\">\n<div class=\"wp-block-column is-layout-flow wp-block-column-is-layout-flow\">\n<figure class=\"wp-block-image size-large\"><img loading=\"lazy\" decoding=\"async\" width=\"1024\" height=\"672\" src=\"https:\/\/aupairscout.com\/wp-content\/uploads\/2023\/09\/Registrierung-Agentur-1024x672.jpg\" alt=\"Au-pair Scout pode ser usado pelas ag\u00eancias como plataforma de au pair: cadastre-se, torne-se membro, apresente suas pr\u00f3prias au pairs.\" class=\"wp-image-4382\" srcset=\"https:\/\/aupairscout.com\/wp-content\/uploads\/2023\/09\/Registrierung-Agentur-1024x672.jpg 1024w, https:\/\/aupairscout.com\/wp-content\/uploads\/2023\/09\/Registrierung-Agentur-300x197.jpg 300w, https:\/\/aupairscout.com\/wp-content\/uploads\/2023\/09\/Registrierung-Agentur-768x504.jpg 768w, https:\/\/aupairscout.com\/wp-content\/uploads\/2023\/09\/Registrierung-Agentur-18x12.jpg 18w, https:\/\/aupairscout.com\/wp-content\/uploads\/2023\/09\/Registrierung-Agentur.jpg 1280w\" sizes=\"auto, (max-width: 1024px) 100vw, 1024px\" \/><\/figure>\n<\/div>\n\n\n\n<div class=\"wp-block-column is-layout-flow wp-block-column-is-layout-flow\">\n<h2 class=\"wp-block-heading\">Plataforma Au Pair \u2013 \u00e9 assim que funciona para ag\u00eancias: Cadastro de ag\u00eancia em 5 etapas.<\/h2>\n\n\n\n<p>Aqui voc\u00ea tem a oportunidade de se registrar como uma ag\u00eancia de au pair e se apresentar online em todo o mundo como membro. Voc\u00ea pode us\u00e1-lo para registrar suas pr\u00f3prias au pairs ou se comunicar com au pairs, fam\u00edlias anfitri\u00e3s e ag\u00eancias. Basta seguir os 5 passos abaixo.<\/p>\n<\/div>\n<\/div>\n<\/div>\n\n\n\n<section class=\"wp-block-group near has-global-padding is-layout-constrained wp-block-group-is-layout-constrained\">\n<div class=\"wp-block-getwid-accordion has-icon-left\" data-active-element=\"0\">\n<div class=\"wp-block-getwid-accordion__header-wrapper\"><span class=\"wp-block-getwid-accordion__header\"><a href=\"#\"><span class=\"wp-block-getwid-accordion__header-title\">Cadastro<\/span><span class=\"wp-block-getwid-accordion__icon is-active\"><i class=\"\"><\/i><\/span><span class=\"wp-block-getwid-accordion__icon is-passive\"><i class=\"\"><\/i><\/span><\/a><\/span><\/div><div class=\"wp-block-getwid-accordion__content-wrapper\"><div class=\"wp-block-getwid-accordion__content\">\n<p>Voc\u00ea gostaria de encontrar au pairs e fam\u00edlias anfitri\u00e3s em todo o mundo como uma ag\u00eancia e colocar suas pr\u00f3prias au pairs em nossa galeria? Ent\u00e3o cadastre-se em nosso site preenchendo o question\u00e1rio de forma completa e verdadeira.<\/p>\n\n\n\n<p>Adicione uma bela foto e logotipo da sua ag\u00eancia (sem dados de contato) e apresente-se para au pairs, fam\u00edlias anfitri\u00e3s e outras ag\u00eancias.<\/p>\n\n\n\n<p>Depois de concluir seu registro, voc\u00ea receber\u00e1 seu n\u00famero de perfil e detalhes de registro por e-mail. Publicaremos os dados de contato da sua ag\u00eancia para que todos possam encontr\u00e1-lo e contat\u00e1-lo.<\/p>\n<\/div><\/div>\n\n\n\n<div class=\"wp-block-getwid-accordion__header-wrapper\"><span class=\"wp-block-getwid-accordion__header\"><a href=\"#\"><span class=\"wp-block-getwid-accordion__header-title\">Ativa\u00e7\u00e3o<\/span><span class=\"wp-block-getwid-accordion__icon is-active\"><i class=\"\"><\/i><\/span><span class=\"wp-block-getwid-accordion__icon is-passive\"><i class=\"\"><\/i><\/span><\/a><\/span><\/div><div class=\"wp-block-getwid-accordion__content-wrapper\"><div class=\"wp-block-getwid-accordion__content\">\n<p>Ap\u00f3s recebermos seu perfil, iremos verific\u00e1-lo e ativ\u00e1-lo com sua ASSINATURA dentro de 24 a 48 horas - se n\u00e3o houver d\u00favidas de nossa parte.<\/p>\n<\/div><\/div>\n\n\n\n<div class=\"wp-block-getwid-accordion__header-wrapper\"><span class=\"wp-block-getwid-accordion__header\"><a href=\"#\"><span class=\"wp-block-getwid-accordion__header-title\">Pesquise e encontre<\/span><span class=\"wp-block-getwid-accordion__icon is-active\"><i class=\"\"><\/i><\/span><span class=\"wp-block-getwid-accordion__icon is-passive\"><i class=\"\"><\/i><\/span><\/a><\/span><\/div><div class=\"wp-block-getwid-accordion__content-wrapper\"><div class=\"wp-block-getwid-accordion__content\">\n<p>Ap\u00f3s o seu cadastro gratuito, voc\u00ea tem a op\u00e7\u00e3o de adquirir uma das 3 assinaturas oferecidas, que diferem apenas na dura\u00e7\u00e3o.<\/p>\n\n\n\n<p>Agora voc\u00ea pode - sempre que quiser - navegar pela nossa galeria de au pair e fam\u00edlia constantemente atualizada ou usar nossa conveniente pesquisa de au pair e fam\u00edlia e entrar em contato com au pairs e fam\u00edlias anfitri\u00e3s de seu interesse com apenas um clique do mouse.<\/p>\n<\/div><\/div>\n\n\n\n<div class=\"wp-block-getwid-accordion__header-wrapper\"><span class=\"wp-block-getwid-accordion__header\"><a href=\"#\"><span class=\"wp-block-getwid-accordion__header-title\">Conversar<\/span><span class=\"wp-block-getwid-accordion__icon is-active\"><i class=\"\"><\/i><\/span><span class=\"wp-block-getwid-accordion__icon is-passive\"><i class=\"\"><\/i><\/span><\/a><\/span><\/div><div class=\"wp-block-getwid-accordion__content-wrapper\"><div class=\"wp-block-getwid-accordion__content\">\n<p>Voc\u00ea pode entrar em contato com au pairs, fam\u00edlias anfitri\u00e3s e ag\u00eancias via chat, trocar ideias com elas extensivamente e conhec\u00ea-las, expressando seu s\u00e9rio interesse. Claro, voc\u00ea pode se comunicar com v\u00e1rias au pairs para as quais voc\u00ea tem uma fam\u00edlia anfitri\u00e3 adequada ou com v\u00e1rias fam\u00edlias anfitri\u00e3s para as quais voc\u00ea tem uma au pair adequada antes de tomar uma decis\u00e3o final.<\/p>\n<\/div><\/div>\n\n\n\n<div class=\"wp-block-getwid-accordion__header-wrapper\"><span class=\"wp-block-getwid-accordion__header\"><a href=\"#\"><span class=\"wp-block-getwid-accordion__header-title\">media\u00e7\u00e3o<\/span><span class=\"wp-block-getwid-accordion__icon is-active\"><i class=\"\"><\/i><\/span><span class=\"wp-block-getwid-accordion__icon is-passive\"><i class=\"\"><\/i><\/span><\/a><\/span><\/div><div class=\"wp-block-getwid-accordion__content-wrapper\"><div class=\"wp-block-getwid-accordion__content\">\n<p>Voc\u00ea encontrou uma au pair para uma fam\u00edlia anfitri\u00e3 ou uma fam\u00edlia anfitri\u00e3 para sua au pair? Em seguida, organize todo o resto como uma ag\u00eancia.<\/p>\n<\/div><\/div>\n<\/div>\n\n\n\n<div class=\"wp-block-group aupair is-layout-flow wp-block-group-is-layout-flow\">\n<div class=\"wp-block-buttons is-layout-flex wp-block-buttons-is-layout-flex\">\n<div class=\"wp-block-button CTA\"><a class=\"wp-block-button__link wp-element-button\" href=\"\/registrierung-als-agentur\/\">vamos<\/a><\/div>\n<\/div>\n<\/div>\n<\/section>\n\n\n\n<section class=\"wp-block-group with-background has-global-padding is-layout-constrained wp-block-group-is-layout-constrained\">\n<h3 class=\"wp-block-heading\">Ainda tem d\u00favidas?<\/h3>\n\n\n\n<p>AINDA D\u00daVIDAS? Se voc\u00ea tiver alguma d\u00favida, problema ou sugest\u00e3o, teremos prazer em ajud\u00e1-lo durante o hor\u00e1rio normal de expediente. Voc\u00ea pode entrar em contato conosco por telefone, email ou formul\u00e1rio de contato. Reunimos uma lista de perguntas e respostas, divididas por \u00e1rea tem\u00e1tica, na se\u00e7\u00e3o \u201cPerguntas Frequentes\u201d.<\/p>\n<\/section>","protected":false},"excerpt":{"rendered":"<p>Au-pair Plattform \u2013 so funktioniert\u2019s f\u00fcr Agenturen: In 5 Schritten zur Agentur-Registrierung. Hier haben Sie die M\u00f6glichkeit, sich als Au-pair Agentur zu registrieren und sich mit einer Mitgliedschaft online weltweit zu pr\u00e4sentieren. Sie k\u00f6nnen damit eigene Au-pairs registrieren oder mit anfragenden Au-pairs, Gastfamilien und Agenturen kommunizieren. Folgen Sie einfach den nachstehenden 5 Schritten.<\/p>","protected":false},"author":990158,"featured_media":0,"parent":0,"menu_order":0,"comment_status":"closed","ping_status":"closed","template":"","meta":{"footnotes":""},"class_list":["post-1954","page","type-page","status-publish","hentry"],"_links":{"self":[{"href":"https:\/\/aupairscout.com\/pt\/wp-json\/wp\/v2\/pages\/1954","targetHints":{"allow":["GET"]}}],"collection":[{"href":"https:\/\/aupairscout.com\/pt\/wp-json\/wp\/v2\/pages"}],"about":[{"href":"https:\/\/aupairscout.com\/pt\/wp-json\/wp\/v2\/types\/page"}],"author":[{"embeddable":true,"href":"https:\/\/aupairscout.com\/pt\/wp-json\/wp\/v2\/users\/990158"}],"replies":[{"embeddable":true,"href":"https:\/\/aupairscout.com\/pt\/wp-json\/wp\/v2\/comments?post=1954"}],"version-history":[{"count":16,"href":"https:\/\/aupairscout.com\/pt\/wp-json\/wp\/v2\/pages\/1954\/revisions"}],"predecessor-version":[{"id":6522,"href":"https:\/\/aupairscout.com\/pt\/wp-json\/wp\/v2\/pages\/1954\/revisions\/6522"}],"wp:attachment":[{"href":"https:\/\/aupairscout.com\/pt\/wp-json\/wp\/v2\/media?parent=1954"}],"curies":[{"name":"wp","href":"https:\/\/api.w.org\/{rel}","templated":true}]}}