{"id":1734,"date":"2022-05-30T13:31:59","date_gmt":"2022-05-30T11:31:59","guid":{"rendered":"https:\/\/aupair.mondoit.de\/?page_id=1734"},"modified":"2024-11-27T23:05:35","modified_gmt":"2024-11-27T22:05:35","slug":"e-assim-que-funciona-para-au-pairs","status":"publish","type":"page","link":"https:\/\/aupairscout.com\/pt\/e-assim-que-funciona-para-au-pairs\/","title":{"rendered":"Au pair, \u00e9 assim que funciona"},"content":{"rendered":"<div id=\"pagehead\" class=\"wp-block-group has-global-padding is-layout-constrained wp-block-group-is-layout-constrained\">\n<div class=\"wp-block-columns is-layout-flex wp-container-core-columns-is-layout-28f84493 wp-block-columns-is-layout-flex\">\n<div class=\"wp-block-column is-layout-flow wp-block-column-is-layout-flow\">\n<figure class=\"wp-block-image size-large is-resized\"><img loading=\"lazy\" decoding=\"async\" width=\"1024\" height=\"672\" src=\"https:\/\/aupairscout.com\/wp-content\/uploads\/2023\/09\/Registrierung-Au-Pair-1024x672.jpg\" alt=\"Organize fam\u00edlias anfitri\u00e3s para au pairs atrav\u00e9s deste site\" class=\"wp-image-4256\" style=\"aspect-ratio:1.5238095238095237;width:404px;height:auto\" srcset=\"https:\/\/aupairscout.com\/wp-content\/uploads\/2023\/09\/Registrierung-Au-Pair-1024x672.jpg 1024w, https:\/\/aupairscout.com\/wp-content\/uploads\/2023\/09\/Registrierung-Au-Pair-300x197.jpg 300w, https:\/\/aupairscout.com\/wp-content\/uploads\/2023\/09\/Registrierung-Au-Pair-768x504.jpg 768w, https:\/\/aupairscout.com\/wp-content\/uploads\/2023\/09\/Registrierung-Au-Pair-18x12.jpg 18w, https:\/\/aupairscout.com\/wp-content\/uploads\/2023\/09\/Registrierung-Au-Pair.jpg 1280w\" sizes=\"auto, (max-width: 1024px) 100vw, 1024px\" \/><\/figure>\n<\/div>\n\n\n\n<div class=\"wp-block-column is-layout-flow wp-block-column-is-layout-flow\">\n<h2 class=\"wp-block-heading\"><p class=\"MsoNormal\">Encontrar uma fam\u00edlia anfitri\u00e3 para au pairs \u2013 em 5 passos<br>Desejo fam\u00edlia <\/p><\/h2>\n\n\n\n<p>Aqui voc\u00ea pode se registrar como au pair gratuitamente e encontrar uma nova fam\u00edlia anfitri\u00e3 em qualquer lugar do mundo. Por favor, leia primeiro nossas informa\u00e7\u00f5es para voc\u00ea e depois inicie o registro gratuito seguindo as 5 etapas. Ap\u00f3s o registro, n\u00e3o se esque\u00e7a de enviar mais fotos e \u00e1lbuns! As ag\u00eancias n\u00e3o podem registrar au pairs aqui. Esses perfis s\u00e3o exclu\u00eddos automaticamente. Como ag\u00eancia, voc\u00ea tem seu pr\u00f3prio portal para contrata\u00e7\u00e3o de au pairs.<\/p>\n<\/div>\n<\/div>\n<\/div>\n\n\n\n<section class=\"wp-block-group near has-global-padding is-layout-constrained wp-block-group-is-layout-constrained\">\n<div class=\"wp-block-getwid-accordion has-icon-left\" data-active-element=\"0\">\n<div class=\"wp-block-getwid-accordion__header-wrapper\"><span class=\"wp-block-getwid-accordion__header\"><a href=\"#\"><span class=\"wp-block-getwid-accordion__header-title\">Cadastro<\/span><span class=\"wp-block-getwid-accordion__icon is-active\"><i class=\"\"><\/i><\/span><span class=\"wp-block-getwid-accordion__icon is-passive\"><i class=\"\"><\/i><\/span><\/a><\/span><\/div><div class=\"wp-block-getwid-accordion__content-wrapper\"><div class=\"wp-block-getwid-accordion__content\">\n<p>Die Registrierung und das Finden einer Familie sind kostenlos und unverbindlich.<\/p>\n\n\n\n<p>Du m\u00f6chtest als Au-pair in eine Gastfamilie weltweit kommen und verf\u00fcgst \u00fcber ausreichende Sprachkenntnisse des ausgew\u00e4hlten Landes?<\/p>\n\n\n\n<p>Dann registriere Dich auf unserer Seite, indem Du den Fragebogen vollst\u00e4ndig und wahrheitsgem\u00e4\u00df ausf\u00fcllst.<\/p>\n\n\n\n<p>Adicione sua foto de perfil, foto de capa e outras fotos legais (sem \u00f3culos de sol, por favor), junto com uma bela carta para a futura fam\u00edlia anfitri\u00e3 - mas sem detalhes de contato pessoal!<\/p>\n\n\n\n<p>Sobald Du Deine Registrierung abgeschlossen hast, erh\u00e4ltst Du eine Kopie Deines Profils, Deine Profilnummer sowie Deine Registrierungsdaten per Email.<\/p>\n\n\n\n<p><strong>Deine pers\u00f6nlichen Kontaktdaten werden wir auf keinen Fall ver\u00f6ffentlichen.<\/strong><\/p>\n<\/div><\/div>\n\n\n\n<div class=\"wp-block-getwid-accordion__header-wrapper\"><span class=\"wp-block-getwid-accordion__header\"><a href=\"#\"><span class=\"wp-block-getwid-accordion__header-title\">Ativa\u00e7\u00e3o<\/span><span class=\"wp-block-getwid-accordion__icon is-active\"><i class=\"\"><\/i><\/span><span class=\"wp-block-getwid-accordion__icon is-passive\"><i class=\"\"><\/i><\/span><\/a><\/span><\/div><div class=\"wp-block-getwid-accordion__content-wrapper\"><div class=\"wp-block-getwid-accordion__content\">\n<p>Depois de recebermos o seu perfil, iremos verific\u00e1-lo e ativ\u00e1-lo dentro de 24 a 48 horas - se n\u00e3o houver d\u00favidas da nossa parte.<\/p>\n<\/div><\/div>\n\n\n\n<div class=\"wp-block-getwid-accordion__header-wrapper\"><span class=\"wp-block-getwid-accordion__header\"><a href=\"#\"><span class=\"wp-block-getwid-accordion__header-title\">Pesquise e encontre<\/span><span class=\"wp-block-getwid-accordion__icon is-active\"><i class=\"\"><\/i><\/span><span class=\"wp-block-getwid-accordion__icon is-passive\"><i class=\"\"><\/i><\/span><\/a><\/span><\/div><div class=\"wp-block-getwid-accordion__content-wrapper\"><div class=\"wp-block-getwid-accordion__content\">\n<p>Assim que estiver ativado, voc\u00ea poder\u00e1 fazer login em nosso site e procurar uma fam\u00edlia anfitri\u00e3 e conversar. Seu perfil agora aparece na galeria e tamb\u00e9m fica vis\u00edvel para as fam\u00edlias anfitri\u00e3s.<\/p>\n<\/div><\/div>\n\n\n\n<div class=\"wp-block-getwid-accordion__header-wrapper\"><span class=\"wp-block-getwid-accordion__header\"><a href=\"#\"><span class=\"wp-block-getwid-accordion__header-title\">Conversar<\/span><span class=\"wp-block-getwid-accordion__icon is-active\"><i class=\"\"><\/i><\/span><span class=\"wp-block-getwid-accordion__icon is-passive\"><i class=\"\"><\/i><\/span><\/a><\/span><\/div><div class=\"wp-block-getwid-accordion__content-wrapper\"><div class=\"wp-block-getwid-accordion__content\">\n<p>Deine Wunschfamilie kannst Du per Chat kontaktieren, Dich mit dieser ausgiebig austauschen und kennenlernen, wobei Du Dein ernsthaftes Interesse bekunden solltest. Nat\u00fcrlich hast Du die M\u00f6glichkeit, auch mit anderen Gastfamilien zu kommunizieren, bevor Du eine endg\u00fcltige Entscheidung triffst. Tipps zur Kennenlern-Phase haben wir in Deinem pers\u00f6nlichen Bereich unter FAQ zusammengestellt.<\/p>\n<\/div><\/div>\n\n\n\n<div class=\"wp-block-getwid-accordion__header-wrapper\"><span class=\"wp-block-getwid-accordion__header\"><a href=\"#\"><span class=\"wp-block-getwid-accordion__header-title\">media\u00e7\u00e3o<\/span><span class=\"wp-block-getwid-accordion__icon is-active\"><i class=\"\"><\/i><\/span><span class=\"wp-block-getwid-accordion__icon is-passive\"><i class=\"\"><\/i><\/span><\/a><\/span><\/div><div class=\"wp-block-getwid-accordion__content-wrapper\"><div class=\"wp-block-getwid-accordion__content\">\n<p>Du hast Dich f\u00fcr eine sympathische Familie entschieden?<\/p>\n\n\n\n<p>Erst dann \u00fcbermittelst Du der Familie Deine pers\u00f6nlichen Kontaktdaten, wie Adresse etc., damit gemeinsam ein Au-pair-Vertrag gestaltet werden kann.<\/p>\n<\/div><\/div>\n<\/div>\n\n\n\n<div class=\"wp-block-group aupair is-layout-flow wp-block-group-is-layout-flow\">\n<div class=\"wp-block-buttons is-layout-flex wp-block-buttons-is-layout-flex\">\n<div class=\"wp-block-button CTA\"><a class=\"wp-block-button__link wp-element-button\" href=\"\/au-pair-registrierung\/\">vamos<\/a><\/div>\n<\/div>\n<\/div>\n<\/section>\n\n\n\n<section class=\"wp-block-group with-background has-global-padding is-layout-constrained wp-block-group-is-layout-constrained\">\n<h3 class=\"wp-block-heading\">Ainda tem d\u00favidas?<\/h3>\n\n\n\n<p>AINDA D\u00daVIDAS? Se voc\u00ea tiver alguma d\u00favida, problema ou sugest\u00e3o, teremos prazer em ajud\u00e1-lo durante o hor\u00e1rio normal de expediente. Voc\u00ea pode entrar em contato conosco por telefone, email ou formul\u00e1rio de contato. Reunimos uma lista de perguntas e respostas, divididas por \u00e1rea tem\u00e1tica, na se\u00e7\u00e3o \u201cPerguntas Frequentes\u201d.<\/p>\n<\/section>","protected":false},"excerpt":{"rendered":"<p>Gastfamilie vermitteln f\u00fcr Au-pairs \u2013 in 5 Schritten zurWunsch-Familie Hier kannst Du Dich als Au-pair kostenlos selbst registrieren und weltweit eine neue Gastfamilie finden. Lese bitte zuerst unsere Informationen f\u00fcr Dich und beginne dann mit der kostenlosen Registrierung, indem Du den 5 Schritten folgst. Nach der Registrierung bitte nicht vergessen, weitere Fotos und Alben hochzuladen! [&hellip;]<\/p>\n","protected":false},"author":990158,"featured_media":0,"parent":0,"menu_order":0,"comment_status":"closed","ping_status":"closed","template":"","meta":{"footnotes":""},"class_list":["post-1734","page","type-page","status-publish","hentry"],"_links":{"self":[{"href":"https:\/\/aupairscout.com\/pt\/wp-json\/wp\/v2\/pages\/1734","targetHints":{"allow":["GET"]}}],"collection":[{"href":"https:\/\/aupairscout.com\/pt\/wp-json\/wp\/v2\/pages"}],"about":[{"href":"https:\/\/aupairscout.com\/pt\/wp-json\/wp\/v2\/types\/page"}],"author":[{"embeddable":true,"href":"https:\/\/aupairscout.com\/pt\/wp-json\/wp\/v2\/users\/990158"}],"replies":[{"embeddable":true,"href":"https:\/\/aupairscout.com\/pt\/wp-json\/wp\/v2\/comments?post=1734"}],"version-history":[{"count":15,"href":"https:\/\/aupairscout.com\/pt\/wp-json\/wp\/v2\/pages\/1734\/revisions"}],"predecessor-version":[{"id":6473,"href":"https:\/\/aupairscout.com\/pt\/wp-json\/wp\/v2\/pages\/1734\/revisions\/6473"}],"wp:attachment":[{"href":"https:\/\/aupairscout.com\/pt\/wp-json\/wp\/v2\/media?parent=1734"}],"curies":[{"name":"wp","href":"https:\/\/api.w.org\/{rel}","templated":true}]}}