{"id":1693,"date":"2022-05-30T10:37:45","date_gmt":"2022-05-30T08:37:45","guid":{"rendered":"https:\/\/aupair.mondoit.de\/?page_id=1693"},"modified":"2025-09-24T18:24:05","modified_gmt":"2025-09-24T16:24:05","slug":"e-assim-que-funciona-para-as-familias","status":"publish","type":"page","link":"https:\/\/aupairscout.com\/pt\/e-assim-que-funciona-para-as-familias\/","title":{"rendered":"Fam\u00edlias, \u00e9 assim que funciona"},"content":{"rendered":"<div id=\"pagehead\" class=\"wp-block-group has-global-padding is-layout-constrained wp-block-group-is-layout-constrained\">\n<div class=\"wp-block-columns is-layout-flex wp-container-core-columns-is-layout-28f84493 wp-block-columns-is-layout-flex\">\n<div class=\"wp-block-column is-layout-flow wp-block-column-is-layout-flow\">\n<figure class=\"wp-block-image size-large\"><img loading=\"lazy\" decoding=\"async\" width=\"1024\" height=\"672\" src=\"https:\/\/aupairscout.com\/wp-content\/uploads\/2023\/09\/Registrierung-Familie-1024x672.jpg\" alt=\"Coloca\u00e7\u00e3o de Au Pair para fam\u00edlias anfitri\u00e3s \" class=\"wp-image-4257\" srcset=\"https:\/\/aupairscout.com\/wp-content\/uploads\/2023\/09\/Registrierung-Familie-1024x672.jpg 1024w, https:\/\/aupairscout.com\/wp-content\/uploads\/2023\/09\/Registrierung-Familie-300x197.jpg 300w, https:\/\/aupairscout.com\/wp-content\/uploads\/2023\/09\/Registrierung-Familie-768x504.jpg 768w, https:\/\/aupairscout.com\/wp-content\/uploads\/2023\/09\/Registrierung-Familie-18x12.jpg 18w, https:\/\/aupairscout.com\/wp-content\/uploads\/2023\/09\/Registrierung-Familie.jpg 1280w\" sizes=\"auto, (max-width: 1024px) 100vw, 1024px\" \/><\/figure>\n<\/div>\n\n\n\n<div class=\"wp-block-column is-layout-flow wp-block-column-is-layout-flow\">\n<h2 class=\"wp-block-heading\"><strong>Coloca\u00e7\u00e3o de Au Pair para fam\u00edlias anfitri\u00e3s <\/strong>&#8211; <strong>Torne-se a au pair dos seus sonhos em 5 etapas<\/strong><\/h2>\n\n\n\n<p>Aqui voc\u00ea pode se registrar gratuitamente como fam\u00edlia anfitri\u00e3 e entrar em contato com au pairs. A associa\u00e7\u00e3o permite que voc\u00ea leia as respostas da au pair e se comunique, selecione e convide a au pair. Se voc\u00ea n\u00e3o conseguir criar os documentos do convite sozinho, teremos prazer em ajud\u00e1-lo em \u201cServi\u00e7o Extra\u201d. Agora siga as 5 etapas abaixo. Ap\u00f3s o registro, n\u00e3o se esque\u00e7a de enviar fotos e \u00e1lbuns adicionais.<\/p>\n<\/div>\n<\/div>\n<\/div>\n\n\n\n<section class=\"wp-block-group near has-global-padding is-layout-constrained wp-block-group-is-layout-constrained\">\n<div class=\"wp-block-getwid-accordion has-icon-left\" data-active-element=\"0\">\n<div class=\"wp-block-getwid-accordion__header-wrapper\"><span class=\"wp-block-getwid-accordion__header\"><a href=\"#\"><span class=\"wp-block-getwid-accordion__header-title\">Cadastro<\/span><span class=\"wp-block-getwid-accordion__icon is-active\"><i class=\"\"><\/i><\/span><span class=\"wp-block-getwid-accordion__icon is-passive\"><i class=\"\"><\/i><\/span><\/a><\/span><\/div><div class=\"wp-block-getwid-accordion__content-wrapper\"><div class=\"wp-block-getwid-accordion__content\">\n<p>Voc\u00ea gostaria de encontrar uma au pair como fam\u00edlia anfitri\u00e3? A inscri\u00e7\u00e3o \u00e9 gratuita e sem compromisso.<\/p>\n\n\n\n<p>Ent\u00e3o cadastre-se em nosso site preenchendo o question\u00e1rio de forma completa e verdadeira.<\/p>\n\n\n\n<p>Adicione lindas fotos de sua fam\u00edlia, de voc\u00ea mesmo, de seus filhos, de seu apartamento\/casa\/ambiente e do futuro quarto da au pair, junto com uma bela carta para a futura au pair, mas sem dados de contato pessoal!<\/p>\n\n\n\n<p>Assim que concluir seu cadastro, voc\u00ea receber\u00e1 por e-mail uma c\u00f3pia do seu perfil, seu n\u00famero de perfil e seus dados de cadastro.<\/p>\n\n\n\n<p><strong>Em nenhuma circunst\u00e2ncia publicaremos os seus dados pessoais de contacto.<\/strong><\/p>\n<\/div><\/div>\n\n\n\n<div class=\"wp-block-getwid-accordion__header-wrapper\"><span class=\"wp-block-getwid-accordion__header\"><a href=\"#\"><span class=\"wp-block-getwid-accordion__header-title\">Ativa\u00e7\u00e3o<\/span><span class=\"wp-block-getwid-accordion__icon is-active\"><i class=\"\"><\/i><\/span><span class=\"wp-block-getwid-accordion__icon is-passive\"><i class=\"\"><\/i><\/span><\/a><\/span><\/div><div class=\"wp-block-getwid-accordion__content-wrapper\"><div class=\"wp-block-getwid-accordion__content\">\n<p>Depois de recebermos o seu perfil, iremos analis\u00e1-lo e ativ\u00e1-lo dentro de 24 a 48 horas - se n\u00e3o houver d\u00favidas da nossa parte.<\/p>\n<\/div><\/div>\n\n\n\n<div class=\"wp-block-getwid-accordion__header-wrapper\"><span class=\"wp-block-getwid-accordion__header\"><a href=\"#\"><span class=\"wp-block-getwid-accordion__header-title\">Pesquise e encontre<\/span><span class=\"wp-block-getwid-accordion__icon is-active\"><i class=\"\"><\/i><\/span><span class=\"wp-block-getwid-accordion__icon is-passive\"><i class=\"\"><\/i><\/span><\/a><\/span><\/div><div class=\"wp-block-getwid-accordion__content-wrapper\"><div class=\"wp-block-getwid-accordion__content\">\n<p>Ap\u00f3s o seu registo gratuito, ter\u00e1 a oportunidade de escolher uma das 3 ades\u00f5es oferecidas, que diferem apenas na dura\u00e7\u00e3o.<\/p>\n\n\n\n<p>Agora voc\u00ea pode - sempre que quiser - navegar em nossa galeria de au pair constantemente atualizada ou usar nossa conveniente pesquisa de au pair e entrar em contato com au pairs adequadas com um clique do mouse.<\/p>\n\n\n\n<p><strong>Nossa garantia para as fam\u00edlias.<\/strong><\/p>\n\n\n\n<p>Conosco, voc\u00ea tem a oportunidade de encontrar uma au pair a partir de 10 euros por m\u00eas. Para isso nos referimos aos nossos \u201cpre\u00e7os de assinatura\u201d. Voc\u00ea encontrou uma au pair e gostaria que ajud\u00e1ssemos voc\u00ea a encontrar uma au pair e iniciar o processo para voc\u00ea? Neste caso, reembolsaremos a taxa de subscri\u00e7\u00e3o que voc\u00ea j\u00e1 pagou e compensaremos com as taxas de corretagem aplic\u00e1veis.<\/p>\n<\/div><\/div>\n\n\n\n<div class=\"wp-block-getwid-accordion__header-wrapper\"><span class=\"wp-block-getwid-accordion__header\"><a href=\"#\"><span class=\"wp-block-getwid-accordion__header-title\">Conversar<\/span><span class=\"wp-block-getwid-accordion__icon is-active\"><i class=\"\"><\/i><\/span><span class=\"wp-block-getwid-accordion__icon is-passive\"><i class=\"\"><\/i><\/span><\/a><\/span><\/div><div class=\"wp-block-getwid-accordion__content-wrapper\"><div class=\"wp-block-getwid-accordion__content\">\n<p>Voc\u00ea pode entrar em contato com a au pair desejada via chat, trocar ideias extensivamente com a au pair e conhec\u00ea-la, expressando seu s\u00e9rio interesse. Claro, voc\u00ea tamb\u00e9m tem a oportunidade de se comunicar com outras au pairs antes de tomar uma decis\u00e3o final. Reunimos dicas para a fase de conhecer voc\u00ea na sua \u00e1rea pessoal em FAQ.<\/p>\n<\/div><\/div>\n\n\n\n<div class=\"wp-block-getwid-accordion__header-wrapper\"><span class=\"wp-block-getwid-accordion__header\"><a href=\"#\"><span class=\"wp-block-getwid-accordion__header-title\">media\u00e7\u00e3o<\/span><span class=\"wp-block-getwid-accordion__icon is-active\"><i class=\"\"><\/i><\/span><span class=\"wp-block-getwid-accordion__icon is-passive\"><i class=\"\"><\/i><\/span><\/a><\/span><\/div><div class=\"wp-block-getwid-accordion__content-wrapper\"><div class=\"wp-block-getwid-accordion__content\">\n<p>Voc\u00ea decidiu por uma au pair amig\u00e1vel e a au pair est\u00e1 interessada em sua fam\u00edlia. Ent\u00e3o, organize todo o resto sozinho. Mais informa\u00e7\u00f5es sobre o procedimento podem ser encontradas em \u201cPerguntas frequentes\u201d.<\/p>\n\n\n\n<p><strong>Nossa garantia para as fam\u00edlias.<\/strong><\/p>\n\n\n\n<p>Conosco, voc\u00ea tem a oportunidade de encontrar uma au pair a partir de 10 euros por m\u00eas. Para isso nos referimos aos nossos \u201cpre\u00e7os de assinatura\u201d. Voc\u00ea encontrou uma au pair e gostaria que ajud\u00e1ssemos voc\u00ea a encontrar uma au pair e iniciar o processo para voc\u00ea? Neste caso, reembolsaremos a taxa de subscri\u00e7\u00e3o que voc\u00ea j\u00e1 pagou e compensaremos com as taxas de corretagem aplic\u00e1veis.<\/p>\n<\/div><\/div>\n<\/div>\n\n\n\n<div class=\"wp-block-group aupair is-layout-flow wp-block-group-is-layout-flow\">\n<div class=\"wp-block-buttons is-layout-flex wp-block-buttons-is-layout-flex\">\n<div class=\"wp-block-button CTA\"><a class=\"wp-block-button__link wp-element-button\" href=\"\/familien-registrierung\/\">vamos<\/a><\/div>\n<\/div>\n<\/div>\n<\/section>\n\n\n\n<section class=\"wp-block-group with-background has-global-padding is-layout-constrained wp-block-group-is-layout-constrained\">\n<h3 class=\"wp-block-heading\">Ainda tem d\u00favidas?<\/h3>\n\n\n\n<p>AINDA D\u00daVIDAS? Se voc\u00ea tiver alguma d\u00favida, problema ou sugest\u00e3o, teremos prazer em ajud\u00e1-lo durante o hor\u00e1rio normal de expediente. Voc\u00ea pode entrar em contato conosco por telefone, email ou formul\u00e1rio de contato. Reunimos uma lista de perguntas e respostas, divididas por \u00e1rea tem\u00e1tica, na se\u00e7\u00e3o \u201cPerguntas Frequentes\u201d.<\/p>\n<\/section>","protected":false},"excerpt":{"rendered":"<p>Au-pair Vermittlung f\u00fcr Gastfamilien &#8211; in 5 Schritten zum Wunsch-Au-pair Hier k\u00f6nnen Sie sich als Gastfamilie kostenlos registrieren und Au-pairs kontaktieren. Eine Mitgliedschaft erm\u00f6glicht es Ihnen, die Au-pair-Antworten zu lesen und mit dem Au-pair weiter zu kommunizieren, es auszuw\u00e4hlen und letztendes einzuladen. Sollte es Ihnen nicht m\u00f6glich sein, selbst die Einladungs-Unterlagen zu erstellen, helfen wir [&hellip;]<\/p>\n","protected":false},"author":990158,"featured_media":0,"parent":0,"menu_order":0,"comment_status":"closed","ping_status":"closed","template":"","meta":{"footnotes":""},"class_list":["post-1693","page","type-page","status-publish","hentry"],"_links":{"self":[{"href":"https:\/\/aupairscout.com\/pt\/wp-json\/wp\/v2\/pages\/1693","targetHints":{"allow":["GET"]}}],"collection":[{"href":"https:\/\/aupairscout.com\/pt\/wp-json\/wp\/v2\/pages"}],"about":[{"href":"https:\/\/aupairscout.com\/pt\/wp-json\/wp\/v2\/types\/page"}],"author":[{"embeddable":true,"href":"https:\/\/aupairscout.com\/pt\/wp-json\/wp\/v2\/users\/990158"}],"replies":[{"embeddable":true,"href":"https:\/\/aupairscout.com\/pt\/wp-json\/wp\/v2\/comments?post=1693"}],"version-history":[{"count":18,"href":"https:\/\/aupairscout.com\/pt\/wp-json\/wp\/v2\/pages\/1693\/revisions"}],"predecessor-version":[{"id":6471,"href":"https:\/\/aupairscout.com\/pt\/wp-json\/wp\/v2\/pages\/1693\/revisions\/6471"}],"wp:attachment":[{"href":"https:\/\/aupairscout.com\/pt\/wp-json\/wp\/v2\/media?parent=1693"}],"curies":[{"name":"wp","href":"https:\/\/api.w.org\/{rel}","templated":true}]}}