{"id":1550,"date":"2022-05-26T11:43:39","date_gmt":"2022-05-26T09:43:39","guid":{"rendered":"https:\/\/aupair.mondoit.de\/?page_id=1550"},"modified":"2024-12-26T09:46:39","modified_gmt":"2024-12-26T08:46:39","slug":"condicoes","status":"publish","type":"page","link":"https:\/\/aupairscout.com\/pt\/condicoes\/","title":{"rendered":"Termos e condi\u00e7\u00f5es"},"content":{"rendered":"<h2 class=\"wp-block-post-title\"><div class=\"breadcrumbs\"><span class=\"crumb\"><a href=\"https:\/\/aupairscout.com\/pt\">AuPairScout - Internacional<\/a> \u00bb <\/span><span class=\"crumb current-page\">Termos e condi\u00e7\u00f5es<\/span><\/div><\/h2>\n\n\n\n<section class=\"wp-block-group has-global-padding is-layout-constrained wp-block-group-is-layout-constrained\">\n<p><strong>Termos e condi\u00e7\u00f5es gerais do AuPairScout<\/strong><\/p>\n\n\n\n<p><strong>(a partir de 1\u00ba de janeiro de 2023)<\/strong><\/p>\n\n\n\n<p>Ao se registrar como usu\u00e1rio do site <a href=\"https:\/\/AuPairScout.de\/de\/\" target=\"_blank\" rel=\"noopener\">www.AuPairScout.de<\/a> voc\u00ea aceita estes \u201cTermos e Condi\u00e7\u00f5es Gerais\u201d como vinculativos.<\/p>\n\n\n\n<p>Referida como \u201cAuPairScout\u201d no texto a seguir, a empresa \u00e9 AuPairScout.com, Baumgartnerstr. 11, 81373 Munique, Alemanha, com o objetivo de conectar usu\u00e1rios em todo o mundo e possibilitar a troca de au pair.<\/p>\n\n\n\n<p>A seguir, au pairs, fam\u00edlias e ag\u00eancias s\u00e3o referidas como \u201cusu\u00e1rios\u201d.<\/p>\n\n\n\n<p><strong>1. BASE DO CONTRATO<\/strong><\/p>\n\n\n\n<p>1.1, os servi\u00e7os da AuPairScout resultam destes \u201cTermos e Condi\u00e7\u00f5es Gerais\u201d. Mais informa\u00e7\u00f5es est\u00e3o no site&nbsp;<a href=\"https:\/\/www.aupairscout.com\/\" target=\"_blank\" rel=\"noreferrer noopener\"><strong>www.AuPairScout.com<\/strong><\/a>&nbsp;dispon\u00edvel em \u201cFAQ\u201d.<\/p>\n\n\n\n<p>Para usu\u00e1rios alem\u00e3es, tamb\u00e9m nos referimos \u00e0s fichas de informa\u00e7\u00f5es do Departamento Federal do Trabalho \u201cAu pair com fam\u00edlias alem\u00e3s\u201d e \u201cInforma\u00e7\u00f5es sobre Au pair para fam\u00edlias anfitri\u00e3s alem\u00e3s\u201d, cuja vers\u00e3o atual est\u00e1 publicada no site AuPairScout em \u201cFAQ \u201d.<\/p>\n\n\n\n<p>1.2 \u00c9 proibida qualquer transmiss\u00e3o de dados a terceiros. Todos os dados pessoais de um usu\u00e1rio que ficam vis\u00edveis para outro usu\u00e1rio durante a comunica\u00e7\u00e3o s\u00e3o estritamente confidenciais e n\u00e3o podem ser repassados a terceiros ou publicados.<\/p>\n\n\n\n<p>1.3 Perfis, dados pessoais e assinaturas n\u00e3o s\u00e3o transfer\u00edveis a terceiros. Nesse caso, AuPairScout reserva-se o direito de bloquear o usu\u00e1rio sem indicar os motivos.<\/p>\n\n\n\n<p><strong>2. SERVI\u00c7OS DO AUPAIRSCOUT&nbsp; &nbsp;<\/strong><\/p>\n\n\n\n<p>AuPairScout compromete-se a prestar os seguintes servi\u00e7os:<\/p>\n\n\n\n<p>2.1 Disponibiliza\u00e7\u00e3o da base de dados AuPairScout.<br>AuPairScout fornece ao usu\u00e1rio o banco de dados criado e mantido pelo AuPairScout para selecionar um dos outros usu\u00e1rios (candidatos a au pair, fam\u00edlia anfitri\u00e3, ag\u00eancia).<\/p>\n\n\n\n<p>2.2 AuPairScout verifica todos os dados do usu\u00e1rio na medida do poss\u00edvel e inclui apenas aqueles usu\u00e1rios em seu arquivo ou banco de dados que criaram um aplicativo significativo com fotos e uma mensagem\/carta.<\/p>\n\n\n\n<p>AuPairScout tamb\u00e9m verifica as informa\u00e7\u00f5es fornecidas pelos solicitantes, geralmente por e-mail ou por telefone com o solicitante.<br>Nenhum usu\u00e1rio ser\u00e1 inclu\u00eddo no banco de dados que, at\u00e9 onde o AupairScout sabe, tenha violado comprovadamente as leis aplic\u00e1veis ou a dec\u00eancia comum.<\/p>\n\n\n\n<p>2.3 Informa\u00e7\u00f5es sobre o cumprimento das formalidades oficiais.<br>AuPairScout fornece todas as informa\u00e7\u00f5es b\u00e1sicas sobre o cumprimento das formalidades oficiais em seus \u201cFAQs\u201d. Estas informa\u00e7\u00f5es incluem, em particular, quando e por quem devem ser tomadas medidas.<\/p>\n\n\n\n<p>Mediante solicita\u00e7\u00e3o e por uma taxa adicional (ver \u201cServi\u00e7o Extra\u201d),<br>que se encontra na \u201cTabela de Pre\u00e7os de Servi\u00e7os Extra\u201d v\u00e1lida, disponibilizamos ao utilizador outras op\u00e7\u00f5es de media\u00e7\u00e3o.<\/p>\n\n\n\n<p><strong>3. INSCRI\u00c7\u00c3O<\/strong><\/p>\n\n\n\n<p>3.1 Qualquer usu\u00e1rio que esteja procurando uma au pair, fam\u00edlia anfitri\u00e3 ou ag\u00eancia pode se registrar gratuitamente se for maior de idade.<\/p>\n\n\n\n<p>3.2 Cada usu\u00e1rio pode adaptar seu perfil de forma independente e a qualquer momento \u00e0s suas respectivas necessidades e individualiz\u00e1-lo com textos e fotos.<br>Cada usu\u00e1rio \u00e9 respons\u00e1vel pelo seu pr\u00f3prio perfil.<\/p>\n\n\n\n<p>3.3 Qualquer au pair que esteja procurando uma fam\u00edlia anfitri\u00e3 em todo o mundo pode se registrar gratuitamente.<\/p>\n\n\n\n<p>Qualquer fam\u00edlia anfitri\u00e3 que procure uma au pair em todo o mundo pode se registrar gratuitamente.<\/p>\n\n\n\n<p>Qualquer ag\u00eancia que procure au pairs e fam\u00edlias em todo o mundo pode se registrar gratuitamente.<\/p>\n\n\n\n<p>3.4 Os dados de contacto, como morada, n\u00famero de telefone, endere\u00e7o de e-mail, n\u00e3o aparecem publicamente no respetivo perfil por raz\u00f5es de prote\u00e7\u00e3o de dados.<\/p>\n\n\n\n<p><strong>Ao se registrar, os usu\u00e1rios n\u00e3o est\u00e3o autorizados a exibir esses dados de contato em um texto, carta ou foto dentro do perfil.<\/strong><\/p>\n\n\n\n<p>3.5 Os usu\u00e1rios podem entrar em contato entre si, ou seja, comunica\u00e7\u00e3o, bate-papo, assim que o respectivo usu\u00e1rio (fam\u00edlia anfitri\u00e3, ag\u00eancia) tiver feito uma assinatura.<\/p>\n\n\n\n<p>Caso o AuPairScout detecte uma infra\u00e7\u00e3o, o respectivo perfil do usu\u00e1rio ser\u00e1 exclu\u00eddo.<\/p>\n\n\n\n<p><strong>4. TAXAS, ASSINATURA<\/strong><\/p>\n\n\n\n<p>4.1 A ades\u00e3o \u00e9 gratuita para au pairs. Au pairs podem ler e responder mensagens a qualquer momento.<\/p>\n\n\n\n<p>4.2 Qualquer outro usu\u00e1rio (fam\u00edlia anfitri\u00e3, ag\u00eancia) pode ler mensagens personalizadas a qualquer momento. Atrav\u00e9s de uma ades\u00e3o SUBSCRIPTION, este utilizador pode comunicar livremente, ou seja, ler e responder a mensagens de outros utilizadores.<\/p>\n\n\n\n<p>4.3 As taxas de servi\u00e7o do AuPairScout s\u00e3o baseadas na lista de pre\u00e7os de assinatura atual do AuPairScout.<\/p>\n\n\n\n<p>As taxas de servi\u00e7o EA s\u00e3o devidas antecipadamente pela dura\u00e7\u00e3o prevista do per\u00edodo.<br>Todos os pagamentos ao AuPairScout s\u00e3o devidos imediatamente ap\u00f3s a conclus\u00e3o de uma ASSINATURA.<\/p>\n\n\n\n<p>Os pre\u00e7os est\u00e3o em EURO, incluindo IVA.<br>Cada ASSINATURA termina ap\u00f3s o prazo selecionado e n\u00e3o precisa ser cancelada.<\/p>\n\n\n\n<p>Pre\u00e7os e condi\u00e7\u00f5es podem ser encontrados em \u201cABO para fam\u00edlias\u201d e \u201cABO para ag\u00eancias\u201d.<\/p>\n\n\n\n<p>4.4 As vantagens da ades\u00e3o ABO s\u00e3o que os respectivos utilizadores - durante o per\u00edodo de subscri\u00e7\u00e3o reservado - podem comunicar entre si, escrever e ler mensagens pessoais e trocar informa\u00e7\u00f5es de contacto entre si.<\/p>\n\n\n\n<p>4.5 Espera-se que as fam\u00edlias anfitri\u00e3s registradas se tornem \u201cMembros Premium\u201d em um futuro pr\u00f3ximo ap\u00f3s o registro, caso contr\u00e1rio, o uso significativo dos servi\u00e7os oferecidos pelo AuPairScout n\u00e3o ser\u00e1 poss\u00edvel.<\/p>\n\n\n\n<p>AuPairScout, portanto, reserva-se o direito de n\u00e3o exibir mais os perfis de fam\u00edlias anfitri\u00e3s que n\u00e3o usam o AuPairScout por um longo per\u00edodo de tempo sem serem membros premium para outros usu\u00e1rios e de possivelmente limitar ou excluir completamente as op\u00e7\u00f5es de uso.<\/p>\n\n\n\n<p>4.6 Somente ag\u00eancias com ABO podem se registrar e entrar em contato com uma au pair. Se o AuPairScout descobrir que uma ag\u00eancia sem assinatura est\u00e1 colocando au pairs na galeria, uma multa de 5.000 euros ser\u00e1 cobrada em cada caso individual.<\/p>\n\n\n\n<p><strong>5. Servi\u00e7o extra<\/strong><\/p>\n\n\n\n<p>5.1 O \u201cServi\u00e7o Extra\u201d \u00e9 a coloca\u00e7\u00e3o de uma au pair que a pr\u00f3pria fam\u00edlia anfitri\u00e3 procura, ou seja, uma au pair que a fam\u00edlia anfitri\u00e3 encontrou em nossa galeria, atrav\u00e9s de conhecidos, an\u00fancios, etc.<\/p>\n\n\n\n<p>5.2 Este servi\u00e7o n\u00e3o se aplica a au pairs que foram colocadas em nossa galeria por nossas ag\u00eancias parceiras. Se uma au pair vem atrav\u00e9s de uma ag\u00eancia pode ser visto no perfil do EA. Essa comunica\u00e7\u00e3o ocorre entre os usu\u00e1rios.<\/p>\n\n\n\n<p>5.3 Com o servi\u00e7o extra voc\u00ea receber\u00e1 de n\u00f3s os documentos necess\u00e1rios para a emiss\u00e3o do visto de au pair, bem como assist\u00eancia nas formalidades necess\u00e1rias.<\/p>\n\n\n\n<p>5.4 Observe que a taxa por este servi\u00e7o em euros \u00e9 devida imediatamente e n\u00e3o podemos garantir que a au pair que voc\u00ea encontrou receber\u00e1.<\/p>\n\n\n\n<p><strong>SEGURO Au pair<\/strong><\/p>\n\n\n\n<p>Au pairs que desejam vir para a Alemanha ou para o exterior podem encontrar o seguro adequado de forma r\u00e1pida e desburocratizada em nosso site atrav\u00e9s de um link que criamos.<\/p>\n\n\n\n<p>Claro, isso tamb\u00e9m se aplica a fam\u00edlias que gostariam de aceitar e garantir uma au pair em sua fam\u00edlia.<\/p>\n\n\n\n<p><strong><br>6. RESERVA DE DESEMPENHO, EXCLUS\u00c3O, RETIRADA<\/strong><\/p>\n\n\n\n<p>6.1 AuPairScout reserva-se o direito de excluir usu\u00e1rios que forne\u00e7am informa\u00e7\u00f5es incorretas sobre caracter\u00edsticas essenciais, violem disposi\u00e7\u00f5es legais que sejam essenciais para o programa de au pair ou n\u00e3o atendam aos requisitos do Acordo Europeu sobre Emprego de Au Pair. Para excluir a inclus\u00e3o ou fornecimento do AuPairScout base de dados.<\/p>\n\n\n\n<p>6.2 Al\u00e9m disso, as fam\u00edlias anfitri\u00e3s que tenham processos pendentes, uma senten\u00e7a final ou ordens judiciais relacionadas \u00e0 Lei de Promo\u00e7\u00e3o de Emprego ou ao C\u00f3digo da Seguran\u00e7a Social e aqueles que empregam au pairs estrangeiros ilegalmente podem ser exclu\u00eddos da presta\u00e7\u00e3o de servi\u00e7os AuPairScout.<\/p>\n\n\n\n<p>6.3 Se os servi\u00e7os forem exclu\u00eddos, o AuPairScout geralmente n\u00e3o estabelecer\u00e1 uma rela\u00e7\u00e3o contratual com o usu\u00e1rio. Se surgir um motivo para exclus\u00e3o de servi\u00e7os ap\u00f3s o estabelecimento de uma rela\u00e7\u00e3o contratual, AuPairScout tem o direito de rescindir o contrato.<\/p>\n\n\n\n<p><strong>7. OBRIGA\u00c7\u00d5ES DO USU\u00c1RIO, REGRAS DE CONDUTA&nbsp;<\/strong><\/p>\n\n\n\n<p>7.1 As obriga\u00e7\u00f5es dos usu\u00e1rios incluem manter seu perfil e correspond\u00eancia atualizados, ou seja, atualizar fotos\/cartas e responder rapidamente a d\u00favidas.<\/p>\n\n\n\n<p>7.2 Todo usu\u00e1rio \u00e9 obrigado a observar os regulamentos de au pair do respectivo pa\u00eds anfitri\u00e3o.<\/p>\n\n\n\n<p>7.3 As regras de conduta para os usu\u00e1rios incluem abster-se de comportamento difamat\u00f3rio e amea\u00e7ador.<br>\u00c9 proibido publicar fotos ou textos indecentes, pornogr\u00e1ficos, estrangeiros ou distribuir ou encaminhar material e informa\u00e7\u00f5es ilegais de qualquer outra forma.<\/p>\n\n\n\n<p>7.4 Perfis com finalidade diferente de procurar uma au pair, uma fam\u00edlia anfitri\u00e3 ou uma ag\u00eancia ser\u00e3o exclu\u00eddos imediatamente.<br>Se um dos usu\u00e1rios encontrar uma viola\u00e7\u00e3o destas obriga\u00e7\u00f5es ou regras de conduta, ele \u00e9 obrigado a reportar imediatamente ao AuPairScout atrav\u00e9s do formul\u00e1rio de contato.<\/p>\n\n\n\n<p>7.5 AuPairScout tem o direito de solicitar evid\u00eancias a qualquer momento para verificar suas informa\u00e7\u00f5es.<br>Nesses casos iremos consult\u00e1-lo ou excluir o perfil imediatamente se necess\u00e1rio, independentemente de haver uma ASSINATURA.<\/p>\n\n\n\n<p><strong>8. CANCELAR E DESATIVAR PERFIS<\/strong><\/p>\n\n\n\n<p>8.1 AuPairScout tem o direito de entrar em contato com qualquer usu\u00e1rio, se necess\u00e1rio.<\/p>\n\n\n\n<p>8.2 Caso o usu\u00e1rio n\u00e3o envie as evid\u00eancias necess\u00e1rias para verificar a autenticidade de sua conta no prazo de uma semana ap\u00f3s a solicita\u00e7\u00e3o do AuPairScout, o perfil do usu\u00e1rio ser\u00e1 bloqueado como medida de precau\u00e7\u00e3o e s\u00f3 poder\u00e1 ser reativado ap\u00f3s a verifica\u00e7\u00e3o das evid\u00eancias necess\u00e1rias.<\/p>\n\n\n\n<p>8.3 Assumimos que todas as informa\u00e7\u00f5es fornecidas pelos usu\u00e1rios no momento do cadastro s\u00e3o corretas, completas e verdadeiras. AuPairScout tem o direito de verificar todos os dados e, se houver motivos v\u00e1lidos, de excluir ou bloquear o perfil sem indicar os motivos.<\/p>\n\n\n\n<p>8.4 Tamb\u00e9m nos reservamos o direito de excluir perfis incompletos.<\/p>\n\n\n\n<p>8.5 Se o AuPairScout encontrar um registo para uma finalidade diferente da permitida, o registante deve ao AuPairScout uma multa contratual de 5.000 euros por cada caso de registo individual.<\/p>\n\n\n\n<p><strong>9. RESPONSABILIDADE, INDENIZA\u00c7\u00c3O POR REIVINDICA\u00c7\u00d5ES DE TERCEIROS<\/strong><\/p>\n\n\n\n<p>9.1 As informa\u00e7\u00f5es pessoais e outras dos usu\u00e1rios s\u00e3o verificadas pela AuPairScout com o melhor de seu conhecimento e cren\u00e7a. No entanto, AuPairScout n\u00e3o pode garantir a exatid\u00e3o e integridade das informa\u00e7\u00f5es.<\/p>\n\n\n\n<p>9.2 Os servi\u00e7os do AuPairScout resultam da Se\u00e7\u00e3o 2 dos \u201cTermos e Condi\u00e7\u00f5es Gerais\u201d. AuPairScout fornece essencialmente detalhes de contato e informa\u00e7\u00f5es para uma estadia de au pair. Isto n\u00e3o constitui uma rela\u00e7\u00e3o contratual entre o AuPairScout e um usu\u00e1rio, nem o AuPairScout tem qualquer influ\u00eancia nos acordos entre os usu\u00e1rios.<br>9.2.1 Como resultado, nenhuma reclama\u00e7\u00e3o por danos ou reembolso poder\u00e1 ser reivindicada contra o AuPairScout se uma estadia de au pair n\u00e3o ocorrer apesar dos dados do usu\u00e1rio ou do candidato a au pair terem sido transmitidos.<br>9.2.2 AuPairScout tamb\u00e9m n\u00e3o se responsabiliza por custos de chegada e sa\u00edda, bem como custos de qualquer deporta\u00e7\u00e3o do usu\u00e1rio.<br>9.2.3 AuPairScout n\u00e3o assume nenhuma responsabilidade perante o usu\u00e1rio ou terceiros por danos que um usu\u00e1rio cause direta ou indiretamente.<br>9.2.4 AuPairScout n\u00e3o se responsabiliza pelo fato de um usu\u00e1rio n\u00e3o atender \u00e0s expectativas pessoais de outro usu\u00e1rio.<br>9.2.5 AuPairScout tamb\u00e9m n\u00e3o assume nenhuma responsabilidade pela dura\u00e7\u00e3o do tempo de processamento pelas autoridades. Uma dura\u00e7\u00e3o invulgarmente longa do processo de aprova\u00e7\u00e3o - por exemplo, devido a informa\u00e7\u00f5es incorretas fornecidas pelo utilizador, f\u00e9rias das autoridades ou correio perdido, etc. - e um adiamento resultante da estadia do utilizador n\u00e3o afeta as obriga\u00e7\u00f5es contratuais de outro utilizador.<br>9.2.6 AuPairScout n\u00e3o assume nenhuma responsabilidade por interrup\u00e7\u00f5es na disponibilidade do site AuPairScout ou de servi\u00e7os web individuais pelos quais AuPairScout n\u00e3o \u00e9 respons\u00e1vel. Em particular, AuPairScout n\u00e3o se responsabiliza pelo n\u00e3o funcionamento, inacessibilidade ou m\u00e1s condi\u00e7\u00f5es de utiliza\u00e7\u00e3o do seu site, que se devem nomeadamente a equipamento t\u00e9cnico inadequado do utilizador, mau funcionamento do fornecedor do utilizador ou sobrecarga geral da Internet.<br>9.2.7 Se o uso do site for temporariamente interrompido devido a trabalhos de manuten\u00e7\u00e3o, atualiza\u00e7\u00f5es ou altera\u00e7\u00f5es t\u00e9cnicas e\/ou devido \u00e0 atualiza\u00e7\u00e3o do conte\u00fado e\/ou apresenta\u00e7\u00e3o, AuPairScout s\u00f3 ser\u00e1 respons\u00e1vel de acordo com as disposi\u00e7\u00f5es legais se a interrup\u00e7\u00e3o comprometer a finalidade do contrato perdura. Na medida do poss\u00edvel, o AuPairScout informar\u00e1 os usu\u00e1rios com anteced\u00eancia antes de trabalhos de manuten\u00e7\u00e3o ou atualiza\u00e7\u00f5es.<\/p>\n\n\n\n<p>9.3 Se a AuPairScout tomar conhecimento da m\u00e1 conduta de um usu\u00e1rio que foi responsabilizado, a AuPairScout compromete-se a indenizar esse usu\u00e1rio contra todas as consequ\u00eancias legais resultantes. Esta isen\u00e7\u00e3o inclui quaisquer danos que ele possa ter que pagar, bem como honor\u00e1rios advocat\u00edcios e custas judiciais.<\/p>\n\n\n\n<p><strong>10. LINKS PARA SITES EXTERNOS<\/strong><\/p>\n\n\n\n<p>Apesar do controle cuidadoso do conte\u00fado, n\u00e3o assumimos qualquer responsabilidade&nbsp;<strong>Responsabilidade<\/strong>&nbsp;para o conte\u00fado de links externos. Os operadores s\u00e3o os \u00fanicos respons\u00e1veis pelo conte\u00fado das p\u00e1ginas vinculadas.<\/p>\n\n\n\n<p><strong>11. PRIVACIDADE DO USU\u00c1RIO<\/strong><\/p>\n\n\n\n<p>11.1 Os usu\u00e1rios concordam que suas informa\u00e7\u00f5es pessoais ser\u00e3o registradas e armazenadas localmente ou na Internet para a execu\u00e7\u00e3o do contrato de servi\u00e7o au pair.<\/p>\n\n\n\n<p>11.2 Al\u00e9m disso, os usu\u00e1rios concordam que seu endere\u00e7o e detalhes de contato, bem como outras informa\u00e7\u00f5es pessoais que eles fornecerem ao se registrar no site AuPairScout ser\u00e3o repassados ao AuPairScout para entrar em contato com outros usu\u00e1rios.<\/p>\n\n\n\n<p>11.3 Al\u00e9m disso, \u00e9 feita refer\u00eancia \u00e0s diretrizes legais aplic\u00e1veis ao armazenamento e backup de dados, bem como \u00e0 declara\u00e7\u00e3o de prote\u00e7\u00e3o de dados publicada no site.<\/p>\n\n\n\n<p>11.4 AuPairScout ressalta expressamente que quando os dados s\u00e3o transmitidos atrav\u00e9s de redes abertas, o acesso de terceiros aos dados n\u00e3o pode ser completamente descartado, mesmo que estejam protegidos ou criptografados. No entanto, AuPairScout tomar\u00e1 todas as precau\u00e7\u00f5es razo\u00e1veis e razo\u00e1veis para proteger os dados da fam\u00edlia anfitri\u00e3.<\/p>\n\n\n\n<p>11.5 Os usu\u00e1rios comprometem-se a tratar todos os dados e informa\u00e7\u00f5es sobre outros usu\u00e1rios que receberem do AuPairScout atrav\u00e9s do site AuPairScout ou por outros meios como confidenciais. A divulga\u00e7\u00e3o a terceiros ou publica\u00e7\u00e3o n\u00e3o \u00e9 permitida em nenhum momento - nem antes nem depois da AuPairScout ter prestado um servi\u00e7o.<\/p>\n\n\n\n<p><strong><br>12. DISPOSI\u00c7\u00d5ES FINAIS<\/strong><\/p>\n\n\n\n<p>12.1 Regulamentos que alteram ou cancelam estes \u201cTermos e Condi\u00e7\u00f5es Gerais\u201d s\u00f3 s\u00e3o v\u00e1lidos se forem aprovados ou confirmados por escrito pela AuPairScout.<\/p>\n\n\n\n<p>12.2 AuPairScout reserva-se o direito de alterar ou complementar os \u201cTermos e Condi\u00e7\u00f5es Gerais\u201d a qualquer momento.<\/p>\n\n\n\n<p>12.3 Se uma ou mais disposi\u00e7\u00f5es destes \u201cTermos e Condi\u00e7\u00f5es Gerais\u201d n\u00e3o forem legalmente eficazes ou inexequ\u00edveis, isso n\u00e3o ter\u00e1 impacto na efic\u00e1cia das restantes disposi\u00e7\u00f5es. Pelo contr\u00e1rio, em vez da disposi\u00e7\u00e3o ineficaz, aplica-se uma disposi\u00e7\u00e3o de substitui\u00e7\u00e3o que corresponda ou pelo menos se aproxime do objetivo do acordo, uma vez que as partes teriam concordado em alcan\u00e7ar o mesmo resultado se soubessem que a disposi\u00e7\u00e3o era ineficaz.<\/p>\n\n\n\n<p>12.4 A cada login, o usu\u00e1rio confirma quaisquer altera\u00e7\u00f5es nos \u201cTermos e Condi\u00e7\u00f5es\u201d.<\/p>\n\n\n\n<p>12.5 A lei da Rep\u00fablica Federal da Alemanha aplica-se exclusivamente a todas as rela\u00e7\u00f5es jur\u00eddicas entre AuPairScout e os usu\u00e1rios, com exce\u00e7\u00e3o do direito privado internacional alem\u00e3o (Art. 3-46 EGBGB). O local de jurisdi\u00e7\u00e3o \u00e9 Munique.<\/p>\n<\/section>","protected":false},"excerpt":{"rendered":"<p>Allgemeine Gesch\u00e4ftsbedingungen der AuPairScout (Stand 01.01.2023) Mit der Registrierung als Nutzer der Seite www.AuPairScout.de erkennen Sie die vorliegenden \u201eAllgemeinen Gesch\u00e4ftsbedingungen\u201c als verbindlich an. Im nachfolgenden Text als &#8220;AuPairScout&#8221; bezeichnet, ist die Firma AuPairScout.com, Baumgartnerstr. 11, 81373 M\u00fcnchen, Deutschland, mit dem Zweck, die Nutzer weltweit miteinander zu verbinden und einen Au-pair-Austausch zu erm\u00f6glichen. Im folgenden werden [&hellip;]<\/p>\n","protected":false},"author":990158,"featured_media":0,"parent":0,"menu_order":0,"comment_status":"closed","ping_status":"closed","template":"","meta":{"footnotes":""},"class_list":["post-1550","page","type-page","status-publish","hentry"],"_links":{"self":[{"href":"https:\/\/aupairscout.com\/pt\/wp-json\/wp\/v2\/pages\/1550","targetHints":{"allow":["GET"]}}],"collection":[{"href":"https:\/\/aupairscout.com\/pt\/wp-json\/wp\/v2\/pages"}],"about":[{"href":"https:\/\/aupairscout.com\/pt\/wp-json\/wp\/v2\/types\/page"}],"author":[{"embeddable":true,"href":"https:\/\/aupairscout.com\/pt\/wp-json\/wp\/v2\/users\/990158"}],"replies":[{"embeddable":true,"href":"https:\/\/aupairscout.com\/pt\/wp-json\/wp\/v2\/comments?post=1550"}],"version-history":[{"count":11,"href":"https:\/\/aupairscout.com\/pt\/wp-json\/wp\/v2\/pages\/1550\/revisions"}],"predecessor-version":[{"id":6528,"href":"https:\/\/aupairscout.com\/pt\/wp-json\/wp\/v2\/pages\/1550\/revisions\/6528"}],"wp:attachment":[{"href":"https:\/\/aupairscout.com\/pt\/wp-json\/wp\/v2\/media?parent=1550"}],"curies":[{"name":"wp","href":"https:\/\/api.w.org\/{rel}","templated":true}]}}