{"id":1449,"date":"2018-12-29T14:36:56","date_gmt":"2018-12-29T13:36:56","guid":{"rendered":"https:\/\/au-pair-agency.axiomthemes.com\/?page_id=1449"},"modified":"2024-01-05T08:23:16","modified_gmt":"2024-01-05T07:23:16","slug":"protecao-de-dados","status":"publish","type":"page","link":"https:\/\/aupairscout.com\/pt\/protecao-de-dados\/","title":{"rendered":"Privacidade"},"content":{"rendered":"<h2 class=\"wp-block-post-title\"><div class=\"breadcrumbs\"><span class=\"crumb\"><a href=\"https:\/\/aupairscout.com\/pt\">AuPairScout - Internacional<\/a> \u00bb <\/span><span class=\"crumb current-page\">Privacidade<\/span><\/div><\/h2>\n\n\n\n<section class=\"wp-block-group has-global-padding is-layout-constrained wp-block-group-is-layout-constrained\">\n<p><\/p>\n\n\n\n<p><strong>Prote\u00e7\u00e3o de dados<\/strong><\/p>\n\n\n\n<p><strong>Privacidade<\/strong><\/p>\n\n\n\n<p>A prote\u00e7\u00e3o dos dados pessoais \u00e9 muito importante na nossa empresa. Por este motivo, conduzimos as nossas atividades de acordo com as leis sobre prote\u00e7\u00e3o de dados pessoais e seguran\u00e7a de dados. Abaixo voc\u00ea descobrir\u00e1 quais dados podemos coletar, como os processamos e utilizamos e para quem podemos transmiti-los.<\/p>\n\n\n\n<p><strong>Recolha, tratamento e utiliza\u00e7\u00e3o de dados pessoais<\/strong><\/p>\n\n\n\n<p>Quando voc\u00ea visita as p\u00e1ginas do AuPairScout, obtemos apenas dados an\u00f4nimos, como o site a partir do qual voc\u00ea nos visita, seu provedor de servi\u00e7os de Internet e as p\u00e1ginas que voc\u00ea acessou por n\u00f3s. AuPairScout utiliza esta informa\u00e7\u00e3o exclusivamente para fins estat\u00edsticos, a fim de melhorar os produtos, o servi\u00e7o e este pr\u00f3prio site.<\/p>\n\n\n\n<p>N\u00e3o recolhemos quaisquer dados pessoais atrav\u00e9s dos nossos websites, a menos que voc\u00ea nos forne\u00e7a esses dados voluntariamente - por exemplo, registando-se, para receber elogios ou cr\u00edticas, em servi\u00e7os online, para jogar um jogo ou solicitar material informativo - ou com o seu consentimento ou o relevante os regulamentos legais relativos \u00e0 prote\u00e7\u00e3o dos seus dados permitem isso.<\/p>\n\n\n\n<p>Os dados de utiliza\u00e7\u00e3o, como o endere\u00e7o IP ou informa\u00e7\u00f5es sobre o in\u00edcio e dura\u00e7\u00e3o da utiliza\u00e7\u00e3o, podem, em determinadas circunst\u00e2ncias, ser gerados automaticamente devido aos meios t\u00e9cnicos utilizados e, portanto, s\u00e3o absolutamente necess\u00e1rios para a comunica\u00e7\u00e3o. Exclu\u00edmos ou anonimizamos dados que n\u00e3o s\u00e3o mais necess\u00e1rios para transmitir uma mensagem.<\/p>\n\n\n\n<p>AuPairScout s\u00f3 criar\u00e1 perfis de usu\u00e1rio sob pseud\u00f4nimo para fins de publicidade, pesquisa de mercado ou para adaptar seus sites para atender \u00e0s suas necessidades, a menos que voc\u00ea se oponha a isso. Voc\u00ea ser\u00e1 informado em tempo h\u00e1bil antes que tais perfis de usu\u00e1rio sejam criados.<\/p>\n\n\n\n<p>Para facilitar a disponibiliza\u00e7\u00e3o dos nossos websites - ou seja, para adaptar os nossos websites aos seus interesses ou para guardar a sua palavra-passe para que n\u00e3o tenha de a introduzir novamente todas as vezes ou para o reconhecer automaticamente na pr\u00f3xima vez que nos visitar - permitimo-nos utilizar biscoitos. No entanto, voc\u00ea tem a op\u00e7\u00e3o de recusar o armazenamento de um cookie configurando seu navegador de Internet para que ele exclua os cookies do disco r\u00edgido do seu computador, bloqueie todos os cookies ou avise voc\u00ea antes que um cookie seja armazenado.<\/p>\n\n\n\n<p><strong>Uso pretendido<\/strong><\/p>\n\n\n\n<p>Todos os dados pessoais gerados como parte dos nossos servi\u00e7os online s\u00e3o recolhidos, processados e utilizados de acordo com os regulamentos aplic\u00e1veis para a protec\u00e7\u00e3o de dados pessoais, apenas para efeitos de processamento contratual e para proteger os nossos pr\u00f3prios interesses comerciais leg\u00edtimos no que diz respeito ao aconselhamento e apoio. nossos clientes e projetando produtos para atender \u00e0s suas necessidades.<\/p>\n\n\n\n<p>Para manter relacionamentos com os clientes, pode ser necess\u00e1rio que n\u00f3s ou terceiros em nosso nome utilizemos esses dados pessoais para inform\u00e1-lo sobre nossas ofertas.<\/p>\n\n\n\n<p>S\u00f3 utilizaremos os seus dados pessoais para fins de marketing direto ou pesquisa de mercado se voc\u00ea concordar expressamente com isso.<\/p>\n\n\n\n<p>N\u00e3o venderemos os seus dados pessoais a terceiros nem participaremos em qualquer outro marketing semelhante.<\/p>\n\n\n\n<p><strong>Uso pretendido<\/strong><\/p>\n\n\n\n<p>AuPairScout apenas coletar\u00e1, processar\u00e1 e usar\u00e1 seus dados pessoais que voc\u00ea nos forneceu on-line para os fins que foram comunicados a voc\u00ea, a menos que a coleta, processamento ou uso seja para uma finalidade que esteja diretamente relacionada \u00e0 finalidade original seja necess\u00e1ria para a prepara\u00e7\u00e3o, negocia\u00e7\u00e3o e cumprimento de um contrato com voc\u00ea \u00e9 necess\u00e1ria devido a uma norma legal ou uma ordem oficial ou judicial \u00e9 necess\u00e1ria para fins de prote\u00e7\u00e3o legal ou para defesa contra a\u00e7\u00f5es judiciais serve para evitar abusos ou outras a\u00e7\u00f5es ilegais que coloquem em risco a integridade dos sistemas AuPairScout e assim colocar em risco a seguran\u00e7a dos dados<\/p>\n\n\n\n<p><strong>Seguran\u00e7a de dados<\/strong><\/p>\n\n\n\n<p>AuPairScout toma precau\u00e7\u00f5es t\u00e9cnicas e organizacionais para garantir que seus dados pessoais sejam protegidos contra exclus\u00e3o, altera\u00e7\u00e3o ou perda acidental ou ilegal e divulga\u00e7\u00e3o n\u00e3o autorizada ou acesso n\u00e3o autorizado.<\/p>\n\n\n\n<p><strong>Links<\/strong><\/p>\n\n\n\n<p>AuPairScout n\u00e3o se responsabiliza pelas pol\u00edticas de prote\u00e7\u00e3o de dados de outros sites ou de seus conte\u00fados para os quais existam links.<\/p>\n\n\n\n<p>Seus direitos como usu\u00e1rio da Internet<\/p>\n\n\n\n<p>AuPairScout cumprir\u00e1 seus pedidos de informa\u00e7\u00e3o, corre\u00e7\u00e3o e exclus\u00e3o e seus outros direitos de boa vontade e dentro da estrutura legal.<\/p>\n\n\n\n<p>\u00c0 medida que a Internet continua a evoluir, tamb\u00e9m adaptaremos continuamente a nossa pol\u00edtica de prote\u00e7\u00e3o de dados. As altera\u00e7\u00f5es ser\u00e3o anunciadas oportunamente neste site. Deve, portanto, visit\u00e1-lo regularmente para saber o estado mais recente da declara\u00e7\u00e3o de prote\u00e7\u00e3o de dados.<\/p>\n\n\n\n<p><strong>pessoa de contato<\/strong><\/p>\n\n\n\n<p>Se tiver alguma d\u00favida relativamente ao tratamento dos seus dados pessoais, pode contactar-nos diretamente. Voc\u00ea pode encontrar nossos dados de contato em nossas informa\u00e7\u00f5es de acordo com o TDG.<\/p>\n\n\n\n<p><strong>An\u00e1lise, monitoramento e otimiza\u00e7\u00e3o da web<\/strong><\/p>\n\n\n\n<p>A an\u00e1lise web (tamb\u00e9m referida como \u201cmedi\u00e7\u00e3o de alcance\u201d) \u00e9 utilizada para avaliar o fluxo de visitantes da nossa oferta online e pode incluir comportamento, interesses ou informa\u00e7\u00f5es demogr\u00e1ficas sobre os visitantes, como idade ou sexo, como valores pseud\u00f3nimos. Com a ajuda da an\u00e1lise de alcance, podemos, por exemplo, identificar em que momento a nossa oferta online ou as suas fun\u00e7\u00f5es ou conte\u00fados s\u00e3o utilizados com mais frequ\u00eancia ou convidar \u00e0 reutiliza\u00e7\u00e3o. Tamb\u00e9m podemos entender quais \u00e1reas requerem otimiza\u00e7\u00e3o.<\/p>\n\n\n\n<p>Al\u00e9m da an\u00e1lise web, tamb\u00e9m podemos utilizar procedimentos de teste, por exemplo, para testar e otimizar diferentes vers\u00f5es da nossa oferta online ou dos seus componentes.<\/p>\n\n\n\n<p>Para estes fins, os chamados perfis de utilizador podem ser criados e armazenados num ficheiro (o chamado \u201ccookie\u201d) ou podem ser utilizados procedimentos semelhantes para o mesmo fim. Esta informa\u00e7\u00e3o pode incluir, por exemplo, conte\u00fados visualizados, websites visitados e elementos neles utilizados e informa\u00e7\u00f5es t\u00e9cnicas como o navegador utilizado, o sistema inform\u00e1tico utilizado e informa\u00e7\u00f5es sobre tempos de utiliza\u00e7\u00e3o. Caso os utilizadores tenham consentido na recolha dos seus dados de localiza\u00e7\u00e3o, estes tamb\u00e9m poder\u00e3o ser tratados, dependendo do fornecedor.<\/p>\n\n\n\n<p>Os endere\u00e7os IP dos usu\u00e1rios tamb\u00e9m s\u00e3o armazenados. No entanto, utilizamos um processo de mascaramento de IP (ou seja, pseudonimiza\u00e7\u00e3o atrav\u00e9s da redu\u00e7\u00e3o do endere\u00e7o IP) para proteger os utilizadores. Em geral, como parte da an\u00e1lise da web, testes A\/B e otimiza\u00e7\u00e3o, nenhum dado claro do usu\u00e1rio (como endere\u00e7os de e-mail ou nomes) \u00e9 armazenado, mas sim pseud\u00f4nimos. Isto significa que n\u00f3s e os fornecedores do software utilizado n\u00e3o conhecemos a identidade real dos utilizadores, mas apenas as informa\u00e7\u00f5es armazenadas nos seus perfis para efeitos dos respetivos procedimentos.<\/p>\n\n\n\n<p class=\"listcaption\"><strong>Informa\u00e7\u00f5es sobre bases jur\u00eddicas<\/strong>: Se pedirmos aos utilizadores o seu consentimento para a utiliza\u00e7\u00e3o de fornecedores terceiros, a base legal para o processamento de dados \u00e9 o consentimento. Caso contr\u00e1rio, os dados do utilizador ser\u00e3o processados com base nos nossos interesses leg\u00edtimos (ou seja, interesse em servi\u00e7os eficientes, econ\u00f3micos e de f\u00e1cil utiliza\u00e7\u00e3o). Neste contexto, gostar\u00edamos tamb\u00e9m de chamar a sua aten\u00e7\u00e3o para a informa\u00e7\u00e3o sobre a utiliza\u00e7\u00e3o de cookies nesta declara\u00e7\u00e3o de prote\u00e7\u00e3o de dados.<\/p>\n\n\n\n<ul class=\"wp-block-list\">\n<li><strong>Pessoas afetadas<\/strong>: Utilizadores (por exemplo, visitantes do website, utilizadores de servi\u00e7os online).<\/li>\n\n\n\n<li><strong>Finalidades do processamento<\/strong>: Medi\u00e7\u00e3o de alcance (por exemplo, estat\u00edsticas de acesso, reconhecimento de visitantes recorrentes), rastreamento (por exemplo, perfil de interesse\/comportamento, uso de cookies), avalia\u00e7\u00e3o de a\u00e7\u00f5es de visita, cria\u00e7\u00e3o de perfil (cria\u00e7\u00e3o de perfis de usu\u00e1rio).<\/li>\n\n\n\n<li><strong>Medidas de seguran\u00e7a<\/strong>: Mascaramento de IP (pseudonimiza\u00e7\u00e3o do endere\u00e7o IP).<\/li>\n\n\n\n<li><strong>Base jur\u00eddica<\/strong>: Consentimento (Art. 6 Par\u00e1. 1 S. 1 lit. a GDPR), interesses leg\u00edtimos (Art. 6 Par\u00e1. 1 S. 1 lit. f. GDPR).<\/li>\n<\/ul>\n\n\n\n<p class=\"listcaption\"><strong>Servi\u00e7os e prestadores de servi\u00e7os utilizados<\/strong>:<\/p>\n\n\n\n<ul class=\"wp-block-list\">\n<li><strong>Matomo (sem biscoitos)<\/strong>:<br>\nMatomo \u00e9 um software de an\u00e1lise web amigo da privacidade, utilizado sem cookies e no qual os utilizadores recorrentes s\u00e3o reconhecidos atrav\u00e9s de uma chamada \u201cimpress\u00e3o digital\u201d, que \u00e9 armazenada anonimamente e alterada a cada 24 horas; Com a \u201cimpress\u00e3o digital\u201d, os movimentos dos utilizadores na nossa oferta online s\u00e3o registados atrav\u00e9s de endere\u00e7os IP pseudonimizados em combina\u00e7\u00e3o com as configura\u00e7\u00f5es do navegador do utilizador, de tal forma que n\u00e3o s\u00e3o poss\u00edveis conclus\u00f5es sobre a identidade de utilizadores individuais; Provedor de servi\u00e7os: an\u00e1lise web\/medi\u00e7\u00e3o de alcance em auto-hospedagem; Local na rede Internet: <a href=\"https:\/\/matomo.org\" target=\"blank\" rel=\"noopener\"> matomo.org <\/a>.<\/li>\n<\/ul>\n<\/section>","protected":false},"excerpt":{"rendered":"<p>Datenschutzerkl\u00e4rung Datenschutz Der Schutz personenbezogener Daten nimmt in unserem Unternehmen einen hohen Stellenwert ein. Aus diesem Grunde betreiben wir unsere Aktivit\u00e4ten im Einklang mit den Gesetzen zum Schutz personenbezogener Daten und zur Datensicherheit. Im Folgenden erfahren Sie, welche Daten wir ggf. erheben, wie wir Sie verarbeiten und nutzen und wem wir Sie ggf. \u00fcbermitteln. Erhebung, [&hellip;]<\/p>\n","protected":false},"author":990158,"featured_media":0,"parent":0,"menu_order":0,"comment_status":"closed","ping_status":"closed","template":"","meta":{"footnotes":""},"class_list":["post-1449","page","type-page","status-publish","hentry"],"_links":{"self":[{"href":"https:\/\/aupairscout.com\/pt\/wp-json\/wp\/v2\/pages\/1449","targetHints":{"allow":["GET"]}}],"collection":[{"href":"https:\/\/aupairscout.com\/pt\/wp-json\/wp\/v2\/pages"}],"about":[{"href":"https:\/\/aupairscout.com\/pt\/wp-json\/wp\/v2\/types\/page"}],"author":[{"embeddable":true,"href":"https:\/\/aupairscout.com\/pt\/wp-json\/wp\/v2\/users\/990158"}],"replies":[{"embeddable":true,"href":"https:\/\/aupairscout.com\/pt\/wp-json\/wp\/v2\/comments?post=1449"}],"version-history":[{"count":9,"href":"https:\/\/aupairscout.com\/pt\/wp-json\/wp\/v2\/pages\/1449\/revisions"}],"predecessor-version":[{"id":5722,"href":"https:\/\/aupairscout.com\/pt\/wp-json\/wp\/v2\/pages\/1449\/revisions\/5722"}],"wp:attachment":[{"href":"https:\/\/aupairscout.com\/pt\/wp-json\/wp\/v2\/media?parent=1449"}],"curies":[{"name":"wp","href":"https:\/\/api.w.org\/{rel}","templated":true}]}}