{"id":14,"date":"2016-04-15T14:41:16","date_gmt":"2016-04-15T12:41:16","guid":{"rendered":"https:\/\/au-pair-agency.axiomthemes.com.dv.axiomthemes.com\/?page_id=14"},"modified":"2025-08-19T14:19:37","modified_gmt":"2025-08-19T12:19:37","slug":"familias-premium","status":"publish","type":"page","link":"https:\/\/aupairscout.com\/pt\/familias-premium\/","title":{"rendered":"Lista de pre\u00e7os fam\u00edlia"},"content":{"rendered":"<div class=\"wp-block-group pricelist family-premium has-global-padding is-layout-constrained wp-block-group-is-layout-constrained\">\n<section class=\"wp-block-group has-global-padding is-layout-constrained wp-block-group-is-layout-constrained\">\n<div class=\"wp-block-columns tiles aupair is-layout-flex wp-container-core-columns-is-layout-28f84493 wp-block-columns-is-layout-flex\">\n<div class=\"wp-block-column black flipbox is-layout-flow wp-block-column-is-layout-flow\">\n<div class=\"wp-block-group front has-global-padding is-layout-constrained wp-block-group-is-layout-constrained\">\n<figure class=\"wp-block-image size-full\"><img decoding=\"async\" src=\"https:\/\/aupairscout.com\/wp-content\/uploads\/2023\/10\/Abo-Kaufen.png\" alt=\"Compre uma assinatura b\u00e1sica para uma fam\u00edlia anfitri\u00e3 \" class=\"wp-image-5172\"\/><\/figure>\n\n\n\n<h3 class=\"wp-block-heading\"><strong>3 meses<\/strong><\/h3>\n\n\n\n<p><strong>25,00\u20ac por m\u00eas<\/strong> <br>Total \u20ac75,00<\/p>\n\n\n<div class=\"wp-block-buttons is-layout-flex wp-block-buttons-is-layout-flex\"><div class=\"wp-block-button\"><a class=\"wp-block-button__link wp-element-button\" href=\"\/familien-registrierung\">Cadastre-se + Compre<\/a><\/div><!-- .wp-block-button --><\/div><!-- .wp-block-buttons is-layout-flex wp-block-buttons-is-layout-flex -->\n<\/div>\n\n\n\n<div class=\"wp-block-group back has-global-padding is-layout-constrained wp-block-group-is-layout-constrained\">\n<p>Pacote b\u00e1sico<br>Converse com au pairs por 3 meses.<\/p>\n<\/div>\n<\/div>\n\n\n\n<div class=\"wp-block-column black flipbox is-layout-flow wp-block-column-is-layout-flow\">\n<div class=\"wp-block-group front has-global-padding is-layout-constrained wp-block-group-is-layout-constrained\">\n<figure class=\"wp-block-image size-full\"><img decoding=\"async\" src=\"https:\/\/aupairscout.com\/wp-content\/uploads\/2023\/10\/Abo-Kaufen.png\" alt=\"Compre uma assinatura Standard para uma fam\u00edlia anfitri\u00e3 \" class=\"wp-image-5172\"\/><\/figure>\n\n\n\n<h3 class=\"wp-block-heading\"><strong>6 meses<\/strong><\/h3>\n\n\n\n<p><strong>20,00\u20ac por m\u00eas<\/strong> <br>Total \u20ac120,00<\/p>\n\n\n<div class=\"wp-block-buttons is-layout-flex wp-block-buttons-is-layout-flex\"><div class=\"wp-block-button\"><a class=\"wp-block-button__link wp-element-button\" href=\"\/familien-registrierung\">Cadastre-se + Compre<\/a><\/div><!-- .wp-block-button --><\/div><!-- .wp-block-buttons is-layout-flex wp-block-buttons-is-layout-flex -->\n<\/div>\n\n\n\n<div class=\"wp-block-group back has-global-padding is-layout-constrained wp-block-group-is-layout-constrained\">\n<p>Pacote padr\u00e3o<br>Converse com au pairs por 6 meses.<\/p>\n<\/div>\n<\/div>\n\n\n\n<div class=\"wp-block-column black flipbox is-layout-flow wp-block-column-is-layout-flow\">\n<div class=\"wp-block-group front has-global-padding is-layout-constrained wp-block-group-is-layout-constrained\">\n<figure class=\"wp-block-image size-full\"><img decoding=\"async\" src=\"https:\/\/aupairscout.com\/wp-content\/uploads\/2023\/10\/Abo-Kaufen.png\" alt=\"Compre uma assinatura Premium para uma fam\u00edlia anfitri\u00e3 \" class=\"wp-image-5172\"\/><\/figure>\n\n\n\n<h3 class=\"wp-block-heading\"><strong>12 meses<\/strong><\/h3>\n\n\n\n<p><strong>15,00\u20ac por m\u00eas<\/strong> <br>Total \u20ac180,00<\/p>\n\n\n<div class=\"wp-block-buttons is-layout-flex wp-block-buttons-is-layout-flex\"><div class=\"wp-block-button\"><a class=\"wp-block-button__link wp-element-button\" href=\"\/familien-registrierung\">Cadastre-se + Compre<\/a><\/div><!-- .wp-block-button --><\/div><!-- .wp-block-buttons is-layout-flex wp-block-buttons-is-layout-flex -->\n<\/div>\n\n\n\n<div class=\"wp-block-group back has-global-padding is-layout-constrained wp-block-group-is-layout-constrained\">\n<p>Pacote premium<br>Converse com au pairs por 12 meses.<\/p>\n<\/div>\n<\/div>\n<\/div>\n<\/section>\n\n\n\n<section class=\"wp-block-group has-global-padding is-layout-constrained wp-block-group-is-layout-constrained\">\n<h2 class=\"wp-block-heading\"><strong>Lista de pre\u00e7os fam\u00edlia<\/strong><\/h2>\n\n\n\n<p>Ap\u00f3s o seu registro gratuito, voc\u00ea tem a op\u00e7\u00e3o de escolher uma das tr\u00eas op\u00e7\u00f5es para entrar em contato com as au pairs. Elas diferem apenas na dura\u00e7\u00e3o do mandato.<\/p>\n\n\n\n<p class=\"listcaption\">AuPairScout oferece em troca:<\/p>\n\n\n\n<ul class=\"wp-block-list\">\n<li>Contate-nos atrav\u00e9s de mensagens personalizadas<\/li>\n\n\n\n<li>Troca de mais dados e informa\u00e7\u00f5es entre usu\u00e1rios<\/li>\n\n\n\n<li>Acesso a descri\u00e7\u00f5es pessoais e refer\u00eancias das au pairs<\/li>\n\n\n\n<li>Conselhos pessoais da AuPairScout<\/li>\n\n\n\n<li>D\u00e9cadas de experi\u00eancia como ag\u00eancia au pair<\/li>\n\n\n\n<li>Comunica\u00e7\u00e3o com nossa equipe AuPairScout<\/li>\n<\/ul>\n<\/section>\n\n\n\n<section class=\"wp-block-group has-global-padding is-layout-constrained wp-block-group-is-layout-constrained\">\n<p><strong>Queridas fam\u00edlias anfitri\u00e3s alem\u00e3s,<\/strong><\/p>\n\n\n\n<p>Voc\u00ea encontrou uma au pair conosco ou em outro lugar e gostaria que o ajud\u00e1ssemos com o processo de coloca\u00e7\u00e3o com o servi\u00e7o extra e que inici\u00e1ssemos isso para voc\u00ea?<\/p>\n\n\n\n<p>Com o nosso \u201c<strong>Servi\u00e7o extra<\/strong>&quot; ent\u00e3o <strong>Apenas media\u00e7\u00e3o<\/strong>, oferecemos a voc\u00ea: a coloca\u00e7\u00e3o de uma au pair que voc\u00ea procura. Refere-se a uma au pair que se registrou em nossa galeria e que encontrou a fam\u00edlia anfitri\u00e3 em nossa galeria, ou atrav\u00e9s de conhecidos, an\u00fancios, etc. N\u00f3s cobramos por este servi\u00e7o <strong>Taxa \u00fanica de \u20ac250<\/strong>. Forneceremos a voc\u00ea os documentos necess\u00e1rios e assessoria para a emiss\u00e3o de um visto de au pair, bem como assist\u00eancia nas formalidades necess\u00e1rias.<\/p>\n\n\n\n<p>Este servi\u00e7o n\u00e3o se aplica a au pairs que foram colocadas em nossa galeria por nossas ag\u00eancias parceiras! Se uma au pair vem atrav\u00e9s de uma ag\u00eancia pode ser visto no perfil da au pair. Esta media\u00e7\u00e3o \u00e9 realizada exclusivamente pela ag\u00eancia do usu\u00e1rio.<\/p>\n\n\n\n<p>Mais informa\u00e7\u00f5es podem ser encontradas em \u201cFAQ Servi\u00e7o Extra\u201d.<\/p>\n\n\n\n<p>Observe que a taxa para este servi\u00e7o \u00e9:&nbsp;<strong>250 euros<\/strong>&nbsp;\u00e9 devido imediatamente e n\u00e3o podemos garantir a au pair que voc\u00ea encontrou. Se sua au pair n\u00e3o entrar no pa\u00eds por qualquer motivo ou o relacionamento de au pair for encerrado prematuramente, n\u00e3o forneceremos nenhuma compensa\u00e7\u00e3o e voc\u00ea n\u00e3o receber\u00e1 nenhum cr\u00e9dito nosso.<\/p>\n<\/section>\n\n\n\n<section class=\"wp-block-group has-global-padding is-layout-constrained wp-block-group-is-layout-constrained\">\n<h2 class=\"wp-block-heading list-caption\">Op\u00e7\u00f5es de pagamento<\/h2>\n\n\n\n<ul class=\"wp-block-list\">\n<li>PayPal<\/li>\n\n\n\n<li>Cart\u00e3o de cr\u00e9dito<\/li>\n\n\n\n<li>Transferir<\/li>\n<\/ul>\n<\/section>\n\n\n\n<section class=\"wp-block-group with-background grey has-global-padding is-layout-constrained wp-block-group-is-layout-constrained\">\n<h2 class=\"wp-block-heading\">D\u00favidas ou preocupa\u00e7\u00f5es sobre a lista de pre\u00e7os?<\/h2>\n\n\n\n<div class=\"wp-block-getwid-accordion faq has-icon-left\" data-active-element=\"none\">\n<div class=\"wp-block-getwid-accordion__header-wrapper\"><span class=\"wp-block-getwid-accordion__header\"><a href=\"#\"><span class=\"wp-block-getwid-accordion__header-title\">Como entro em contato com a au pair?<\/span><span class=\"wp-block-getwid-accordion__icon is-active\"><i class=\"fas fa-plus\"><\/i><\/span><span class=\"wp-block-getwid-accordion__icon is-passive\"><i class=\"fas fa-minus\"><\/i><\/span><\/a><\/span><\/div><div class=\"wp-block-getwid-accordion__content-wrapper\"><div class=\"wp-block-getwid-accordion__content\">\n<div class=\"wp-block-getwid-accordion has-icon-left\" data-active-element=\"none\">\n<div class=\"wp-block-getwid-accordion__header-wrapper\"><span class=\"wp-block-getwid-accordion__header\"><a href=\"#\"><span class=\"wp-block-getwid-accordion__header-title\">Ofertas para 3, 6 ou 12 meses<\/span><span class=\"wp-block-getwid-accordion__icon is-active\"><i class=\"fas fa-plus\"><\/i><\/span><span class=\"wp-block-getwid-accordion__icon is-passive\"><i class=\"fas fa-minus\"><\/i><\/span><\/a><\/span><\/div><div class=\"wp-block-getwid-accordion__content-wrapper\"><div class=\"wp-block-getwid-accordion__content\">\n<p>Voc\u00ea pode comprar uma op\u00e7\u00e3o de bate-papo depois de se registrar e ativar.<\/p>\n<\/div><\/div>\n\n\n\n<div class=\"wp-block-getwid-accordion__header-wrapper\"><span class=\"wp-block-getwid-accordion__header\"><a href=\"#\"><span class=\"wp-block-getwid-accordion__header-title\">Quais s\u00e3o as taxas cobradas?<\/span><span class=\"wp-block-getwid-accordion__icon is-active\"><i class=\"fas fa-plus\"><\/i><\/span><span class=\"wp-block-getwid-accordion__icon is-passive\"><i class=\"fas fa-minus\"><\/i><\/span><\/a><\/span><\/div><div class=\"wp-block-getwid-accordion__content-wrapper\"><div class=\"wp-block-getwid-accordion__content\">\n<p>Voc\u00ea s\u00f3 pode entrar em contato com au pairs com uma op\u00e7\u00e3o de bate-papo<\/p>\n<\/div><\/div>\n\n\n\n<div class=\"wp-block-getwid-accordion__header-wrapper\"><span class=\"wp-block-getwid-accordion__header\"><a href=\"#\"><span class=\"wp-block-getwid-accordion__header-title\">AuPairScout oferece em troca:<\/span><span class=\"wp-block-getwid-accordion__icon is-active\"><i class=\"fas fa-plus\"><\/i><\/span><span class=\"wp-block-getwid-accordion__icon is-passive\"><i class=\"fas fa-minus\"><\/i><\/span><\/a><\/span><\/div><div class=\"wp-block-getwid-accordion__content-wrapper\"><div class=\"wp-block-getwid-accordion__content\">\n<ul class=\"wp-block-list\">\n<li>Contate-nos atrav\u00e9s de mensagens personalizadas<\/li>\n\n\n\n<li>Troca de mais dados e informa\u00e7\u00f5es entre usu\u00e1rios<\/li>\n\n\n\n<li>Acesso a descri\u00e7\u00f5es pessoais e refer\u00eancias das au pairs<\/li>\n\n\n\n<li>D\u00e9cadas de experi\u00eancia como ag\u00eancia au pair<\/li>\n\n\n\n<li>Comunica\u00e7\u00e3o com nossa equipe AuPairScout<\/li>\n<\/ul>\n<\/div><\/div>\n<\/div>\n<\/div><\/div>\n\n\n\n<div class=\"wp-block-getwid-accordion__header-wrapper\"><span class=\"wp-block-getwid-accordion__header\"><a href=\"#\"><span class=\"wp-block-getwid-accordion__header-title\">O que acontece no final do per\u00edodo pago?<\/span><span class=\"wp-block-getwid-accordion__icon is-active\"><i class=\"fas fa-plus\"><\/i><\/span><span class=\"wp-block-getwid-accordion__icon is-passive\"><i class=\"fas fa-minus\"><\/i><\/span><\/a><\/span><\/div><div class=\"wp-block-getwid-accordion__content-wrapper\"><div class=\"wp-block-getwid-accordion__content\">\n<div class=\"wp-block-getwid-accordion has-icon-left\" data-active-element=\"none\">\n<div class=\"wp-block-getwid-accordion__header-wrapper\"><span class=\"wp-block-getwid-accordion__header\"><a href=\"#\"><span class=\"wp-block-getwid-accordion__header-title\">Quando uma oportunidade de bate-papo termina<\/span><span class=\"wp-block-getwid-accordion__icon is-active\"><i class=\"fas fa-plus\"><\/i><\/span><span class=\"wp-block-getwid-accordion__icon is-passive\"><i class=\"fas fa-minus\"><\/i><\/span><\/a><\/span><\/div><div class=\"wp-block-getwid-accordion__content-wrapper\"><div class=\"wp-block-getwid-accordion__content\">\n<p>Depois que a op\u00e7\u00e3o de bate-papo for fechada, voc\u00ea n\u00e3o poder\u00e1 mais entrar em contato com a au pair nem ler ou responder mensagens. No entanto, voc\u00ea sempre pode comprar uma nova op\u00e7\u00e3o de bate-papo e ela funcionar\u00e1 novamente.<\/p>\n<\/div><\/div>\n<\/div>\n<\/div><\/div>\n\n\n\n<div class=\"wp-block-getwid-accordion__header-wrapper\"><span class=\"wp-block-getwid-accordion__header\"><a href=\"#\"><span class=\"wp-block-getwid-accordion__header-title\">Como posso cancelar minha assinatura?<\/span><span class=\"wp-block-getwid-accordion__icon is-active\"><i class=\"fas fa-plus\"><\/i><\/span><span class=\"wp-block-getwid-accordion__icon is-passive\"><i class=\"fas fa-minus\"><\/i><\/span><\/a><\/span><\/div><div class=\"wp-block-getwid-accordion__content-wrapper\"><div class=\"wp-block-getwid-accordion__content\">\n<div class=\"wp-block-getwid-accordion has-icon-left\" data-active-element=\"none\">\n<div class=\"wp-block-getwid-accordion__header-wrapper\"><span class=\"wp-block-getwid-accordion__header\"><a href=\"#\"><span class=\"wp-block-getwid-accordion__header-title\">Como fa\u00e7o para cancelar uma assinatura<\/span><span class=\"wp-block-getwid-accordion__icon is-active\"><i class=\"fas fa-plus\"><\/i><\/span><span class=\"wp-block-getwid-accordion__icon is-passive\"><i class=\"fas fa-minus\"><\/i><\/span><\/a><\/span><\/div><div class=\"wp-block-getwid-accordion__content-wrapper\"><div class=\"wp-block-getwid-accordion__content\">\n<p>Cada op\u00e7\u00e3o de bate-papo termina automaticamente ap\u00f3s o per\u00edodo selecionado e n\u00e3o precisa ser cancelada. No entanto, se voc\u00ea deseja estender sua assinatura, voc\u00ea pode adquirir uma nova op\u00e7\u00e3o de bate-papo.<\/p>\n<\/div><\/div>\n<\/div>\n<\/div><\/div>\n<\/div>\n<\/section>\n<\/div>\n\n\n\n<section id=\"last-cta\" class=\"wp-block-group with-background small has-global-padding is-layout-constrained wp-block-group-is-layout-constrained\">\n<div class=\"wp-block-columns aupair is-layout-flex wp-container-core-columns-is-layout-28f84493 wp-block-columns-is-layout-flex\">\n<div class=\"wp-block-column is-layout-flow wp-block-column-is-layout-flow\">\n<h2 class=\"wp-block-heading\"><strong>Registe-se agora gratuitamente!<\/strong><\/h2>\n\n\n\n<h5 class=\"wp-block-heading\">ESTAMOS REUNINDO AU PAIRS, FAM\u00cdLIAS DE ACOLHIMENTO, AG\u00caNCIAS, ESCOLAS DE L\u00cdNGUAS E CLUBES DE AU PAIR EM TODO O MUNDO DESDE 1997.<\/h5>\n<\/div>\n\n\n\n<div class=\"wp-block-column is-layout-flow wp-block-column-is-layout-flow\">\n<div class=\"wp-block-buttons is-layout-flex wp-block-buttons-is-layout-flex\">\n<div class=\"wp-block-button highlighted\"><a class=\"wp-block-button__link wp-element-button\" href=\"\/#registrierung\"><strong>Vamos<\/strong><\/a><\/div>\n<\/div>\n<\/div>\n<\/div>\n<\/section>","protected":false},"excerpt":{"rendered":"","protected":false},"author":990158,"featured_media":0,"parent":0,"menu_order":0,"comment_status":"closed","ping_status":"closed","template":"","meta":{"footnotes":""},"class_list":["post-14","page","type-page","status-publish","hentry"],"_links":{"self":[{"href":"https:\/\/aupairscout.com\/pt\/wp-json\/wp\/v2\/pages\/14","targetHints":{"allow":["GET"]}}],"collection":[{"href":"https:\/\/aupairscout.com\/pt\/wp-json\/wp\/v2\/pages"}],"about":[{"href":"https:\/\/aupairscout.com\/pt\/wp-json\/wp\/v2\/types\/page"}],"author":[{"embeddable":true,"href":"https:\/\/aupairscout.com\/pt\/wp-json\/wp\/v2\/users\/990158"}],"replies":[{"embeddable":true,"href":"https:\/\/aupairscout.com\/pt\/wp-json\/wp\/v2\/comments?post=14"}],"version-history":[{"count":52,"href":"https:\/\/aupairscout.com\/pt\/wp-json\/wp\/v2\/pages\/14\/revisions"}],"predecessor-version":[{"id":7328,"href":"https:\/\/aupairscout.com\/pt\/wp-json\/wp\/v2\/pages\/14\/revisions\/7328"}],"wp:attachment":[{"href":"https:\/\/aupairscout.com\/pt\/wp-json\/wp\/v2\/media?parent=14"}],"curies":[{"name":"wp","href":"https:\/\/api.w.org\/{rel}","templated":true}]}}