{"id":10,"date":"2016-04-15T14:40:44","date_gmt":"2016-04-15T14:40:44","guid":{"rendered":"https:\/\/au-pair-agency.axiomthemes.com.dv.axiomthemes.com\/?page_id=10"},"modified":"2025-03-13T16:49:58","modified_gmt":"2025-03-13T15:49:58","slug":"sobre-aupairscout","status":"publish","type":"page","link":"https:\/\/aupairscout.com\/pt\/sobre-aupairscout\/","title":{"rendered":"Sobre AuPair Scout"},"content":{"rendered":"<section class=\"wp-block-group has-global-padding is-layout-constrained wp-block-group-is-layout-constrained\">\n<h2 class=\"wp-block-heading centred\"><strong>A sede da Aupair agora \u00e9 AuPairScout<\/strong><\/h2>\n\n\n\n<div class=\"wp-block-columns is-layout-flex wp-container-core-columns-is-layout-28f84493 wp-block-columns-is-layout-flex\">\n<div class=\"wp-block-column is-layout-flow wp-block-column-is-layout-flow\">\n<figure class=\"wp-block-image size-full\"><img loading=\"lazy\" decoding=\"async\" width=\"900\" height=\"600\" src=\"https:\/\/aupairscout.com\/wp-content\/uploads\/2025\/03\/Au-pair-Scout-weltweit.jpg\" alt=\"AuPairScout oferece a oportunidade de interc\u00e2mbio mundial entre au pairs, fam\u00edlias anfitri\u00e3s, ag\u00eancias, escolas de idiomas e clubes de au pair. \" class=\"wp-image-6852\" srcset=\"https:\/\/aupairscout.com\/wp-content\/uploads\/2025\/03\/Au-pair-Scout-weltweit.jpg 900w, https:\/\/aupairscout.com\/wp-content\/uploads\/2025\/03\/Au-pair-Scout-weltweit-300x200.jpg 300w, https:\/\/aupairscout.com\/wp-content\/uploads\/2025\/03\/Au-pair-Scout-weltweit-768x512.jpg 768w, https:\/\/aupairscout.com\/wp-content\/uploads\/2025\/03\/Au-pair-Scout-weltweit-18x12.jpg 18w, https:\/\/aupairscout.com\/wp-content\/uploads\/2025\/03\/Au-pair-Scout-weltweit-600x400.jpg 600w\" sizes=\"auto, (max-width: 900px) 100vw, 900px\" \/><\/figure>\n<\/div>\n\n\n\n<div class=\"wp-block-column is-layout-flow wp-block-column-is-layout-flow\">\n<figure class=\"wp-block-image size-full\"><img loading=\"lazy\" decoding=\"async\" width=\"900\" height=\"600\" src=\"https:\/\/aupairscout.com\/wp-content\/uploads\/2025\/03\/Au-pair-Zentrale-seit-1997.jpg\" alt=\"Desde que a sede da au pair foi fundada em 1997, temos colocado com sucesso au pairs com fam\u00edlias anfitri\u00e3s na Alemanha como uma ag\u00eancia de internet de servi\u00e7o completo.\" class=\"wp-image-6853\" srcset=\"https:\/\/aupairscout.com\/wp-content\/uploads\/2025\/03\/Au-pair-Zentrale-seit-1997.jpg 900w, https:\/\/aupairscout.com\/wp-content\/uploads\/2025\/03\/Au-pair-Zentrale-seit-1997-300x200.jpg 300w, https:\/\/aupairscout.com\/wp-content\/uploads\/2025\/03\/Au-pair-Zentrale-seit-1997-768x512.jpg 768w, https:\/\/aupairscout.com\/wp-content\/uploads\/2025\/03\/Au-pair-Zentrale-seit-1997-18x12.jpg 18w, https:\/\/aupairscout.com\/wp-content\/uploads\/2025\/03\/Au-pair-Zentrale-seit-1997-600x400.jpg 600w\" sizes=\"auto, (max-width: 900px) 100vw, 900px\" \/><\/figure>\n<\/div>\n<\/div>\n\n\n\n<p>Desde que a sede da au pair foi fundada em 1997 - 2023, temos colocado com sucesso au pairs com fam\u00edlias anfitri\u00e3s na Alemanha como uma ag\u00eancia de internet de servi\u00e7o completo.<\/p>\n\n\n\n<p>Com AuPairScout desde 01.2024 \u2013 \u221e. Com base nessa experi\u00eancia, nos reorientamos no que diz respeito \u00e0 coloca\u00e7\u00e3o de au pair. Agora voc\u00ea tem uma apresenta\u00e7\u00e3o na Internet moderna, contempor\u00e2nea e voltada para o cliente.<\/p>\n\n\n\n<p>Mas acima de tudo: com um novo conceito, o AuPairScout oferecer\u00e1 no futuro a oportunidade de um interc\u00e2mbio global entre au pairs, fam\u00edlias anfitri\u00e3s, ag\u00eancias, escolas de idiomas e clubes de au pair. Claro, continuamos dispon\u00edveis para aconselh\u00e1-lo.<\/p>\n\n\n\n<p><strong>Nossa experi\u00eancia:<\/strong> Ao longo do tempo, conseguimos conquistar um grande n\u00famero de clientes regulares - incluindo in\u00fameras figuras p\u00fablicas - que continuam a confiar em n\u00f3s ano ap\u00f3s ano.<\/p>\n\n\n\n<p><strong>Nosso lema:<\/strong> Qualidade acima de quantidade! A grande maioria de nossas au pairs est\u00e3o registradas conosco atrav\u00e9s de nossas ag\u00eancias parceiras. Isso lhe d\u00e1 a seguran\u00e7a de que todas as informa\u00e7\u00f5es fornecidas no perfil da au pair foram verificadas no local. Au pairs que n\u00e3o est\u00e3o cadastradas em ag\u00eancias parceiras s\u00e3o entrevistadas detalhadamente por n\u00f3s.<\/p>\n\n\n\n<div class=\"wp-block-columns is-layout-flex wp-container-core-columns-is-layout-28f84493 wp-block-columns-is-layout-flex\">\n<div class=\"wp-block-column is-layout-flow wp-block-column-is-layout-flow\">\n<ul class=\"wp-block-list checked\">\n<li>Experi\u00eancia como Au Pair desde 1997<\/li>\n\n\n\n<li>Inscri\u00e7\u00e3o Gratuita<\/li>\n\n\n\n<li>Pre\u00e7os Transparentes<\/li>\n\n\n\n<li>Detalhada Perguntas Frequentes<\/li>\n\n\n\n<li>Verificado Perfis<\/li>\n<\/ul>\n<\/div>\n\n\n\n<div class=\"wp-block-column is-layout-flow wp-block-column-is-layout-flow\">\n<ul class=\"wp-block-list checked\">\n<li>SSL criptografado de seguran\u00e7a<\/li>\n\n\n\n<li>E-Mail e telefone de Suporte<\/li>\n\n\n\n<li>Ag\u00eancias com aconselhamento<\/li>\n\n\n\n<li>Escolas de idiomas<\/li>\n\n\n\n<li>Clubes de Au Pair<\/li>\n<\/ul>\n<\/div>\n<\/div>\n<\/section>","protected":false},"excerpt":{"rendered":"<p>Aupairzentrale ist jetzt AuPairScout Seit Gr\u00fcndung der Aupairzentrale im Jahre 1997 &#8211; 2023, vermitteln wir als Full Service Internet-Agentur erfolgreich Au-pairs an Gastfamilien in Deutschland. Mit AuPairScout seit 01.2024 &#8211; \u221e . basierend auf dieser Erfahrung \u2013 haben wir uns bei der Au-pair-Vermittlung neu orientiert. Ihnen er\u00f6ffnet sich nunmehr eine moderne, zeitgem\u00e4\u00dfe und kundenorientierte Internet-Pr\u00e4sentation. [&hellip;]<\/p>\n","protected":false},"author":990158,"featured_media":0,"parent":0,"menu_order":0,"comment_status":"closed","ping_status":"closed","template":"","meta":{"footnotes":""},"class_list":["post-10","page","type-page","status-publish","hentry"],"_links":{"self":[{"href":"https:\/\/aupairscout.com\/pt\/wp-json\/wp\/v2\/pages\/10","targetHints":{"allow":["GET"]}}],"collection":[{"href":"https:\/\/aupairscout.com\/pt\/wp-json\/wp\/v2\/pages"}],"about":[{"href":"https:\/\/aupairscout.com\/pt\/wp-json\/wp\/v2\/types\/page"}],"author":[{"embeddable":true,"href":"https:\/\/aupairscout.com\/pt\/wp-json\/wp\/v2\/users\/990158"}],"replies":[{"embeddable":true,"href":"https:\/\/aupairscout.com\/pt\/wp-json\/wp\/v2\/comments?post=10"}],"version-history":[{"count":11,"href":"https:\/\/aupairscout.com\/pt\/wp-json\/wp\/v2\/pages\/10\/revisions"}],"predecessor-version":[{"id":6856,"href":"https:\/\/aupairscout.com\/pt\/wp-json\/wp\/v2\/pages\/10\/revisions\/6856"}],"wp:attachment":[{"href":"https:\/\/aupairscout.com\/pt\/wp-json\/wp\/v2\/media?parent=10"}],"curies":[{"name":"wp","href":"https:\/\/api.w.org\/{rel}","templated":true}]}}