{"id":3272,"date":"2022-12-22T13:57:17","date_gmt":"2022-12-22T12:57:17","guid":{"rendered":"https:\/\/aupair.mondoit.de\/?post_type=product&#038;p=3272"},"modified":"2025-09-25T09:51:25","modified_gmt":"2025-09-25T07:51:25","slug":"premium-abo","status":"publish","type":"product","link":"https:\/\/aupairscout.com\/it\/prodotto\/premium-abo\/","title":{"rendered":"Iscrizione per agenzia"},"content":{"rendered":"<div class=\"wpb_text_column wpb_content_element\">\n<div class=\"wpb_wrapper\">\n<div class=\"wpb_text_column wpb_content_element\">\n<div class=\"wpb_wrapper\">\n<h5><span style=\"color: #000000;\">PREMIUM MITGLIEDSCHAFT BEI AUPAIRSCOUT.DE<\/span><\/h5>\n<p><span style=\"color: #000000;\">Wenn Sie eine Premium-Mitgliedschaft erwerben, k\u00f6nnen Sie pers\u00f6nliche Nachrichten an die Kandidaten senden \u2013 dies ist der schnellste und einfachste Weg, um ein Au Pair zu finden. Sie k\u00f6nnen Kontaktdaten austauschen und das Abenteuer Au Pair beginnen! Hier finden Sie die verschiedenen Premium-Funktionen auf einen Blick:<\/span><\/p>\n<ul>\n<li><span style=\"color: #000000;\">Kontaktieren Sie Kandidaten \u00fcber personalisierte Nachrichten. So k\u00f6nnen Sie sicher sein, dass Kandidaten ihre Nachrichten auf jeden Fall lesen k\u00f6nnen.<\/span><\/li>\n<li><span style=\"color: #000000;\">Lesen und beantworten Sie Nachrichten von Interessenten und haben Sie so die M\u00f6glichkeit, weitere Daten auszutauschen.<\/span><\/li>\n<li><span style=\"color: #000000;\">Lesen Sie pers\u00f6nliche Beschreibungen und erhalten Sie Zugang zu Videos\u00a0und Referenzen.<\/span><\/li>\n<li><span style=\"color: #000000;\">Erhalten Sie Zugang zu einem vollst\u00e4ndigen Au Pair Vertrag\u00a0mit zus\u00e4tzlichen Inhalten, mehr Informationen und Antworten auf die g\u00e4ngigsten Fragen.<\/span><\/li>\n<li><span style=\"color: #000000;\">Erhalten Sie ein Handbuch f\u00fcr Gastfamilien mit zus\u00e4tzlichen Tipps und Informationen \u00fcber das Au Pair Programm, sowie hilfreiche Informationen dar\u00fcber, wie man ein Au Pair findet.<\/span><\/li>\n<\/ul>\n<\/div>\n<\/div>\n<div class=\"wpb_text_column wpb_content_element\">\n<div class=\"wpb_wrapper\"><\/div>\n<\/div>\n<\/div>\n<\/div>","protected":false},"excerpt":{"rendered":"<h5><span style=\"color: #000000;\">ZAHLUNGS-OPTIONEN<\/span><\/h5>\n<ul>\n<li><span style=\"color: #000000;\">PayPal<\/span><\/li>\n<li><span style=\"color: #000000;\">Carta di credito<\/span><\/li>\n<li><span style=\"color: #000000;\">Trasferire<\/span><\/li>\n<\/ul>","protected":false},"featured_media":3167,"template":"","meta":[],"product_brand":[],"product_cat":[122],"product_tag":[],"class_list":{"0":"post-3272","1":"product","2":"type-product","3":"status-publish","4":"has-post-thumbnail","6":"product_cat-abo","8":"first","9":"instock","10":"sold-individually","11":"taxable","12":"shipping-taxable","13":"purchasable","14":"product-type-variable-subscription"},"_links":{"self":[{"href":"https:\/\/aupairscout.com\/it\/wp-json\/wp\/v2\/product\/3272","targetHints":{"allow":["GET"]}}],"collection":[{"href":"https:\/\/aupairscout.com\/it\/wp-json\/wp\/v2\/product"}],"about":[{"href":"https:\/\/aupairscout.com\/it\/wp-json\/wp\/v2\/types\/product"}],"wp:featuredmedia":[{"embeddable":true,"href":"https:\/\/aupairscout.com\/it\/wp-json\/wp\/v2\/media\/3167"}],"wp:attachment":[{"href":"https:\/\/aupairscout.com\/it\/wp-json\/wp\/v2\/media?parent=3272"}],"wp:term":[{"taxonomy":"product_brand","embeddable":true,"href":"https:\/\/aupairscout.com\/it\/wp-json\/wp\/v2\/product_brand?post=3272"},{"taxonomy":"product_cat","embeddable":true,"href":"https:\/\/aupairscout.com\/it\/wp-json\/wp\/v2\/product_cat?post=3272"},{"taxonomy":"product_tag","embeddable":true,"href":"https:\/\/aupairscout.com\/it\/wp-json\/wp\/v2\/product_tag?post=3272"}],"curies":[{"name":"parola chiave","href":"https:\/\/api.w.org\/{rel}","templated":true}]}}