{"id":7281,"date":"2025-08-14T11:25:52","date_gmt":"2025-08-14T09:25:52","guid":{"rendered":"https:\/\/aupairscout.com\/?page_id=7281"},"modified":"2025-08-19T12:32:13","modified_gmt":"2025-08-19T10:32:13","slug":"listino-prezzi-per-ragazze-alla-pari","status":"publish","type":"page","link":"https:\/\/aupairscout.com\/it\/listino-prezzi-per-ragazze-alla-pari\/","title":{"rendered":"Listino prezzi per ragazze alla pari"},"content":{"rendered":"<section class=\"wp-block-group pricelist au-pair-premium has-global-padding is-layout-constrained wp-block-group-is-layout-constrained\">\n<div class=\"wp-block-columns tiles text-left aupair is-layout-flex wp-container-core-columns-is-layout-28f84493 wp-block-columns-is-layout-flex\">\n<div class=\"wp-block-column is-layout-flow wp-block-column-is-layout-flow\">\n<h2 class=\"wp-block-heading\">Listino prezzi per ragazze alla pari<\/h2>\n\n\n\n<p>Le ragazze alla pari con un profilo base possono trovare e contattare le famiglie gratuitamente. Le famiglie con un abbonamento premium possono poi rispondere.<\/p>\n\n\n\n<p><strong>Nuovo:<\/strong> Ora le ragazze alla pari hanno anche la possibilit\u00e0 di acquistare un abbonamento premium, che consente loro di rispondere alle famiglie e agli altri partecipanti anche senza un abbonamento premium. Non aspettare che le famiglie rispondano: prendi tu l&#039;iniziativa!<\/p>\n\n\n\n<p class=\"listcaption\">AuPairScout offre in cambio:<\/p>\n\n\n\n<ul class=\"wp-block-list\">\n<li>Stabilire attivamente un contatto con le famiglie e gli altri partecipanti<\/li>\n\n\n\n<li>Le famiglie e gli altri partecipanti possono rispondere anche senza avere una propria iscrizione.<\/li>\n\n\n\n<li>Accesso a tutti i dati della famiglia<\/li>\n\n\n\n<li>Consigli personali da AuPairScout<\/li>\n\n\n\n<li>L&#039;iscrizione \u00e8 <strong>Valido per 12 mesi<\/strong>Ci\u00f2 \u00e8 sufficiente anche per trovare in seguito un&#039;altra posizione, ad esempio in un altro Paese ospitante.<\/li>\n<\/ul>\n<\/div>\n\n\n\n<div class=\"wp-block-column black front is-layout-flow wp-block-column-is-layout-flow\">\n<figure class=\"wp-block-image size-large\"><img decoding=\"async\" src=\"https:\/\/aupairscout.com\/wp-content\/uploads\/2023\/10\/Abo-Kaufen.png\" alt=\"Acquista un abbonamento alla pari \"\/><\/figure>\n\n\n\n<h3 class=\"wp-block-heading\"><strong><strong>Abbonamento 12 mesi<\/strong><\/strong><\/h3>\n\n\n\n<p><strong>120.00 \u20ac<\/strong><br>\u20ac 10,00 al mese<\/p>\n\n\n<div class=\"wp-block-buttons is-layout-flex wp-block-buttons-is-layout-flex\"><div class=\"wp-block-button\"><a class=\"single_add_to_cart_button button wp-block-button__link wp-element-button\" href=\"\/au-pair-registrierung\">Registrati + Acquista<\/a><\/div><!-- .wp-block-button --><\/div><!-- .wp-block-buttons is-layout-flex wp-block-buttons-is-layout-flex -->\n\n\n\n<p>Abbonamento premium<br>Chatta con le famiglie per 12 mesi.<\/p>\n<\/div>\n<\/div>\n<\/section>","protected":false},"excerpt":{"rendered":"<p>Au-pair Preisliste Au-pairs mit Basis Profil k\u00f6nnen kostenlos Familien finden und diese kontaktieren. Diese k\u00f6nnen darauf bei eigener Premium Mitgliedschaft antworten. Neu: Auch f\u00fcr Au-pairs besteht nun die M\u00f6glichkeit, eine Premium Mitgliedschaft zu kaufen, dann k\u00f6nnen Familien und anderen Teilnehmern auch ohne eigene Premium Mitgliedschaft antworten. Nicht auf die Familien warten, sondern selbst aktiv werden! [&hellip;]<\/p>\n","protected":false},"author":1,"featured_media":0,"parent":0,"menu_order":0,"comment_status":"closed","ping_status":"closed","template":"","meta":{"footnotes":""},"class_list":["post-7281","page","type-page","status-publish","hentry"],"_links":{"self":[{"href":"https:\/\/aupairscout.com\/it\/wp-json\/wp\/v2\/pages\/7281","targetHints":{"allow":["GET"]}}],"collection":[{"href":"https:\/\/aupairscout.com\/it\/wp-json\/wp\/v2\/pages"}],"about":[{"href":"https:\/\/aupairscout.com\/it\/wp-json\/wp\/v2\/types\/page"}],"author":[{"embeddable":true,"href":"https:\/\/aupairscout.com\/it\/wp-json\/wp\/v2\/users\/1"}],"replies":[{"embeddable":true,"href":"https:\/\/aupairscout.com\/it\/wp-json\/wp\/v2\/comments?post=7281"}],"version-history":[{"count":8,"href":"https:\/\/aupairscout.com\/it\/wp-json\/wp\/v2\/pages\/7281\/revisions"}],"predecessor-version":[{"id":7327,"href":"https:\/\/aupairscout.com\/it\/wp-json\/wp\/v2\/pages\/7281\/revisions\/7327"}],"wp:attachment":[{"href":"https:\/\/aupairscout.com\/it\/wp-json\/wp\/v2\/media?parent=7281"}],"curies":[{"name":"parola chiave","href":"https:\/\/api.w.org\/{rel}","templated":true}]}}