{"id":6971,"date":"2025-04-21T18:05:12","date_gmt":"2025-04-21T16:05:12","guid":{"rendered":"https:\/\/aupairscout.com\/?page_id=6971"},"modified":"2025-06-16T15:46:14","modified_gmt":"2025-06-16T13:46:14","slug":"annullare-liscrizione-al-servizio-informativo","status":"publish","type":"page","link":"https:\/\/aupairscout.com\/it\/annullare-liscrizione-al-servizio-informativo\/","title":{"rendered":"Annulla l&#039;iscrizione al servizio informativo"},"content":{"rendered":"<section class=\"wp-block-group single-track near has-global-padding is-layout-constrained wp-block-group-is-layout-constrained\">\n<h2 class=\"wp-block-heading\">Annulla l&#039;iscrizione al servizio informativo<\/h2>\n\n\n\n<p>Cari utenti,<\/p>\n\n\n\n<p>Qui puoi annullare l&#039;iscrizione a un servizio informativo specifico e non riceverai pi\u00f9 email per questa ricerca. In alternativa, puoi annullare l&#039;iscrizione a tutti i servizi informativi associati al tuo indirizzo email. Puoi iscriverti nuovamente ai servizi informativi (ricerca di au pair, famiglie ospitanti, ecc.) in qualsiasi momento successivo.<\/p>\n\n\n\n<p>Distinti saluti,<\/p>\n\n\n\n<p>Il tuo team AuPairScout<\/p>\n\n\n<p class=\"shortcode-message error\">Nessun dato trovato<\/p>\n<\/section>","protected":false},"excerpt":{"rendered":"<p>Abmeldung Infodienst Liebe Nutzer, hier k\u00f6nnen sie einen bestimmten Infodienst beenden und bekommen dann f\u00fcr diese Suchanfrage keine Mails mehr. Oder Sie beenden alle Infodienste zu Ihrer E-Mail-Adresse. Sie k\u00f6nnen sich sp\u00e4ter jederzeit wieder neu f\u00fcr Infodienste (Suche nach Au-pairs \/ Gastfamilien \/ usw.) anmelden. Mit freundlichen Gr\u00fc\u00dfen, Ihr Team von AuPairScout<\/p>","protected":false},"author":990158,"featured_media":0,"parent":0,"menu_order":0,"comment_status":"closed","ping_status":"closed","template":"","meta":{"footnotes":""},"class_list":["post-6971","page","type-page","status-publish","hentry"],"_links":{"self":[{"href":"https:\/\/aupairscout.com\/it\/wp-json\/wp\/v2\/pages\/6971","targetHints":{"allow":["GET"]}}],"collection":[{"href":"https:\/\/aupairscout.com\/it\/wp-json\/wp\/v2\/pages"}],"about":[{"href":"https:\/\/aupairscout.com\/it\/wp-json\/wp\/v2\/types\/page"}],"author":[{"embeddable":true,"href":"https:\/\/aupairscout.com\/it\/wp-json\/wp\/v2\/users\/990158"}],"replies":[{"embeddable":true,"href":"https:\/\/aupairscout.com\/it\/wp-json\/wp\/v2\/comments?post=6971"}],"version-history":[{"count":12,"href":"https:\/\/aupairscout.com\/it\/wp-json\/wp\/v2\/pages\/6971\/revisions"}],"predecessor-version":[{"id":7107,"href":"https:\/\/aupairscout.com\/it\/wp-json\/wp\/v2\/pages\/6971\/revisions\/7107"}],"wp:attachment":[{"href":"https:\/\/aupairscout.com\/it\/wp-json\/wp\/v2\/media?parent=6971"}],"curies":[{"name":"parola chiave","href":"https:\/\/api.w.org\/{rel}","templated":true}]}}