{"id":6577,"date":"2024-12-28T12:55:44","date_gmt":"2024-12-28T11:55:44","guid":{"rendered":"https:\/\/aupairscout.com\/?page_id=6577"},"modified":"2024-12-28T18:01:33","modified_gmt":"2024-12-28T17:01:33","slug":"famiglia-ospitante-in-austria","status":"publish","type":"page","link":"https:\/\/aupairscout.com\/it\/cerco-ragazze-alla-pari\/famiglia-ospitante-in-austria\/","title":{"rendered":"Gastfamilie in \u00d6sterreich"},"content":{"rendered":"<link rel='stylesheet' id='um_members-css' href='\/wp-content\/plugins\/ultimate-member\/assets\/css\/um-members.css'>\n\n\n\n<h2 class=\"wp-block-heading\">Ragazze alla pari da tutto il mondo cercano una famiglia ospitante in Austria.<\/h2>\n\n\n\n<div class=\"wp-block-columns is-layout-flex wp-container-core-columns-is-layout-28f84493 wp-block-columns-is-layout-flex\">\n<div class=\"wp-block-column is-layout-flow wp-block-column-is-layout-flow\" style=\"flex-basis:25%\">\n<figure class=\"wp-block-image size-full\"><img loading=\"lazy\" decoding=\"async\" width=\"1800\" height=\"1800\" src=\"https:\/\/aupairscout.com\/wp-content\/uploads\/2024\/12\/Au-pair-sucht-Gastfamilie-in-Oesterreich.jpg\" alt=\"Ragazze alla pari da tutto il mondo cercano una famiglia ospitante in Austria.\" class=\"wp-image-6587\" srcset=\"https:\/\/aupairscout.com\/wp-content\/uploads\/2024\/12\/Au-pair-sucht-Gastfamilie-in-Oesterreich.jpg 1800w, https:\/\/aupairscout.com\/wp-content\/uploads\/2024\/12\/Au-pair-sucht-Gastfamilie-in-Oesterreich-300x300.jpg 300w, https:\/\/aupairscout.com\/wp-content\/uploads\/2024\/12\/Au-pair-sucht-Gastfamilie-in-Oesterreich-1024x1024.jpg 1024w, https:\/\/aupairscout.com\/wp-content\/uploads\/2024\/12\/Au-pair-sucht-Gastfamilie-in-Oesterreich-150x150.jpg 150w, https:\/\/aupairscout.com\/wp-content\/uploads\/2024\/12\/Au-pair-sucht-Gastfamilie-in-Oesterreich-768x768.jpg 768w, https:\/\/aupairscout.com\/wp-content\/uploads\/2024\/12\/Au-pair-sucht-Gastfamilie-in-Oesterreich-1536x1536.jpg 1536w, https:\/\/aupairscout.com\/wp-content\/uploads\/2024\/12\/Au-pair-sucht-Gastfamilie-in-Oesterreich-12x12.jpg 12w, https:\/\/aupairscout.com\/wp-content\/uploads\/2024\/12\/Au-pair-sucht-Gastfamilie-in-Oesterreich-250x250.jpg 250w, https:\/\/aupairscout.com\/wp-content\/uploads\/2024\/12\/Au-pair-sucht-Gastfamilie-in-Oesterreich-450x450.jpg 450w, https:\/\/aupairscout.com\/wp-content\/uploads\/2024\/12\/Au-pair-sucht-Gastfamilie-in-Oesterreich-600x600.jpg 600w, https:\/\/aupairscout.com\/wp-content\/uploads\/2024\/12\/Au-pair-sucht-Gastfamilie-in-Oesterreich-100x100.jpg 100w\" sizes=\"auto, (max-width: 1800px) 100vw, 1800px\" \/><\/figure>\n<\/div>\n\n\n\n<div class=\"wp-block-column is-layout-flow wp-block-column-is-layout-flow\" style=\"flex-basis:75%\">\n<p>Trova la tua nuova ragazza alla pari in Austria in pochi clic. Hai trovato candidati adatti? Registrati o accedi con il tuo account esistente. Con un&#039;iscrizione famiglia conveniente, puoi contattare le ragazze alla pari e organizzare tutto il loro soggiorno.<\/p>\n<\/div>\n<\/div>\n\n\n\n<section class=\"wp-block-group um has-global-padding is-layout-constrained wp-block-group-is-layout-constrained\">\n<div id=\"um-frame\"><div class=\"um-directory\"><div class=\"um-members-wrapper\"><\/div><\/div><\/div>\n<\/section>\n\n\n<iframe class=\"hidden-frame country-\u00d6sterreich\" src=\"\/au-pairs-suchen\/?filter_in-welche-lander-vermitteln-sie_fed60=\u00d6sterreich\"><\/iframe>","protected":false},"excerpt":{"rendered":"<p>Au-pairs aus aller Welt suchen eine Gastfamilie in \u00d6sterreich Mit wenigen Klicks finden Sie hier Ihr neues Au-pair in \u00d6sterreich. Haben Sie geeignete Kandidaten gefunden? Dann registrieren Sie sich oder melden sich mit Ihrem schon vorhandenen Konto an. \u00dcber eine kosteng\u00fcnstige Familienmitgliedschaft k\u00f6nnen Sie mit den Au-pairs Kontakt aufnehmen und alles f\u00fcr deren Aufenthalt bei [&hellip;]<\/p>\n","protected":false},"author":1,"featured_media":0,"parent":6538,"menu_order":0,"comment_status":"closed","ping_status":"closed","template":"","meta":{"footnotes":""},"class_list":["post-6577","page","type-page","status-publish","hentry"],"_links":{"self":[{"href":"https:\/\/aupairscout.com\/it\/wp-json\/wp\/v2\/pages\/6577","targetHints":{"allow":["GET"]}}],"collection":[{"href":"https:\/\/aupairscout.com\/it\/wp-json\/wp\/v2\/pages"}],"about":[{"href":"https:\/\/aupairscout.com\/it\/wp-json\/wp\/v2\/types\/page"}],"author":[{"embeddable":true,"href":"https:\/\/aupairscout.com\/it\/wp-json\/wp\/v2\/users\/1"}],"replies":[{"embeddable":true,"href":"https:\/\/aupairscout.com\/it\/wp-json\/wp\/v2\/comments?post=6577"}],"version-history":[{"count":6,"href":"https:\/\/aupairscout.com\/it\/wp-json\/wp\/v2\/pages\/6577\/revisions"}],"predecessor-version":[{"id":6589,"href":"https:\/\/aupairscout.com\/it\/wp-json\/wp\/v2\/pages\/6577\/revisions\/6589"}],"up":[{"embeddable":true,"href":"https:\/\/aupairscout.com\/it\/wp-json\/wp\/v2\/pages\/6538"}],"wp:attachment":[{"href":"https:\/\/aupairscout.com\/it\/wp-json\/wp\/v2\/media?parent=6577"}],"curies":[{"name":"parola chiave","href":"https:\/\/api.w.org\/{rel}","templated":true}]}}