{"id":6128,"date":"2024-06-19T12:54:57","date_gmt":"2024-06-19T10:54:57","guid":{"rendered":"https:\/\/aupairscout.com\/?page_id=6128"},"modified":"2025-03-21T08:22:39","modified_gmt":"2025-03-21T07:22:39","slug":"laboratorio-linguistico","status":"publish","type":"page","link":"https:\/\/aupairscout.com\/it\/laboratorio-linguistico\/","title":{"rendered":"Laboratorio linguistico"},"content":{"rendered":"<section id=\"Profilseite\" class=\"wp-block-group has-global-padding is-layout-constrained wp-block-group-is-layout-constrained\">\n<p>Iscrizione famiglia su aupairscout.de<\/p>\n\n\n\n<p>Iscrizione all&#039;agenzia su aupairscout.de<\/p>\n\n\n\n<p>Scuole di lingua Iscrizione a aupairscout.de<\/p>\n\n\n\n<p>Acquista un abbonamento per famiglie ospitanti e attiva i messaggi!<\/p>\n\n\n\n<p>Acquista l&#039;iscrizione all&#039;agenzia e attiva i messaggi!<\/p>\n\n\n\n<p>Acquista un abbonamento a una scuola di lingua e attiva i messaggi!<\/p>\n<\/section>\n\n\n\n<section id=\"Meldungen\" class=\"wp-block-group has-global-padding is-layout-constrained wp-block-group-is-layout-constrained\">\n<p><strong>Purtroppo al momento il database di AuPairScout non contiene nessun club alla pari che corrisponda alla tua ricerca<\/strong>. Pertanto, prova prima ad espandere la tua ricerca evitando criteri di ricerca restrittivi.<\/p>\n\n\n\n<p>Se ancora non riesci a trovare quello che stai cercando, usa quello gratuito&nbsp;<a href=\"https:\/\/aupairscout.com\/%20au-pair-club-finden#info-service\">Servizio informazioni<\/a>. Suggerimento: se tu&nbsp;<a href=\"https:\/\/aupairscout.com\/au-pair-registrierung\">Registrati qui sul sito<\/a>, verrai poi trovato e contattato da famiglie ospitanti, agenzie e scuole di lingua.<\/p>\n\n\n\n<p><strong>Sfortunatamente, il database AuPairScout attualmente non contiene nessuna scuola di lingua che corrisponda alla tua ricerca<\/strong>. Pertanto, prova prima ad espandere la tua ricerca evitando criteri di ricerca restrittivi.<\/p>\n\n\n\n<p>Se ancora non riesci a trovare quello che stai cercando, usa quello gratuito&nbsp;<a href=\"https:\/\/aupairscout.com\/sprachschule-finden#info-service\">Servizio informazioni<\/a>. O tu&nbsp;<a href=\"https:\/\/aupairscout.com\/au-pair-registrierung\">\u00c8 meglio registrarsi proprio qui sul sito web<\/a>, verrai poi trovato e contattato da famiglie ospitanti, agenzie e scuole di lingua.<\/p>\n\n\n\n<p><strong>Sfortunatamente, il database AuPairScout attualmente non contiene alcuna agenzia che corrisponda alla tua ricerca<\/strong>. Pertanto, prova prima ad espandere la tua ricerca evitando criteri di ricerca restrittivi.<\/p>\n\n\n\n<p>Se ancora non riesci a trovare quello che stai cercando, usa quello gratuito&nbsp;<a href=\"https:\/\/aupairscout.com\/agenturen-finden#info-service\">Servizio informazioni<\/a>. O tu&nbsp;<a href=\"https:\/\/aupairscout.com\/au-pair-registrierung\">\u00c8 meglio registrarsi proprio qui sul sito web<\/a>, poi verrai trovato e contattato dalle agenzie stesse.<\/p>\n\n\n\n<p><strong>Sfortunatamente, il database AuPairScout attualmente non contiene famiglie ospitanti che corrispondano alla tua ricerca<\/strong>. Pertanto, prova prima ad espandere la tua ricerca evitando criteri di ricerca restrittivi. Forse, dopo tutto, ci sar\u00e0 una famiglia adatta a te.<\/p>\n\n\n\n<p>Se ancora non riesci a trovare quello che stai cercando, usa quello gratuito&nbsp;<a href=\"https:\/\/aupairscout.com\/gastfamilie-finden#info-service\">Servizio informazioni<\/a>. Meglio specifichi cosa stai cercando, prima potremo informarti via e-mail sulle nuove famiglie ospitanti su Au-Pair Scout che corrispondono alla tua ricerca. Oppure \u00e8 meglio registrarsi&nbsp;<a href=\"https:\/\/aupairscout.com\/au-pair-registrierung\">proprio qui sul sito web<\/a>, poi verrai trovato e contattato tu stesso.<\/p>\n\n\n\n<p><strong>Purtroppo al momento il database di AuPairScout non contiene au pair che corrispondono alla tua ricerca<\/strong>. Pertanto, prova prima ad espandere la tua ricerca evitando criteri di ricerca restrittivi. Forse, dopo tutto, ci sar\u00e0 un au pair adatto a te.<\/p>\n\n\n\n<p>Se ancora non riesci a trovare quello che stai cercando, usa quello gratuito&nbsp;<a href=\"https:\/\/aupairscout.com\/au-pair-finden#info-service\">Servizio informazioni<\/a>. Meglio specifichi cosa stai cercando, prima potremo informarti via e-mail sui nuovi au pair su Au-pair Scout che corrispondono alla tua ricerca. Oppure la cosa migliore \u00e8 registrarsi&nbsp;<a href=\"https:\/\/aupairscout.com\/familien-registrierung\">proprio qui sul sito web<\/a>, poi verranno trovati e contattati essi stessi.<\/p>\n<\/section>","protected":false},"excerpt":{"rendered":"<p>Familien Mitgliedschaft bei aupairscout.de Agentur Mitgliedschaft bei aupairscout.de Sprachschulen Mitgliedschaft bei aupairscout.de Mitgliedschaft f\u00fcr Gastfamilie kaufen und Nachrichten aktivieren! Mitgliedschaft f\u00fcr Agentur kaufen und Nachrichten aktivieren! Mitgliedschaft f\u00fcr Sprachschule kaufen und Nachrichten aktivieren! Leider enth\u00e4lt die AuPairScout Datenbank derzeit keine Au-pair Clubs, die zu deiner Suche passen. Versuche daher zun\u00e4chst die Suche zu erweitern, indem [&hellip;]<\/p>\n","protected":false},"author":1,"featured_media":0,"parent":0,"menu_order":0,"comment_status":"closed","ping_status":"closed","template":"","meta":{"footnotes":""},"class_list":["post-6128","page","type-page","status-publish","hentry"],"_links":{"self":[{"href":"https:\/\/aupairscout.com\/it\/wp-json\/wp\/v2\/pages\/6128","targetHints":{"allow":["GET"]}}],"collection":[{"href":"https:\/\/aupairscout.com\/it\/wp-json\/wp\/v2\/pages"}],"about":[{"href":"https:\/\/aupairscout.com\/it\/wp-json\/wp\/v2\/types\/page"}],"author":[{"embeddable":true,"href":"https:\/\/aupairscout.com\/it\/wp-json\/wp\/v2\/users\/1"}],"replies":[{"embeddable":true,"href":"https:\/\/aupairscout.com\/it\/wp-json\/wp\/v2\/comments?post=6128"}],"version-history":[{"count":9,"href":"https:\/\/aupairscout.com\/it\/wp-json\/wp\/v2\/pages\/6128\/revisions"}],"predecessor-version":[{"id":6902,"href":"https:\/\/aupairscout.com\/it\/wp-json\/wp\/v2\/pages\/6128\/revisions\/6902"}],"wp:attachment":[{"href":"https:\/\/aupairscout.com\/it\/wp-json\/wp\/v2\/media?parent=6128"}],"curies":[{"name":"parola chiave","href":"https:\/\/api.w.org\/{rel}","templated":true}]}}