{"id":5134,"date":"2023-10-15T17:24:54","date_gmt":"2023-10-15T15:24:54","guid":{"rendered":"https:\/\/aupairscout.com\/?page_id=5134"},"modified":"2024-12-26T10:32:46","modified_gmt":"2024-12-26T09:32:46","slug":"ecco-come-funziona-per-i-club-alla-pari","status":"publish","type":"page","link":"https:\/\/aupairscout.com\/it\/ecco-come-funziona-per-i-club-alla-pari\/","title":{"rendered":"Club alla pari: ecco come funziona"},"content":{"rendered":"<div id=\"pagehead\" class=\"wp-block-group has-global-padding is-layout-constrained wp-block-group-is-layout-constrained\">\n<div class=\"wp-block-columns is-layout-flex wp-container-core-columns-is-layout-28f84493 wp-block-columns-is-layout-flex\">\n<div class=\"wp-block-column is-layout-flow wp-block-column-is-layout-flow\">\n<figure class=\"wp-block-image size-large\"><img loading=\"lazy\" decoding=\"async\" width=\"1024\" height=\"672\" src=\"https:\/\/aupairscout.com\/wp-content\/uploads\/2023\/10\/Registrierung-Au-Pair-Club-1024x672.jpg\" alt=\"4 passaggi per la registrazione al club alla pari\" class=\"wp-image-4845\" srcset=\"https:\/\/aupairscout.com\/wp-content\/uploads\/2023\/10\/Registrierung-Au-Pair-Club-1024x672.jpg 1024w, https:\/\/aupairscout.com\/wp-content\/uploads\/2023\/10\/Registrierung-Au-Pair-Club-300x197.jpg 300w, https:\/\/aupairscout.com\/wp-content\/uploads\/2023\/10\/Registrierung-Au-Pair-Club-768x504.jpg 768w, https:\/\/aupairscout.com\/wp-content\/uploads\/2023\/10\/Registrierung-Au-Pair-Club-18x12.jpg 18w, https:\/\/aupairscout.com\/wp-content\/uploads\/2023\/10\/Registrierung-Au-Pair-Club-600x394.jpg 600w, https:\/\/aupairscout.com\/wp-content\/uploads\/2023\/10\/Registrierung-Au-Pair-Club.jpg 1280w\" sizes=\"auto, (max-width: 1024px) 100vw, 1024px\" \/><\/figure>\n<\/div>\n\n\n\n<div class=\"wp-block-column is-layout-flow wp-block-column-is-layout-flow\">\n<h2 class=\"wp-block-heading\"><strong>4 passaggi per la registrazione al club alla pari<\/strong><\/h2>\n\n\n\n<p>Qui hai la possibilit\u00e0 di registrarti gratuitamente come club\/luogo di incontro per au pair e di presentarti online in tutto il mondo. Qui verrete contattati da au pair che hanno trovato una famiglia ospitante nelle vicinanze o da famiglie ospitanti che hanno accolto un au pair nella loro casa. Gli au pair cercano spesso nuovi amici o persone che la pensano allo stesso modo nel loro tempo libero. Ora segui i 4 passaggi seguenti. <\/p>\n<\/div>\n<\/div>\n<\/div>\n\n\n\n<section class=\"wp-block-group near has-global-padding is-layout-constrained wp-block-group-is-layout-constrained\">\n<div class=\"wp-block-getwid-accordion has-icon-left\" data-active-element=\"0\">\n<div class=\"wp-block-getwid-accordion__header-wrapper\"><span class=\"wp-block-getwid-accordion__header\"><a href=\"#\"><span class=\"wp-block-getwid-accordion__header-title\">Registrazione<\/span><span class=\"wp-block-getwid-accordion__icon is-active\"><i class=\"\"><\/i><\/span><span class=\"wp-block-getwid-accordion__icon is-passive\"><i class=\"\"><\/i><\/span><\/a><\/span><\/div><div class=\"wp-block-getwid-accordion__content-wrapper\"><div class=\"wp-block-getwid-accordion__content\">\n<p>La registrazione come club\/luogo d&#039;incontro alla pari \u00e8 gratuita e non vincolante.<\/p>\n\n\n\n<p>Ti piacerebbe diventare visibile agli au pair come club alla pari e invitarli alle riunioni del tuo club?<\/p>\n\n\n\n<p>Allora registrati sul nostro sito compilando il questionario in modo completo e veritiero.<\/p>\n\n\n\n<p>Aggiungi una bella foto e il logo del tuo club alla pari e presentati alle ragazze alla pari.<\/p>\n<\/div><\/div>\n\n\n\n<div class=\"wp-block-getwid-accordion__header-wrapper\"><span class=\"wp-block-getwid-accordion__header\"><a href=\"#\"><span class=\"wp-block-getwid-accordion__header-title\">Attivazione<\/span><span class=\"wp-block-getwid-accordion__icon is-active\"><i class=\"\"><\/i><\/span><span class=\"wp-block-getwid-accordion__icon is-passive\"><i class=\"\"><\/i><\/span><\/a><\/span><\/div><div class=\"wp-block-getwid-accordion__content-wrapper\"><div class=\"wp-block-getwid-accordion__content\">\n<p>Dopo aver ricevuto il tuo profilo, lo esamineremo e lo attiveremo entro 24 - 48 ore, se non ci sono domande da parte nostra.<\/p>\n<\/div><\/div>\n\n\n\n<div class=\"wp-block-getwid-accordion__header-wrapper\"><span class=\"wp-block-getwid-accordion__header\"><a href=\"#\"><span class=\"wp-block-getwid-accordion__header-title\">Fatti trovare<\/span><span class=\"wp-block-getwid-accordion__icon is-active\"><i class=\"\"><\/i><\/span><span class=\"wp-block-getwid-accordion__icon is-passive\"><i class=\"\"><\/i><\/span><\/a><\/span><\/div><div class=\"wp-block-getwid-accordion__content-wrapper\"><div class=\"wp-block-getwid-accordion__content\">\n<p>Dopo la registrazione e l&#039;attivazione gratuite, potrai essere contattato\/chattato da tutti.<\/p>\n<\/div><\/div>\n\n\n\n<div class=\"wp-block-getwid-accordion__header-wrapper\"><span class=\"wp-block-getwid-accordion__header\"><a href=\"#\"><span class=\"wp-block-getwid-accordion__header-title\">Chiacchierare<\/span><span class=\"wp-block-getwid-accordion__icon is-active\"><i class=\"\"><\/i><\/span><span class=\"wp-block-getwid-accordion__icon is-passive\"><i class=\"\"><\/i><\/span><\/a><\/span><\/div><div class=\"wp-block-getwid-accordion__content-wrapper\"><div class=\"wp-block-getwid-accordion__content\">\n<p>Puoi contattare gli au pair e le famiglie tramite chat, scambiare idee e conoscerli approfonditamente.<\/p>\n<\/div><\/div>\n<\/div>\n\n\n\n<div class=\"wp-block-group aupair is-layout-flow wp-block-group-is-layout-flow\">\n<div class=\"wp-block-buttons is-layout-flex wp-block-buttons-is-layout-flex\">\n<div class=\"wp-block-button CTA\"><a class=\"wp-block-button__link wp-element-button\" href=\"\/registrierung-als-au-pair-club\">andiamo<\/a><\/div>\n<\/div>\n<\/div>\n<\/section>\n\n\n\n<section class=\"wp-block-group with-background has-global-padding is-layout-constrained wp-block-group-is-layout-constrained\">\n<h3 class=\"wp-block-heading\">Ancora domande?<\/h3>\n\n\n\n<p>ANCORA DOMANDE? Se hai domande, problemi o suggerimenti saremo felici di aiutarti durante il normale orario di ufficio. Potete contattarci tramite telefono, email o modulo di contatto. Abbiamo messo insieme un elenco di domande e risposte, suddivise per argomento, nella sezione \u201cDomande frequenti\u201d.<\/p>\n<\/section>","protected":false},"excerpt":{"rendered":"<p>In 4 Schritten zur Au-pair Club Registrierung Hier haben Sie die M\u00f6glichkeit, sich kostenlos als Au-pair Club\/Treff zu registrieren und sich weltweit online zu pr\u00e4sentieren. Hier werden Sie von Au-pairs angesprochen, die in der N\u00e4he eine Gastfamilie gefunden haben oder von Gastfamilien, die in ihrer N\u00e4he ein Au-pair im Hause aufgenommen haben. Oft suchen Au-pairs [&hellip;]<\/p>\n","protected":false},"author":990158,"featured_media":0,"parent":0,"menu_order":0,"comment_status":"closed","ping_status":"closed","template":"","meta":{"footnotes":""},"class_list":["post-5134","page","type-page","status-publish","hentry"],"_links":{"self":[{"href":"https:\/\/aupairscout.com\/it\/wp-json\/wp\/v2\/pages\/5134","targetHints":{"allow":["GET"]}}],"collection":[{"href":"https:\/\/aupairscout.com\/it\/wp-json\/wp\/v2\/pages"}],"about":[{"href":"https:\/\/aupairscout.com\/it\/wp-json\/wp\/v2\/types\/page"}],"author":[{"embeddable":true,"href":"https:\/\/aupairscout.com\/it\/wp-json\/wp\/v2\/users\/990158"}],"replies":[{"embeddable":true,"href":"https:\/\/aupairscout.com\/it\/wp-json\/wp\/v2\/comments?post=5134"}],"version-history":[{"count":14,"href":"https:\/\/aupairscout.com\/it\/wp-json\/wp\/v2\/pages\/5134\/revisions"}],"predecessor-version":[{"id":6532,"href":"https:\/\/aupairscout.com\/it\/wp-json\/wp\/v2\/pages\/5134\/revisions\/6532"}],"wp:attachment":[{"href":"https:\/\/aupairscout.com\/it\/wp-json\/wp\/v2\/media?parent=5134"}],"curies":[{"name":"parola chiave","href":"https:\/\/api.w.org\/{rel}","templated":true}]}}