{"id":2251,"date":"2022-06-22T13:20:47","date_gmt":"2022-06-22T11:20:47","guid":{"rendered":"https:\/\/aupair.mondoit.de\/?page_id=2251"},"modified":"2023-09-24T13:19:57","modified_gmt":"2023-09-24T11:19:57","slug":"parigi","status":"publish","type":"page","link":"https:\/\/aupairscout.com\/it\/parigi\/","title":{"rendered":"Parigi"},"content":{"rendered":"<h2 class=\"wp-block-post-title\"><div class=\"breadcrumbs\"><span class=\"crumb\"><a href=\"https:\/\/aupairscout.com\/it\">AuPairScout - Internazionale<\/a> \u00bb <\/span><span class=\"crumb current-page\">Parigi<\/span><\/div><\/h2>\n\n\n\n<section class=\"wp-block-group has-global-padding is-layout-constrained wp-block-group-is-layout-constrained\">\n<div class=\"wp-block-columns is-layout-flex wp-container-core-columns-is-layout-28f84493 wp-block-columns-is-layout-flex\">\n<div class=\"wp-block-column is-layout-flow wp-block-column-is-layout-flow\">\n<h2 class=\"wp-block-heading\">Storia<\/h2>\n\n\n\n<p>Trenta-quaranta milioni di anni fa, il Bacino di Parigi era un mare caldo e poco profondo, punteggiato da isole: Mont Val\u00e9rien, Chaillot, Belleville, Montmartre, Bagneux e Meudon. Questo mare era abitato principalmente da nummuliti del gruppo dei foraminiferi, i cui fossili fornirono in seguito il materiale da costruzione della citt\u00e0. Inoltre, la fauna lagunare di Buttes-Montmartre, Buttes-Chaumont e M\u00e9nilmontant produceva gesso, il secondo materiale da costruzione essenziale.<\/p>\n\n\n\n<p>Successivamente, con l&#039;erosione del vasto altopiano calcareo nell&#039;attuale Francia nord-orientale, si form\u00f2 la Senna, con un bacino idrografico di circa 200 chilometri di diametro. Nel suo punto pi\u00f9 basso, a 28 metri sul livello del mare, si form\u00f2 un arcipelago, dove si insediarono gli abitanti. Non rimane traccia di questo insediamento, soprattutto perch\u00e9 l&#039;attuale livello di insediamento \u00e8 di circa sei metri pi\u00f9 alto rispetto al livello originale. Solo all&#039;estremit\u00e0 occidentale dell&#039;\u00cele de la Cit\u00e9, che all&#039;epoca era composta da diverse piccole isole collegate solo in seguito, il livello \u00e8 ancora quello originale.<\/p>\n<\/div>\n\n\n\n<div class=\"wp-block-column is-layout-flow wp-block-column-is-layout-flow\">\n<h2 class=\"wp-block-heading\">Andare a Parigi come ragazza alla pari<\/h2>\n\n\n\n<figure class=\"wp-block-gallery has-nested-images columns-default is-cropped wp-block-gallery-1 is-layout-flex wp-block-gallery-is-layout-flex\">\n<figure class=\"wp-block-image size-full\"><a href=\"https:\/\/aupairscout.com\/wp-content\/uploads\/2022\/06\/france-g8c52ec58b_1920.jpg\"><img loading=\"lazy\" decoding=\"async\" width=\"1280\" height=\"1920\" data-id=\"2312\" src=\"https:\/\/aupairscout.com\/wp-content\/uploads\/2022\/06\/france-g8c52ec58b_1920.jpg\" alt=\"\" class=\"wp-image-2312\" srcset=\"https:\/\/aupairscout.com\/wp-content\/uploads\/2022\/06\/france-g8c52ec58b_1920.jpg 1280w, https:\/\/aupairscout.com\/wp-content\/uploads\/2022\/06\/france-g8c52ec58b_1920-600x900.jpg 600w, https:\/\/aupairscout.com\/wp-content\/uploads\/2022\/06\/france-g8c52ec58b_1920-200x300.jpg 200w, https:\/\/aupairscout.com\/wp-content\/uploads\/2022\/06\/france-g8c52ec58b_1920-683x1024.jpg 683w, https:\/\/aupairscout.com\/wp-content\/uploads\/2022\/06\/france-g8c52ec58b_1920-768x1152.jpg 768w, https:\/\/aupairscout.com\/wp-content\/uploads\/2022\/06\/france-g8c52ec58b_1920-1024x1536.jpg 1024w, https:\/\/aupairscout.com\/wp-content\/uploads\/2022\/06\/france-g8c52ec58b_1920-8x12.jpg 8w\" sizes=\"auto, (max-width: 1280px) 100vw, 1280px\" \/><\/a><\/figure>\n\n\n\n<figure class=\"wp-block-image size-full\"><a href=\"https:\/\/aupairscout.com\/wp-content\/uploads\/2022\/06\/paris-g79eb05565_1280.jpg\"><img loading=\"lazy\" decoding=\"async\" width=\"1280\" height=\"853\" data-id=\"2256\" src=\"https:\/\/aupairscout.com\/wp-content\/uploads\/2022\/06\/paris-g79eb05565_1280.jpg\" alt=\"\" class=\"wp-image-2256\" srcset=\"https:\/\/aupairscout.com\/wp-content\/uploads\/2022\/06\/paris-g79eb05565_1280.jpg 1280w, https:\/\/aupairscout.com\/wp-content\/uploads\/2022\/06\/paris-g79eb05565_1280-600x400.jpg 600w, https:\/\/aupairscout.com\/wp-content\/uploads\/2022\/06\/paris-g79eb05565_1280-300x200.jpg 300w, https:\/\/aupairscout.com\/wp-content\/uploads\/2022\/06\/paris-g79eb05565_1280-1024x682.jpg 1024w, https:\/\/aupairscout.com\/wp-content\/uploads\/2022\/06\/paris-g79eb05565_1280-768x512.jpg 768w, https:\/\/aupairscout.com\/wp-content\/uploads\/2022\/06\/paris-g79eb05565_1280-18x12.jpg 18w\" sizes=\"auto, (max-width: 1280px) 100vw, 1280px\" \/><\/a><\/figure>\n\n\n\n<figure class=\"wp-block-image size-full\"><a href=\"https:\/\/aupairscout.com\/wp-content\/uploads\/2022\/06\/city-g7d8633dcf_1280.jpg\"><img loading=\"lazy\" decoding=\"async\" width=\"1280\" height=\"790\" data-id=\"2255\" src=\"https:\/\/aupairscout.com\/wp-content\/uploads\/2022\/06\/city-g7d8633dcf_1280.jpg\" alt=\"\" class=\"wp-image-2255\" srcset=\"https:\/\/aupairscout.com\/wp-content\/uploads\/2022\/06\/city-g7d8633dcf_1280.jpg 1280w, https:\/\/aupairscout.com\/wp-content\/uploads\/2022\/06\/city-g7d8633dcf_1280-600x370.jpg 600w, https:\/\/aupairscout.com\/wp-content\/uploads\/2022\/06\/city-g7d8633dcf_1280-300x185.jpg 300w, https:\/\/aupairscout.com\/wp-content\/uploads\/2022\/06\/city-g7d8633dcf_1280-1024x632.jpg 1024w, https:\/\/aupairscout.com\/wp-content\/uploads\/2022\/06\/city-g7d8633dcf_1280-768x474.jpg 768w, https:\/\/aupairscout.com\/wp-content\/uploads\/2022\/06\/city-g7d8633dcf_1280-18x12.jpg 18w\" sizes=\"auto, (max-width: 1280px) 100vw, 1280px\" \/><\/a><\/figure>\n\n\n\n<figure class=\"wp-block-image size-full\"><a href=\"https:\/\/aupairscout.com\/wp-content\/uploads\/2022\/06\/eiffel-tower-ge81ac74dd_1280.jpg\"><img loading=\"lazy\" decoding=\"async\" width=\"1280\" height=\"853\" data-id=\"2254\" src=\"https:\/\/aupairscout.com\/wp-content\/uploads\/2022\/06\/eiffel-tower-ge81ac74dd_1280.jpg\" alt=\"\" class=\"wp-image-2254\" srcset=\"https:\/\/aupairscout.com\/wp-content\/uploads\/2022\/06\/eiffel-tower-ge81ac74dd_1280.jpg 1280w, https:\/\/aupairscout.com\/wp-content\/uploads\/2022\/06\/eiffel-tower-ge81ac74dd_1280-600x400.jpg 600w, https:\/\/aupairscout.com\/wp-content\/uploads\/2022\/06\/eiffel-tower-ge81ac74dd_1280-300x200.jpg 300w, https:\/\/aupairscout.com\/wp-content\/uploads\/2022\/06\/eiffel-tower-ge81ac74dd_1280-1024x682.jpg 1024w, https:\/\/aupairscout.com\/wp-content\/uploads\/2022\/06\/eiffel-tower-ge81ac74dd_1280-768x512.jpg 768w, https:\/\/aupairscout.com\/wp-content\/uploads\/2022\/06\/eiffel-tower-ge81ac74dd_1280-18x12.jpg 18w\" sizes=\"auto, (max-width: 1280px) 100vw, 1280px\" \/><\/a><\/figure>\n\n\n\n<figure class=\"wp-block-image size-full\"><a href=\"https:\/\/aupairscout.com\/wp-content\/uploads\/2022\/06\/paris-ged3e06bc0_1280.jpg\"><img loading=\"lazy\" decoding=\"async\" width=\"1280\" height=\"570\" data-id=\"2253\" src=\"https:\/\/aupairscout.com\/wp-content\/uploads\/2022\/06\/paris-ged3e06bc0_1280.jpg\" alt=\"\" class=\"wp-image-2253\" srcset=\"https:\/\/aupairscout.com\/wp-content\/uploads\/2022\/06\/paris-ged3e06bc0_1280.jpg 1280w, https:\/\/aupairscout.com\/wp-content\/uploads\/2022\/06\/paris-ged3e06bc0_1280-600x267.jpg 600w, https:\/\/aupairscout.com\/wp-content\/uploads\/2022\/06\/paris-ged3e06bc0_1280-300x134.jpg 300w, https:\/\/aupairscout.com\/wp-content\/uploads\/2022\/06\/paris-ged3e06bc0_1280-1024x456.jpg 1024w, https:\/\/aupairscout.com\/wp-content\/uploads\/2022\/06\/paris-ged3e06bc0_1280-768x342.jpg 768w, https:\/\/aupairscout.com\/wp-content\/uploads\/2022\/06\/paris-ged3e06bc0_1280-18x8.jpg 18w\" sizes=\"auto, (max-width: 1280px) 100vw, 1280px\" \/><\/a><\/figure>\n<\/figure>\n<\/div>\n<\/div>\n<\/section>\n\n\n\n<section id=\"last-cta\" class=\"wp-block-group with-background small has-global-padding is-layout-constrained wp-block-group-is-layout-constrained\">\n<div class=\"wp-block-columns aupair is-layout-flex wp-container-core-columns-is-layout-28f84493 wp-block-columns-is-layout-flex\">\n<div class=\"wp-block-column is-layout-flow wp-block-column-is-layout-flow\">\n<h2 class=\"wp-block-heading\"><strong>Registrati ora gratuitamente!<\/strong><\/h2>\n\n\n\n<h5 class=\"wp-block-heading\">RIUNIAMO AU PAIR, FAMIGLIE OSPITANTI, AGENZIE, SCUOLE DI LINGUA E AU PAIR CLUB IN TUTTO IL MONDO DAL 1997.<\/h5>\n<\/div>\n\n\n\n<div class=\"wp-block-column is-layout-flow wp-block-column-is-layout-flow\">\n<div class=\"wp-block-buttons is-layout-flex wp-block-buttons-is-layout-flex\">\n<div class=\"wp-block-button highlighted\"><a class=\"wp-block-button__link wp-element-button\" href=\"\/#registrierung\"><strong>Andiamo<\/strong><\/a><\/div>\n<\/div>\n<\/div>\n<\/div>\n<\/section>","protected":false},"excerpt":{"rendered":"<p>Geschichte Vor 30 bis 40 Millionen Jahren war das&nbsp;Pariser Becken&nbsp;ein flaches warmes Meer, aus dem einzelne Inseln herausragten: der&nbsp;Mont Val\u00e9rien, Chaillot, Belleville, Montmartre, Bagneux&nbsp;und der&nbsp;Meudon. Dieses Meer war vor allem von&nbsp;Nummuliten&nbsp;aus der Gruppe der&nbsp;Foraminiferen&nbsp;besiedelt, deren Versteinerungen sp\u00e4ter das Baumaterial der Stadt lieferten. Hinzu kam die Lagunenfauna von&nbsp;Buttes-Montmartre, von&nbsp;Buttes-Chaumont&nbsp;und&nbsp;M\u00e9nilmontant, die den&nbsp;Gips&nbsp;erzeugte, den zweiten wesentlichen Baustoff. Sp\u00e4ter, [&hellip;]<\/p>\n","protected":false},"author":990158,"featured_media":0,"parent":0,"menu_order":0,"comment_status":"closed","ping_status":"closed","template":"","meta":{"footnotes":""},"class_list":["post-2251","page","type-page","status-publish","hentry"],"_links":{"self":[{"href":"https:\/\/aupairscout.com\/it\/wp-json\/wp\/v2\/pages\/2251","targetHints":{"allow":["GET"]}}],"collection":[{"href":"https:\/\/aupairscout.com\/it\/wp-json\/wp\/v2\/pages"}],"about":[{"href":"https:\/\/aupairscout.com\/it\/wp-json\/wp\/v2\/types\/page"}],"author":[{"embeddable":true,"href":"https:\/\/aupairscout.com\/it\/wp-json\/wp\/v2\/users\/990158"}],"replies":[{"embeddable":true,"href":"https:\/\/aupairscout.com\/it\/wp-json\/wp\/v2\/comments?post=2251"}],"version-history":[{"count":6,"href":"https:\/\/aupairscout.com\/it\/wp-json\/wp\/v2\/pages\/2251\/revisions"}],"predecessor-version":[{"id":4736,"href":"https:\/\/aupairscout.com\/it\/wp-json\/wp\/v2\/pages\/2251\/revisions\/4736"}],"wp:attachment":[{"href":"https:\/\/aupairscout.com\/it\/wp-json\/wp\/v2\/media?parent=2251"}],"curies":[{"name":"parola chiave","href":"https:\/\/api.w.org\/{rel}","templated":true}]}}