{"id":1954,"date":"2022-05-31T11:54:22","date_gmt":"2022-05-31T09:54:22","guid":{"rendered":"https:\/\/aupair.mondoit.de\/?page_id=1954"},"modified":"2024-12-24T10:37:20","modified_gmt":"2024-12-24T09:37:20","slug":"per-le-agenzie-funziona-cosi","status":"publish","type":"page","link":"https:\/\/aupairscout.com\/it\/per-le-agenzie-funziona-cosi\/","title":{"rendered":"Agenzie Ecco come funziona"},"content":{"rendered":"<div id=\"pagehead\" class=\"wp-block-group has-global-padding is-layout-constrained wp-block-group-is-layout-constrained\">\n<div class=\"wp-block-columns is-layout-flex wp-container-core-columns-is-layout-28f84493 wp-block-columns-is-layout-flex\">\n<div class=\"wp-block-column is-layout-flow wp-block-column-is-layout-flow\">\n<figure class=\"wp-block-image size-large\"><img loading=\"lazy\" decoding=\"async\" width=\"1024\" height=\"672\" src=\"https:\/\/aupairscout.com\/wp-content\/uploads\/2023\/09\/Registrierung-Agentur-1024x672.jpg\" alt=\"Au-pair Scout pu\u00f2 essere utilizzato dalle agenzie come piattaforma alla pari: registrati, diventa membro, presenta i tuoi au pair.\" class=\"wp-image-4382\" srcset=\"https:\/\/aupairscout.com\/wp-content\/uploads\/2023\/09\/Registrierung-Agentur-1024x672.jpg 1024w, https:\/\/aupairscout.com\/wp-content\/uploads\/2023\/09\/Registrierung-Agentur-300x197.jpg 300w, https:\/\/aupairscout.com\/wp-content\/uploads\/2023\/09\/Registrierung-Agentur-768x504.jpg 768w, https:\/\/aupairscout.com\/wp-content\/uploads\/2023\/09\/Registrierung-Agentur-18x12.jpg 18w, https:\/\/aupairscout.com\/wp-content\/uploads\/2023\/09\/Registrierung-Agentur.jpg 1280w\" sizes=\"auto, (max-width: 1024px) 100vw, 1024px\" \/><\/figure>\n<\/div>\n\n\n\n<div class=\"wp-block-column is-layout-flow wp-block-column-is-layout-flow\">\n<h2 class=\"wp-block-heading\">Piattaforma alla pari \u2013 ecco come funziona per le agenzie: registrazione dell&#039;agenzia in 5 passaggi.<\/h2>\n\n\n\n<p>Qui hai la possibilit\u00e0 di registrarti come agenzia alla pari e presentarti online in tutto il mondo con un abbonamento. Puoi usarlo per registrare i tuoi au pair o comunicare con gli au pair, le famiglie ospitanti e le agenzie che desiderano richiederlo. Basta seguire i 5 passaggi seguenti.<\/p>\n<\/div>\n<\/div>\n<\/div>\n\n\n\n<section class=\"wp-block-group near has-global-padding is-layout-constrained wp-block-group-is-layout-constrained\">\n<div class=\"wp-block-getwid-accordion has-icon-left\" data-active-element=\"0\">\n<div class=\"wp-block-getwid-accordion__header-wrapper\"><span class=\"wp-block-getwid-accordion__header\"><a href=\"#\"><span class=\"wp-block-getwid-accordion__header-title\">Registrazione<\/span><span class=\"wp-block-getwid-accordion__icon is-active\"><i class=\"\"><\/i><\/span><span class=\"wp-block-getwid-accordion__icon is-passive\"><i class=\"\"><\/i><\/span><\/a><\/span><\/div><div class=\"wp-block-getwid-accordion__content-wrapper\"><div class=\"wp-block-getwid-accordion__content\">\n<p>Ti piacerebbe trovare au pair e famiglie ospitanti in tutto il mondo come agenzia e inserire i tuoi au pair nella nostra gallery? Allora registrati sul nostro sito compilando il questionario in modo completo e veritiero.<\/p>\n\n\n\n<p>Aggiungi una bella foto e il logo della tua agenzia (senza dettagli di contatto) e presentati agli au pair, alle famiglie ospitanti e ad altre agenzie.<\/p>\n\n\n\n<p>Una volta completata la registrazione, riceverai via e-mail il numero del tuo profilo e i dettagli della registrazione. Pubblicheremo i recapiti della tua agenzia in modo che tutti possano trovarti e contattarti.<\/p>\n<\/div><\/div>\n\n\n\n<div class=\"wp-block-getwid-accordion__header-wrapper\"><span class=\"wp-block-getwid-accordion__header\"><a href=\"#\"><span class=\"wp-block-getwid-accordion__header-title\">Attivazione<\/span><span class=\"wp-block-getwid-accordion__icon is-active\"><i class=\"\"><\/i><\/span><span class=\"wp-block-getwid-accordion__icon is-passive\"><i class=\"\"><\/i><\/span><\/a><\/span><\/div><div class=\"wp-block-getwid-accordion__content-wrapper\"><div class=\"wp-block-getwid-accordion__content\">\n<p>Dopo aver ricevuto il tuo profilo, lo controlleremo e lo attiveremo con il tuo ABBONAMENTO entro 24 - 48 ore, se non ci sono domande da parte nostra.<\/p>\n<\/div><\/div>\n\n\n\n<div class=\"wp-block-getwid-accordion__header-wrapper\"><span class=\"wp-block-getwid-accordion__header\"><a href=\"#\"><span class=\"wp-block-getwid-accordion__header-title\">Cerca e trova<\/span><span class=\"wp-block-getwid-accordion__icon is-active\"><i class=\"\"><\/i><\/span><span class=\"wp-block-getwid-accordion__icon is-passive\"><i class=\"\"><\/i><\/span><\/a><\/span><\/div><div class=\"wp-block-getwid-accordion__content-wrapper\"><div class=\"wp-block-getwid-accordion__content\">\n<p>Dopo la registrazione gratuita, hai la possibilit\u00e0 di acquistare uno dei 3 abbonamenti offerti, che differiscono solo per la durata.<\/p>\n\n\n\n<p>Ora puoi, quando vuoi, sfogliare la nostra galleria di au pair e famiglie costantemente aggiornata o utilizzare la nostra comoda ricerca di au pair e famiglie e contattare gli au pair e le famiglie ospitanti di tuo interesse con un clic del mouse.<\/p>\n<\/div><\/div>\n\n\n\n<div class=\"wp-block-getwid-accordion__header-wrapper\"><span class=\"wp-block-getwid-accordion__header\"><a href=\"#\"><span class=\"wp-block-getwid-accordion__header-title\">Chiacchierare<\/span><span class=\"wp-block-getwid-accordion__icon is-active\"><i class=\"\"><\/i><\/span><span class=\"wp-block-getwid-accordion__icon is-passive\"><i class=\"\"><\/i><\/span><\/a><\/span><\/div><div class=\"wp-block-getwid-accordion__content-wrapper\"><div class=\"wp-block-getwid-accordion__content\">\n<p>Puoi contattare gli au pair, le famiglie ospitanti e le agenzie tramite chat, scambiare idee con loro e conoscerli approfonditamente, esprimendo il tuo serio interesse. Naturalmente, prima di prendere una decisione definitiva, potrete comunicare con diverse famiglie ospitanti per le quali avete una famiglia ospitante adatta o con diverse famiglie ospitanti per le quali avete una famiglia ospitante adatta.<\/p>\n<\/div><\/div>\n\n\n\n<div class=\"wp-block-getwid-accordion__header-wrapper\"><span class=\"wp-block-getwid-accordion__header\"><a href=\"#\"><span class=\"wp-block-getwid-accordion__header-title\">mediazione<\/span><span class=\"wp-block-getwid-accordion__icon is-active\"><i class=\"\"><\/i><\/span><span class=\"wp-block-getwid-accordion__icon is-passive\"><i class=\"\"><\/i><\/span><\/a><\/span><\/div><div class=\"wp-block-getwid-accordion__content-wrapper\"><div class=\"wp-block-getwid-accordion__content\">\n<p>Hai trovato un au pair per una famiglia ospitante o una famiglia ospitante per il tuo au pair? Quindi organizza tutto il resto come un&#039;agenzia.<\/p>\n<\/div><\/div>\n<\/div>\n\n\n\n<div class=\"wp-block-group aupair is-layout-flow wp-block-group-is-layout-flow\">\n<div class=\"wp-block-buttons is-layout-flex wp-block-buttons-is-layout-flex\">\n<div class=\"wp-block-button CTA\"><a class=\"wp-block-button__link wp-element-button\" href=\"\/registrierung-als-agentur\/\">andiamo<\/a><\/div>\n<\/div>\n<\/div>\n<\/section>\n\n\n\n<section class=\"wp-block-group with-background has-global-padding is-layout-constrained wp-block-group-is-layout-constrained\">\n<h3 class=\"wp-block-heading\">Ancora domande?<\/h3>\n\n\n\n<p>ANCORA DOMANDE? Se hai domande, problemi o suggerimenti saremo felici di aiutarti durante il normale orario di ufficio. Potete contattarci tramite telefono, email o modulo di contatto. Abbiamo messo insieme un elenco di domande e risposte, suddivise per argomento, nella sezione \u201cDomande frequenti\u201d.<\/p>\n<\/section>","protected":false},"excerpt":{"rendered":"<p>Au-pair Plattform \u2013 so funktioniert\u2019s f\u00fcr Agenturen: In 5 Schritten zur Agentur-Registrierung. Hier haben Sie die M\u00f6glichkeit, sich als Au-pair Agentur zu registrieren und sich mit einer Mitgliedschaft online weltweit zu pr\u00e4sentieren. Sie k\u00f6nnen damit eigene Au-pairs registrieren oder mit anfragenden Au-pairs, Gastfamilien und Agenturen kommunizieren. Folgen Sie einfach den nachstehenden 5 Schritten.<\/p>","protected":false},"author":990158,"featured_media":0,"parent":0,"menu_order":0,"comment_status":"closed","ping_status":"closed","template":"","meta":{"footnotes":""},"class_list":["post-1954","page","type-page","status-publish","hentry"],"_links":{"self":[{"href":"https:\/\/aupairscout.com\/it\/wp-json\/wp\/v2\/pages\/1954","targetHints":{"allow":["GET"]}}],"collection":[{"href":"https:\/\/aupairscout.com\/it\/wp-json\/wp\/v2\/pages"}],"about":[{"href":"https:\/\/aupairscout.com\/it\/wp-json\/wp\/v2\/types\/page"}],"author":[{"embeddable":true,"href":"https:\/\/aupairscout.com\/it\/wp-json\/wp\/v2\/users\/990158"}],"replies":[{"embeddable":true,"href":"https:\/\/aupairscout.com\/it\/wp-json\/wp\/v2\/comments?post=1954"}],"version-history":[{"count":16,"href":"https:\/\/aupairscout.com\/it\/wp-json\/wp\/v2\/pages\/1954\/revisions"}],"predecessor-version":[{"id":6522,"href":"https:\/\/aupairscout.com\/it\/wp-json\/wp\/v2\/pages\/1954\/revisions\/6522"}],"wp:attachment":[{"href":"https:\/\/aupairscout.com\/it\/wp-json\/wp\/v2\/media?parent=1954"}],"curies":[{"name":"parola chiave","href":"https:\/\/api.w.org\/{rel}","templated":true}]}}