{"id":1693,"date":"2022-05-30T10:37:45","date_gmt":"2022-05-30T08:37:45","guid":{"rendered":"https:\/\/aupair.mondoit.de\/?page_id=1693"},"modified":"2025-09-24T18:24:05","modified_gmt":"2025-09-24T16:24:05","slug":"per-le-famiglie-funziona-cosi","status":"publish","type":"page","link":"https:\/\/aupairscout.com\/it\/per-le-famiglie-funziona-cosi\/","title":{"rendered":"Famiglie, funziona cos\u00ec"},"content":{"rendered":"<div id=\"pagehead\" class=\"wp-block-group has-global-padding is-layout-constrained wp-block-group-is-layout-constrained\">\n<div class=\"wp-block-columns is-layout-flex wp-container-core-columns-is-layout-28f84493 wp-block-columns-is-layout-flex\">\n<div class=\"wp-block-column is-layout-flow wp-block-column-is-layout-flow\">\n<figure class=\"wp-block-image size-large\"><img loading=\"lazy\" decoding=\"async\" width=\"1024\" height=\"672\" src=\"https:\/\/aupairscout.com\/wp-content\/uploads\/2023\/09\/Registrierung-Familie-1024x672.jpg\" alt=\"Posizionamento alla pari per famiglie ospitanti \" class=\"wp-image-4257\" srcset=\"https:\/\/aupairscout.com\/wp-content\/uploads\/2023\/09\/Registrierung-Familie-1024x672.jpg 1024w, https:\/\/aupairscout.com\/wp-content\/uploads\/2023\/09\/Registrierung-Familie-300x197.jpg 300w, https:\/\/aupairscout.com\/wp-content\/uploads\/2023\/09\/Registrierung-Familie-768x504.jpg 768w, https:\/\/aupairscout.com\/wp-content\/uploads\/2023\/09\/Registrierung-Familie-18x12.jpg 18w, https:\/\/aupairscout.com\/wp-content\/uploads\/2023\/09\/Registrierung-Familie.jpg 1280w\" sizes=\"auto, (max-width: 1024px) 100vw, 1024px\" \/><\/figure>\n<\/div>\n\n\n\n<div class=\"wp-block-column is-layout-flow wp-block-column-is-layout-flow\">\n<h2 class=\"wp-block-heading\"><strong>Posizionamento alla pari per famiglie ospitanti <\/strong>&#8211; <strong>Diventa la ragazza alla pari dei tuoi sogni in 5 passaggi<\/strong><\/h2>\n\n\n\n<p>Qui potrete registrarvi gratuitamente come famiglia ospitante e contattare gli au pair. L&#039;iscrizione ti consente di leggere le risposte dell&#039;aupair e di comunicare ulteriormente con, selezionare e infine invitare l&#039;aupair. Se non riesci a creare tu stesso i documenti di invito, saremo felici di aiutarti nella sezione &quot;Servizio extra&quot;. Ora segui i 5 passaggi seguenti. Dopo la registrazione, non dimenticare di caricare foto e album aggiuntivi.<\/p>\n<\/div>\n<\/div>\n<\/div>\n\n\n\n<section class=\"wp-block-group near has-global-padding is-layout-constrained wp-block-group-is-layout-constrained\">\n<div class=\"wp-block-getwid-accordion has-icon-left\" data-active-element=\"0\">\n<div class=\"wp-block-getwid-accordion__header-wrapper\"><span class=\"wp-block-getwid-accordion__header\"><a href=\"#\"><span class=\"wp-block-getwid-accordion__header-title\">Registrazione<\/span><span class=\"wp-block-getwid-accordion__icon is-active\"><i class=\"\"><\/i><\/span><span class=\"wp-block-getwid-accordion__icon is-passive\"><i class=\"\"><\/i><\/span><\/a><\/span><\/div><div class=\"wp-block-getwid-accordion__content-wrapper\"><div class=\"wp-block-getwid-accordion__content\">\n<p>Ti piacerebbe trovare un au pair come famiglia ospitante? La registrazione \u00e8 gratuita e non vincolante.<\/p>\n\n\n\n<p>Allora registrati sul nostro sito compilando il questionario in modo completo e veritiero.<\/p>\n\n\n\n<p>Aggiungi bellissime foto della tua famiglia, di te stesso, dei tuoi figli, del tuo appartamento\/casa\/ambiente e della futura stanza per l&#039;au pair, insieme ad una simpatica lettera per il futuro au pair, ma senza i dettagli di contatto personali!<\/p>\n\n\n\n<p>Non appena avrai completato la registrazione, riceverai via e-mail una copia del tuo profilo, il numero del tuo profilo e i dettagli della registrazione.<\/p>\n\n\n\n<p><strong>In nessun caso pubblicheremo i tuoi dati personali di contatto.<\/strong><\/p>\n<\/div><\/div>\n\n\n\n<div class=\"wp-block-getwid-accordion__header-wrapper\"><span class=\"wp-block-getwid-accordion__header\"><a href=\"#\"><span class=\"wp-block-getwid-accordion__header-title\">Attivazione<\/span><span class=\"wp-block-getwid-accordion__icon is-active\"><i class=\"\"><\/i><\/span><span class=\"wp-block-getwid-accordion__icon is-passive\"><i class=\"\"><\/i><\/span><\/a><\/span><\/div><div class=\"wp-block-getwid-accordion__content-wrapper\"><div class=\"wp-block-getwid-accordion__content\">\n<p>Dopo aver ricevuto il tuo profilo, lo esamineremo e lo attiveremo entro 24 - 48 ore, se non ci sono domande da parte nostra.<\/p>\n<\/div><\/div>\n\n\n\n<div class=\"wp-block-getwid-accordion__header-wrapper\"><span class=\"wp-block-getwid-accordion__header\"><a href=\"#\"><span class=\"wp-block-getwid-accordion__header-title\">Cerca e trova<\/span><span class=\"wp-block-getwid-accordion__icon is-active\"><i class=\"\"><\/i><\/span><span class=\"wp-block-getwid-accordion__icon is-passive\"><i class=\"\"><\/i><\/span><\/a><\/span><\/div><div class=\"wp-block-getwid-accordion__content-wrapper\"><div class=\"wp-block-getwid-accordion__content\">\n<p>Dopo la registrazione gratuita, hai la possibilit\u00e0 di scegliere uno dei 3 abbonamenti offerti, che differiscono solo per la durata.<\/p>\n\n\n\n<p>Ora puoi, quando vuoi, sfogliare la nostra galleria di au pair costantemente aggiornata o utilizzare la nostra comoda ricerca alla pari e contattare gli au pair adatti con un clic del mouse.<\/p>\n\n\n\n<p><strong>La nostra garanzia per le famiglie.<\/strong><\/p>\n\n\n\n<p>Con noi hai la possibilit\u00e0 di trovare tu stesso un au pair a partire da 10 EUR al mese. Per questo facciamo riferimento ai nostri \u201cprezzi di abbonamento\u201d. Hai trovato una ragazza alla pari e vorresti che ti aiutassimo a trovarla e ad avviare il processo per te? In questo caso, ti rimborseremo la quota di abbonamento gi\u00e0 pagata e la compenseremo con le commissioni di intermediazione applicabili.<\/p>\n<\/div><\/div>\n\n\n\n<div class=\"wp-block-getwid-accordion__header-wrapper\"><span class=\"wp-block-getwid-accordion__header\"><a href=\"#\"><span class=\"wp-block-getwid-accordion__header-title\">Chiacchierare<\/span><span class=\"wp-block-getwid-accordion__icon is-active\"><i class=\"\"><\/i><\/span><span class=\"wp-block-getwid-accordion__icon is-passive\"><i class=\"\"><\/i><\/span><\/a><\/span><\/div><div class=\"wp-block-getwid-accordion__content-wrapper\"><div class=\"wp-block-getwid-accordion__content\">\n<p>Potete contattare l&#039;au pair desiderato tramite chat, scambiare ampiamente idee con lui e conoscerlo, esprimendo il vostro serio interesse. Naturalmente avrai anche la possibilit\u00e0 di comunicare con altri au pair prima di prendere una decisione definitiva. Abbiamo raccolto dei suggerimenti per la fase di conoscenza nella vostra area personale alla voce FAQ.<\/p>\n<\/div><\/div>\n\n\n\n<div class=\"wp-block-getwid-accordion__header-wrapper\"><span class=\"wp-block-getwid-accordion__header\"><a href=\"#\"><span class=\"wp-block-getwid-accordion__header-title\">mediazione<\/span><span class=\"wp-block-getwid-accordion__icon is-active\"><i class=\"\"><\/i><\/span><span class=\"wp-block-getwid-accordion__icon is-passive\"><i class=\"\"><\/i><\/span><\/a><\/span><\/div><div class=\"wp-block-getwid-accordion__content-wrapper\"><div class=\"wp-block-getwid-accordion__content\">\n<p>Hai scelto un au-pair amichevole e l&#039;au-pair \u00e8 interessato alla tua famiglia? Allora organizza tu stesso tutto il resto? Ulteriori informazioni sulla procedura sono disponibili nella sezione &quot;Domande frequenti&quot;.<\/p>\n\n\n\n<p><strong>La nostra garanzia per le famiglie.<\/strong><\/p>\n\n\n\n<p>Con noi hai la possibilit\u00e0 di trovare tu stesso un au pair a partire da 10 EUR al mese. Per questo facciamo riferimento ai nostri \u201cprezzi di abbonamento\u201d. Hai trovato una ragazza alla pari e vorresti che ti aiutassimo a trovarla e ad avviare il processo per te? In questo caso, ti rimborseremo la quota di abbonamento gi\u00e0 pagata e la compenseremo con le commissioni di intermediazione applicabili.<\/p>\n<\/div><\/div>\n<\/div>\n\n\n\n<div class=\"wp-block-group aupair is-layout-flow wp-block-group-is-layout-flow\">\n<div class=\"wp-block-buttons is-layout-flex wp-block-buttons-is-layout-flex\">\n<div class=\"wp-block-button CTA\"><a class=\"wp-block-button__link wp-element-button\" href=\"\/familien-registrierung\/\">andiamo<\/a><\/div>\n<\/div>\n<\/div>\n<\/section>\n\n\n\n<section class=\"wp-block-group with-background has-global-padding is-layout-constrained wp-block-group-is-layout-constrained\">\n<h3 class=\"wp-block-heading\">Ancora domande?<\/h3>\n\n\n\n<p>ANCORA DOMANDE? Se hai domande, problemi o suggerimenti saremo felici di aiutarti durante il normale orario di ufficio. Potete contattarci tramite telefono, email o modulo di contatto. Abbiamo messo insieme un elenco di domande e risposte, suddivise per argomento, nella sezione \u201cDomande frequenti\u201d.<\/p>\n<\/section>","protected":false},"excerpt":{"rendered":"<p>Au-pair Vermittlung f\u00fcr Gastfamilien &#8211; in 5 Schritten zum Wunsch-Au-pair Hier k\u00f6nnen Sie sich als Gastfamilie kostenlos registrieren und Au-pairs kontaktieren. Eine Mitgliedschaft erm\u00f6glicht es Ihnen, die Au-pair-Antworten zu lesen und mit dem Au-pair weiter zu kommunizieren, es auszuw\u00e4hlen und letztendes einzuladen. Sollte es Ihnen nicht m\u00f6glich sein, selbst die Einladungs-Unterlagen zu erstellen, helfen wir [&hellip;]<\/p>\n","protected":false},"author":990158,"featured_media":0,"parent":0,"menu_order":0,"comment_status":"closed","ping_status":"closed","template":"","meta":{"footnotes":""},"class_list":["post-1693","page","type-page","status-publish","hentry"],"_links":{"self":[{"href":"https:\/\/aupairscout.com\/it\/wp-json\/wp\/v2\/pages\/1693","targetHints":{"allow":["GET"]}}],"collection":[{"href":"https:\/\/aupairscout.com\/it\/wp-json\/wp\/v2\/pages"}],"about":[{"href":"https:\/\/aupairscout.com\/it\/wp-json\/wp\/v2\/types\/page"}],"author":[{"embeddable":true,"href":"https:\/\/aupairscout.com\/it\/wp-json\/wp\/v2\/users\/990158"}],"replies":[{"embeddable":true,"href":"https:\/\/aupairscout.com\/it\/wp-json\/wp\/v2\/comments?post=1693"}],"version-history":[{"count":18,"href":"https:\/\/aupairscout.com\/it\/wp-json\/wp\/v2\/pages\/1693\/revisions"}],"predecessor-version":[{"id":6471,"href":"https:\/\/aupairscout.com\/it\/wp-json\/wp\/v2\/pages\/1693\/revisions\/6471"}],"wp:attachment":[{"href":"https:\/\/aupairscout.com\/it\/wp-json\/wp\/v2\/media?parent=1693"}],"curies":[{"name":"parola chiave","href":"https:\/\/api.w.org\/{rel}","templated":true}]}}