{"id":1550,"date":"2022-05-26T11:43:39","date_gmt":"2022-05-26T09:43:39","guid":{"rendered":"https:\/\/aupair.mondoit.de\/?page_id=1550"},"modified":"2024-12-26T09:46:39","modified_gmt":"2024-12-26T08:46:39","slug":"termini-e-condizioni-generali","status":"publish","type":"page","link":"https:\/\/aupairscout.com\/it\/termini-e-condizioni-generali\/","title":{"rendered":"Condizioni"},"content":{"rendered":"<h2 class=\"wp-block-post-title\"><div class=\"breadcrumbs\"><span class=\"crumb\"><a href=\"https:\/\/aupairscout.com\/it\">AuPairScout - Internazionale<\/a> \u00bb <\/span><span class=\"crumb current-page\">Condizioni<\/span><\/div><\/h2>\n\n\n\n<section class=\"wp-block-group has-global-padding is-layout-constrained wp-block-group-is-layout-constrained\">\n<p><strong>Termini e condizioni generali di AuPairScout<\/strong><\/p>\n\n\n\n<p><strong>(dal 1 gennaio 2023)<\/strong><\/p>\n\n\n\n<p>Registrandosi come utente del sito <a href=\"https:\/\/AuPairScout.de\/de\/\" target=\"_blank\" rel=\"noopener\">www.AuPairScout.de<\/a> accetti le presenti \u201cCondizioni Generali\u201d come vincolanti.<\/p>\n\n\n\n<p>Denominata &quot;AuPairScout&quot; nel testo seguente, la societ\u00e0 \u00e8 AuPairScout.com, Baumgartnerstr. 11, 81373 Monaco, Germania, con lo scopo di connettere utenti in tutto il mondo e consentire uno scambio alla pari.<\/p>\n\n\n\n<p>Di seguito gli aupair, le famiglie e le agenzie verranno definiti \u201cutenti\u201d.<\/p>\n\n\n\n<p><strong>1. BASE DEL CONTRATTO<\/strong><\/p>\n\n\n\n<p>1.1, i servizi di AuPairScout risultano dalle presenti \u201cCondizioni Generali\u201d. Ulteriori informazioni sono sul sito web&nbsp;<a href=\"https:\/\/www.aupairscout.com\/\" target=\"_blank\" rel=\"noreferrer noopener\"><strong>www.AuPairScout.com<\/strong><\/a>&nbsp;disponibile nella sezione \u201cFAQ\u201d.<\/p>\n\n\n\n<p>Per gli utenti tedeschi facciamo riferimento anche ai fogli informativi dell&#039;Ufficio federale del lavoro \u201cAu-pair con famiglie tedesche\u201d e \u201cAu-pair Info per famiglie ospitanti tedesche\u201d, la cui versione attuale \u00e8 pubblicata sul sito AuPairScout alla voce \u201cFAQ \u201d.<\/p>\n\n\n\n<p>1.2 \u00c8 vietata qualsiasi trasmissione dei dati a terzi. Tutti i dati personali di un utente resi visibili ad un altro utente durante la comunicazione sono strettamente confidenziali e non possono essere trasmessi a terzi o pubblicati.<\/p>\n\n\n\n<p>1.3 Profili, dati personali e abbonamenti non sono trasferibili a terzi. In tal caso AuPairScout si riserva il diritto di bloccare l&#039;utente senza fornire alcuna motivazione.<\/p>\n\n\n\n<p><strong>2. SERVIZI DELL&#039;AUPAIRSCOUT&nbsp; &nbsp;<\/strong><\/p>\n\n\n\n<p>AuPairScout si impegna a fornire i seguenti servizi:<\/p>\n\n\n\n<p>2.1 Fornitura della banca dati AuPairScout.<br>AuPairScout mette a disposizione dell&#039;utente la banca dati creata e gestita da AuPairScout per la selezione di uno degli altri utenti (candidati alla pari, famiglia ospitante, agenzia).<\/p>\n\n\n\n<p>2.2 AuPairScout controlla per quanto possibile tutti i dati degli utenti e include nel suo file o database solo quegli utenti che hanno creato un&#039;applicazione significativa con foto e un messaggio\/lettera.<\/p>\n\n\n\n<p>AuPairScout controlla anche le informazioni fornite dai candidati, solitamente via e-mail o telefonicamente con il richiedente.<br>Non verranno inseriti nel database gli utenti che, a conoscenza di AupairScout, hanno violato in modo dimostrabile le leggi applicabili o la comune decenza.<\/p>\n\n\n\n<p>2.3 Informazioni sull&#039;espletamento delle formalit\u00e0 ufficiali.<br>AuPairScout fornisce nelle sue \u201cFAQ\u201d tutte le informazioni fondamentali per l&#039;espletamento delle formalit\u00e0 ufficiali. Tali informazioni comprendono in particolare quando, quale misura dovrebbe essere intrapresa e da chi.<\/p>\n\n\n\n<p>Su richiesta e a pagamento (vedi \u201cServizi Extra\u201d),<br>reperibili nel \u201cListino Prezzi Servizi Extra\u201d in vigore, forniamo all\u2019utente ulteriori possibilit\u00e0 di mediazione.<\/p>\n\n\n\n<p><strong>3. REGISTRAZIONE<\/strong><\/p>\n\n\n\n<p>3.1 Qualsiasi utente che cerca un au pair, una famiglia ospitante o un&#039;agenzia pu\u00f2 registrarsi gratuitamente se maggiorenne.<\/p>\n\n\n\n<p>3.2 Ogni utente pu\u00f2 adattare autonomamente e in qualsiasi momento il proprio profilo alle proprie esigenze e personalizzarlo con testi e foto.<br>Ogni utente \u00e8 responsabile del proprio profilo.<\/p>\n\n\n\n<p>3.3 Qualsiasi ragazza alla pari che cerca una famiglia ospitante in tutto il mondo pu\u00f2 registrarsi gratuitamente.<\/p>\n\n\n\n<p>Qualsiasi famiglia ospitante in cerca di un au pair in tutto il mondo pu\u00f2 registrarsi gratuitamente.<\/p>\n\n\n\n<p>Qualsiasi agenzia in cerca di ragazze alla pari e famiglie in tutto il mondo pu\u00f2 registrarsi gratuitamente.<\/p>\n\n\n\n<p>3.4 I dettagli di contatto, come indirizzo, numero di telefono, indirizzo e-mail, non compaiono pubblicamente nel rispettivo profilo per motivi di protezione dei dati.<\/p>\n\n\n\n<p><strong>Al momento della registrazione gli utenti non sono quindi autorizzati a visualizzare questi dettagli di contatto in un testo, una lettera o una foto all&#039;interno del profilo.<\/strong><\/p>\n\n\n\n<p>3.5 Gli utenti possono mettersi in contatto tra loro, ovvero comunicare, chattare, non appena il rispettivo utente (famiglia ospitante, agenzia) ha sottoscritto un abbonamento.<\/p>\n\n\n\n<p>Se AuPairScout rileva una violazione, il profilo del rispettivo utente verr\u00e0 cancellato.<\/p>\n\n\n\n<p><strong>4. QUOTE, ABBONAMENTO<\/strong><\/p>\n\n\n\n<p>4.1 Per gli au-pair l&#039;iscrizione \u00e8 gratuita. Gli au pair possono leggere e rispondere ai messaggi in qualsiasi momento.<\/p>\n\n\n\n<p>4.2 Qualsiasi altro utente (famiglia ospitante, agenzia) pu\u00f2 leggere messaggi personalizzati in qualsiasi momento. Attraverso l&#039;abbonamento in ABBONAMENTO, questo utente pu\u00f2 comunicare liberamente, ovvero leggere e rispondere ai messaggi di altri utenti.<\/p>\n\n\n\n<p>4.3 I costi del servizio di AuPairScout si basano sull&#039;attuale listino prezzi di abbonamento di AuPairScout.<\/p>\n\n\n\n<p>Le commissioni di servizio dell&#039;Incaricato sono dovute in anticipo per la durata prevista del periodo.<br>Tutti i pagamenti a AuPairScout devono essere pagati immediatamente dopo la conclusione di un ABBONAMENTO.<\/p>\n\n\n\n<p>I prezzi sono in EURO, IVA inclusa.<br>Ogni ABBONAMENTO termina allo scadere del termine selezionato e non necessita di essere disdetto.<\/p>\n\n\n\n<p>Trovate prezzi e condizioni alla voce \u00abABO per famiglie\u00bb e \u00abABO per agenzie\u00bb.<\/p>\n\n\n\n<p>4.4 I vantaggi dell&#039;abbonamento ABO sono che i rispettivi utenti - durante il periodo di abbonamento prenotato - possono comunicare tra loro, scrivere e leggere messaggi personali e scambiarsi informazioni di contatto.<\/p>\n\n\n\n<p>4.5 Si prevede che le famiglie ospitanti registrate diventeranno &quot;Membri Premium&quot; nel prossimo futuro dopo la registrazione, altrimenti non sar\u00e0 possibile un utilizzo significativo dei servizi offerti da AuPairScout.<\/p>\n\n\n\n<p>AuPairScout si riserva pertanto il diritto di non visualizzare pi\u00f9 i profili delle famiglie ospitanti che non utilizzano AuPairScout per un periodo di tempo pi\u00f9 lungo senza essere membri premium per altri utenti e di limitare eventualmente o escludere completamente le possibilit\u00e0 di utilizzo.<\/p>\n\n\n\n<p>4.6 Solo le agenzie con ABO possono registrarsi e contattare un au pair. Se AuPairScout scopre che un&#039;agenzia senza abbonamento inserisce au pair nella galleria, verr\u00e0 addebitata una multa di 5.000 euro per ogni singolo caso.<\/p>\n\n\n\n<p><strong>5. Servizio aggiuntivo<\/strong><\/p>\n\n\n\n<p>5.1 Il \u201cServizio Extra\u201d \u00e8 l&#039;inserimento di un au pair che la famiglia ospitante sta cercando, ovvero di un au pair che la famiglia ospitante ha trovato nella nostra gallery, tramite conoscenti, annunci, ecc.<\/p>\n\n\n\n<p>5.2 Questo servizio non si applica agli aupair che sono stati inseriti nella nostra gallery dalle nostre agenzie partner. Dal profilo dell&#039;incaricato \u00e8 possibile verificare se l&#039;aupair arriva tramite un&#039;agenzia. Questa comunicazione avviene tra gli utenti.<\/p>\n\n\n\n<p>5.3 Con il servizio extra riceverete da noi i documenti necessari per il rilascio del visto alla pari e l&#039;assistenza per le formalit\u00e0 necessarie.<\/p>\n\n\n\n<p>5.4 Tieni presente che il compenso per questo servizio in euro \u00e8 dovuto immediatamente e non possiamo garantire che l&#039;aupair che hai trovato lo ricever\u00e0.<\/p>\n\n\n\n<p><strong>ASSICURAZIONE alla pari<\/strong><\/p>\n\n\n\n<p>Gli au pair che vogliono venire in Germania o andare all&#039;estero possono trovare l&#039;assicurazione adeguata in modo rapido e senza burocrazia sul nostro sito web tramite un link da noi creato.<\/p>\n\n\n\n<p>Ci\u00f2 vale naturalmente anche per le famiglie che desiderano accogliere e assicurare un au-pair nella propria famiglia.<\/p>\n\n\n\n<p><strong><br>6. RISERVA DI PRESTAZIONE, ESCLUSIONE, RECESSO<\/strong><\/p>\n\n\n\n<p>6.1 AuPairScout si riserva il diritto di escludere gli utenti che forniscono informazioni errate sulle caratteristiche essenziali, violano le disposizioni legali essenziali per il programma alla pari o non soddisfano i requisiti dell&#039;Accordo europeo sull&#039;occupazione alla pari. Escludere l&#039;inclusione o la fornitura di AuPairScout banca dati.<\/p>\n\n\n\n<p>6.2 Inoltre, le famiglie ospitanti che hanno procedimenti pendenti, una sentenza definitiva o ordinanze del tribunale relative alla legge sulla promozione dell&#039;occupazione o al codice di previdenza sociale e coloro che impiegano illegalmente ragazze alla pari straniere possono essere escluse dalla fornitura dei servizi AuPairScout.<\/p>\n\n\n\n<p>6.3 Se i servizi sono esclusi, AuPairScout generalmente non stipuler\u00e0 alcun rapporto contrattuale con l&#039;utente. Se dopo la conclusione del rapporto contrattuale emerge un motivo di esclusione dei servizi, AuPairScout ha il diritto di recedere dal contratto.<\/p>\n\n\n\n<p><strong>7. OBBLIGHI DELL&#039;UTENTE, REGOLE DI CONDOTTA&nbsp;<\/strong><\/p>\n\n\n\n<p>7.1 Tra gli obblighi degli utenti rientra il mantenimento aggiornato del proprio profilo e della corrispondenza, ovvero l&#039;aggiornamento di foto\/lettere e la risposta rapida alle richieste.<\/p>\n\n\n\n<p>7.2 Ogni utente \u00e8 tenuto a rispettare le norme aupair del rispettivo paese ospitante.<\/p>\n\n\n\n<p>7.3 Le regole di condotta per gli utenti prevedono l&#039;astensione da comportamenti diffamatori e minacciosi.<br>\u00c8 vietato pubblicare foto o testi indecenti, pornografici, stranieri o distribuire o inoltrare in altro modo materiale e informazioni illeciti.<\/p>\n\n\n\n<p>7.4 I profili con scopi diversi dalla ricerca di un aupair, di una famiglia ospitante o di un&#039;agenzia verranno immediatamente cancellati.<br>Se uno degli utenti riscontra una violazione di questi obblighi o regole di condotta, \u00e8 tenuto a segnalarlo immediatamente ad AuPairScout utilizzando il modulo di contatto.<\/p>\n\n\n\n<p>7.5 AuPairScout ha il diritto di richiedere prove in qualsiasi momento per verificare le tue informazioni.<br>In questi casi ti consulteremo o, se necessario, cancelleremo immediatamente il profilo, indipendentemente dal fatto che esista un ABBONAMENTO.<\/p>\n\n\n\n<p><strong>8. ANNULLA E DISATTIVA PROFILI<\/strong><\/p>\n\n\n\n<p>8.1 AuPairScout ha il diritto di contattare qualsiasi utente, se necessario.<\/p>\n\n\n\n<p>8.2 Se l&#039;utente non presenta le prove necessarie per verificare l&#039;autenticit\u00e0 del proprio account entro una settimana dalla richiesta di AuPairScout, il profilo dell&#039;utente verr\u00e0 bloccato a titolo precauzionale e potr\u00e0 essere riattivato solo dopo la verifica delle prove necessarie.<\/p>\n\n\n\n<p>8.3 Partiamo dal presupposto che tutte le informazioni fornite dagli utenti al momento della registrazione siano corrette, complete e veritiere. AuPairScout ha il diritto di verificare tutti i dati e, se sussistono validi motivi, di cancellare o bloccare il profilo senza fornire alcuna motivazione.<\/p>\n\n\n\n<p>8.4 Ci riserviamo inoltre il diritto di eliminare i profili incompleti.<\/p>\n\n\n\n<p>8.5 Se AuPairScout rileva una registrazione per uno scopo diverso da quello consentito, il registrante dovr\u00e0 ad AuPairScout una penale contrattuale di 5.000 euro per ogni singolo caso di registrazione.<\/p>\n\n\n\n<p><strong>9. RESPONSABILIT\u00c0, INDENNIZZO DA PRETESE DI TERZI<\/strong><\/p>\n\n\n\n<p>9.1 I dati personali e gli altri dati degli utenti vengono controllati da AuPairScout al meglio delle sue conoscenze. AuPairScout non pu\u00f2 tuttavia garantire l&#039;esattezza e la completezza delle informazioni.<\/p>\n\n\n\n<p>9.2 I servizi di AuPairScout risultano dalla Sezione 2 dei \u201cTermini e Condizioni Generali\u201d. AuPairScout fornisce essenzialmente i dettagli di contatto e le informazioni per un soggiorno alla pari. Ci\u00f2 non costituisce un rapporto contrattuale tra AuPairScout e un utente, n\u00e9 AuPairScout ha alcuna influenza sugli accordi tra gli utenti.<br>9.2.1 Di conseguenza non pu\u00f2 essere avanzata alcuna richiesta di risarcimento danni o di rimborso nei confronti di AuPairScout se il soggiorno alla pari non ha luogo nonostante la trasmissione dei dati dell&#039;utente o del candidato alla pari.<br>9.2.2 AuPairScout non \u00e8 inoltre responsabile dei costi di arrivo e partenza, nonch\u00e9 dei costi di un&#039;eventuale espulsione dell&#039;utente.<br>9.2.3 AuPairScout non si assume alcuna responsabilit\u00e0 nei confronti dell&#039;utente o di terzi per danni causati direttamente o indirettamente da un utente.<br>9.2.4 AuPairScout non \u00e8 responsabile del fatto che un utente non soddisfi le aspettative personali di un altro utente.<br>9.2.5 AuPairScout non si assume inoltre alcuna responsabilit\u00e0 per la durata del tempo di elaborazione da parte delle autorit\u00e0. Una durata insolitamente lunga del processo di approvazione - ad es. a causa di informazioni errate fornite dall&#039;utente, ferie delle autorit\u00e0 o posta smarrita, ecc. - e un conseguente rinvio del soggiorno dell&#039;utente non pregiudica gli obblighi contrattuali di un altro utente.<br>9.2.6 AuPairScout non si assume alcuna responsabilit\u00e0 per interruzioni nella disponibilit\u00e0 del sito web AuPairScout o di singoli servizi web per le quali AuPairScout non \u00e8 responsabile. In particolare AuPairScout non \u00e8 responsabile per il mancato funzionamento, l&#039;inaccessibilit\u00e0 o le cattive condizioni di utilizzo del suo sito web, che sono dovuti in particolare a attrezzature tecniche inadeguate dell&#039;utente, malfunzionamenti del provider dell&#039;utente o sovraccarico generale di Internet.<br>9.2.7 Se l&#039;utilizzo del sito web viene temporaneamente interrotto a causa di lavori di manutenzione, aggiornamenti o modifiche tecniche e\/o a causa dell&#039;aggiornamento del contenuto e\/o della presentazione, AuPairScout \u00e8 responsabile in conformit\u00e0 alle disposizioni di legge solo se l&#039;interruzione mette a repentaglio dura lo scopo del contratto. Per quanto possibile, AuPairScout informer\u00e0 gli utenti in anticipo prima di eventuali interventi di manutenzione o aggiornamenti.<\/p>\n\n\n\n<p>9.3 Se AuPairScout viene a conoscenza del comportamento scorretto di un utente ritenuto responsabile, AuPairScout si impegna a risarcire tale utente da tutte le conseguenze legali che ne derivano. Questa esenzione comprende eventuali danni che potrebbe dover pagare, nonch\u00e9 spese legali e spese processuali.<\/p>\n\n\n\n<p><strong>10. LINK A SITI ESTERNI<\/strong><\/p>\n\n\n\n<p>Nonostante un attento controllo dei contenuti, non ci assumiamo alcuna responsabilit\u00e0&nbsp;<strong>Responsabilit\u00e0<\/strong>&nbsp;per il contenuto dei link esterni. Gli operatori sono gli unici responsabili per il contenuto delle pagine collegate.<\/p>\n\n\n\n<p><strong>11. PRIVACY DELL&#039;UTENTE<\/strong><\/p>\n\n\n\n<p>11.1 Gli utenti accettano che i loro dati personali vengano registrati e archiviati localmente o su Internet al fine di eseguire il contratto di servizio alla pari.<\/p>\n\n\n\n<p>11.2 L&#039;utente accetta inoltre che il proprio indirizzo, i dati di contatto e altri dati personali forniti al momento della registrazione sul sito AuPairScout vengano trasmessi ad AuPairScout per contattare altri utenti.<\/p>\n\n\n\n<p>11.3 Si fa inoltre riferimento alle linee guida legali applicabili per la conservazione e il backup dei dati nonch\u00e9 alla dichiarazione sulla protezione dei dati pubblicata sul sito web.<\/p>\n\n\n\n<p>11.4 AuPairScout sottolinea espressamente che nella trasmissione dei dati attraverso reti aperte non pu\u00f2 essere completamente escluso l&#039;accesso da parte di terzi ai dati, anche se protetti o crittografati. Tuttavia, AuPairScout adotter\u00e0 tutte le ragionevoli e ragionevoli precauzioni per proteggere i dati della famiglia ospitante.<\/p>\n\n\n\n<p>11.5 Gli utenti si impegnano a trattare con riservatezza tutti i dati e le informazioni sugli altri utenti che ricevono da AuPairScout tramite il sito web AuPairScout o con altri mezzi. La divulgazione a terzi o la pubblicazione non \u00e8 consentita in nessun momento, n\u00e9 prima n\u00e9 dopo la fornitura del servizio da parte di AuPairScout.<\/p>\n\n\n\n<p><strong><br>12. DISPOSIZIONI FINALI<\/strong><\/p>\n\n\n\n<p>12.1 I regolamenti che modificano o annullano le presenti \u201cCondizioni Generali\u201d sono validi solo se approvati o confermati per iscritto da AuPairScout.<\/p>\n\n\n\n<p>12.2 AuPairScout si riserva il diritto di modificare o integrare le \u201cCondizioni Generali\u201d in qualsiasi momento.<\/p>\n\n\n\n<p>12.3 Qualora una o pi\u00f9 disposizioni delle presenti \u201cCondizioni Generali\u201d non fossero giuridicamente efficaci o inapplicabili, ci\u00f2 non avr\u00e0 alcun impatto sull&#039;efficacia delle restanti disposizioni. Al posto della disposizione inefficace si applica piuttosto una disposizione sostitutiva che corrisponde o almeno si avvicina allo scopo dell&#039;accordo, poich\u00e9 le parti si sarebbero accordate per raggiungere lo stesso risultato se avessero saputo che la disposizione era inefficace.<\/p>\n\n\n\n<p>12.4 Ad ogni accesso gli utenti confermano eventuali modifiche ai \u201cTermini e Condizioni\u201d.<\/p>\n\n\n\n<p>12.5 Per tutti i rapporti giuridici tra AuPairScout e gli utenti si applica esclusivamente il diritto della Repubblica Federale Tedesca, ad eccezione del diritto privato internazionale tedesco (art. 3-46 EGBGB). Il foro competente \u00e8 Monaco di Baviera.<\/p>\n<\/section>","protected":false},"excerpt":{"rendered":"<p>Allgemeine Gesch\u00e4ftsbedingungen der AuPairScout (Stand 01.01.2023) Mit der Registrierung als Nutzer der Seite www.AuPairScout.de erkennen Sie die vorliegenden \u201eAllgemeinen Gesch\u00e4ftsbedingungen\u201c als verbindlich an. Im nachfolgenden Text als &#8220;AuPairScout&#8221; bezeichnet, ist die Firma AuPairScout.com, Baumgartnerstr. 11, 81373 M\u00fcnchen, Deutschland, mit dem Zweck, die Nutzer weltweit miteinander zu verbinden und einen Au-pair-Austausch zu erm\u00f6glichen. Im folgenden werden [&hellip;]<\/p>\n","protected":false},"author":990158,"featured_media":0,"parent":0,"menu_order":0,"comment_status":"closed","ping_status":"closed","template":"","meta":{"footnotes":""},"class_list":["post-1550","page","type-page","status-publish","hentry"],"_links":{"self":[{"href":"https:\/\/aupairscout.com\/it\/wp-json\/wp\/v2\/pages\/1550","targetHints":{"allow":["GET"]}}],"collection":[{"href":"https:\/\/aupairscout.com\/it\/wp-json\/wp\/v2\/pages"}],"about":[{"href":"https:\/\/aupairscout.com\/it\/wp-json\/wp\/v2\/types\/page"}],"author":[{"embeddable":true,"href":"https:\/\/aupairscout.com\/it\/wp-json\/wp\/v2\/users\/990158"}],"replies":[{"embeddable":true,"href":"https:\/\/aupairscout.com\/it\/wp-json\/wp\/v2\/comments?post=1550"}],"version-history":[{"count":11,"href":"https:\/\/aupairscout.com\/it\/wp-json\/wp\/v2\/pages\/1550\/revisions"}],"predecessor-version":[{"id":6528,"href":"https:\/\/aupairscout.com\/it\/wp-json\/wp\/v2\/pages\/1550\/revisions\/6528"}],"wp:attachment":[{"href":"https:\/\/aupairscout.com\/it\/wp-json\/wp\/v2\/media?parent=1550"}],"curies":[{"name":"parola chiave","href":"https:\/\/api.w.org\/{rel}","templated":true}]}}