{"id":14,"date":"2016-04-15T14:41:16","date_gmt":"2016-04-15T12:41:16","guid":{"rendered":"https:\/\/au-pair-agency.axiomthemes.com.dv.axiomthemes.com\/?page_id=14"},"modified":"2025-08-19T14:19:37","modified_gmt":"2025-08-19T12:19:37","slug":"famiglie-premium","status":"publish","type":"page","link":"https:\/\/aupairscout.com\/it\/famiglie-premium\/","title":{"rendered":"Listino prezzi famiglia"},"content":{"rendered":"<div class=\"wp-block-group pricelist family-premium has-global-padding is-layout-constrained wp-block-group-is-layout-constrained\">\n<section class=\"wp-block-group has-global-padding is-layout-constrained wp-block-group-is-layout-constrained\">\n<div class=\"wp-block-columns tiles aupair is-layout-flex wp-container-core-columns-is-layout-28f84493 wp-block-columns-is-layout-flex\">\n<div class=\"wp-block-column black flipbox is-layout-flow wp-block-column-is-layout-flow\">\n<div class=\"wp-block-group front has-global-padding is-layout-constrained wp-block-group-is-layout-constrained\">\n<figure class=\"wp-block-image size-full\"><img decoding=\"async\" src=\"https:\/\/aupairscout.com\/wp-content\/uploads\/2023\/10\/Abo-Kaufen.png\" alt=\"Acquista l&#039;abbonamento base per la famiglia ospitante \" class=\"wp-image-5172\"\/><\/figure>\n\n\n\n<h3 class=\"wp-block-heading\"><strong>3 mesi<\/strong><\/h3>\n\n\n\n<p><strong>\u20ac 25,00 al mese<\/strong> <br>Totale \u20ac75,00<\/p>\n\n\n<div class=\"wp-block-buttons is-layout-flex wp-block-buttons-is-layout-flex\"><div class=\"wp-block-button\"><a class=\"wp-block-button__link wp-element-button\" href=\"\/familien-registrierung\">Registrati + Acquista<\/a><\/div><!-- .wp-block-button --><\/div><!-- .wp-block-buttons is-layout-flex wp-block-buttons-is-layout-flex -->\n<\/div>\n\n\n\n<div class=\"wp-block-group back has-global-padding is-layout-constrained wp-block-group-is-layout-constrained\">\n<p>Pacchetto base<br>Chatta con le ragazze alla pari per 3 mesi.<\/p>\n<\/div>\n<\/div>\n\n\n\n<div class=\"wp-block-column black flipbox is-layout-flow wp-block-column-is-layout-flow\">\n<div class=\"wp-block-group front has-global-padding is-layout-constrained wp-block-group-is-layout-constrained\">\n<figure class=\"wp-block-image size-full\"><img decoding=\"async\" src=\"https:\/\/aupairscout.com\/wp-content\/uploads\/2023\/10\/Abo-Kaufen.png\" alt=\"Acquista l&#039;abbonamento standard per la famiglia ospitante \" class=\"wp-image-5172\"\/><\/figure>\n\n\n\n<h3 class=\"wp-block-heading\"><strong>6 mesi<\/strong><\/h3>\n\n\n\n<p><strong>\u20ac 20,00 al mese<\/strong> <br>Totale \u20ac 120,00<\/p>\n\n\n<div class=\"wp-block-buttons is-layout-flex wp-block-buttons-is-layout-flex\"><div class=\"wp-block-button\"><a class=\"wp-block-button__link wp-element-button\" href=\"\/familien-registrierung\">Registrati + Acquista<\/a><\/div><!-- .wp-block-button --><\/div><!-- .wp-block-buttons is-layout-flex wp-block-buttons-is-layout-flex -->\n<\/div>\n\n\n\n<div class=\"wp-block-group back has-global-padding is-layout-constrained wp-block-group-is-layout-constrained\">\n<p>Pacchetto standard<br>Chatta con le ragazze alla pari per 6 mesi.<\/p>\n<\/div>\n<\/div>\n\n\n\n<div class=\"wp-block-column black flipbox is-layout-flow wp-block-column-is-layout-flow\">\n<div class=\"wp-block-group front has-global-padding is-layout-constrained wp-block-group-is-layout-constrained\">\n<figure class=\"wp-block-image size-full\"><img decoding=\"async\" src=\"https:\/\/aupairscout.com\/wp-content\/uploads\/2023\/10\/Abo-Kaufen.png\" alt=\"Acquista l&#039;abbonamento Premium per la famiglia ospitante \" class=\"wp-image-5172\"\/><\/figure>\n\n\n\n<h3 class=\"wp-block-heading\"><strong>12 mesi<\/strong><\/h3>\n\n\n\n<p><strong>\u20ac 15,00 al mese<\/strong> <br>Totale \u20ac 180,00<\/p>\n\n\n<div class=\"wp-block-buttons is-layout-flex wp-block-buttons-is-layout-flex\"><div class=\"wp-block-button\"><a class=\"wp-block-button__link wp-element-button\" href=\"\/familien-registrierung\">Registrati + Acquista<\/a><\/div><!-- .wp-block-button --><\/div><!-- .wp-block-buttons is-layout-flex wp-block-buttons-is-layout-flex -->\n<\/div>\n\n\n\n<div class=\"wp-block-group back has-global-padding is-layout-constrained wp-block-group-is-layout-constrained\">\n<p>Pacchetto Premium<br>Chatta con le ragazze alla pari per 12 mesi.<\/p>\n<\/div>\n<\/div>\n<\/div>\n<\/section>\n\n\n\n<section class=\"wp-block-group has-global-padding is-layout-constrained wp-block-group-is-layout-constrained\">\n<h2 class=\"wp-block-heading\"><strong>Listino prezzi famiglia<\/strong><\/h2>\n\n\n\n<p>Dopo la registrazione gratuita, avrai la possibilit\u00e0 di scegliere una delle tre modalit\u00e0 per metterti in contatto con le ragazze alla pari. La differenza sta solo nella durata del termine.<\/p>\n\n\n\n<p class=\"listcaption\">AuPairScout offre in cambio:<\/p>\n\n\n\n<ul class=\"wp-block-list\">\n<li>Contattaci tramite messaggi personalizzati<\/li>\n\n\n\n<li>Scambio di ulteriori dati e informazioni tra gli utenti<\/li>\n\n\n\n<li>Accesso alle descrizioni personali e alle referenze degli au pair<\/li>\n\n\n\n<li>Consigli personali da AuPairScout<\/li>\n\n\n\n<li>Decenni di esperienza come agenzia alla pari<\/li>\n\n\n\n<li>Comunicazione con il nostro team AuPairScout<\/li>\n<\/ul>\n<\/section>\n\n\n\n<section class=\"wp-block-group has-global-padding is-layout-constrained wp-block-group-is-layout-constrained\">\n<p><strong>Care famiglie ospitanti tedesche,<\/strong><\/p>\n\n\n\n<p>Hai trovato una ragazza alla pari con noi o altrove e vorresti che ti assistessimo nel processo di collocamento con un servizio extra e che fossimo noi ad avviarlo per te?<\/p>\n\n\n\n<p>Con il nostro \u201c<strong>Servizio extra<\/strong>&quot; COS\u00cc <strong>Basta mediazione<\/strong>, ti offriamo: l&#039;inserimento della ragazza alla pari che stai cercando tu stesso. Si tratta di un aupair che si \u00e8 registrato nella nostra gallery e che ha trovato la famiglia ospitante nella nostra gallery, oppure tramite conoscenti, annunci, ecc. Ti addebitiamo questo servizio <strong>\u20ac 250 Tariffa una tantum<\/strong>. Ti forniremo i documenti necessari, la consulenza per il rilascio del visto alla pari e l&#039;assistenza per le formalit\u00e0 necessarie.<\/p>\n\n\n\n<p>Questo servizio non si applica agli au pair inseriti nella nostra gallery dalle nostre agenzie partner! Dal profilo dell&#039;aupair \u00e8 possibile verificare se l&#039;aupair passa attraverso un&#039;agenzia. Questa mediazione viene effettuata esclusivamente dall&#039;agenzia dell&#039;utente.<\/p>\n\n\n\n<p>Ulteriori informazioni sono disponibili nella sezione \u201cFAQ Servizio Extra\u201d.<\/p>\n\n\n\n<p>Tieni presente che il costo per questo servizio \u00e8:&nbsp;<strong>250,\u2013 Euro<\/strong>&nbsp;\u00e8 dovuto immediatamente e non possiamo garantire l&#039;au pair che hai trovato. Se la tua ragazza alla pari non entra nel paese per qualsiasi motivo o il rapporto alla pari viene interrotto prematuramente, non ti forniremo alcun compenso e non riceverai alcun credito da parte nostra.<\/p>\n<\/section>\n\n\n\n<section class=\"wp-block-group has-global-padding is-layout-constrained wp-block-group-is-layout-constrained\">\n<h2 class=\"wp-block-heading list-caption\">Opzioni di pagamento<\/h2>\n\n\n\n<ul class=\"wp-block-list\">\n<li>PayPal<\/li>\n\n\n\n<li>Carta di credito<\/li>\n\n\n\n<li>Trasferire<\/li>\n<\/ul>\n<\/section>\n\n\n\n<section class=\"wp-block-group with-background grey has-global-padding is-layout-constrained wp-block-group-is-layout-constrained\">\n<h2 class=\"wp-block-heading\">Domande o dubbi sul listino prezzi?<\/h2>\n\n\n\n<div class=\"wp-block-getwid-accordion faq has-icon-left\" data-active-element=\"none\">\n<div class=\"wp-block-getwid-accordion__header-wrapper\"><span class=\"wp-block-getwid-accordion__header\"><a href=\"#\"><span class=\"wp-block-getwid-accordion__header-title\">Come posso mettermi in contatto con la ragazza alla pari?<\/span><span class=\"wp-block-getwid-accordion__icon is-active\"><i class=\"fas fa-plus\"><\/i><\/span><span class=\"wp-block-getwid-accordion__icon is-passive\"><i class=\"fas fa-minus\"><\/i><\/span><\/a><\/span><\/div><div class=\"wp-block-getwid-accordion__content-wrapper\"><div class=\"wp-block-getwid-accordion__content\">\n<div class=\"wp-block-getwid-accordion has-icon-left\" data-active-element=\"none\">\n<div class=\"wp-block-getwid-accordion__header-wrapper\"><span class=\"wp-block-getwid-accordion__header\"><a href=\"#\"><span class=\"wp-block-getwid-accordion__header-title\">Offerte per 3, 6 o 12 mesi<\/span><span class=\"wp-block-getwid-accordion__icon is-active\"><i class=\"fas fa-plus\"><\/i><\/span><span class=\"wp-block-getwid-accordion__icon is-passive\"><i class=\"fas fa-minus\"><\/i><\/span><\/a><\/span><\/div><div class=\"wp-block-getwid-accordion__content-wrapper\"><div class=\"wp-block-getwid-accordion__content\">\n<p>Puoi acquistare l&#039;opzione chat dopo esserti registrato e attivato.<\/p>\n<\/div><\/div>\n\n\n\n<div class=\"wp-block-getwid-accordion__header-wrapper\"><span class=\"wp-block-getwid-accordion__header\"><a href=\"#\"><span class=\"wp-block-getwid-accordion__header-title\">Per cosa vengono addebitate le commissioni?<\/span><span class=\"wp-block-getwid-accordion__icon is-active\"><i class=\"fas fa-plus\"><\/i><\/span><span class=\"wp-block-getwid-accordion__icon is-passive\"><i class=\"fas fa-minus\"><\/i><\/span><\/a><\/span><\/div><div class=\"wp-block-getwid-accordion__content-wrapper\"><div class=\"wp-block-getwid-accordion__content\">\n<p>Puoi contattare le ragazze alla pari solo tramite chat<\/p>\n<\/div><\/div>\n\n\n\n<div class=\"wp-block-getwid-accordion__header-wrapper\"><span class=\"wp-block-getwid-accordion__header\"><a href=\"#\"><span class=\"wp-block-getwid-accordion__header-title\">AuPairScout offre in cambio:<\/span><span class=\"wp-block-getwid-accordion__icon is-active\"><i class=\"fas fa-plus\"><\/i><\/span><span class=\"wp-block-getwid-accordion__icon is-passive\"><i class=\"fas fa-minus\"><\/i><\/span><\/a><\/span><\/div><div class=\"wp-block-getwid-accordion__content-wrapper\"><div class=\"wp-block-getwid-accordion__content\">\n<ul class=\"wp-block-list\">\n<li>Contattaci tramite messaggi personalizzati<\/li>\n\n\n\n<li>Scambio di ulteriori dati e informazioni tra gli utenti<\/li>\n\n\n\n<li>Accesso alle descrizioni personali e alle referenze degli au pair<\/li>\n\n\n\n<li>Decenni di esperienza come agenzia alla pari<\/li>\n\n\n\n<li>Comunicazione con il nostro team AuPairScout<\/li>\n<\/ul>\n<\/div><\/div>\n<\/div>\n<\/div><\/div>\n\n\n\n<div class=\"wp-block-getwid-accordion__header-wrapper\"><span class=\"wp-block-getwid-accordion__header\"><a href=\"#\"><span class=\"wp-block-getwid-accordion__header-title\">Cosa succede alla fine del periodo pagato?<\/span><span class=\"wp-block-getwid-accordion__icon is-active\"><i class=\"fas fa-plus\"><\/i><\/span><span class=\"wp-block-getwid-accordion__icon is-passive\"><i class=\"fas fa-minus\"><\/i><\/span><\/a><\/span><\/div><div class=\"wp-block-getwid-accordion__content-wrapper\"><div class=\"wp-block-getwid-accordion__content\">\n<div class=\"wp-block-getwid-accordion has-icon-left\" data-active-element=\"none\">\n<div class=\"wp-block-getwid-accordion__header-wrapper\"><span class=\"wp-block-getwid-accordion__header\"><a href=\"#\"><span class=\"wp-block-getwid-accordion__header-title\">Quando termina un&#039;opportunit\u00e0 di chat<\/span><span class=\"wp-block-getwid-accordion__icon is-active\"><i class=\"fas fa-plus\"><\/i><\/span><span class=\"wp-block-getwid-accordion__icon is-passive\"><i class=\"fas fa-minus\"><\/i><\/span><\/a><\/span><\/div><div class=\"wp-block-getwid-accordion__content-wrapper\"><div class=\"wp-block-getwid-accordion__content\">\n<p>Una volta chiusa la chat, non potrai pi\u00f9 contattare la ragazza alla pari n\u00e9 leggere o rispondere ai suoi messaggi. Tuttavia, puoi sempre acquistare una nuova opzione di chat e funzioner\u00e0 di nuovo.<\/p>\n<\/div><\/div>\n<\/div>\n<\/div><\/div>\n\n\n\n<div class=\"wp-block-getwid-accordion__header-wrapper\"><span class=\"wp-block-getwid-accordion__header\"><a href=\"#\"><span class=\"wp-block-getwid-accordion__header-title\">Come posso annullare la mia iscrizione?<\/span><span class=\"wp-block-getwid-accordion__icon is-active\"><i class=\"fas fa-plus\"><\/i><\/span><span class=\"wp-block-getwid-accordion__icon is-passive\"><i class=\"fas fa-minus\"><\/i><\/span><\/a><\/span><\/div><div class=\"wp-block-getwid-accordion__content-wrapper\"><div class=\"wp-block-getwid-accordion__content\">\n<div class=\"wp-block-getwid-accordion has-icon-left\" data-active-element=\"none\">\n<div class=\"wp-block-getwid-accordion__header-wrapper\"><span class=\"wp-block-getwid-accordion__header\"><a href=\"#\"><span class=\"wp-block-getwid-accordion__header-title\">Come posso annullare un abbonamento?<\/span><span class=\"wp-block-getwid-accordion__icon is-active\"><i class=\"fas fa-plus\"><\/i><\/span><span class=\"wp-block-getwid-accordion__icon is-passive\"><i class=\"fas fa-minus\"><\/i><\/span><\/a><\/span><\/div><div class=\"wp-block-getwid-accordion__content-wrapper\"><div class=\"wp-block-getwid-accordion__content\">\n<p>Ogni opzione di chat termina automaticamente dopo il termine selezionato e non \u00e8 necessario annullarla. Tuttavia, se desideri estendere il tuo abbonamento, puoi acquistare una nuova opzione di chat.<\/p>\n<\/div><\/div>\n<\/div>\n<\/div><\/div>\n<\/div>\n<\/section>\n<\/div>\n\n\n\n<section id=\"last-cta\" class=\"wp-block-group with-background small has-global-padding is-layout-constrained wp-block-group-is-layout-constrained\">\n<div class=\"wp-block-columns aupair is-layout-flex wp-container-core-columns-is-layout-28f84493 wp-block-columns-is-layout-flex\">\n<div class=\"wp-block-column is-layout-flow wp-block-column-is-layout-flow\">\n<h2 class=\"wp-block-heading\"><strong>Registrati ora gratuitamente!<\/strong><\/h2>\n\n\n\n<h5 class=\"wp-block-heading\">RIUNIAMO AU PAIR, FAMIGLIE OSPITANTI, AGENZIE, SCUOLE DI LINGUA E AU PAIR CLUB IN TUTTO IL MONDO DAL 1997.<\/h5>\n<\/div>\n\n\n\n<div class=\"wp-block-column is-layout-flow wp-block-column-is-layout-flow\">\n<div class=\"wp-block-buttons is-layout-flex wp-block-buttons-is-layout-flex\">\n<div class=\"wp-block-button highlighted\"><a class=\"wp-block-button__link wp-element-button\" href=\"\/#registrierung\"><strong>Andiamo<\/strong><\/a><\/div>\n<\/div>\n<\/div>\n<\/div>\n<\/section>","protected":false},"excerpt":{"rendered":"","protected":false},"author":990158,"featured_media":0,"parent":0,"menu_order":0,"comment_status":"closed","ping_status":"closed","template":"","meta":{"footnotes":""},"class_list":["post-14","page","type-page","status-publish","hentry"],"_links":{"self":[{"href":"https:\/\/aupairscout.com\/it\/wp-json\/wp\/v2\/pages\/14","targetHints":{"allow":["GET"]}}],"collection":[{"href":"https:\/\/aupairscout.com\/it\/wp-json\/wp\/v2\/pages"}],"about":[{"href":"https:\/\/aupairscout.com\/it\/wp-json\/wp\/v2\/types\/page"}],"author":[{"embeddable":true,"href":"https:\/\/aupairscout.com\/it\/wp-json\/wp\/v2\/users\/990158"}],"replies":[{"embeddable":true,"href":"https:\/\/aupairscout.com\/it\/wp-json\/wp\/v2\/comments?post=14"}],"version-history":[{"count":52,"href":"https:\/\/aupairscout.com\/it\/wp-json\/wp\/v2\/pages\/14\/revisions"}],"predecessor-version":[{"id":7328,"href":"https:\/\/aupairscout.com\/it\/wp-json\/wp\/v2\/pages\/14\/revisions\/7328"}],"wp:attachment":[{"href":"https:\/\/aupairscout.com\/it\/wp-json\/wp\/v2\/media?parent=14"}],"curies":[{"name":"parola chiave","href":"https:\/\/api.w.org\/{rel}","templated":true}]}}