{"id":10,"date":"2016-04-15T14:40:44","date_gmt":"2016-04-15T14:40:44","guid":{"rendered":"https:\/\/au-pair-agency.axiomthemes.com.dv.axiomthemes.com\/?page_id=10"},"modified":"2025-03-13T16:49:58","modified_gmt":"2025-03-13T15:49:58","slug":"riguardo-aupairscout","status":"publish","type":"page","link":"https:\/\/aupairscout.com\/it\/riguardo-aupairscout\/","title":{"rendered":"Informazioni su AuPairScout"},"content":{"rendered":"<section class=\"wp-block-group has-global-padding is-layout-constrained wp-block-group-is-layout-constrained\">\n<h2 class=\"wp-block-heading centred\"><strong>La sede centrale di Aupair \u00e8 ora AuPairScout<\/strong><\/h2>\n\n\n\n<div class=\"wp-block-columns is-layout-flex wp-container-core-columns-is-layout-28f84493 wp-block-columns-is-layout-flex\">\n<div class=\"wp-block-column is-layout-flow wp-block-column-is-layout-flow\">\n<figure class=\"wp-block-image size-full\"><img loading=\"lazy\" decoding=\"async\" width=\"900\" height=\"600\" src=\"https:\/\/aupairscout.com\/wp-content\/uploads\/2025\/03\/Au-pair-Scout-weltweit.jpg\" alt=\"AuPairScout offre l&#039;opportunit\u00e0 di scambi a livello mondiale tra au pair, famiglie ospitanti, agenzie, scuole di lingua e club alla pari. \" class=\"wp-image-6852\" srcset=\"https:\/\/aupairscout.com\/wp-content\/uploads\/2025\/03\/Au-pair-Scout-weltweit.jpg 900w, https:\/\/aupairscout.com\/wp-content\/uploads\/2025\/03\/Au-pair-Scout-weltweit-300x200.jpg 300w, https:\/\/aupairscout.com\/wp-content\/uploads\/2025\/03\/Au-pair-Scout-weltweit-768x512.jpg 768w, https:\/\/aupairscout.com\/wp-content\/uploads\/2025\/03\/Au-pair-Scout-weltweit-18x12.jpg 18w, https:\/\/aupairscout.com\/wp-content\/uploads\/2025\/03\/Au-pair-Scout-weltweit-600x400.jpg 600w\" sizes=\"auto, (max-width: 900px) 100vw, 900px\" \/><\/figure>\n<\/div>\n\n\n\n<div class=\"wp-block-column is-layout-flow wp-block-column-is-layout-flow\">\n<figure class=\"wp-block-image size-full\"><img loading=\"lazy\" decoding=\"async\" width=\"900\" height=\"600\" src=\"https:\/\/aupairscout.com\/wp-content\/uploads\/2025\/03\/Au-pair-Zentrale-seit-1997.jpg\" alt=\"Da quando nel 1997 \u00e8 stata fondata la sede centrale per gli au-pair, come agenzia internet a servizio completo offriamo con successo alloggi alla pari presso famiglie ospitanti in Germania.\" class=\"wp-image-6853\" srcset=\"https:\/\/aupairscout.com\/wp-content\/uploads\/2025\/03\/Au-pair-Zentrale-seit-1997.jpg 900w, https:\/\/aupairscout.com\/wp-content\/uploads\/2025\/03\/Au-pair-Zentrale-seit-1997-300x200.jpg 300w, https:\/\/aupairscout.com\/wp-content\/uploads\/2025\/03\/Au-pair-Zentrale-seit-1997-768x512.jpg 768w, https:\/\/aupairscout.com\/wp-content\/uploads\/2025\/03\/Au-pair-Zentrale-seit-1997-18x12.jpg 18w, https:\/\/aupairscout.com\/wp-content\/uploads\/2025\/03\/Au-pair-Zentrale-seit-1997-600x400.jpg 600w\" sizes=\"auto, (max-width: 900px) 100vw, 900px\" \/><\/figure>\n<\/div>\n<\/div>\n\n\n\n<p>Da quando \u00e8 stata fondata la sede alla pari nel 1997-2023, in qualit\u00e0 di agenzia Internet a servizio completo, collochiamo con successo au pair presso famiglie ospitanti in Germania.<\/p>\n\n\n\n<p>Con AuPairScout dal 01.2024 \u2013 \u221e . Sulla base di questa esperienza, ci siamo riorientati per quanto riguarda il collocamento alla pari. Ora hai una presentazione Internet moderna, contemporanea e orientata al cliente.<\/p>\n\n\n\n<p>Ma soprattutto: con un nuovo concetto, AuPairScout vi offrir\u00e0 in futuro l&#039;opportunit\u00e0 di uno scambio globale tra au pair, famiglie ospitanti, agenzie, scuole di lingua e club alla pari. Naturalmente siamo ancora a disposizione per consigliarvi.<\/p>\n\n\n\n<p><strong>La nostra esperienza:<\/strong> Nel tempo siamo riusciti ad acquisire un grandissimo numero di clienti abituali \u2013 tra cui numerosi personaggi pubblici \u2013 che continuano a darci fiducia anno dopo anno.<\/p>\n\n\n\n<p><strong>Il nostro motto:<\/strong> Qualit\u00e0 rispetto alla quantit\u00e0! La stragrande maggioranza dei nostri au pair \u00e8 registrata presso di noi tramite le nostre agenzie partner. Questo ti d\u00e0 la sicurezza che tutte le informazioni fornite nel profilo dell&#039;aupair sono state verificate sul posto. Gli au pair che non sono registrati tramite agenzie partner vengono intervistati in dettaglio da noi.<\/p>\n\n\n\n<div class=\"wp-block-columns is-layout-flex wp-container-core-columns-is-layout-28f84493 wp-block-columns-is-layout-flex\">\n<div class=\"wp-block-column is-layout-flow wp-block-column-is-layout-flow\">\n<ul class=\"wp-block-list checked\">\n<li>Esperienza alla pari dal 1997<\/li>\n\n\n\n<li>Registrazione gratuita<\/li>\n\n\n\n<li>Prezzi trasparenti<\/li>\n\n\n\n<li>Domande frequenti dettagliate<\/li>\n\n\n\n<li>Profili verificati<\/li>\n<\/ul>\n<\/div>\n\n\n\n<div class=\"wp-block-column is-layout-flow wp-block-column-is-layout-flow\">\n<ul class=\"wp-block-list checked\">\n<li>Sicurezza crittografata SSL<\/li>\n\n\n\n<li>Supporto via e-mail e telefonico<\/li>\n\n\n\n<li>Agenzie con consulenza<\/li>\n\n\n\n<li>Scuole di lingua<\/li>\n\n\n\n<li>Club alla pari<\/li>\n<\/ul>\n<\/div>\n<\/div>\n<\/section>","protected":false},"excerpt":{"rendered":"<p>Aupairzentrale ist jetzt AuPairScout Seit Gr\u00fcndung der Aupairzentrale im Jahre 1997 &#8211; 2023, vermitteln wir als Full Service Internet-Agentur erfolgreich Au-pairs an Gastfamilien in Deutschland. Mit AuPairScout seit 01.2024 &#8211; \u221e . basierend auf dieser Erfahrung \u2013 haben wir uns bei der Au-pair-Vermittlung neu orientiert. Ihnen er\u00f6ffnet sich nunmehr eine moderne, zeitgem\u00e4\u00dfe und kundenorientierte Internet-Pr\u00e4sentation. [&hellip;]<\/p>\n","protected":false},"author":990158,"featured_media":0,"parent":0,"menu_order":0,"comment_status":"closed","ping_status":"closed","template":"","meta":{"footnotes":""},"class_list":["post-10","page","type-page","status-publish","hentry"],"_links":{"self":[{"href":"https:\/\/aupairscout.com\/it\/wp-json\/wp\/v2\/pages\/10","targetHints":{"allow":["GET"]}}],"collection":[{"href":"https:\/\/aupairscout.com\/it\/wp-json\/wp\/v2\/pages"}],"about":[{"href":"https:\/\/aupairscout.com\/it\/wp-json\/wp\/v2\/types\/page"}],"author":[{"embeddable":true,"href":"https:\/\/aupairscout.com\/it\/wp-json\/wp\/v2\/users\/990158"}],"replies":[{"embeddable":true,"href":"https:\/\/aupairscout.com\/it\/wp-json\/wp\/v2\/comments?post=10"}],"version-history":[{"count":11,"href":"https:\/\/aupairscout.com\/it\/wp-json\/wp\/v2\/pages\/10\/revisions"}],"predecessor-version":[{"id":6856,"href":"https:\/\/aupairscout.com\/it\/wp-json\/wp\/v2\/pages\/10\/revisions\/6856"}],"wp:attachment":[{"href":"https:\/\/aupairscout.com\/it\/wp-json\/wp\/v2\/media?parent=10"}],"curies":[{"name":"parola chiave","href":"https:\/\/api.w.org\/{rel}","templated":true}]}}