{"id":3272,"date":"2022-12-22T13:57:17","date_gmt":"2022-12-22T12:57:17","guid":{"rendered":"https:\/\/aupair.mondoit.de\/?post_type=product&#038;p=3272"},"modified":"2025-09-25T09:51:25","modified_gmt":"2025-09-25T07:51:25","slug":"abonnement-premium","status":"publish","type":"product","link":"https:\/\/aupairscout.com\/fr\/produit\/abonnement-premium\/","title":{"rendered":"Adh\u00e9sion \u00e0 l&#039;agence"},"content":{"rendered":"<div class=\"wpb_text_column wpb_content_element\">\n<div class=\"wpb_wrapper\">\n<div class=\"wpb_text_column wpb_content_element\">\n<div class=\"wpb_wrapper\">\n<h5><span style=\"color: #000000;\">ABONNEMENT PREMIUM SUR AUPAIRSCOUT.DE<\/span><\/h5>\n<p><span style=\"color: #000000;\">En souscrivant \u00e0 un abonnement premium, vous pouvez envoyer des messages priv\u00e9s aux candidats\u00a0: c\u2019est la fa\u00e7on la plus rapide et la plus simple de trouver une jeune fille au pair. Vous pouvez \u00e9changer vos coordonn\u00e9es et commencer votre aventure\u00a0! Voici un aper\u00e7u des diff\u00e9rentes fonctionnalit\u00e9s premium\u00a0:<\/span><\/p>\n<ul>\n<li><span style=\"color: #000000;\">Contactez les candidats par messages personnalis\u00e9s. Ainsi, vous avez la certitude qu&#039;ils liront vos messages.<\/span><\/li>\n<li><span style=\"color: #000000;\">Lisez les messages des personnes int\u00e9ress\u00e9es et r\u00e9pondez-y, ce qui vous donnera l&#039;occasion d&#039;\u00e9changer des informations compl\u00e9mentaires.<\/span><\/li>\n<li><span style=\"color: #000000;\">Lisez les descriptions personnelles et acc\u00e9dez aux vid\u00e9os et aux t\u00e9moignages.<\/span><\/li>\n<li><span style=\"color: #000000;\">Acc\u00e9dez \u00e0 un contrat Au Pair complet avec du contenu suppl\u00e9mentaire, plus d&#039;informations et les r\u00e9ponses aux questions les plus fr\u00e9quemment pos\u00e9es.<\/span><\/li>\n<li><span style=\"color: #000000;\">Recevez un guide pour les familles d&#039;accueil contenant des conseils et des informations suppl\u00e9mentaires sur le programme Au Pair, ainsi que des informations utiles sur la fa\u00e7on de trouver un(e) Au Pair.<\/span><\/li>\n<\/ul>\n<\/div>\n<\/div>\n<div class=\"wpb_text_column wpb_content_element\">\n<div class=\"wpb_wrapper\"><\/div>\n<\/div>\n<\/div>\n<\/div>","protected":false},"excerpt":{"rendered":"<h5><span style=\"color: #000000;\">ZAHLUNGS-OPTIONEN<\/span><\/h5>\n<ul>\n<li><span style=\"color: #000000;\">PayPal<\/span><\/li>\n<li><span style=\"color: #000000;\">Carte de cr\u00e9dit<\/span><\/li>\n<li><span style=\"color: #000000;\">Transfert<\/span><\/li>\n<\/ul>","protected":false},"featured_media":3167,"template":"","meta":[],"product_brand":[],"product_cat":[122],"product_tag":[],"class_list":{"0":"post-3272","1":"product","2":"type-product","3":"status-publish","4":"has-post-thumbnail","6":"product_cat-abo","8":"first","9":"instock","10":"sold-individually","11":"taxable","12":"shipping-taxable","13":"purchasable","14":"product-type-variable-subscription"},"_links":{"self":[{"href":"https:\/\/aupairscout.com\/fr\/wp-json\/wp\/v2\/product\/3272","targetHints":{"allow":["GET"]}}],"collection":[{"href":"https:\/\/aupairscout.com\/fr\/wp-json\/wp\/v2\/product"}],"about":[{"href":"https:\/\/aupairscout.com\/fr\/wp-json\/wp\/v2\/types\/product"}],"wp:featuredmedia":[{"embeddable":true,"href":"https:\/\/aupairscout.com\/fr\/wp-json\/wp\/v2\/media\/3167"}],"wp:attachment":[{"href":"https:\/\/aupairscout.com\/fr\/wp-json\/wp\/v2\/media?parent=3272"}],"wp:term":[{"taxonomy":"product_brand","embeddable":true,"href":"https:\/\/aupairscout.com\/fr\/wp-json\/wp\/v2\/product_brand?post=3272"},{"taxonomy":"product_cat","embeddable":true,"href":"https:\/\/aupairscout.com\/fr\/wp-json\/wp\/v2\/product_cat?post=3272"},{"taxonomy":"product_tag","embeddable":true,"href":"https:\/\/aupairscout.com\/fr\/wp-json\/wp\/v2\/product_tag?post=3272"}],"curies":[{"name":"wp","href":"https:\/\/api.w.org\/{rel}","templated":true}]}}