{"id":3165,"date":"2022-11-02T21:10:10","date_gmt":"2022-11-02T20:10:10","guid":{"rendered":"https:\/\/aupair.mondoit.de\/?post_type=product&#038;p=3165"},"modified":"2025-09-01T13:24:02","modified_gmt":"2025-09-01T11:24:02","slug":"mitgliedschaft-gastfamilie","status":"publish","type":"product","link":"https:\/\/aupairscout.com\/fr\/produit\/mitgliedschaft-gastfamilie\/","title":{"rendered":"Adh\u00e9sion pour la famille d&#039;accueil"},"content":{"rendered":"<div class=\"wpb_text_column wpb_content_element\">\n<div class=\"wpb_wrapper\">\n<h3><span style=\"color: #000000;\">MITGLIEDSCHAFT GASTFAMILIE BEI AUPAIRSCOUT.DE<\/span><\/h3>\n<p>Um ein Au-pair kontaktieren zu k\u00f6nnen, ben\u00f6tigen sie als Gastfamilie eine Premium-Mitgliedschaft. Es gibt drei Pakete zu w\u00e4hlen, die sich nur in der Dauer der Mitgliedschaft unterscheiden.<\/p>\n<p><span style=\"color: #000000;\">AuPairScout gew\u00e4hrleistet im Gegenzug:<\/span><\/p>\n<ul>\n<li><span style=\"color: #000000;\">jahrzehntelange Erfahrung als Au-pair-Agentur<\/span><\/li>\n<li><span style=\"color: #000000;\">Communication avec notre \u00e9quipe AuPairScout<\/span><\/li>\n<li><span style=\"color: #000000;\">Contactez-nous via des messages personnalis\u00e9s<\/span><\/li>\n<li><span style=\"color: #000000;\">\u00c9change d\u2019autres donn\u00e9es et informations entre utilisateurs<\/span><\/li>\n<li><span style=\"color: #000000;\">Acc\u00e8s aux descriptions personnelles et aux r\u00e9f\u00e9rences<\/span><\/li>\n<li>keine Werbung auf unserer Website<\/li>\n<\/ul>\n<\/div>\n<\/div>\n<div class=\"wpb_text_column wpb_content_element\">\n<div class=\"wpb_wrapper\"><\/div>\n<\/div>","protected":false},"excerpt":{"rendered":"<h5><span style=\"color: #000000;\">ZAHLUNGS-OPTIONEN<\/span><\/h5>\n<ul>\n<li><span style=\"color: #000000;\">PayPal<\/span><\/li>\n<li><span style=\"color: #000000;\">Carte de cr\u00e9dit<\/span><\/li>\n<li><span style=\"color: #000000;\">Transfert<\/span><\/li>\n<\/ul>","protected":false},"featured_media":3167,"template":"","meta":[],"product_brand":[],"product_cat":[122],"product_tag":[],"class_list":{"0":"post-3165","1":"product","2":"type-product","3":"status-publish","4":"has-post-thumbnail","6":"product_cat-abo","8":"first","9":"instock","10":"sold-individually","11":"taxable","12":"shipping-taxable","13":"purchasable","14":"product-type-variable-subscription"},"_links":{"self":[{"href":"https:\/\/aupairscout.com\/fr\/wp-json\/wp\/v2\/product\/3165","targetHints":{"allow":["GET"]}}],"collection":[{"href":"https:\/\/aupairscout.com\/fr\/wp-json\/wp\/v2\/product"}],"about":[{"href":"https:\/\/aupairscout.com\/fr\/wp-json\/wp\/v2\/types\/product"}],"wp:featuredmedia":[{"embeddable":true,"href":"https:\/\/aupairscout.com\/fr\/wp-json\/wp\/v2\/media\/3167"}],"wp:attachment":[{"href":"https:\/\/aupairscout.com\/fr\/wp-json\/wp\/v2\/media?parent=3165"}],"wp:term":[{"taxonomy":"product_brand","embeddable":true,"href":"https:\/\/aupairscout.com\/fr\/wp-json\/wp\/v2\/product_brand?post=3165"},{"taxonomy":"product_cat","embeddable":true,"href":"https:\/\/aupairscout.com\/fr\/wp-json\/wp\/v2\/product_cat?post=3165"},{"taxonomy":"product_tag","embeddable":true,"href":"https:\/\/aupairscout.com\/fr\/wp-json\/wp\/v2\/product_tag?post=3165"}],"curies":[{"name":"wp","href":"https:\/\/api.w.org\/{rel}","templated":true}]}}