{"id":7378,"date":"2025-08-26T07:19:10","date_gmt":"2025-08-26T05:19:10","guid":{"rendered":"https:\/\/aupairscout.com\/?page_id=7378"},"modified":"2025-08-26T07:39:56","modified_gmt":"2025-08-26T05:39:56","slug":"assurance-au-pair-2","status":"publish","type":"page","link":"https:\/\/aupairscout.com\/fr\/assurance-au-pair-2\/","title":{"rendered":"Au pair des Assurances"},"content":{"rendered":"<section id=\"versicherungen\" class=\"wp-block-group alignfull insurance has-global-padding is-layout-constrained wp-block-group-is-layout-constrained\">\n<div class=\"wp-block-group alignfull title with-background centred has-global-padding is-layout-constrained wp-block-group-is-layout-constrained\">\n<h2 class=\"wp-block-heading\">Au pair des Assurances<\/h2>\n\n\n\n<h6 class=\"wp-block-heading sub-title\">Les familles d&#039;accueil peuvent votre Au pair ici en Ligne assurer <br>Allemande Au Pair pour Votre S\u00e9jour en Ligne, ici assurer<\/h6>\n<\/div>\n\n\n\n<div class=\"wp-block-columns aupair centred is-layout-flex wp-container-core-columns-is-layout-28f84493 wp-block-columns-is-layout-flex\">\n<div class=\"wp-block-column is-layout-flow wp-block-column-is-layout-flow\">\n<figure class=\"wp-block-image size-full aupair\"><a href=\"\/gastfamilien-versicherung-fuer-au-pair\"><img loading=\"lazy\" decoding=\"async\" width=\"489\" height=\"321\" src=\"https:\/\/aupairscout.com\/wp-content\/uploads\/2023\/10\/Versicherung-Incoming.jpg\" alt=\"\" class=\"wp-image-4910\" srcset=\"https:\/\/aupairscout.com\/wp-content\/uploads\/2023\/10\/Versicherung-Incoming.jpg 489w, https:\/\/aupairscout.com\/wp-content\/uploads\/2023\/10\/Versicherung-Incoming-300x197.jpg 300w, https:\/\/aupairscout.com\/wp-content\/uploads\/2023\/10\/Versicherung-Incoming-18x12.jpg 18w\" sizes=\"auto, (max-width: 489px) 100vw, 489px\" \/><\/a><\/figure>\n\n\n\n<div class=\"wp-block-buttons is-layout-flex wp-block-buttons-is-layout-flex\">\n<div class=\"wp-block-button\"><a class=\"wp-block-button__link wp-element-button\" href=\"\/gastfamilien-versicherung-fuer-au-pair\"><strong>Maintenant, Votre jeune Au pair assurer<\/strong> <br>chez HanseMerkur Insurance<\/a><\/div>\n<\/div>\n<\/div>\n\n\n\n<div class=\"wp-block-column is-layout-flow wp-block-column-is-layout-flow\">\n<figure class=\"wp-block-image size-full aupair\"><a href=\"https:\/\/www.klemmer-international.com\/de\/?afl=805\" target=\"_blank\" rel=\"noopener\"><img loading=\"lazy\" decoding=\"async\" width=\"489\" height=\"321\" src=\"https:\/\/aupairscout.com\/wp-content\/uploads\/2025\/02\/Versicherung-Incoming-Klemmer.jpg\" alt=\"\" class=\"wp-image-6783\" srcset=\"https:\/\/aupairscout.com\/wp-content\/uploads\/2025\/02\/Versicherung-Incoming-Klemmer.jpg 489w, https:\/\/aupairscout.com\/wp-content\/uploads\/2025\/02\/Versicherung-Incoming-Klemmer-300x197.jpg 300w, https:\/\/aupairscout.com\/wp-content\/uploads\/2025\/02\/Versicherung-Incoming-Klemmer-18x12.jpg 18w\" sizes=\"auto, (max-width: 489px) 100vw, 489px\" \/><\/a><\/figure>\n\n\n\n<div class=\"wp-block-buttons is-layout-flex wp-block-buttons-is-layout-flex\">\n<div class=\"wp-block-button\"><a class=\"wp-block-button__link wp-element-button\" href=\"https:\/\/www.klemmer-international.com\/de\/?afl=805\" target=\"_blank\" rel=\"noreferrer noopener\"><strong>Maintenant, Votre jeune Au pair assurer<\/strong><br>chez Klemmer Insurance<\/a><\/div>\n<\/div>\n<\/div>\n\n\n\n<div class=\"wp-block-column is-layout-flow wp-block-column-is-layout-flow\">\n<figure class=\"wp-block-image size-full aupair\"><a href=\"\/au-pair-versicherung\"><img loading=\"lazy\" decoding=\"async\" width=\"489\" height=\"321\" src=\"https:\/\/aupairscout.com\/wp-content\/uploads\/2023\/10\/Versicherung-Outgoing.jpg\" alt=\"\" class=\"wp-image-4911\" srcset=\"https:\/\/aupairscout.com\/wp-content\/uploads\/2023\/10\/Versicherung-Outgoing.jpg 489w, https:\/\/aupairscout.com\/wp-content\/uploads\/2023\/10\/Versicherung-Outgoing-300x197.jpg 300w, https:\/\/aupairscout.com\/wp-content\/uploads\/2023\/10\/Versicherung-Outgoing-18x12.jpg 18w\" sizes=\"auto, (max-width: 489px) 100vw, 489px\" \/><\/a><\/figure>\n\n\n\n<div class=\"wp-block-buttons is-layout-flex wp-block-buttons-is-layout-flex\">\n<div class=\"wp-block-button\"><a class=\"wp-block-button__link wp-element-button\" href=\"\/au-pair-versicherung\"><strong>Maintenant, voyage \u00e0 l&#039;\u00c9tranger assurer<\/strong><br>chez HanseMerkur Insurance<\/a><\/div>\n<\/div>\n<\/div>\n<\/div>\n<\/section>\n\n\n\n<section class=\"wp-block-group with-background has-global-padding is-layout-constrained wp-block-group-is-layout-constrained\">\n<h3 class=\"wp-block-heading\">Encore des questions ?<\/h3>\n\n\n\n<p>ENCORE DES QUESTIONS ? Si vous avez des questions, des probl\u00e8mes ou des suggestions, nous serons heureux de vous aider pendant les heures normales de bureau. Vous pouvez nous joindre par t\u00e9l\u00e9phone, email ou formulaire de contact. Nous avons dress\u00e9 une liste de questions et r\u00e9ponses, r\u00e9parties par domaine, dans la section \u00ab\u00a0Foire aux questions\u00a0\u00bb.<\/p>\n<\/section>","protected":false},"excerpt":{"rendered":"","protected":false},"author":990158,"featured_media":0,"parent":0,"menu_order":0,"comment_status":"closed","ping_status":"closed","template":"","meta":{"footnotes":""},"class_list":["post-7378","page","type-page","status-publish","hentry"],"_links":{"self":[{"href":"https:\/\/aupairscout.com\/fr\/wp-json\/wp\/v2\/pages\/7378","targetHints":{"allow":["GET"]}}],"collection":[{"href":"https:\/\/aupairscout.com\/fr\/wp-json\/wp\/v2\/pages"}],"about":[{"href":"https:\/\/aupairscout.com\/fr\/wp-json\/wp\/v2\/types\/page"}],"author":[{"embeddable":true,"href":"https:\/\/aupairscout.com\/fr\/wp-json\/wp\/v2\/users\/990158"}],"replies":[{"embeddable":true,"href":"https:\/\/aupairscout.com\/fr\/wp-json\/wp\/v2\/comments?post=7378"}],"version-history":[{"count":2,"href":"https:\/\/aupairscout.com\/fr\/wp-json\/wp\/v2\/pages\/7378\/revisions"}],"predecessor-version":[{"id":7380,"href":"https:\/\/aupairscout.com\/fr\/wp-json\/wp\/v2\/pages\/7378\/revisions\/7380"}],"wp:attachment":[{"href":"https:\/\/aupairscout.com\/fr\/wp-json\/wp\/v2\/media?parent=7378"}],"curies":[{"name":"wp","href":"https:\/\/api.w.org\/{rel}","templated":true}]}}