{"id":7281,"date":"2025-08-14T11:25:52","date_gmt":"2025-08-14T09:25:52","guid":{"rendered":"https:\/\/aupairscout.com\/?page_id=7281"},"modified":"2025-08-19T12:32:13","modified_gmt":"2025-08-19T10:32:13","slug":"liste-de-prix-des-filles-au-pair","status":"publish","type":"page","link":"https:\/\/aupairscout.com\/fr\/liste-de-prix-des-filles-au-pair\/","title":{"rendered":"Liste de prix pour les jeunes au pair"},"content":{"rendered":"<section class=\"wp-block-group pricelist au-pair-premium has-global-padding is-layout-constrained wp-block-group-is-layout-constrained\">\n<div class=\"wp-block-columns tiles text-left aupair is-layout-flex wp-container-core-columns-is-layout-28f84493 wp-block-columns-is-layout-flex\">\n<div class=\"wp-block-column is-layout-flow wp-block-column-is-layout-flow\">\n<h2 class=\"wp-block-heading\">Liste de prix pour les jeunes au pair<\/h2>\n\n\n\n<p>Les jeunes au pair ayant un profil de base peuvent trouver et contacter des familles gratuitement. Seules les familles disposant d&#039;un abonnement premium peuvent ensuite leur r\u00e9pondre.<\/p>\n\n\n\n<p><strong>Nouveau:<\/strong> Les jeunes au pair ont d\u00e9sormais la possibilit\u00e9 de souscrire un abonnement premium, leur permettant de r\u00e9pondre aux familles et aux autres participants m\u00eame sans abonnement. N&#039;attendez pas la r\u00e9ponse des familles\u00a0: prenez l&#039;initiative\u00a0!<\/p>\n\n\n\n<p class=\"listcaption\">AuPairScout offre en \u00e9change :<\/p>\n\n\n\n<ul class=\"wp-block-list\">\n<li>\u00c9tablir activement un contact avec les familles et les autres participants<\/li>\n\n\n\n<li>Les familles et les autres participants peuvent r\u00e9pondre sans avoir leur propre abonnement.<\/li>\n\n\n\n<li>Acc\u00e8s \u00e0 toutes les donn\u00e9es familiales<\/li>\n\n\n\n<li>Conseils personnalis\u00e9s d&#039;AuPairScout<\/li>\n\n\n\n<li>L&#039;adh\u00e9sion est <strong>Valable 12 mois<\/strong>Cela suffit \u00e9galement pour trouver un autre poste par la suite, par exemple dans un autre pays d&#039;accueil.<\/li>\n<\/ul>\n<\/div>\n\n\n\n<div class=\"wp-block-column black front is-layout-flow wp-block-column-is-layout-flow\">\n<figure class=\"wp-block-image size-large\"><img decoding=\"async\" src=\"https:\/\/aupairscout.com\/wp-content\/uploads\/2023\/10\/Abo-Kaufen.png\" alt=\"Achetez un abonnement au pair \"\/><\/figure>\n\n\n\n<h3 class=\"wp-block-heading\"><strong><strong>Abonnement de 12 mois<\/strong><\/strong><\/h3>\n\n\n\n<p><strong>120.00 \u20ac<\/strong><br>10,00 \u20ac par mois<\/p>\n\n\n<div class=\"wp-block-buttons is-layout-flex wp-block-buttons-is-layout-flex\"><div class=\"wp-block-button\"><a class=\"single_add_to_cart_button button wp-block-button__link wp-element-button\" href=\"\/au-pair-registrierung\">S&#039;inscrire + Acheter<\/a><\/div><!-- .wp-block-button --><\/div><!-- .wp-block-buttons is-layout-flex wp-block-buttons-is-layout-flex -->\n\n\n\n<p>Abonnement premium<br>\u00c9changez avec les familles pendant 12 mois.<\/p>\n<\/div>\n<\/div>\n<\/section>","protected":false},"excerpt":{"rendered":"<p>Au-pair Preisliste Au-pairs mit Basis Profil k\u00f6nnen kostenlos Familien finden und diese kontaktieren. Diese k\u00f6nnen darauf bei eigener Premium Mitgliedschaft antworten. Neu: Auch f\u00fcr Au-pairs besteht nun die M\u00f6glichkeit, eine Premium Mitgliedschaft zu kaufen, dann k\u00f6nnen Familien und anderen Teilnehmern auch ohne eigene Premium Mitgliedschaft antworten. Nicht auf die Familien warten, sondern selbst aktiv werden! [&hellip;]<\/p>\n","protected":false},"author":1,"featured_media":0,"parent":0,"menu_order":0,"comment_status":"closed","ping_status":"closed","template":"","meta":{"footnotes":""},"class_list":["post-7281","page","type-page","status-publish","hentry"],"_links":{"self":[{"href":"https:\/\/aupairscout.com\/fr\/wp-json\/wp\/v2\/pages\/7281","targetHints":{"allow":["GET"]}}],"collection":[{"href":"https:\/\/aupairscout.com\/fr\/wp-json\/wp\/v2\/pages"}],"about":[{"href":"https:\/\/aupairscout.com\/fr\/wp-json\/wp\/v2\/types\/page"}],"author":[{"embeddable":true,"href":"https:\/\/aupairscout.com\/fr\/wp-json\/wp\/v2\/users\/1"}],"replies":[{"embeddable":true,"href":"https:\/\/aupairscout.com\/fr\/wp-json\/wp\/v2\/comments?post=7281"}],"version-history":[{"count":8,"href":"https:\/\/aupairscout.com\/fr\/wp-json\/wp\/v2\/pages\/7281\/revisions"}],"predecessor-version":[{"id":7327,"href":"https:\/\/aupairscout.com\/fr\/wp-json\/wp\/v2\/pages\/7281\/revisions\/7327"}],"wp:attachment":[{"href":"https:\/\/aupairscout.com\/fr\/wp-json\/wp\/v2\/media?parent=7281"}],"curies":[{"name":"wp","href":"https:\/\/api.w.org\/{rel}","templated":true}]}}