{"id":6987,"date":"2025-04-27T15:38:11","date_gmt":"2025-04-27T13:38:11","guid":{"rendered":"https:\/\/aupairscout.com\/?page_id=6987"},"modified":"2025-07-30T17:40:08","modified_gmt":"2025-07-30T15:40:08","slug":"extension-du-service-dinformation","status":"publish","type":"page","link":"https:\/\/aupairscout.com\/fr\/extension-du-service-dinformation\/","title":{"rendered":"Extension du service d&#039;information"},"content":{"rendered":"<section class=\"wp-block-group single-track near has-global-padding is-layout-constrained wp-block-group-is-layout-constrained\">\n<p>Cher client potentiel,<\/p>\n\n\n\n<p>Ici, vous pouvez renouveler un service d&#039;information sp\u00e9cifique si vous souhaitez continuer \u00e0 recevoir des courriels relatifs \u00e0 cette requ\u00eate. Vous pouvez \u00e9galement renouveler tous les services d&#039;information associ\u00e9s \u00e0 votre adresse courriel en une seule fois.<\/p>\n\n\n\n<p>Nous esp\u00e9rons que ces services d&#039;information vous aideront \u00e0 trouver une fille au pair ou une famille d&#039;accueil, et nous vous rappellerons dans quelques semaines de vous d\u00e9sinscrire ou de prolonger votre s\u00e9jour.<\/p>\n\n\n\n<p>Cordialement,<br>\u00a0 l&#039;\u00e9quipe AuPairScout<\/p>\n\n\n<p class=\"shortcode-message error\">Aucune donn\u00e9e trouv\u00e9e<\/p>\n<\/section>","protected":false},"excerpt":{"rendered":"<p>Liebe Interessentin \/ lieber Interessent, hier kannst du einen bestimmten Infodienst verl\u00e4ngern, wenn du zu dieser Suchanfrage weiterhin Mails bekommen m\u00f6chtest. Oder du verl\u00e4ngerst alle Infodienste zu deiner E-Mail-Adresse gleichzeitig. Wir hoffen, die Infodienste helfen dir, ein Au-pair oder eine Gastfamilie zu finden und werden wir dich f\u00fcr die Verl\u00e4ngerungen in ein paar Wochen wieder [&hellip;]<\/p>\n","protected":false},"author":1,"featured_media":0,"parent":0,"menu_order":0,"comment_status":"closed","ping_status":"closed","template":"","meta":{"footnotes":""},"class_list":["post-6987","page","type-page","status-publish","hentry"],"_links":{"self":[{"href":"https:\/\/aupairscout.com\/fr\/wp-json\/wp\/v2\/pages\/6987","targetHints":{"allow":["GET"]}}],"collection":[{"href":"https:\/\/aupairscout.com\/fr\/wp-json\/wp\/v2\/pages"}],"about":[{"href":"https:\/\/aupairscout.com\/fr\/wp-json\/wp\/v2\/types\/page"}],"author":[{"embeddable":true,"href":"https:\/\/aupairscout.com\/fr\/wp-json\/wp\/v2\/users\/1"}],"replies":[{"embeddable":true,"href":"https:\/\/aupairscout.com\/fr\/wp-json\/wp\/v2\/comments?post=6987"}],"version-history":[{"count":2,"href":"https:\/\/aupairscout.com\/fr\/wp-json\/wp\/v2\/pages\/6987\/revisions"}],"predecessor-version":[{"id":7192,"href":"https:\/\/aupairscout.com\/fr\/wp-json\/wp\/v2\/pages\/6987\/revisions\/7192"}],"wp:attachment":[{"href":"https:\/\/aupairscout.com\/fr\/wp-json\/wp\/v2\/media?parent=6987"}],"curies":[{"name":"wp","href":"https:\/\/api.w.org\/{rel}","templated":true}]}}