{"id":6971,"date":"2025-04-21T18:05:12","date_gmt":"2025-04-21T16:05:12","guid":{"rendered":"https:\/\/aupairscout.com\/?page_id=6971"},"modified":"2025-06-16T15:46:14","modified_gmt":"2025-06-16T13:46:14","slug":"se-desabonner-du-service-dinformation","status":"publish","type":"page","link":"https:\/\/aupairscout.com\/fr\/se-desabonner-du-service-dinformation\/","title":{"rendered":"Se d\u00e9sabonner du service d&#039;information"},"content":{"rendered":"<section class=\"wp-block-group single-track near has-global-padding is-layout-constrained wp-block-group-is-layout-constrained\">\n<h2 class=\"wp-block-heading\">Se d\u00e9sabonner du service d&#039;information<\/h2>\n\n\n\n<p>Chers Utilisateurs,<\/p>\n\n\n\n<p>Ici, vous pouvez vous d\u00e9sinscrire d&#039;un service d&#039;information sp\u00e9cifique et ne plus recevoir d&#039;e-mails concernant cette recherche. Vous pouvez \u00e9galement vous d\u00e9sinscrire de tous les services d&#039;information associ\u00e9s \u00e0 votre adresse e-mail. Vous pourrez vous r\u00e9inscrire \u00e0 ces services (recherche de jeunes au pair, de familles d&#039;accueil, etc.) ult\u00e9rieurement.<\/p>\n\n\n\n<p>Cordialement,<\/p>\n\n\n\n<p>Votre \u00e9quipe AuPairScout<\/p>\n\n\n<p class=\"shortcode-message error\">Aucune donn\u00e9e trouv\u00e9e<\/p>\n<\/section>","protected":false},"excerpt":{"rendered":"<p>Abmeldung Infodienst Liebe Nutzer, hier k\u00f6nnen sie einen bestimmten Infodienst beenden und bekommen dann f\u00fcr diese Suchanfrage keine Mails mehr. Oder Sie beenden alle Infodienste zu Ihrer E-Mail-Adresse. Sie k\u00f6nnen sich sp\u00e4ter jederzeit wieder neu f\u00fcr Infodienste (Suche nach Au-pairs \/ Gastfamilien \/ usw.) anmelden. Mit freundlichen Gr\u00fc\u00dfen, Ihr Team von AuPairScout<\/p>","protected":false},"author":990158,"featured_media":0,"parent":0,"menu_order":0,"comment_status":"closed","ping_status":"closed","template":"","meta":{"footnotes":""},"class_list":["post-6971","page","type-page","status-publish","hentry"],"_links":{"self":[{"href":"https:\/\/aupairscout.com\/fr\/wp-json\/wp\/v2\/pages\/6971","targetHints":{"allow":["GET"]}}],"collection":[{"href":"https:\/\/aupairscout.com\/fr\/wp-json\/wp\/v2\/pages"}],"about":[{"href":"https:\/\/aupairscout.com\/fr\/wp-json\/wp\/v2\/types\/page"}],"author":[{"embeddable":true,"href":"https:\/\/aupairscout.com\/fr\/wp-json\/wp\/v2\/users\/990158"}],"replies":[{"embeddable":true,"href":"https:\/\/aupairscout.com\/fr\/wp-json\/wp\/v2\/comments?post=6971"}],"version-history":[{"count":12,"href":"https:\/\/aupairscout.com\/fr\/wp-json\/wp\/v2\/pages\/6971\/revisions"}],"predecessor-version":[{"id":7107,"href":"https:\/\/aupairscout.com\/fr\/wp-json\/wp\/v2\/pages\/6971\/revisions\/7107"}],"wp:attachment":[{"href":"https:\/\/aupairscout.com\/fr\/wp-json\/wp\/v2\/media?parent=6971"}],"curies":[{"name":"wp","href":"https:\/\/api.w.org\/{rel}","templated":true}]}}