{"id":6227,"date":"2024-08-25T10:51:23","date_gmt":"2024-08-25T08:51:23","guid":{"rendered":"https:\/\/aupairscout.com\/?page_id=6227"},"modified":"2024-08-25T11:39:11","modified_gmt":"2024-08-25T09:39:11","slug":"traductions","status":"publish","type":"page","link":"https:\/\/aupairscout.com\/fr\/traductions\/","title":{"rendered":"Traductions"},"content":{"rendered":"<section id=\"strings\" class=\"wp-block-group no-top has-global-padding is-layout-constrained wp-block-group-is-layout-constrained\">\n<h2 class=\"wp-block-heading\">Fichier de langue du plugin Au Pair<\/h2>\n\n\n\n<ul class=\"wp-block-list\">\n<li>Agence<\/li>\n\n\n\n<li>\u00a0Allemand<\/li>\n\n\n\n<li>\u00a0Anglais<\/li>\n\n\n\n<li>\u00a0La dur\u00e9e du s\u00e9jour<\/li>\n\n\n\n<li>\u00a0Date de d\u00e9but au plus t\u00f4t<\/li>\n\n\n\n<li>\u00a0Derni\u00e8re date de d\u00e9but<\/li>\n\n\n\n<li>\u00a0Permis de conduire<\/li>\n\n\n\n<li>\u00a0Ouvrir<\/li>\n\n\n\n<li>\u00a0de<\/li>\n\n\n\n<li>\u00a0ans<\/li>\n\n\n\n<li>\u00a0Pays souhait\u00e9<\/li>\n\n\n\n<li>\u00a0T\u00e9l\u00e9phone<\/li>\n\n\n\n<li>\u00a0Mobile<\/li>\n\n\n\n<li>\u00a0E-Mail<\/li>\n\n\n\n<li>\u00a0Internet<\/li>\n\n\n\n<li>\u00a0Nous fournissons des filles au pair depuis<\/li>\n\n\n\n<li>\u00a0vers les pays suivants<\/li>\n\n\n\n<li>\u00a0Modifier la photo de couverture<\/li>\n\n\n\n<li>\u00a0De profil<\/li>\n\n\n\n<li>\u00a0Le profil est activ\u00e9<\/li>\n\n\n\n<li>\u00a0Le profil est d\u00e9sactiv\u00e9<\/li>\n\n\n\n<li>\u00a0Ch\u00e8re agence<\/li>\n\n\n\n<li>\u00a0de vos collaborateurs et de votre agence<\/li>\n\n\n\n<li>\u00a0Ch\u00e8re famille<\/li>\n\n\n\n<li>\u00a0\u00e0 votre future fille au pair<\/li>\n\n\n\n<li>\u00a0Ch\u00e8re fille au pair<\/li>\n\n\n\n<li>\u00a0\u00e0 leur future famille d&#039;accueil<\/li>\n\n\n\n<li>\u00a0Ch\u00e8re \u00e9cole de langue<\/li>\n\n\n\n<li>\u00a0de vos employ\u00e9s et de votre \u00e9cole<\/li>\n\n\n\n<li>\u00a0Cher club au pair<\/li>\n\n\n\n<li>\u00a0de votre club<\/li>\n\n\n\n<li>\u00a0Merci pour votre inscription<\/li>\n\n\n\n<li>\u00a0Votre num\u00e9ro de profil chez AuPairScout est<\/li>\n\n\n\n<li>\u00a0Une copie de l&#039;inscription a \u00e9t\u00e9 envoy\u00e9e \u00e0 l&#039;adresse e-mail que vous avez fournie. Si vous ne recevez pas ce message dans les prochaines minutes, veuillez v\u00e9rifier votre dossier spam ou nous contacter via notre formulaire de contact en indiquant votre num\u00e9ro de profil.<\/li>\n\n\n\n<li>Vous serez imm\u00e9diatement redirig\u00e9 vers votre profil. Veuillez compl\u00e9ter votre profil avec de belles photos<\/li>\n\n\n\n<li>Apr\u00e8s activation par nos soins, votre profil sera affich\u00e9 \u00e0 tous les autres utilisateurs.&#039;,<\/li>\n\n\n\n<li>Nous vous souhaitons beaucoup de succ\u00e8s<\/li>\n\n\n\n<li>But d&#039;utilisation<\/li>\n<\/ul>\n\n\n\n<h2 class=\"wp-block-heading\">Langues<\/h2>\n\n\n\n<ul class=\"wp-block-list\">\n<li>Allemand<\/li>\n\n\n\n<li>Anglais<\/li>\n\n\n\n<li>Fran\u00e7ais<\/li>\n\n\n\n<li>Espagnol<\/li>\n\n\n\n<li>portugais<\/li>\n\n\n\n<li>italien<\/li>\n\n\n\n<li>N\u00e9erlandais<\/li>\n\n\n\n<li>danois<\/li>\n\n\n\n<li>su\u00e9dois<\/li>\n<\/ul>\n<\/section>","protected":false},"excerpt":{"rendered":"<p>Fichier de langue du plugin Au pair langues<\/p>","protected":false},"author":1,"featured_media":0,"parent":0,"menu_order":0,"comment_status":"closed","ping_status":"closed","template":"","meta":{"footnotes":""},"class_list":["post-6227","page","type-page","status-publish","hentry"],"_links":{"self":[{"href":"https:\/\/aupairscout.com\/fr\/wp-json\/wp\/v2\/pages\/6227","targetHints":{"allow":["GET"]}}],"collection":[{"href":"https:\/\/aupairscout.com\/fr\/wp-json\/wp\/v2\/pages"}],"about":[{"href":"https:\/\/aupairscout.com\/fr\/wp-json\/wp\/v2\/types\/page"}],"author":[{"embeddable":true,"href":"https:\/\/aupairscout.com\/fr\/wp-json\/wp\/v2\/users\/1"}],"replies":[{"embeddable":true,"href":"https:\/\/aupairscout.com\/fr\/wp-json\/wp\/v2\/comments?post=6227"}],"version-history":[{"count":2,"href":"https:\/\/aupairscout.com\/fr\/wp-json\/wp\/v2\/pages\/6227\/revisions"}],"predecessor-version":[{"id":6229,"href":"https:\/\/aupairscout.com\/fr\/wp-json\/wp\/v2\/pages\/6227\/revisions\/6229"}],"wp:attachment":[{"href":"https:\/\/aupairscout.com\/fr\/wp-json\/wp\/v2\/media?parent=6227"}],"curies":[{"name":"wp","href":"https:\/\/api.w.org\/{rel}","templated":true}]}}