{"id":6128,"date":"2024-06-19T12:54:57","date_gmt":"2024-06-19T10:54:57","guid":{"rendered":"https:\/\/aupairscout.com\/?page_id=6128"},"modified":"2025-03-21T08:22:39","modified_gmt":"2025-03-21T07:22:39","slug":"atelier-de-langue","status":"publish","type":"page","link":"https:\/\/aupairscout.com\/fr\/atelier-de-langue\/","title":{"rendered":"Atelier de langue"},"content":{"rendered":"<section id=\"Profilseite\" class=\"wp-block-group has-global-padding is-layout-constrained wp-block-group-is-layout-constrained\">\n<p>Adh\u00e9sion familiale sur aupairscout.de<\/p>\n\n\n\n<p>Adh\u00e9sion \u00e0 l&#039;agence aupairscout.de<\/p>\n\n\n\n<p>Adh\u00e9sion aux \u00e9coles de langues sur aupairscout.de<\/p>\n\n\n\n<p>Achetez une adh\u00e9sion en famille d&#039;accueil et activez les messages !<\/p>\n\n\n\n<p>Achetez l&#039;adh\u00e9sion \u00e0 l&#039;agence et activez les messages !<\/p>\n\n\n\n<p>Achetez un abonnement \u00e0 une \u00e9cole de langues et activez les messages !<\/p>\n<\/section>\n\n\n\n<section id=\"Meldungen\" class=\"wp-block-group has-global-padding is-layout-constrained wp-block-group-is-layout-constrained\">\n<p><strong>Malheureusement, la base de donn\u00e9es AuPairScout ne contient actuellement aucun club au pair correspondant \u00e0 votre recherche.<\/strong>. Par cons\u00e9quent, essayez d\u2019abord d\u2019\u00e9largir votre recherche en \u00e9vitant les crit\u00e8res de recherche restrictifs.<\/p>\n\n\n\n<p>Si vous ne trouvez toujours pas ce que vous cherchez, utilisez notre service gratuit&nbsp;<a href=\"https:\/\/aupairscout.com\/%20au-pair-club-finden#info-service\">Service d&#039;information<\/a>. Astuce\u00a0: Si vous&nbsp;<a href=\"https:\/\/aupairscout.com\/au-pair-registrierung\">Inscrivez-vous ici sur le site<\/a>, vous serez alors trouv\u00e9 et contact\u00e9 par des familles d&#039;accueil, des agences et des \u00e9coles de langues.<\/p>\n\n\n\n<p><strong>Malheureusement, la base de donn\u00e9es AuPairScout ne contient actuellement aucune \u00e9cole de langues correspondant \u00e0 votre recherche.<\/strong>. Par cons\u00e9quent, essayez d\u2019abord d\u2019\u00e9largir votre recherche en \u00e9vitant les crit\u00e8res de recherche restrictifs.<\/p>\n\n\n\n<p>Si vous ne trouvez toujours pas ce que vous cherchez, utilisez notre service gratuit&nbsp;<a href=\"https:\/\/aupairscout.com\/sprachschule-finden#info-service\">Service d&#039;information<\/a>. Ou toi&nbsp;<a href=\"https:\/\/aupairscout.com\/au-pair-registrierung\">Il est pr\u00e9f\u00e9rable de s&#039;inscrire ici m\u00eame sur le site<\/a>, vous serez alors trouv\u00e9 et contact\u00e9 par des familles d&#039;accueil, des agences et des \u00e9coles de langues.<\/p>\n\n\n\n<p><strong>Malheureusement, la base de donn\u00e9es AuPairScout ne contient actuellement aucune agence correspondant \u00e0 votre recherche.<\/strong>. Par cons\u00e9quent, essayez d\u2019abord d\u2019\u00e9largir votre recherche en \u00e9vitant les crit\u00e8res de recherche restrictifs.<\/p>\n\n\n\n<p>Si vous ne trouvez toujours pas ce que vous cherchez, utilisez notre service gratuit&nbsp;<a href=\"https:\/\/aupairscout.com\/agenturen-finden#info-service\">Service d&#039;information<\/a>. Ou toi&nbsp;<a href=\"https:\/\/aupairscout.com\/au-pair-registrierung\">Il est pr\u00e9f\u00e9rable de s&#039;inscrire ici m\u00eame sur le site<\/a>, vous serez alors trouv\u00e9 et contact\u00e9 vous-m\u00eame par les agences.<\/p>\n\n\n\n<p><strong>Malheureusement, la base de donn\u00e9es AuPairScout ne contient actuellement aucune famille d&#039;accueil correspondant \u00e0 votre recherche.<\/strong>. Par cons\u00e9quent, essayez d\u2019abord d\u2019\u00e9largir votre recherche en \u00e9vitant les crit\u00e8res de recherche restrictifs. Peut-\u00eatre y aura-t-il finalement une famille qui vous conviendra.<\/p>\n\n\n\n<p>Si vous ne trouvez toujours pas ce que vous cherchez, utilisez notre service gratuit&nbsp;<a href=\"https:\/\/aupairscout.com\/gastfamilie-finden#info-service\">Service d&#039;information<\/a>. Mieux vous pr\u00e9ciserez ce que vous recherchez, plus vite nous pourrons vous informer par e-mail des nouvelles familles d&#039;accueil sur Au-Pair Scout qui correspondent \u00e0 votre recherche. Ou il est pr\u00e9f\u00e9rable de s&#039;inscrire&nbsp;<a href=\"https:\/\/aupairscout.com\/au-pair-registrierung\">ici m\u00eame sur le site<\/a>, vous serez alors trouv\u00e9 et contact\u00e9 vous-m\u00eame.<\/p>\n\n\n\n<p><strong>Malheureusement, la base de donn\u00e9es AuPairScout ne contient actuellement aucun au pair correspondant \u00e0 votre recherche.<\/strong>. Par cons\u00e9quent, essayez d\u2019abord d\u2019\u00e9largir votre recherche en \u00e9vitant les crit\u00e8res de recherche restrictifs. Peut-\u00eatre qu&#039;il y aura finalement une fille au pair qui vous conviendra.<\/p>\n\n\n\n<p>Si vous ne trouvez toujours pas ce que vous cherchez, utilisez notre service gratuit&nbsp;<a href=\"https:\/\/aupairscout.com\/au-pair-finden#info-service\">Service d&#039;information<\/a>. Mieux vous pr\u00e9ciserez ce que vous recherchez, plus vite nous pourrons vous informer par e-mail des nouvelles filles au pair sur Au-pair Scout qui correspondent \u00e0 votre recherche. Ou le mieux c&#039;est de s&#039;inscrire&nbsp;<a href=\"https:\/\/aupairscout.com\/familien-registrierung\">ici m\u00eame sur le site<\/a>, ils seront alors trouv\u00e9s et contact\u00e9s eux-m\u00eames.<\/p>\n<\/section>","protected":false},"excerpt":{"rendered":"<p>Familien Mitgliedschaft bei aupairscout.de Agentur Mitgliedschaft bei aupairscout.de Sprachschulen Mitgliedschaft bei aupairscout.de Mitgliedschaft f\u00fcr Gastfamilie kaufen und Nachrichten aktivieren! Mitgliedschaft f\u00fcr Agentur kaufen und Nachrichten aktivieren! Mitgliedschaft f\u00fcr Sprachschule kaufen und Nachrichten aktivieren! Leider enth\u00e4lt die AuPairScout Datenbank derzeit keine Au-pair Clubs, die zu deiner Suche passen. Versuche daher zun\u00e4chst die Suche zu erweitern, indem [&hellip;]<\/p>\n","protected":false},"author":1,"featured_media":0,"parent":0,"menu_order":0,"comment_status":"closed","ping_status":"closed","template":"","meta":{"footnotes":""},"class_list":["post-6128","page","type-page","status-publish","hentry"],"_links":{"self":[{"href":"https:\/\/aupairscout.com\/fr\/wp-json\/wp\/v2\/pages\/6128","targetHints":{"allow":["GET"]}}],"collection":[{"href":"https:\/\/aupairscout.com\/fr\/wp-json\/wp\/v2\/pages"}],"about":[{"href":"https:\/\/aupairscout.com\/fr\/wp-json\/wp\/v2\/types\/page"}],"author":[{"embeddable":true,"href":"https:\/\/aupairscout.com\/fr\/wp-json\/wp\/v2\/users\/1"}],"replies":[{"embeddable":true,"href":"https:\/\/aupairscout.com\/fr\/wp-json\/wp\/v2\/comments?post=6128"}],"version-history":[{"count":9,"href":"https:\/\/aupairscout.com\/fr\/wp-json\/wp\/v2\/pages\/6128\/revisions"}],"predecessor-version":[{"id":6902,"href":"https:\/\/aupairscout.com\/fr\/wp-json\/wp\/v2\/pages\/6128\/revisions\/6902"}],"wp:attachment":[{"href":"https:\/\/aupairscout.com\/fr\/wp-json\/wp\/v2\/media?parent=6128"}],"curies":[{"name":"wp","href":"https:\/\/api.w.org\/{rel}","templated":true}]}}