{"id":5280,"date":"2023-10-22T13:08:46","date_gmt":"2023-10-22T11:08:46","guid":{"rendered":"https:\/\/aupairscout.com\/?page_id=5280"},"modified":"2024-12-26T10:55:08","modified_gmt":"2024-12-26T09:55:08","slug":"faq-pour-les-ecoles-de-langues","status":"publish","type":"page","link":"https:\/\/aupairscout.com\/fr\/faq-pour-les-ecoles-de-langues\/","title":{"rendered":"FAQ des \u00e9coles de langues"},"content":{"rendered":"<div id=\"pagehead\" class=\"wp-block-group has-global-padding is-layout-constrained wp-block-group-is-layout-constrained\">\n<div class=\"wp-block-columns is-layout-flex wp-container-core-columns-is-layout-28f84493 wp-block-columns-is-layout-flex\">\n<div class=\"wp-block-column is-layout-flow wp-block-column-is-layout-flow\">\n<figure class=\"wp-block-image size-large\"><img loading=\"lazy\" decoding=\"async\" width=\"1024\" height=\"672\" src=\"https:\/\/aupairscout.com\/wp-content\/uploads\/2023\/10\/Registrierung-Sprachschule-1024x672.jpg\" alt=\"Les \u00e9coles de langues peuvent utiliser le site Internet Au pair Scout pour pr\u00e9senter leurs cours de langue sp\u00e9ciaux au pair. \" class=\"wp-image-4844\" srcset=\"https:\/\/aupairscout.com\/wp-content\/uploads\/2023\/10\/Registrierung-Sprachschule-1024x672.jpg 1024w, https:\/\/aupairscout.com\/wp-content\/uploads\/2023\/10\/Registrierung-Sprachschule-300x197.jpg 300w, https:\/\/aupairscout.com\/wp-content\/uploads\/2023\/10\/Registrierung-Sprachschule-768x504.jpg 768w, https:\/\/aupairscout.com\/wp-content\/uploads\/2023\/10\/Registrierung-Sprachschule-18x12.jpg 18w, https:\/\/aupairscout.com\/wp-content\/uploads\/2023\/10\/Registrierung-Sprachschule-600x394.jpg 600w, https:\/\/aupairscout.com\/wp-content\/uploads\/2023\/10\/Registrierung-Sprachschule.jpg 1280w\" sizes=\"auto, (max-width: 1024px) 100vw, 1024px\" \/><\/figure>\n<\/div>\n\n\n\n<div class=\"wp-block-column is-layout-flow wp-block-column-is-layout-flow\">\n<h2 class=\"wp-block-heading\">Cours de langues au pair et autres questions pour les \u00e9coles de langues<\/h2>\n\n\n\n<p>Vous trouverez ici des questions et r\u00e9ponses pour les \u00e9coles de langues qui souhaitent se pr\u00e9senter sur un site Internet pour au pairs.<\/p>\n<\/div>\n<\/div>\n<\/div>\n\n\n\n<section class=\"wp-block-group near has-global-padding is-layout-constrained wp-block-group-is-layout-constrained\">\n<div class=\"wp-block-getwid-accordion faq has-icon-left\" data-active-element=\"none\">\n<div class=\"wp-block-getwid-accordion__header-wrapper\"><span class=\"wp-block-getwid-accordion__header\"><a href=\"#\"><span class=\"wp-block-getwid-accordion__header-title\">G\u00e9n\u00e9ral<\/span><span class=\"wp-block-getwid-accordion__icon is-active\"><i class=\"fas fa-plus\"><\/i><\/span><span class=\"wp-block-getwid-accordion__icon is-passive\"><i class=\"fas fa-minus\"><\/i><\/span><\/a><\/span><\/div><div class=\"wp-block-getwid-accordion__content-wrapper\"><div class=\"wp-block-getwid-accordion__content\">\n<div class=\"wp-block-getwid-accordion has-icon-left\" data-active-element=\"none\">\n<div class=\"wp-block-getwid-accordion__header-wrapper\"><span class=\"wp-block-getwid-accordion__header\"><a href=\"#\"><span class=\"wp-block-getwid-accordion__header-title\">Qui peut s&#039;inscrire comme \u00e9cole de langues ?<\/span><span class=\"wp-block-getwid-accordion__icon is-active\"><i class=\"fas fa-plus\"><\/i><\/span><span class=\"wp-block-getwid-accordion__icon is-passive\"><i class=\"fas fa-minus\"><\/i><\/span><\/a><\/span><\/div><div class=\"wp-block-getwid-accordion__content-wrapper\"><div class=\"wp-block-getwid-accordion__content\">\n<p>Toute \u00e9cole de langues qui propose des jeunes au pair peut s&#039;inscrire.<\/p>\n<\/div><\/div>\n<\/div>\n<\/div><\/div>\n\n\n\n<div class=\"wp-block-getwid-accordion__header-wrapper\"><span class=\"wp-block-getwid-accordion__header\"><a href=\"#\"><span class=\"wp-block-getwid-accordion__header-title\">Inscription \/ Connexion<\/span><span class=\"wp-block-getwid-accordion__icon is-active\"><i class=\"fas fa-plus\"><\/i><\/span><span class=\"wp-block-getwid-accordion__icon is-passive\"><i class=\"fas fa-minus\"><\/i><\/span><\/a><\/span><\/div><div class=\"wp-block-getwid-accordion__content-wrapper\"><div class=\"wp-block-getwid-accordion__content\">\n<div class=\"wp-block-getwid-accordion has-icon-left\" data-active-element=\"none\">\n<div class=\"wp-block-getwid-accordion__header-wrapper\"><span class=\"wp-block-getwid-accordion__header\"><a href=\"#\"><span class=\"wp-block-getwid-accordion__header-title\">Comment peut-on s&#039;inscrire ?<\/span><span class=\"wp-block-getwid-accordion__icon is-active\"><i class=\"fas fa-plus\"><\/i><\/span><span class=\"wp-block-getwid-accordion__icon is-passive\"><i class=\"fas fa-minus\"><\/i><\/span><\/a><\/span><\/div><div class=\"wp-block-getwid-accordion__content-wrapper\"><div class=\"wp-block-getwid-accordion__content\">\n<p>C&#039;est tr\u00e8s simple : pour ce faire, veuillez remplir notre formulaire sous la rubrique \u00ab\u00a0S&#039;inscrire\u00a0\u00bb de mani\u00e8re v\u00e9ridique et compl\u00e8te.<\/p>\n<\/div><\/div>\n<\/div>\n<\/div><\/div>\n\n\n\n<div class=\"wp-block-getwid-accordion__header-wrapper\"><span class=\"wp-block-getwid-accordion__header\"><a href=\"#\"><span class=\"wp-block-getwid-accordion__header-title\">\u00c9cole de langues avec adh\u00e9sion<\/span><span class=\"wp-block-getwid-accordion__icon is-active\"><i class=\"fas fa-plus\"><\/i><\/span><span class=\"wp-block-getwid-accordion__icon is-passive\"><i class=\"fas fa-minus\"><\/i><\/span><\/a><\/span><\/div><div class=\"wp-block-getwid-accordion__content-wrapper\"><div class=\"wp-block-getwid-accordion__content\">\n<div class=\"wp-block-getwid-accordion has-icon-left\" data-active-element=\"none\">\n<div class=\"wp-block-getwid-accordion__header-wrapper\"><span class=\"wp-block-getwid-accordion__header\"><a href=\"#\"><span class=\"wp-block-getwid-accordion__header-title\">Avec adh\u00e9sion<\/span><span class=\"wp-block-getwid-accordion__icon is-active\"><i class=\"fas fa-plus\"><\/i><\/span><span class=\"wp-block-getwid-accordion__icon is-passive\"><i class=\"fas fa-minus\"><\/i><\/span><\/a><\/span><\/div><div class=\"wp-block-getwid-accordion__content-wrapper\"><div class=\"wp-block-getwid-accordion__content\">\n<ul class=\"wp-block-list\">\n<li>Vous pouvez contacter les au pairs et les familles d&#039;accueil via des messages personnalis\u00e9s<\/li>\n\n\n\n<li>Vous pouvez \u00e9changer d&#039;autres donn\u00e9es et informations entre vous via le chat.<\/li>\n\n\n\n<li>vous avez acc\u00e8s \u00e0 des descriptions et r\u00e9f\u00e9rences personnelles<\/li>\n<\/ul>\n<\/div><\/div>\n\n\n\n<div class=\"wp-block-getwid-accordion__header-wrapper\"><span class=\"wp-block-getwid-accordion__header\"><a href=\"#\"><span class=\"wp-block-getwid-accordion__header-title\">AuPairScout offre en \u00e9change :<\/span><span class=\"wp-block-getwid-accordion__icon is-active\"><i class=\"fas fa-plus\"><\/i><\/span><span class=\"wp-block-getwid-accordion__icon is-passive\"><i class=\"fas fa-minus\"><\/i><\/span><\/a><\/span><\/div><div class=\"wp-block-getwid-accordion__content-wrapper\"><div class=\"wp-block-getwid-accordion__content\">\n<ul class=\"wp-block-list\">\n<li>Des d\u00e9cennies d&#039;exp\u00e9rience en tant qu&#039;agence au pair<\/li>\n\n\n\n<li>Communication avec notre \u00e9quipe AuPairScout<\/li>\n<\/ul>\n<\/div><\/div>\n<\/div>\n<\/div><\/div>\n<\/div>\n<\/section>","protected":false},"excerpt":{"rendered":"<p>Cours de langue au pair et autres questions pour les \u00e9coles de langues. Vous trouverez ici des questions et r\u00e9ponses pour les \u00e9coles de langues qui souhaitent se pr\u00e9senter sur un site web d\u00e9di\u00e9 aux jeunes au pair.<\/p>","protected":false},"author":990158,"featured_media":0,"parent":0,"menu_order":0,"comment_status":"closed","ping_status":"closed","template":"","meta":{"footnotes":""},"class_list":["post-5280","page","type-page","status-publish","hentry"],"_links":{"self":[{"href":"https:\/\/aupairscout.com\/fr\/wp-json\/wp\/v2\/pages\/5280","targetHints":{"allow":["GET"]}}],"collection":[{"href":"https:\/\/aupairscout.com\/fr\/wp-json\/wp\/v2\/pages"}],"about":[{"href":"https:\/\/aupairscout.com\/fr\/wp-json\/wp\/v2\/types\/page"}],"author":[{"embeddable":true,"href":"https:\/\/aupairscout.com\/fr\/wp-json\/wp\/v2\/users\/990158"}],"replies":[{"embeddable":true,"href":"https:\/\/aupairscout.com\/fr\/wp-json\/wp\/v2\/comments?post=5280"}],"version-history":[{"count":15,"href":"https:\/\/aupairscout.com\/fr\/wp-json\/wp\/v2\/pages\/5280\/revisions"}],"predecessor-version":[{"id":6534,"href":"https:\/\/aupairscout.com\/fr\/wp-json\/wp\/v2\/pages\/5280\/revisions\/6534"}],"wp:attachment":[{"href":"https:\/\/aupairscout.com\/fr\/wp-json\/wp\/v2\/media?parent=5280"}],"curies":[{"name":"wp","href":"https:\/\/api.w.org\/{rel}","templated":true}]}}