{"id":5134,"date":"2023-10-15T17:24:54","date_gmt":"2023-10-15T15:24:54","guid":{"rendered":"https:\/\/aupairscout.com\/?page_id=5134"},"modified":"2024-12-26T10:32:46","modified_gmt":"2024-12-26T09:32:46","slug":"voici-comment-ca-marche-pour-les-clubs-au-pair","status":"publish","type":"page","link":"https:\/\/aupairscout.com\/fr\/voici-comment-ca-marche-pour-les-clubs-au-pair\/","title":{"rendered":"Les clubs de jeunes au pair : comment \u00e7a marche"},"content":{"rendered":"<div id=\"pagehead\" class=\"wp-block-group has-global-padding is-layout-constrained wp-block-group-is-layout-constrained\">\n<div class=\"wp-block-columns is-layout-flex wp-container-core-columns-is-layout-28f84493 wp-block-columns-is-layout-flex\">\n<div class=\"wp-block-column is-layout-flow wp-block-column-is-layout-flow\">\n<figure class=\"wp-block-image size-large\"><img loading=\"lazy\" decoding=\"async\" width=\"1024\" height=\"672\" src=\"https:\/\/aupairscout.com\/wp-content\/uploads\/2023\/10\/Registrierung-Au-Pair-Club-1024x672.jpg\" alt=\"4 \u00e9tapes pour s&#039;inscrire au club au pair\" class=\"wp-image-4845\" srcset=\"https:\/\/aupairscout.com\/wp-content\/uploads\/2023\/10\/Registrierung-Au-Pair-Club-1024x672.jpg 1024w, https:\/\/aupairscout.com\/wp-content\/uploads\/2023\/10\/Registrierung-Au-Pair-Club-300x197.jpg 300w, https:\/\/aupairscout.com\/wp-content\/uploads\/2023\/10\/Registrierung-Au-Pair-Club-768x504.jpg 768w, https:\/\/aupairscout.com\/wp-content\/uploads\/2023\/10\/Registrierung-Au-Pair-Club-18x12.jpg 18w, https:\/\/aupairscout.com\/wp-content\/uploads\/2023\/10\/Registrierung-Au-Pair-Club-600x394.jpg 600w, https:\/\/aupairscout.com\/wp-content\/uploads\/2023\/10\/Registrierung-Au-Pair-Club.jpg 1280w\" sizes=\"auto, (max-width: 1024px) 100vw, 1024px\" \/><\/figure>\n<\/div>\n\n\n\n<div class=\"wp-block-column is-layout-flow wp-block-column-is-layout-flow\">\n<h2 class=\"wp-block-heading\"><strong>4 \u00e9tapes pour s&#039;inscrire au club au pair<\/strong><\/h2>\n\n\n\n<p>Ici, vous avez la possibilit\u00e9 de vous inscrire gratuitement en tant que club\/lieu de rencontre au pair et de vous pr\u00e9senter en ligne dans le monde entier. Ici, vous serez approch\u00e9s par des au pairs qui ont trouv\u00e9 une famille d&#039;accueil \u00e0 proximit\u00e9 ou par des familles d&#039;accueil qui ont accueilli un au pair chez elles. Les Au Pairs recherchent souvent des amis partageant les m\u00eames id\u00e9es ou de nouveaux amis pendant leur temps libre. Veuillez maintenant suivre les 4 \u00e9tapes ci-dessous. <\/p>\n<\/div>\n<\/div>\n<\/div>\n\n\n\n<section class=\"wp-block-group near has-global-padding is-layout-constrained wp-block-group-is-layout-constrained\">\n<div class=\"wp-block-getwid-accordion has-icon-left\" data-active-element=\"0\">\n<div class=\"wp-block-getwid-accordion__header-wrapper\"><span class=\"wp-block-getwid-accordion__header\"><a href=\"#\"><span class=\"wp-block-getwid-accordion__header-title\">Inscription<\/span><span class=\"wp-block-getwid-accordion__icon is-active\"><i class=\"\"><\/i><\/span><span class=\"wp-block-getwid-accordion__icon is-passive\"><i class=\"\"><\/i><\/span><\/a><\/span><\/div><div class=\"wp-block-getwid-accordion__content-wrapper\"><div class=\"wp-block-getwid-accordion__content\">\n<p>L&#039;inscription en tant que club\/lieu de rencontre au pair est gratuite et sans engagement.<\/p>\n\n\n\n<p>Souhaitez-vous devenir visible aupr\u00e8s des au pairs en tant que club au pair et les inviter \u00e0 des r\u00e9unions dans votre club ?<\/p>\n\n\n\n<p>Alors inscrivez-vous sur notre site en remplissant le questionnaire de mani\u00e8re compl\u00e8te et v\u00e9ridique.<\/p>\n\n\n\n<p>Ajoutez une jolie photo et le logo de votre club au pair et pr\u00e9sentez-vous aux au pairs.<\/p>\n<\/div><\/div>\n\n\n\n<div class=\"wp-block-getwid-accordion__header-wrapper\"><span class=\"wp-block-getwid-accordion__header\"><a href=\"#\"><span class=\"wp-block-getwid-accordion__header-title\">Activation<\/span><span class=\"wp-block-getwid-accordion__icon is-active\"><i class=\"\"><\/i><\/span><span class=\"wp-block-getwid-accordion__icon is-passive\"><i class=\"\"><\/i><\/span><\/a><\/span><\/div><div class=\"wp-block-getwid-accordion__content-wrapper\"><div class=\"wp-block-getwid-accordion__content\">\n<p>Apr\u00e8s avoir re\u00e7u votre profil, nous l&#039;examinerons et l&#039;activerons dans les 24 \u00e0 48 heures - si nous n&#039;avons aucune question de notre part.<\/p>\n<\/div><\/div>\n\n\n\n<div class=\"wp-block-getwid-accordion__header-wrapper\"><span class=\"wp-block-getwid-accordion__header\"><a href=\"#\"><span class=\"wp-block-getwid-accordion__header-title\">\u00catre trouv\u00e9<\/span><span class=\"wp-block-getwid-accordion__icon is-active\"><i class=\"\"><\/i><\/span><span class=\"wp-block-getwid-accordion__icon is-passive\"><i class=\"\"><\/i><\/span><\/a><\/span><\/div><div class=\"wp-block-getwid-accordion__content-wrapper\"><div class=\"wp-block-getwid-accordion__content\">\n<p>Apr\u00e8s votre inscription et activation gratuites, vous pouvez \u00eatre contact\u00e9\/discut\u00e9 par tout le monde.<\/p>\n<\/div><\/div>\n\n\n\n<div class=\"wp-block-getwid-accordion__header-wrapper\"><span class=\"wp-block-getwid-accordion__header\"><a href=\"#\"><span class=\"wp-block-getwid-accordion__header-title\">Discuter<\/span><span class=\"wp-block-getwid-accordion__icon is-active\"><i class=\"\"><\/i><\/span><span class=\"wp-block-getwid-accordion__icon is-passive\"><i class=\"\"><\/i><\/span><\/a><\/span><\/div><div class=\"wp-block-getwid-accordion__content-wrapper\"><div class=\"wp-block-getwid-accordion__content\">\n<p>Vous pouvez contacter les jeunes au pair et les familles via le chat, \u00e9changer des id\u00e9es et apprendre \u00e0 mieux les conna\u00eetre.<\/p>\n<\/div><\/div>\n<\/div>\n\n\n\n<div class=\"wp-block-group aupair is-layout-flow wp-block-group-is-layout-flow\">\n<div class=\"wp-block-buttons is-layout-flex wp-block-buttons-is-layout-flex\">\n<div class=\"wp-block-button CTA\"><a class=\"wp-block-button__link wp-element-button\" href=\"\/registrierung-als-au-pair-club\">allons-y<\/a><\/div>\n<\/div>\n<\/div>\n<\/section>\n\n\n\n<section class=\"wp-block-group with-background has-global-padding is-layout-constrained wp-block-group-is-layout-constrained\">\n<h3 class=\"wp-block-heading\">Encore des questions ?<\/h3>\n\n\n\n<p>ENCORE DES QUESTIONS ? Si vous avez des questions, des probl\u00e8mes ou des suggestions, nous serons heureux de vous aider pendant les heures normales de bureau. Vous pouvez nous joindre par t\u00e9l\u00e9phone, email ou formulaire de contact. Nous avons dress\u00e9 une liste de questions et r\u00e9ponses, r\u00e9parties par domaine, dans la section \u00ab\u00a0Foire aux questions\u00a0\u00bb.<\/p>\n<\/section>","protected":false},"excerpt":{"rendered":"<p>In 4 Schritten zur Au-pair Club Registrierung Hier haben Sie die M\u00f6glichkeit, sich kostenlos als Au-pair Club\/Treff zu registrieren und sich weltweit online zu pr\u00e4sentieren. Hier werden Sie von Au-pairs angesprochen, die in der N\u00e4he eine Gastfamilie gefunden haben oder von Gastfamilien, die in ihrer N\u00e4he ein Au-pair im Hause aufgenommen haben. Oft suchen Au-pairs [&hellip;]<\/p>\n","protected":false},"author":990158,"featured_media":0,"parent":0,"menu_order":0,"comment_status":"closed","ping_status":"closed","template":"","meta":{"footnotes":""},"class_list":["post-5134","page","type-page","status-publish","hentry"],"_links":{"self":[{"href":"https:\/\/aupairscout.com\/fr\/wp-json\/wp\/v2\/pages\/5134","targetHints":{"allow":["GET"]}}],"collection":[{"href":"https:\/\/aupairscout.com\/fr\/wp-json\/wp\/v2\/pages"}],"about":[{"href":"https:\/\/aupairscout.com\/fr\/wp-json\/wp\/v2\/types\/page"}],"author":[{"embeddable":true,"href":"https:\/\/aupairscout.com\/fr\/wp-json\/wp\/v2\/users\/990158"}],"replies":[{"embeddable":true,"href":"https:\/\/aupairscout.com\/fr\/wp-json\/wp\/v2\/comments?post=5134"}],"version-history":[{"count":14,"href":"https:\/\/aupairscout.com\/fr\/wp-json\/wp\/v2\/pages\/5134\/revisions"}],"predecessor-version":[{"id":6532,"href":"https:\/\/aupairscout.com\/fr\/wp-json\/wp\/v2\/pages\/5134\/revisions\/6532"}],"wp:attachment":[{"href":"https:\/\/aupairscout.com\/fr\/wp-json\/wp\/v2\/media?parent=5134"}],"curies":[{"name":"wp","href":"https:\/\/api.w.org\/{rel}","templated":true}]}}