{"id":5127,"date":"2023-10-15T17:06:58","date_gmt":"2023-10-15T15:06:58","guid":{"rendered":"https:\/\/aupairscout.com\/?page_id=5127"},"modified":"2024-12-24T12:36:41","modified_gmt":"2024-12-24T11:36:41","slug":"voici-comment-cela-fonctionne-pour-les-ecoles-de-langues","status":"publish","type":"page","link":"https:\/\/aupairscout.com\/fr\/voici-comment-cela-fonctionne-pour-les-ecoles-de-langues\/","title":{"rendered":"Sprachschule so funktioniert\u2019s"},"content":{"rendered":"<div id=\"pagehead\" class=\"wp-block-group has-global-padding is-layout-constrained wp-block-group-is-layout-constrained\">\n<div class=\"wp-block-columns is-layout-flex wp-container-core-columns-is-layout-28f84493 wp-block-columns-is-layout-flex\">\n<div class=\"wp-block-column is-layout-flow wp-block-column-is-layout-flow\">\n<figure class=\"wp-block-image size-large\"><img loading=\"lazy\" decoding=\"async\" width=\"1024\" height=\"672\" src=\"https:\/\/aupairscout.com\/wp-content\/uploads\/2023\/10\/Registrierung-Sprachschule-1024x672.jpg\" alt=\"Vous pouvez rendre votre \u00e9cole de langues attrayante pour les au pairs si vous pr\u00e9sentez votre profil d&#039;\u00e9cole de langues sur Au-pair Scout. \" class=\"wp-image-4844\" srcset=\"https:\/\/aupairscout.com\/wp-content\/uploads\/2023\/10\/Registrierung-Sprachschule-1024x672.jpg 1024w, https:\/\/aupairscout.com\/wp-content\/uploads\/2023\/10\/Registrierung-Sprachschule-300x197.jpg 300w, https:\/\/aupairscout.com\/wp-content\/uploads\/2023\/10\/Registrierung-Sprachschule-768x504.jpg 768w, https:\/\/aupairscout.com\/wp-content\/uploads\/2023\/10\/Registrierung-Sprachschule-18x12.jpg 18w, https:\/\/aupairscout.com\/wp-content\/uploads\/2023\/10\/Registrierung-Sprachschule-600x394.jpg 600w, https:\/\/aupairscout.com\/wp-content\/uploads\/2023\/10\/Registrierung-Sprachschule.jpg 1280w\" sizes=\"auto, (max-width: 1024px) 100vw, 1024px\" \/><\/figure>\n<\/div>\n\n\n\n<div class=\"wp-block-column is-layout-flow wp-block-column-is-layout-flow\">\n<h2 class=\"wp-block-heading\">Rendre une \u00e9cole de langues attractive pour les au pairs : s&#039;inscrire dans une \u00e9cole de langues en 4 \u00e9tapes<\/h2>\n\n\n\n<p>Ici, vous avez la possibilit\u00e9 de vous inscrire en tant qu&#039;\u00e9cole de langues et de vous pr\u00e9senter en ligne au niveau r\u00e9gional et mondial en achetant un abonnement. Vous serez alors accueilli par les au pairs, les familles d&#039;accueil, mais aussi par toute autre personne int\u00e9ress\u00e9e par une \u00e9cole de langues. Veuillez maintenant suivre les 4 \u00e9tapes ci-dessous. N&#039;oubliez pas de t\u00e9l\u00e9charger vos photos apr\u00e8s votre inscription.<\/p>\n<\/div>\n<\/div>\n<\/div>\n\n\n\n<section class=\"wp-block-group near has-global-padding is-layout-constrained wp-block-group-is-layout-constrained\">\n<div class=\"wp-block-getwid-accordion has-icon-left\" data-active-element=\"0\">\n<div class=\"wp-block-getwid-accordion__header-wrapper\"><span class=\"wp-block-getwid-accordion__header\"><a href=\"#\"><span class=\"wp-block-getwid-accordion__header-title\">Inscription<\/span><span class=\"wp-block-getwid-accordion__icon is-active\"><i class=\"\"><\/i><\/span><span class=\"wp-block-getwid-accordion__icon is-passive\"><i class=\"\"><\/i><\/span><\/a><\/span><\/div><div class=\"wp-block-getwid-accordion__content-wrapper\"><div class=\"wp-block-getwid-accordion__content\">\n<p>L&#039;inscription en tant qu&#039;\u00e9cole de langues est gratuite et sans engagement.<\/p>\n\n\n\n<p>En tant qu&#039;\u00e9cole de langues, vous souhaitez vous adresser aux au pairs et aux familles d&#039;accueil et les informer de votre offre ?<\/p>\n\n\n\n<p>Alors inscrivez-vous sur notre site en remplissant le questionnaire de mani\u00e8re compl\u00e8te et v\u00e9ridique.<\/p>\n\n\n\n<p>Ajoutez une jolie photo et le logo de votre \u00e9cole de langues et pr\u00e9sentez-vous aux au pairs et aux familles.<\/p>\n<\/div><\/div>\n\n\n\n<div class=\"wp-block-getwid-accordion__header-wrapper\"><span class=\"wp-block-getwid-accordion__header\"><a href=\"#\"><span class=\"wp-block-getwid-accordion__header-title\">Activation<\/span><span class=\"wp-block-getwid-accordion__icon is-active\"><i class=\"\"><\/i><\/span><span class=\"wp-block-getwid-accordion__icon is-passive\"><i class=\"\"><\/i><\/span><\/a><\/span><\/div><div class=\"wp-block-getwid-accordion__content-wrapper\"><div class=\"wp-block-getwid-accordion__content\">\n<p>Apr\u00e8s avoir re\u00e7u votre profil, nous l&#039;examinerons et l&#039;activerons dans les 24 \u00e0 48 heures - si nous n&#039;avons aucune question de notre part.<\/p>\n<\/div><\/div>\n\n\n\n<div class=\"wp-block-getwid-accordion__header-wrapper\"><span class=\"wp-block-getwid-accordion__header\"><a href=\"#\"><span class=\"wp-block-getwid-accordion__header-title\">\u00catre trouv\u00e9<\/span><span class=\"wp-block-getwid-accordion__icon is-active\"><i class=\"\"><\/i><\/span><span class=\"wp-block-getwid-accordion__icon is-passive\"><i class=\"\"><\/i><\/span><\/a><\/span><\/div><div class=\"wp-block-getwid-accordion__content-wrapper\"><div class=\"wp-block-getwid-accordion__content\">\n<p>Apr\u00e8s votre inscription gratuite, vous avez la possibilit\u00e9 d&#039;acheter un abonnement de 12 mois.<\/p>\n<\/div><\/div>\n\n\n\n<div class=\"wp-block-getwid-accordion__header-wrapper\"><span class=\"wp-block-getwid-accordion__header\"><a href=\"#\"><span class=\"wp-block-getwid-accordion__header-title\">Discuter<\/span><span class=\"wp-block-getwid-accordion__icon is-active\"><i class=\"\"><\/i><\/span><span class=\"wp-block-getwid-accordion__icon is-passive\"><i class=\"\"><\/i><\/span><\/a><\/span><\/div><div class=\"wp-block-getwid-accordion__content-wrapper\"><div class=\"wp-block-getwid-accordion__content\">\n<p>Avec votre adh\u00e9sion, vous pouvez contacter les au pairs et les familles via le chat, et vice versa.<\/p>\n<\/div><\/div>\n<\/div>\n\n\n\n<div class=\"wp-block-group aupair is-layout-flow wp-block-group-is-layout-flow\">\n<div class=\"wp-block-buttons is-layout-flex wp-block-buttons-is-layout-flex\">\n<div class=\"wp-block-button CTA\"><a class=\"wp-block-button__link wp-element-button\" href=\"\/registrierung-als-sprachschule\/\">allons-y<\/a><\/div>\n<\/div>\n<\/div>\n<\/section>\n\n\n\n<section class=\"wp-block-group with-background has-global-padding is-layout-constrained wp-block-group-is-layout-constrained\">\n<h3 class=\"wp-block-heading\">Encore des questions ?<\/h3>\n\n\n\n<p>ENCORE DES QUESTIONS ? Si vous avez des questions, des probl\u00e8mes ou des suggestions, nous serons heureux de vous aider pendant les heures normales de bureau. Vous pouvez nous joindre par t\u00e9l\u00e9phone, email ou formulaire de contact. Nous avons dress\u00e9 une liste de questions et r\u00e9ponses, r\u00e9parties par domaine, dans la section \u00ab\u00a0Foire aux questions\u00a0\u00bb.<\/p>\n<\/section>","protected":false},"excerpt":{"rendered":"<p>Sprachschule f\u00fcr Au-Pairs attraktiv machen: In 4 Schritten zur Sprachschulen-Registrierung Hier haben Sie M\u00f6glichkeit, sich als Sprachschule zu registrieren und sich mit dem Kauf einer Mitgliedschaft online regional und weltweit zu pr\u00e4sentieren. Sie werden dann von Au-pairs, Gastfamilien, aber auch von allen Anderen gesehen, die Interesse an einer Sprachschule haben. Bitte folgen Sie nun den [&hellip;]<\/p>\n","protected":false},"author":990158,"featured_media":0,"parent":0,"menu_order":0,"comment_status":"closed","ping_status":"closed","template":"","meta":{"footnotes":""},"class_list":["post-5127","page","type-page","status-publish","hentry"],"_links":{"self":[{"href":"https:\/\/aupairscout.com\/fr\/wp-json\/wp\/v2\/pages\/5127","targetHints":{"allow":["GET"]}}],"collection":[{"href":"https:\/\/aupairscout.com\/fr\/wp-json\/wp\/v2\/pages"}],"about":[{"href":"https:\/\/aupairscout.com\/fr\/wp-json\/wp\/v2\/types\/page"}],"author":[{"embeddable":true,"href":"https:\/\/aupairscout.com\/fr\/wp-json\/wp\/v2\/users\/990158"}],"replies":[{"embeddable":true,"href":"https:\/\/aupairscout.com\/fr\/wp-json\/wp\/v2\/comments?post=5127"}],"version-history":[{"count":14,"href":"https:\/\/aupairscout.com\/fr\/wp-json\/wp\/v2\/pages\/5127\/revisions"}],"predecessor-version":[{"id":6525,"href":"https:\/\/aupairscout.com\/fr\/wp-json\/wp\/v2\/pages\/5127\/revisions\/6525"}],"wp:attachment":[{"href":"https:\/\/aupairscout.com\/fr\/wp-json\/wp\/v2\/media?parent=5127"}],"curies":[{"name":"wp","href":"https:\/\/api.w.org\/{rel}","templated":true}]}}