{"id":4623,"date":"2023-09-22T17:42:20","date_gmt":"2023-09-22T15:42:20","guid":{"rendered":"https:\/\/aupairscout.com\/?page_id=4623"},"modified":"2024-06-19T13:04:20","modified_gmt":"2024-06-19T11:04:20","slug":"assurance-famille-daccueil-pour-jeune-au-pair","status":"publish","type":"page","link":"https:\/\/aupairscout.com\/fr\/assurance-famille-daccueil-pour-jeune-au-pair\/","title":{"rendered":"Assurance pour les jeunes au pair"},"content":{"rendered":"<div id=\"pagehead\" class=\"wp-block-group has-global-padding is-layout-constrained wp-block-group-is-layout-constrained\">\n<div class=\"wp-block-columns is-layout-flex wp-container-core-columns-is-layout-28f84493 wp-block-columns-is-layout-flex\">\n<div class=\"wp-block-column is-layout-flow wp-block-column-is-layout-flow\">\n<figure class=\"wp-block-image size-full\"><img loading=\"lazy\" decoding=\"async\" width=\"489\" height=\"321\" src=\"https:\/\/aupairscout.com\/wp-content\/uploads\/2023\/10\/Versicherung-Incoming.jpg\" alt=\"\" class=\"wp-image-4910\" srcset=\"https:\/\/aupairscout.com\/wp-content\/uploads\/2023\/10\/Versicherung-Incoming.jpg 489w, https:\/\/aupairscout.com\/wp-content\/uploads\/2023\/10\/Versicherung-Incoming-300x197.jpg 300w, https:\/\/aupairscout.com\/wp-content\/uploads\/2023\/10\/Versicherung-Incoming-18x12.jpg 18w\" sizes=\"auto, (max-width: 489px) 100vw, 489px\" \/><\/figure>\n<\/div>\n\n\n\n<div class=\"wp-block-column is-layout-flow wp-block-column-is-layout-flow\">\n<h2 class=\"wp-block-heading\"><strong>Pour les familles d&#039;accueil allemandes : souscrivez une assurance pour votre au pair<\/strong><\/h2>\n\n\n\n<p>En Allemagne, l&#039;au pair doit souscrire une assurance en cas de maladie, de grossesse et d&#039;accouchement ainsi qu&#039;en cas d&#039;accident (assurance maladie comprenant assurance accident). Tr\u00e8s important : Nous vous recommandons \u00e9galement de souscrire une assurance responsabilit\u00e9 civile appropri\u00e9e.<\/p>\n<\/div>\n<\/div>\n<\/div>\n\n\n\n<div class=\"wp-block-group insurance has-global-padding is-layout-constrained wp-block-group-is-layout-constrained\">\n<iframe src=\"https:\/\/secure.hmrv.de\/rvw-ba\/initBa.jsp?baid=277&#038;adnr=4215604&#038;locale=de_DE&#038;wt=POPUP\"><\/iframe>\n<\/div>","protected":false},"excerpt":{"rendered":"<p>F\u00fcr deutsche Gastfamilien: Versicherung f\u00fcr Ihr Au-pair abschlie\u00dfen F\u00fcr das Au-pair muss in Deutschland eine Versicherung f\u00fcr den Fall der Krankheit, Schwangerschaft und Geburt sowie eines Unfalls abgeschlossen werden (Krankenversicherung einschl. Unfallversicherung). Sehr wichtig: Wir empfehlen Ihnen auch eine entsprechende Haftpflichtversicherung abzuschlie\u00dfen.<\/p>","protected":false},"author":990158,"featured_media":0,"parent":0,"menu_order":0,"comment_status":"closed","ping_status":"closed","template":"","meta":{"footnotes":""},"class_list":["post-4623","page","type-page","status-publish","hentry"],"_links":{"self":[{"href":"https:\/\/aupairscout.com\/fr\/wp-json\/wp\/v2\/pages\/4623","targetHints":{"allow":["GET"]}}],"collection":[{"href":"https:\/\/aupairscout.com\/fr\/wp-json\/wp\/v2\/pages"}],"about":[{"href":"https:\/\/aupairscout.com\/fr\/wp-json\/wp\/v2\/types\/page"}],"author":[{"embeddable":true,"href":"https:\/\/aupairscout.com\/fr\/wp-json\/wp\/v2\/users\/990158"}],"replies":[{"embeddable":true,"href":"https:\/\/aupairscout.com\/fr\/wp-json\/wp\/v2\/comments?post=4623"}],"version-history":[{"count":11,"href":"https:\/\/aupairscout.com\/fr\/wp-json\/wp\/v2\/pages\/4623\/revisions"}],"predecessor-version":[{"id":5960,"href":"https:\/\/aupairscout.com\/fr\/wp-json\/wp\/v2\/pages\/4623\/revisions\/5960"}],"wp:attachment":[{"href":"https:\/\/aupairscout.com\/fr\/wp-json\/wp\/v2\/media?parent=4623"}],"curies":[{"name":"wp","href":"https:\/\/api.w.org\/{rel}","templated":true}]}}