{"id":2888,"date":"2022-10-26T10:12:17","date_gmt":"2022-10-26T08:12:17","guid":{"rendered":"https:\/\/aupair.mondoit.de\/?page_id=2888"},"modified":"2025-09-25T09:52:40","modified_gmt":"2025-09-25T07:52:40","slug":"agences-premium","status":"publish","type":"page","link":"https:\/\/aupairscout.com\/fr\/agences-premium\/","title":{"rendered":"Liste de prix de l&#039;agence"},"content":{"rendered":"<div class=\"wp-block-group pricelist agency-premium has-global-padding is-layout-constrained wp-block-group-is-layout-constrained\">\n<section class=\"wp-block-group has-global-padding is-layout-constrained wp-block-group-is-layout-constrained\">\n<div class=\"wp-block-columns tiles text-left aupair is-layout-flex wp-container-core-columns-is-layout-28f84493 wp-block-columns-is-layout-flex\">\n<div class=\"wp-block-column is-layout-flow wp-block-column-is-layout-flow\">\n<section class=\"wp-block-group has-global-padding is-layout-constrained wp-block-group-is-layout-constrained\">\n<h2 class=\"wp-block-heading\">Premium pour les agences<\/h2>\n\n\n\n<p class=\"listcaption\">Apr\u00e8s votre inscription gratuite, vous avez la possibilit\u00e9 de souscrire un abonnement d&#039;un an. AuPairScout vous offre les avantages suivants\u00a0:<\/p>\n\n\n\n<ul class=\"wp-block-list\">\n<li>Propre Au pair dans la Galerie sur Votre Compte en ligne.<\/li>\n\n\n\n<li>La communication avec les familles de vos au pairs passe par votre agence.<\/li>\n\n\n\n<li>Vous pouvez consulter les profils complets d&#039;autres au pairs et les contacter<\/li>\n\n\n\n<li>Contactez-nous via des messages personnalis\u00e9s<\/li>\n\n\n\n<li>Vous pouvez consulter les profils complets des familles et les contacter<\/li>\n\n\n\n<li>Contactez-nous via des messages personnalis\u00e9s<\/li>\n\n\n\n<li>\u00c9change d\u2019autres donn\u00e9es et informations entre utilisateurs<\/li>\n\n\n\n<li>Acc\u00e8s aux descriptions personnelles et aux r\u00e9f\u00e9rences<\/li>\n\n\n\n<li>Conseils personnalis\u00e9s <\/li>\n\n\n\n<li>Des d\u00e9cennies d&#039;exp\u00e9rience en tant qu&#039;agence au pair<\/li>\n\n\n\n<li>Communication avec notre \u00e9quipe AuPairScout<\/li>\n<\/ul>\n<\/section>\n<\/div>\n\n\n\n<div class=\"wp-block-column black flipbox is-layout-flow wp-block-column-is-layout-flow\">\n<div class=\"wp-block-group front has-global-padding is-layout-constrained wp-block-group-is-layout-constrained\">\n<figure class=\"wp-block-image size-full\"><img decoding=\"async\" src=\"https:\/\/aupairscout.com\/wp-content\/uploads\/2023\/10\/Abo-Kaufen.png\" alt=\"Acheter un abonnement de base pour famille d&#039;accueil \" class=\"wp-image-5172\"\/><\/figure>\n\n\n\n<h3 class=\"wp-block-heading\"><strong>Abonnement de 12 mois<\/strong><\/h3>\n\n\n\n<p><strong>120.00 \u20ac<br><\/strong>10,00 \u20ac par mois<\/p>\n\n\n<div class=\"wp-block-buttons is-layout-flex wp-block-buttons-is-layout-flex\"><div class=\"wp-block-button\"><a class=\"wp-block-button__link wp-element-button\" href=\"\/registrierung-als-agentur\">S&#039;inscrire + Acheter<\/a><\/div><!-- .wp-block-button --><\/div><!-- .wp-block-buttons is-layout-flex wp-block-buttons-is-layout-flex -->\n<\/div>\n\n\n\n<div class=\"wp-block-group back has-global-padding is-layout-constrained wp-block-group-is-layout-constrained\">\n<p>Paquet &#034;premium&#034;<br>12 mois de pr\u00e9sentation de votre agence sur AuPairScout.<\/p>\n<\/div>\n<\/div>\n<\/div>\n<\/section>\n\n\n\n<section class=\"wp-block-group with-background grey has-global-padding is-layout-constrained wp-block-group-is-layout-constrained\">\n<h2 class=\"wp-block-heading\">Des questions ou des pr\u00e9occupations?<\/h2>\n\n\n\n<div class=\"wp-block-getwid-accordion faq has-icon-left\" data-active-element=\"none\">\n<div class=\"wp-block-getwid-accordion__header-wrapper\"><span class=\"wp-block-getwid-accordion__header\"><a href=\"#\"><span class=\"wp-block-getwid-accordion__header-title\">Comment obtenir une pr\u00e9sentation d&#039;agence ?<\/span><span class=\"wp-block-getwid-accordion__icon is-active\"><i class=\"fas fa-plus\"><\/i><\/span><span class=\"wp-block-getwid-accordion__icon is-passive\"><i class=\"fas fa-minus\"><\/i><\/span><\/a><\/span><\/div><div class=\"wp-block-getwid-accordion__content-wrapper\"><div class=\"wp-block-getwid-accordion__content\">\n<div class=\"wp-block-getwid-accordion has-icon-left\" data-active-element=\"none\">\n<div class=\"wp-block-getwid-accordion__header-wrapper\"><span class=\"wp-block-getwid-accordion__header\"><a href=\"#\"><span class=\"wp-block-getwid-accordion__header-title\">Achetez un abonnement d&#039;un an<\/span><span class=\"wp-block-getwid-accordion__icon is-active\"><i class=\"fas fa-plus\"><\/i><\/span><span class=\"wp-block-getwid-accordion__icon is-passive\"><i class=\"fas fa-minus\"><\/i><\/span><\/a><\/span><\/div><div class=\"wp-block-getwid-accordion__content-wrapper\"><div class=\"wp-block-getwid-accordion__content\">\n<p>Vous pouvez les acheter apr\u00e8s qu&#039;ils aient \u00e9t\u00e9 enregistr\u00e9s et activ\u00e9s.<\/p>\n<\/div><\/div>\n\n\n\n<div class=\"wp-block-getwid-accordion__header-wrapper\"><span class=\"wp-block-getwid-accordion__header\"><a href=\"#\"><span class=\"wp-block-getwid-accordion__header-title\">Quels sont les frais factur\u00e9s pour<\/span><span class=\"wp-block-getwid-accordion__icon is-active\"><i class=\"fas fa-plus\"><\/i><\/span><span class=\"wp-block-getwid-accordion__icon is-passive\"><i class=\"fas fa-minus\"><\/i><\/span><\/a><\/span><\/div><div class=\"wp-block-getwid-accordion__content-wrapper\"><div class=\"wp-block-getwid-accordion__content\">\n<p>Seulement avec Premium vous pouvez pr\u00e9senter vos propres au pairs et contacter d&#039;autres au pairs et familles.<\/p>\n<\/div><\/div>\n\n\n\n<div class=\"wp-block-getwid-accordion__header-wrapper\"><span class=\"wp-block-getwid-accordion__header\"><a href=\"#\"><span class=\"wp-block-getwid-accordion__header-title\">AuPairScout offre en \u00e9change :<\/span><span class=\"wp-block-getwid-accordion__icon is-active\"><i class=\"fas fa-plus\"><\/i><\/span><span class=\"wp-block-getwid-accordion__icon is-passive\"><i class=\"fas fa-minus\"><\/i><\/span><\/a><\/span><\/div><div class=\"wp-block-getwid-accordion__content-wrapper\"><div class=\"wp-block-getwid-accordion__content\">\n<ul class=\"wp-block-list\">\n<li>Mettez vos propres jeunes au pair en ligne dans la galerie via votre compte.<\/li>\n\n\n\n<li>La communication avec les familles de vos au pairs passe par votre agence.<\/li>\n\n\n\n<li>Vous pouvez consulter les profils complets d&#039;autres au pairs et les contacter<\/li>\n\n\n\n<li>Contactez-nous via des messages personnalis\u00e9s<\/li>\n\n\n\n<li>Vous pouvez consulter les profils complets des familles et les contacter<\/li>\n\n\n\n<li>Contactez-nous via des messages personnalis\u00e9s<\/li>\n\n\n\n<li>\u00c9change d\u2019autres donn\u00e9es et informations entre utilisateurs<\/li>\n\n\n\n<li>Acc\u00e8s aux descriptions personnelles et aux r\u00e9f\u00e9rences<\/li>\n\n\n\n<li>Des d\u00e9cennies d&#039;exp\u00e9rience en tant qu&#039;agence au pair<\/li>\n\n\n\n<li>Communication avec notre \u00e9quipe AuPairScout<\/li>\n<\/ul>\n<\/div><\/div>\n<\/div>\n<\/div><\/div>\n\n\n\n<div class=\"wp-block-getwid-accordion__header-wrapper\"><span class=\"wp-block-getwid-accordion__header\"><a href=\"#\"><span class=\"wp-block-getwid-accordion__header-title\">Que se passe-t-il \u00e0 la fin de la p\u00e9riode pay\u00e9e ?<\/span><span class=\"wp-block-getwid-accordion__icon is-active\"><i class=\"fas fa-plus\"><\/i><\/span><span class=\"wp-block-getwid-accordion__icon is-passive\"><i class=\"fas fa-minus\"><\/i><\/span><\/a><\/span><\/div><div class=\"wp-block-getwid-accordion__content-wrapper\"><div class=\"wp-block-getwid-accordion__content\">\n<div class=\"wp-block-getwid-accordion has-icon-left\" data-active-element=\"none\">\n<div class=\"wp-block-getwid-accordion__header-wrapper\"><span class=\"wp-block-getwid-accordion__header\"><a href=\"#\"><span class=\"wp-block-getwid-accordion__header-title\">Lorsqu&#039;une offre se termine<\/span><span class=\"wp-block-getwid-accordion__icon is-active\"><i class=\"fas fa-plus\"><\/i><\/span><span class=\"wp-block-getwid-accordion__icon is-passive\"><i class=\"fas fa-minus\"><\/i><\/span><\/a><\/span><\/div><div class=\"wp-block-getwid-accordion__content-wrapper\"><div class=\"wp-block-getwid-accordion__content\">\n<p>Lorsque votre offre se termine, vous ne pourrez plus pr\u00e9senter vos propres au pairs ni contacter d&#039;autres au pairs ou familles. De plus, vous ne pouvez plus lire ni r\u00e9pondre aux messages.<\/p>\n<\/div><\/div>\n<\/div>\n<\/div><\/div>\n\n\n\n<div class=\"wp-block-getwid-accordion__header-wrapper\"><span class=\"wp-block-getwid-accordion__header\"><a href=\"#\"><span class=\"wp-block-getwid-accordion__header-title\">Comment puis-je annuler mon abonnement ?<\/span><span class=\"wp-block-getwid-accordion__icon is-active\"><i class=\"fas fa-plus\"><\/i><\/span><span class=\"wp-block-getwid-accordion__icon is-passive\"><i class=\"fas fa-minus\"><\/i><\/span><\/a><\/span><\/div><div class=\"wp-block-getwid-accordion__content-wrapper\"><div class=\"wp-block-getwid-accordion__content\">\n<div class=\"wp-block-getwid-accordion has-icon-left\" data-active-element=\"none\">\n<div class=\"wp-block-getwid-accordion__header-wrapper\"><span class=\"wp-block-getwid-accordion__header\"><a href=\"#\"><span class=\"wp-block-getwid-accordion__header-title\">Comment puis-je annuler mon abonnement<\/span><span class=\"wp-block-getwid-accordion__icon is-active\"><i class=\"fas fa-plus\"><\/i><\/span><span class=\"wp-block-getwid-accordion__icon is-passive\"><i class=\"fas fa-minus\"><\/i><\/span><\/a><\/span><\/div><div class=\"wp-block-getwid-accordion__content-wrapper\"><div class=\"wp-block-getwid-accordion__content\">\n<p>Votre adh\u00e9sion prendra fin automatiquement apr\u00e8s la dur\u00e9e s\u00e9lectionn\u00e9e et n&#039;a pas besoin d&#039;\u00eatre annul\u00e9e.<\/p>\n<\/div><\/div>\n<\/div>\n<\/div><\/div>\n<\/div>\n<\/section>\n<\/div>\n\n\n\n<section id=\"last-cta\" class=\"wp-block-group with-background small has-global-padding is-layout-constrained wp-block-group-is-layout-constrained\">\n<div class=\"wp-block-columns aupair is-layout-flex wp-container-core-columns-is-layout-28f84493 wp-block-columns-is-layout-flex\">\n<div class=\"wp-block-column is-layout-flow wp-block-column-is-layout-flow\">\n<h2 class=\"wp-block-heading\"><strong>Inscrivez-vous maintenant gratuitement!<\/strong><\/h2>\n\n\n\n<h5 class=\"wp-block-heading\">NOUS R\u00c9UNIONS DES AU PAIRS, DES FAMILLES D&#039;ACCUEIL, DES AGENCES, DES \u00c9COLES DE LANGUES ET DES CLUBS AU PAIR DANS LE MONDE ENTIER DEPUIS 1997.<\/h5>\n<\/div>\n\n\n\n<div class=\"wp-block-column is-layout-flow wp-block-column-is-layout-flow\">\n<div class=\"wp-block-buttons is-layout-flex wp-block-buttons-is-layout-flex\">\n<div class=\"wp-block-button highlighted\"><a class=\"wp-block-button__link wp-element-button\" href=\"\/#registrierung\"><strong>Allons-y<\/strong><\/a><\/div>\n<\/div>\n<\/div>\n<\/div>\n<\/section>","protected":false},"excerpt":{"rendered":"","protected":false},"author":990158,"featured_media":0,"parent":0,"menu_order":0,"comment_status":"closed","ping_status":"closed","template":"","meta":{"footnotes":""},"class_list":["post-2888","page","type-page","status-publish","hentry"],"_links":{"self":[{"href":"https:\/\/aupairscout.com\/fr\/wp-json\/wp\/v2\/pages\/2888","targetHints":{"allow":["GET"]}}],"collection":[{"href":"https:\/\/aupairscout.com\/fr\/wp-json\/wp\/v2\/pages"}],"about":[{"href":"https:\/\/aupairscout.com\/fr\/wp-json\/wp\/v2\/types\/page"}],"author":[{"embeddable":true,"href":"https:\/\/aupairscout.com\/fr\/wp-json\/wp\/v2\/users\/990158"}],"replies":[{"embeddable":true,"href":"https:\/\/aupairscout.com\/fr\/wp-json\/wp\/v2\/comments?post=2888"}],"version-history":[{"count":25,"href":"https:\/\/aupairscout.com\/fr\/wp-json\/wp\/v2\/pages\/2888\/revisions"}],"predecessor-version":[{"id":7329,"href":"https:\/\/aupairscout.com\/fr\/wp-json\/wp\/v2\/pages\/2888\/revisions\/7329"}],"wp:attachment":[{"href":"https:\/\/aupairscout.com\/fr\/wp-json\/wp\/v2\/media?parent=2888"}],"curies":[{"name":"wp","href":"https:\/\/api.w.org\/{rel}","templated":true}]}}