{"id":2251,"date":"2022-06-22T13:20:47","date_gmt":"2022-06-22T11:20:47","guid":{"rendered":"https:\/\/aupair.mondoit.de\/?page_id=2251"},"modified":"2023-09-24T13:19:57","modified_gmt":"2023-09-24T11:19:57","slug":"paris","status":"publish","type":"page","link":"https:\/\/aupairscout.com\/fr\/paris\/","title":{"rendered":"Paris"},"content":{"rendered":"<h2 class=\"wp-block-post-title\"><div class=\"breadcrumbs\"><span class=\"crumb\"><a href=\"https:\/\/aupairscout.com\/fr\">AuPairScout - International<\/a> \u00bb <\/span><span class=\"crumb current-page\">Paris<\/span><\/div><\/h2>\n\n\n\n<section class=\"wp-block-group has-global-padding is-layout-constrained wp-block-group-is-layout-constrained\">\n<div class=\"wp-block-columns is-layout-flex wp-container-core-columns-is-layout-28f84493 wp-block-columns-is-layout-flex\">\n<div class=\"wp-block-column is-layout-flow wp-block-column-is-layout-flow\">\n<h2 class=\"wp-block-heading\">Histoire<\/h2>\n\n\n\n<p>Il y a trente \u00e0 quarante millions d&#039;ann\u00e9es, le Bassin parisien \u00e9tait une mer peu profonde et chaude parsem\u00e9e d&#039;\u00eeles\u00a0: le Mont Val\u00e9rien, Chaillot, Belleville, Montmartre, Bagneux et le Meudon. Cette mer \u00e9tait principalement peupl\u00e9e de nummulites, des foraminif\u00e8res dont les fossiles ont plus tard fourni les mat\u00e9riaux de construction de la ville. Par ailleurs, la faune lagunaire des Buttes-Montmartre, des Buttes-Chaumont et de M\u00e9nilmontant a produit du gypse, second mat\u00e9riau de construction essentiel.<\/p>\n\n\n\n<p>Plus tard, l&#039;\u00e9rosion du vaste plateau calcaire de l&#039;actuel nord-est de la France a donn\u00e9 naissance \u00e0 la Seine, dont le bassin versant s&#039;\u00e9tend sur environ 200 kilom\u00e8tres de diam\u00e8tre. \u00c0 son point le plus bas, \u00e0 28 m\u00e8tres au-dessus du niveau de la mer, un archipel s&#039;est form\u00e9 et a \u00e9t\u00e9 colonis\u00e9. Il ne subsiste aucune trace de cette occupation, d&#039;autant plus que le niveau actuel de la ville est environ six m\u00e8tres plus \u00e9lev\u00e9 que le niveau originel. Seule l&#039;extr\u00e9mit\u00e9 ouest de l&#039;\u00cele de la Cit\u00e9, qui \u00e9tait alors compos\u00e9e de plusieurs \u00eelots r\u00e9unis ult\u00e9rieurement, conserve son niveau d&#039;origine.<\/p>\n<\/div>\n\n\n\n<div class=\"wp-block-column is-layout-flow wp-block-column-is-layout-flow\">\n<h2 class=\"wp-block-heading\">Partir \u00e0 Paris comme fille au pair<\/h2>\n\n\n\n<figure class=\"wp-block-gallery has-nested-images columns-default is-cropped wp-block-gallery-1 is-layout-flex wp-block-gallery-is-layout-flex\">\n<figure class=\"wp-block-image size-full\"><a href=\"https:\/\/aupairscout.com\/wp-content\/uploads\/2022\/06\/france-g8c52ec58b_1920.jpg\"><img loading=\"lazy\" decoding=\"async\" width=\"1280\" height=\"1920\" data-id=\"2312\" src=\"https:\/\/aupairscout.com\/wp-content\/uploads\/2022\/06\/france-g8c52ec58b_1920.jpg\" alt=\"\" class=\"wp-image-2312\" srcset=\"https:\/\/aupairscout.com\/wp-content\/uploads\/2022\/06\/france-g8c52ec58b_1920.jpg 1280w, https:\/\/aupairscout.com\/wp-content\/uploads\/2022\/06\/france-g8c52ec58b_1920-600x900.jpg 600w, https:\/\/aupairscout.com\/wp-content\/uploads\/2022\/06\/france-g8c52ec58b_1920-200x300.jpg 200w, https:\/\/aupairscout.com\/wp-content\/uploads\/2022\/06\/france-g8c52ec58b_1920-683x1024.jpg 683w, https:\/\/aupairscout.com\/wp-content\/uploads\/2022\/06\/france-g8c52ec58b_1920-768x1152.jpg 768w, https:\/\/aupairscout.com\/wp-content\/uploads\/2022\/06\/france-g8c52ec58b_1920-1024x1536.jpg 1024w, https:\/\/aupairscout.com\/wp-content\/uploads\/2022\/06\/france-g8c52ec58b_1920-8x12.jpg 8w\" sizes=\"auto, (max-width: 1280px) 100vw, 1280px\" \/><\/a><\/figure>\n\n\n\n<figure class=\"wp-block-image size-full\"><a href=\"https:\/\/aupairscout.com\/wp-content\/uploads\/2022\/06\/paris-g79eb05565_1280.jpg\"><img loading=\"lazy\" decoding=\"async\" width=\"1280\" height=\"853\" data-id=\"2256\" src=\"https:\/\/aupairscout.com\/wp-content\/uploads\/2022\/06\/paris-g79eb05565_1280.jpg\" alt=\"\" class=\"wp-image-2256\" srcset=\"https:\/\/aupairscout.com\/wp-content\/uploads\/2022\/06\/paris-g79eb05565_1280.jpg 1280w, https:\/\/aupairscout.com\/wp-content\/uploads\/2022\/06\/paris-g79eb05565_1280-600x400.jpg 600w, https:\/\/aupairscout.com\/wp-content\/uploads\/2022\/06\/paris-g79eb05565_1280-300x200.jpg 300w, https:\/\/aupairscout.com\/wp-content\/uploads\/2022\/06\/paris-g79eb05565_1280-1024x682.jpg 1024w, https:\/\/aupairscout.com\/wp-content\/uploads\/2022\/06\/paris-g79eb05565_1280-768x512.jpg 768w, https:\/\/aupairscout.com\/wp-content\/uploads\/2022\/06\/paris-g79eb05565_1280-18x12.jpg 18w\" sizes=\"auto, (max-width: 1280px) 100vw, 1280px\" \/><\/a><\/figure>\n\n\n\n<figure class=\"wp-block-image size-full\"><a href=\"https:\/\/aupairscout.com\/wp-content\/uploads\/2022\/06\/city-g7d8633dcf_1280.jpg\"><img loading=\"lazy\" decoding=\"async\" width=\"1280\" height=\"790\" data-id=\"2255\" src=\"https:\/\/aupairscout.com\/wp-content\/uploads\/2022\/06\/city-g7d8633dcf_1280.jpg\" alt=\"\" class=\"wp-image-2255\" srcset=\"https:\/\/aupairscout.com\/wp-content\/uploads\/2022\/06\/city-g7d8633dcf_1280.jpg 1280w, https:\/\/aupairscout.com\/wp-content\/uploads\/2022\/06\/city-g7d8633dcf_1280-600x370.jpg 600w, https:\/\/aupairscout.com\/wp-content\/uploads\/2022\/06\/city-g7d8633dcf_1280-300x185.jpg 300w, https:\/\/aupairscout.com\/wp-content\/uploads\/2022\/06\/city-g7d8633dcf_1280-1024x632.jpg 1024w, https:\/\/aupairscout.com\/wp-content\/uploads\/2022\/06\/city-g7d8633dcf_1280-768x474.jpg 768w, https:\/\/aupairscout.com\/wp-content\/uploads\/2022\/06\/city-g7d8633dcf_1280-18x12.jpg 18w\" sizes=\"auto, (max-width: 1280px) 100vw, 1280px\" \/><\/a><\/figure>\n\n\n\n<figure class=\"wp-block-image size-full\"><a href=\"https:\/\/aupairscout.com\/wp-content\/uploads\/2022\/06\/eiffel-tower-ge81ac74dd_1280.jpg\"><img loading=\"lazy\" decoding=\"async\" width=\"1280\" height=\"853\" data-id=\"2254\" src=\"https:\/\/aupairscout.com\/wp-content\/uploads\/2022\/06\/eiffel-tower-ge81ac74dd_1280.jpg\" alt=\"\" class=\"wp-image-2254\" srcset=\"https:\/\/aupairscout.com\/wp-content\/uploads\/2022\/06\/eiffel-tower-ge81ac74dd_1280.jpg 1280w, https:\/\/aupairscout.com\/wp-content\/uploads\/2022\/06\/eiffel-tower-ge81ac74dd_1280-600x400.jpg 600w, https:\/\/aupairscout.com\/wp-content\/uploads\/2022\/06\/eiffel-tower-ge81ac74dd_1280-300x200.jpg 300w, https:\/\/aupairscout.com\/wp-content\/uploads\/2022\/06\/eiffel-tower-ge81ac74dd_1280-1024x682.jpg 1024w, https:\/\/aupairscout.com\/wp-content\/uploads\/2022\/06\/eiffel-tower-ge81ac74dd_1280-768x512.jpg 768w, https:\/\/aupairscout.com\/wp-content\/uploads\/2022\/06\/eiffel-tower-ge81ac74dd_1280-18x12.jpg 18w\" sizes=\"auto, (max-width: 1280px) 100vw, 1280px\" \/><\/a><\/figure>\n\n\n\n<figure class=\"wp-block-image size-full\"><a href=\"https:\/\/aupairscout.com\/wp-content\/uploads\/2022\/06\/paris-ged3e06bc0_1280.jpg\"><img loading=\"lazy\" decoding=\"async\" width=\"1280\" height=\"570\" data-id=\"2253\" src=\"https:\/\/aupairscout.com\/wp-content\/uploads\/2022\/06\/paris-ged3e06bc0_1280.jpg\" alt=\"\" class=\"wp-image-2253\" srcset=\"https:\/\/aupairscout.com\/wp-content\/uploads\/2022\/06\/paris-ged3e06bc0_1280.jpg 1280w, https:\/\/aupairscout.com\/wp-content\/uploads\/2022\/06\/paris-ged3e06bc0_1280-600x267.jpg 600w, https:\/\/aupairscout.com\/wp-content\/uploads\/2022\/06\/paris-ged3e06bc0_1280-300x134.jpg 300w, https:\/\/aupairscout.com\/wp-content\/uploads\/2022\/06\/paris-ged3e06bc0_1280-1024x456.jpg 1024w, https:\/\/aupairscout.com\/wp-content\/uploads\/2022\/06\/paris-ged3e06bc0_1280-768x342.jpg 768w, https:\/\/aupairscout.com\/wp-content\/uploads\/2022\/06\/paris-ged3e06bc0_1280-18x8.jpg 18w\" sizes=\"auto, (max-width: 1280px) 100vw, 1280px\" \/><\/a><\/figure>\n<\/figure>\n<\/div>\n<\/div>\n<\/section>\n\n\n\n<section id=\"last-cta\" class=\"wp-block-group with-background small has-global-padding is-layout-constrained wp-block-group-is-layout-constrained\">\n<div class=\"wp-block-columns aupair is-layout-flex wp-container-core-columns-is-layout-28f84493 wp-block-columns-is-layout-flex\">\n<div class=\"wp-block-column is-layout-flow wp-block-column-is-layout-flow\">\n<h2 class=\"wp-block-heading\"><strong>Inscrivez-vous maintenant gratuitement!<\/strong><\/h2>\n\n\n\n<h5 class=\"wp-block-heading\">NOUS R\u00c9UNIONS DES AU PAIRS, DES FAMILLES D&#039;ACCUEIL, DES AGENCES, DES \u00c9COLES DE LANGUES ET DES CLUBS AU PAIR DANS LE MONDE ENTIER DEPUIS 1997.<\/h5>\n<\/div>\n\n\n\n<div class=\"wp-block-column is-layout-flow wp-block-column-is-layout-flow\">\n<div class=\"wp-block-buttons is-layout-flex wp-block-buttons-is-layout-flex\">\n<div class=\"wp-block-button highlighted\"><a class=\"wp-block-button__link wp-element-button\" href=\"\/#registrierung\"><strong>Allons-y<\/strong><\/a><\/div>\n<\/div>\n<\/div>\n<\/div>\n<\/section>","protected":false},"excerpt":{"rendered":"<p>Geschichte Vor 30 bis 40 Millionen Jahren war das&nbsp;Pariser Becken&nbsp;ein flaches warmes Meer, aus dem einzelne Inseln herausragten: der&nbsp;Mont Val\u00e9rien, Chaillot, Belleville, Montmartre, Bagneux&nbsp;und der&nbsp;Meudon. Dieses Meer war vor allem von&nbsp;Nummuliten&nbsp;aus der Gruppe der&nbsp;Foraminiferen&nbsp;besiedelt, deren Versteinerungen sp\u00e4ter das Baumaterial der Stadt lieferten. Hinzu kam die Lagunenfauna von&nbsp;Buttes-Montmartre, von&nbsp;Buttes-Chaumont&nbsp;und&nbsp;M\u00e9nilmontant, die den&nbsp;Gips&nbsp;erzeugte, den zweiten wesentlichen Baustoff. Sp\u00e4ter, [&hellip;]<\/p>\n","protected":false},"author":990158,"featured_media":0,"parent":0,"menu_order":0,"comment_status":"closed","ping_status":"closed","template":"","meta":{"footnotes":""},"class_list":["post-2251","page","type-page","status-publish","hentry"],"_links":{"self":[{"href":"https:\/\/aupairscout.com\/fr\/wp-json\/wp\/v2\/pages\/2251","targetHints":{"allow":["GET"]}}],"collection":[{"href":"https:\/\/aupairscout.com\/fr\/wp-json\/wp\/v2\/pages"}],"about":[{"href":"https:\/\/aupairscout.com\/fr\/wp-json\/wp\/v2\/types\/page"}],"author":[{"embeddable":true,"href":"https:\/\/aupairscout.com\/fr\/wp-json\/wp\/v2\/users\/990158"}],"replies":[{"embeddable":true,"href":"https:\/\/aupairscout.com\/fr\/wp-json\/wp\/v2\/comments?post=2251"}],"version-history":[{"count":6,"href":"https:\/\/aupairscout.com\/fr\/wp-json\/wp\/v2\/pages\/2251\/revisions"}],"predecessor-version":[{"id":4736,"href":"https:\/\/aupairscout.com\/fr\/wp-json\/wp\/v2\/pages\/2251\/revisions\/4736"}],"wp:attachment":[{"href":"https:\/\/aupairscout.com\/fr\/wp-json\/wp\/v2\/media?parent=2251"}],"curies":[{"name":"wp","href":"https:\/\/api.w.org\/{rel}","templated":true}]}}