{"id":2233,"date":"2022-06-22T13:06:10","date_gmt":"2022-06-22T11:06:10","guid":{"rendered":"https:\/\/aupair.mondoit.de\/?page_id=2233"},"modified":"2023-09-24T13:07:49","modified_gmt":"2023-09-24T11:07:49","slug":"barcelone","status":"publish","type":"page","link":"https:\/\/aupairscout.com\/fr\/barcelone\/","title":{"rendered":"Barcelone"},"content":{"rendered":"<h2 class=\"wp-block-post-title\"><div class=\"breadcrumbs\"><span class=\"crumb\"><a href=\"https:\/\/aupairscout.com\/fr\">AuPairScout - International<\/a> \u00bb <\/span><span class=\"crumb current-page\">Barcelone<\/span><\/div><\/h2>\n\n\n\n<section class=\"wp-block-group has-global-padding is-layout-constrained wp-block-group-is-layout-constrained\">\n<div class=\"wp-block-columns is-layout-flex wp-container-core-columns-is-layout-28f84493 wp-block-columns-is-layout-flex\">\n<div class=\"wp-block-column is-layout-flow wp-block-column-is-layout-flow\">\n<h2 class=\"wp-block-heading\">Histoire<\/h2>\n\n\n\n<p>En 1137, a \u00e9t\u00e9 la Catalogne, mais comme le R\u00e9sultat de l&#039;Association entre Ferdinand d&#039;Aragon et Isabelle de Castille Castille septentrionale. Barcelone a \u00e9t\u00e9 le Centre \u00e9conomique et politique du Royaume d&#039;aragon, et est l&#039;une des principales Villes de la M\u00e9diterran\u00e9e. De l&#039;autre C\u00f4t\u00e9 a perdu la Catalogne gr\u00e2ce \u00e0 cette Association de ses propres Institutions.<\/p>\n\n\n\n<p>Au Cours du 13., 14. et 15. Si\u00e8cle, \u00e0 l&#039;\u00c8re du moyen-\u00e2ge, ont \u00e9t\u00e9 de grands Ouvrages cr\u00e9\u00e9s, l&#039;un \u00e0 Barcelone pour toujours marqu\u00e9. Citons par exemple l&#039;Histoire de la Cath\u00e9drale de Barcelone ou de l&#039;\u00c9glise Santa Maria del Mar, pour ne citer que quelques Exemples.<\/p>\n\n\n\n<p>Entre le 16 et le. et 17. Si\u00e8cle, et en raison de la Erbfolgekriege Barcelone devient insolvable et a plong\u00e9 dans une Crise majeure. Mais gr\u00e2ce au Commerce avec l&#039;Am\u00e9rique et le Reste de la P\u00e9ninsule Ib\u00e9rique, la Ville commen\u00e7a \u00e0 se d\u00e9velopper \u00e0 nouveau. C&#039;est le D\u00e9but de l&#039;Industrialisation \u00e0 la fin du 18\u00e8me. et d\u00e9but du 19\u00e8me si\u00e8cle. Si\u00e8cle, de grands Changements dans l&#039;Histoire de Barcelone provoque la Croissance de l&#039;industrie Textile et de nombreux Changements urbains, comme l&#039;Arriv\u00e9e du Fer et de Tramway, la Construction de grandes Avenues et les Rues de Barcelone, a chang\u00e9 le Visage de la Ville, tout \u00e0 fait.<\/p>\n<\/div>\n\n\n\n<div class=\"wp-block-column is-layout-flow wp-block-column-is-layout-flow\">\n<h2 class=\"wp-block-heading\">En tant que fille au pair \u00e0 Barcelone<\/h2>\n\n\n\n<figure class=\"wp-block-gallery has-nested-images columns-default is-cropped wp-block-gallery-1 is-layout-flex wp-block-gallery-is-layout-flex\">\n<figure class=\"wp-block-image size-full\"><a href=\"https:\/\/aupairscout.com\/wp-content\/uploads\/2022\/06\/barcelona-g0613471aa_1280.jpg\"><img loading=\"lazy\" decoding=\"async\" width=\"1280\" height=\"720\" data-id=\"2236\" src=\"https:\/\/aupairscout.com\/wp-content\/uploads\/2022\/06\/barcelona-g0613471aa_1280.jpg\" alt=\"\" class=\"wp-image-2236\" srcset=\"https:\/\/aupairscout.com\/wp-content\/uploads\/2022\/06\/barcelona-g0613471aa_1280.jpg 1280w, https:\/\/aupairscout.com\/wp-content\/uploads\/2022\/06\/barcelona-g0613471aa_1280-600x338.jpg 600w, https:\/\/aupairscout.com\/wp-content\/uploads\/2022\/06\/barcelona-g0613471aa_1280-300x169.jpg 300w, https:\/\/aupairscout.com\/wp-content\/uploads\/2022\/06\/barcelona-g0613471aa_1280-1024x576.jpg 1024w, https:\/\/aupairscout.com\/wp-content\/uploads\/2022\/06\/barcelona-g0613471aa_1280-768x432.jpg 768w, https:\/\/aupairscout.com\/wp-content\/uploads\/2022\/06\/barcelona-g0613471aa_1280-18x10.jpg 18w\" sizes=\"auto, (max-width: 1280px) 100vw, 1280px\" \/><\/a><\/figure>\n\n\n\n<figure class=\"wp-block-image size-full\"><a href=\"https:\/\/aupairscout.com\/wp-content\/uploads\/2022\/06\/spain-g04ce3a10b_1280.jpg\"><img loading=\"lazy\" decoding=\"async\" width=\"1280\" height=\"853\" data-id=\"2237\" src=\"https:\/\/aupairscout.com\/wp-content\/uploads\/2022\/06\/spain-g04ce3a10b_1280.jpg\" alt=\"\" class=\"wp-image-2237\" srcset=\"https:\/\/aupairscout.com\/wp-content\/uploads\/2022\/06\/spain-g04ce3a10b_1280.jpg 1280w, https:\/\/aupairscout.com\/wp-content\/uploads\/2022\/06\/spain-g04ce3a10b_1280-600x400.jpg 600w, https:\/\/aupairscout.com\/wp-content\/uploads\/2022\/06\/spain-g04ce3a10b_1280-300x200.jpg 300w, https:\/\/aupairscout.com\/wp-content\/uploads\/2022\/06\/spain-g04ce3a10b_1280-1024x682.jpg 1024w, https:\/\/aupairscout.com\/wp-content\/uploads\/2022\/06\/spain-g04ce3a10b_1280-768x512.jpg 768w, https:\/\/aupairscout.com\/wp-content\/uploads\/2022\/06\/spain-g04ce3a10b_1280-18x12.jpg 18w\" sizes=\"auto, (max-width: 1280px) 100vw, 1280px\" \/><\/a><\/figure>\n\n\n\n<figure class=\"wp-block-image size-full\"><a href=\"https:\/\/aupairscout.com\/wp-content\/uploads\/2022\/06\/cadaques-g38bdef8ca_1280.jpg\"><img loading=\"lazy\" decoding=\"async\" width=\"1280\" height=\"853\" data-id=\"2238\" src=\"https:\/\/aupairscout.com\/wp-content\/uploads\/2022\/06\/cadaques-g38bdef8ca_1280.jpg\" alt=\"\" class=\"wp-image-2238\" srcset=\"https:\/\/aupairscout.com\/wp-content\/uploads\/2022\/06\/cadaques-g38bdef8ca_1280.jpg 1280w, https:\/\/aupairscout.com\/wp-content\/uploads\/2022\/06\/cadaques-g38bdef8ca_1280-600x400.jpg 600w, https:\/\/aupairscout.com\/wp-content\/uploads\/2022\/06\/cadaques-g38bdef8ca_1280-300x200.jpg 300w, https:\/\/aupairscout.com\/wp-content\/uploads\/2022\/06\/cadaques-g38bdef8ca_1280-1024x682.jpg 1024w, https:\/\/aupairscout.com\/wp-content\/uploads\/2022\/06\/cadaques-g38bdef8ca_1280-768x512.jpg 768w, https:\/\/aupairscout.com\/wp-content\/uploads\/2022\/06\/cadaques-g38bdef8ca_1280-18x12.jpg 18w\" sizes=\"auto, (max-width: 1280px) 100vw, 1280px\" \/><\/a><\/figure>\n\n\n\n<figure class=\"wp-block-image size-full\"><a href=\"https:\/\/aupairscout.com\/wp-content\/uploads\/2022\/06\/placa-despanya-ga5265b88b_1280.jpg\"><img loading=\"lazy\" decoding=\"async\" width=\"1280\" height=\"855\" data-id=\"2239\" src=\"https:\/\/aupairscout.com\/wp-content\/uploads\/2022\/06\/placa-despanya-ga5265b88b_1280.jpg\" alt=\"\" class=\"wp-image-2239\" srcset=\"https:\/\/aupairscout.com\/wp-content\/uploads\/2022\/06\/placa-despanya-ga5265b88b_1280.jpg 1280w, https:\/\/aupairscout.com\/wp-content\/uploads\/2022\/06\/placa-despanya-ga5265b88b_1280-600x401.jpg 600w, https:\/\/aupairscout.com\/wp-content\/uploads\/2022\/06\/placa-despanya-ga5265b88b_1280-300x200.jpg 300w, https:\/\/aupairscout.com\/wp-content\/uploads\/2022\/06\/placa-despanya-ga5265b88b_1280-1024x684.jpg 1024w, https:\/\/aupairscout.com\/wp-content\/uploads\/2022\/06\/placa-despanya-ga5265b88b_1280-768x513.jpg 768w, https:\/\/aupairscout.com\/wp-content\/uploads\/2022\/06\/placa-despanya-ga5265b88b_1280-18x12.jpg 18w\" sizes=\"auto, (max-width: 1280px) 100vw, 1280px\" \/><\/a><\/figure>\n\n\n\n<figure class=\"wp-block-image size-full\"><a href=\"https:\/\/aupairscout.com\/wp-content\/uploads\/2022\/06\/cathedral-g002552ba1_1280.jpg\"><img loading=\"lazy\" decoding=\"async\" width=\"1280\" height=\"853\" data-id=\"2240\" src=\"https:\/\/aupairscout.com\/wp-content\/uploads\/2022\/06\/cathedral-g002552ba1_1280.jpg\" alt=\"\" class=\"wp-image-2240\" srcset=\"https:\/\/aupairscout.com\/wp-content\/uploads\/2022\/06\/cathedral-g002552ba1_1280.jpg 1280w, https:\/\/aupairscout.com\/wp-content\/uploads\/2022\/06\/cathedral-g002552ba1_1280-600x400.jpg 600w, https:\/\/aupairscout.com\/wp-content\/uploads\/2022\/06\/cathedral-g002552ba1_1280-300x200.jpg 300w, https:\/\/aupairscout.com\/wp-content\/uploads\/2022\/06\/cathedral-g002552ba1_1280-1024x682.jpg 1024w, https:\/\/aupairscout.com\/wp-content\/uploads\/2022\/06\/cathedral-g002552ba1_1280-768x512.jpg 768w, https:\/\/aupairscout.com\/wp-content\/uploads\/2022\/06\/cathedral-g002552ba1_1280-18x12.jpg 18w\" sizes=\"auto, (max-width: 1280px) 100vw, 1280px\" \/><\/a><\/figure>\n\n\n\n<figure class=\"wp-block-image size-full\"><a href=\"https:\/\/aupairscout.com\/wp-content\/uploads\/2022\/06\/street-g3c7318ecb_1280.jpg\"><img loading=\"lazy\" decoding=\"async\" width=\"1280\" height=\"853\" data-id=\"2241\" src=\"https:\/\/aupairscout.com\/wp-content\/uploads\/2022\/06\/street-g3c7318ecb_1280.jpg\" alt=\"\" class=\"wp-image-2241\" srcset=\"https:\/\/aupairscout.com\/wp-content\/uploads\/2022\/06\/street-g3c7318ecb_1280.jpg 1280w, https:\/\/aupairscout.com\/wp-content\/uploads\/2022\/06\/street-g3c7318ecb_1280-600x400.jpg 600w, https:\/\/aupairscout.com\/wp-content\/uploads\/2022\/06\/street-g3c7318ecb_1280-300x200.jpg 300w, https:\/\/aupairscout.com\/wp-content\/uploads\/2022\/06\/street-g3c7318ecb_1280-1024x682.jpg 1024w, https:\/\/aupairscout.com\/wp-content\/uploads\/2022\/06\/street-g3c7318ecb_1280-768x512.jpg 768w, https:\/\/aupairscout.com\/wp-content\/uploads\/2022\/06\/street-g3c7318ecb_1280-18x12.jpg 18w\" sizes=\"auto, (max-width: 1280px) 100vw, 1280px\" \/><\/a><\/figure>\n\n\n\n<figure class=\"wp-block-image size-full\"><a href=\"https:\/\/aupairscout.com\/wp-content\/uploads\/2022\/06\/barcelona-g37251ea0c_1280.jpg\"><img loading=\"lazy\" decoding=\"async\" width=\"1280\" height=\"854\" data-id=\"2235\" src=\"https:\/\/aupairscout.com\/wp-content\/uploads\/2022\/06\/barcelona-g37251ea0c_1280.jpg\" alt=\"\" class=\"wp-image-2235\" srcset=\"https:\/\/aupairscout.com\/wp-content\/uploads\/2022\/06\/barcelona-g37251ea0c_1280.jpg 1280w, https:\/\/aupairscout.com\/wp-content\/uploads\/2022\/06\/barcelona-g37251ea0c_1280-600x400.jpg 600w, https:\/\/aupairscout.com\/wp-content\/uploads\/2022\/06\/barcelona-g37251ea0c_1280-300x200.jpg 300w, https:\/\/aupairscout.com\/wp-content\/uploads\/2022\/06\/barcelona-g37251ea0c_1280-1024x683.jpg 1024w, https:\/\/aupairscout.com\/wp-content\/uploads\/2022\/06\/barcelona-g37251ea0c_1280-768x512.jpg 768w, https:\/\/aupairscout.com\/wp-content\/uploads\/2022\/06\/barcelona-g37251ea0c_1280-18x12.jpg 18w\" sizes=\"auto, (max-width: 1280px) 100vw, 1280px\" \/><\/a><\/figure>\n<\/figure>\n<\/div>\n<\/div>\n<\/section>\n\n\n\n<section id=\"last-cta\" class=\"wp-block-group with-background small has-global-padding is-layout-constrained wp-block-group-is-layout-constrained\">\n<div class=\"wp-block-columns aupair is-layout-flex wp-container-core-columns-is-layout-28f84493 wp-block-columns-is-layout-flex\">\n<div class=\"wp-block-column is-layout-flow wp-block-column-is-layout-flow\">\n<h2 class=\"wp-block-heading\"><strong>Inscrivez-vous maintenant gratuitement!<\/strong><\/h2>\n\n\n\n<h5 class=\"wp-block-heading\">NOUS R\u00c9UNIONS DES AU PAIRS, DES FAMILLES D&#039;ACCUEIL, DES AGENCES, DES \u00c9COLES DE LANGUES ET DES CLUBS AU PAIR DANS LE MONDE ENTIER DEPUIS 1997.<\/h5>\n<\/div>\n\n\n\n<div class=\"wp-block-column is-layout-flow wp-block-column-is-layout-flow\">\n<div class=\"wp-block-buttons is-layout-flex wp-block-buttons-is-layout-flex\">\n<div class=\"wp-block-button highlighted\"><a class=\"wp-block-button__link wp-element-button\" href=\"\/#registrierung\"><strong>Allons-y<\/strong><\/a><\/div>\n<\/div>\n<\/div>\n<\/div>\n<\/section>","protected":false},"excerpt":{"rendered":"<p>Geschichte Im Jahr 1137 wurde Katalonien jedoch als Ergebnis der Vereinigung zwischen Ferdinand von Aragon und Isabella von Kastilien an Kastilien angegliedert. Barcelona wurde zum wirtschaftlichen und politischen Zentrum des aragonischen Reiches und zu einer der wichtigsten St\u00e4dte im Mittelmeerraum. Auf der anderen Seite verlor Katalonien durch diese Vereinigung seine eigenen Institutionen. Im Laufe des [&hellip;]<\/p>\n","protected":false},"author":990158,"featured_media":0,"parent":0,"menu_order":0,"comment_status":"closed","ping_status":"closed","template":"","meta":{"footnotes":""},"class_list":["post-2233","page","type-page","status-publish","hentry"],"_links":{"self":[{"href":"https:\/\/aupairscout.com\/fr\/wp-json\/wp\/v2\/pages\/2233","targetHints":{"allow":["GET"]}}],"collection":[{"href":"https:\/\/aupairscout.com\/fr\/wp-json\/wp\/v2\/pages"}],"about":[{"href":"https:\/\/aupairscout.com\/fr\/wp-json\/wp\/v2\/types\/page"}],"author":[{"embeddable":true,"href":"https:\/\/aupairscout.com\/fr\/wp-json\/wp\/v2\/users\/990158"}],"replies":[{"embeddable":true,"href":"https:\/\/aupairscout.com\/fr\/wp-json\/wp\/v2\/comments?post=2233"}],"version-history":[{"count":10,"href":"https:\/\/aupairscout.com\/fr\/wp-json\/wp\/v2\/pages\/2233\/revisions"}],"predecessor-version":[{"id":4731,"href":"https:\/\/aupairscout.com\/fr\/wp-json\/wp\/v2\/pages\/2233\/revisions\/4731"}],"wp:attachment":[{"href":"https:\/\/aupairscout.com\/fr\/wp-json\/wp\/v2\/media?parent=2233"}],"curies":[{"name":"wp","href":"https:\/\/api.w.org\/{rel}","templated":true}]}}