{"id":2214,"date":"2022-06-22T12:05:37","date_gmt":"2022-06-22T10:05:37","guid":{"rendered":"https:\/\/aupair.mondoit.de\/?page_id=2214"},"modified":"2023-10-13T00:05:06","modified_gmt":"2023-10-12T22:05:06","slug":"berlin","status":"publish","type":"page","link":"https:\/\/aupairscout.com\/fr\/berlin\/","title":{"rendered":"Berlin"},"content":{"rendered":"<h2 class=\"wp-block-post-title\"><div class=\"breadcrumbs\"><span class=\"crumb\"><a href=\"https:\/\/aupairscout.com\/fr\">AuPairScout - International<\/a> \u00bb <\/span><span class=\"crumb current-page\">Berlin<\/span><\/div><\/h2>\n\n\n\n<section class=\"wp-block-group has-global-padding is-layout-constrained wp-block-group-is-layout-constrained\">\n<div class=\"wp-block-columns is-layout-flex wp-container-core-columns-is-layout-28f84493 wp-block-columns-is-layout-flex\">\n<div class=\"wp-block-column is-layout-flow wp-block-column-is-layout-flow\">\n<h2 class=\"wp-block-heading\">Histoire<\/h2>\n\n\n\n<p>Berlin est la Capitale de l&#039;Allemagne et \u00e0 la fois un \u00c9tat. Avec environ trois Millions et demi d&#039;Habitants, Berlin est la plus grande Ville d&#039;allemagne et la plus grande Ville de l&#039;Union Europ\u00e9enne. Elle est situ\u00e9e dans l&#039;est de l&#039;Allemagne et de tous les C\u00f4t\u00e9s par le Land de Brandebourg entour\u00e9. Au sud de Berlin est le brandebourg, la Capitale de Potsdam.<\/p>\n\n\n\n<p>Berlin a \u00e9t\u00e9 fond\u00e9e il y a pr\u00e8s de 800 ans. Elle devint la capitale de la Prusse, puis, \u00e0 partir de 1871, celle de l&#039;Allemagne. La ville connut alors une expansion rapide gr\u00e2ce \u00e0 la construction de nombreuses usines, attirant une population toujours plus nombreuse. Afin de faciliter les d\u00e9placements, Berlin fut dot\u00e9e des premiers r\u00e9seaux de trains de banlieue et de m\u00e9tro d&#039;Allemagne.<\/p>\n\n\n\n<p>Une grande partie de Berlin fut d\u00e9truite pendant la Seconde Guerre mondiale. Les vainqueurs divis\u00e8rent Berlin\u00a0: l\u2019ouest fut occup\u00e9 par la Grande-Bretagne, la France et les \u00c9tats-Unis, l\u2019est par l\u2019Union sovi\u00e9tique. Face \u00e0 l\u2019afflux croissant de Berlin-Est vers l\u2019ouest, le mur de Berlin fut construit en 1961. Les habitants des deux arrondissements v\u00e9curent ainsi s\u00e9par\u00e9s pendant 28\u00a0ans, jusqu\u2019\u00e0 la chute du mur en 1989. Peu apr\u00e8s, Berlin redevint la capitale.<\/p>\n<\/div>\n\n\n\n<div class=\"wp-block-column is-layout-flow wp-block-column-is-layout-flow\">\n<h2 class=\"wp-block-heading\">Je pars \u00e0 Berlin comme fille au pair.<\/h2>\n\n\n\n<figure class=\"wp-block-gallery has-nested-images columns-3 is-cropped wp-block-gallery-1 is-layout-flex wp-block-gallery-is-layout-flex\">\n<figure class=\"wp-block-image size-full\"><a href=\"https:\/\/aupairscout.com\/wp-content\/uploads\/2022\/06\/television-tower-geae82b04f_1920.jpg\"><img loading=\"lazy\" decoding=\"async\" width=\"1440\" height=\"1920\" data-id=\"2142\" src=\"https:\/\/aupairscout.com\/wp-content\/uploads\/2022\/06\/television-tower-geae82b04f_1920.jpg\" alt=\"\" class=\"wp-image-2142\" srcset=\"https:\/\/aupairscout.com\/wp-content\/uploads\/2022\/06\/television-tower-geae82b04f_1920.jpg 1440w, https:\/\/aupairscout.com\/wp-content\/uploads\/2022\/06\/television-tower-geae82b04f_1920-600x800.jpg 600w, https:\/\/aupairscout.com\/wp-content\/uploads\/2022\/06\/television-tower-geae82b04f_1920-225x300.jpg 225w, https:\/\/aupairscout.com\/wp-content\/uploads\/2022\/06\/television-tower-geae82b04f_1920-768x1024.jpg 768w, https:\/\/aupairscout.com\/wp-content\/uploads\/2022\/06\/television-tower-geae82b04f_1920-1152x1536.jpg 1152w, https:\/\/aupairscout.com\/wp-content\/uploads\/2022\/06\/television-tower-geae82b04f_1920-9x12.jpg 9w\" sizes=\"auto, (max-width: 1440px) 100vw, 1440px\" \/><\/a><\/figure>\n\n\n\n<figure class=\"wp-block-image size-full\"><a href=\"https:\/\/aupairscout.com\/wp-content\/uploads\/2022\/06\/castle-park-ga9f3b7d22_1280.jpg\"><img loading=\"lazy\" decoding=\"async\" width=\"1280\" height=\"720\" data-id=\"2217\" src=\"https:\/\/aupairscout.com\/wp-content\/uploads\/2022\/06\/castle-park-ga9f3b7d22_1280.jpg\" alt=\"\" class=\"wp-image-2217\" srcset=\"https:\/\/aupairscout.com\/wp-content\/uploads\/2022\/06\/castle-park-ga9f3b7d22_1280.jpg 1280w, https:\/\/aupairscout.com\/wp-content\/uploads\/2022\/06\/castle-park-ga9f3b7d22_1280-600x338.jpg 600w, https:\/\/aupairscout.com\/wp-content\/uploads\/2022\/06\/castle-park-ga9f3b7d22_1280-300x169.jpg 300w, https:\/\/aupairscout.com\/wp-content\/uploads\/2022\/06\/castle-park-ga9f3b7d22_1280-1024x576.jpg 1024w, https:\/\/aupairscout.com\/wp-content\/uploads\/2022\/06\/castle-park-ga9f3b7d22_1280-768x432.jpg 768w, https:\/\/aupairscout.com\/wp-content\/uploads\/2022\/06\/castle-park-ga9f3b7d22_1280-18x10.jpg 18w\" sizes=\"auto, (max-width: 1280px) 100vw, 1280px\" \/><\/a><\/figure>\n\n\n\n<figure class=\"wp-block-image size-full\"><a href=\"https:\/\/aupairscout.com\/wp-content\/uploads\/2022\/06\/berlin-g95ec6a320_1920.jpg\"><img loading=\"lazy\" decoding=\"async\" width=\"1920\" height=\"1223\" data-id=\"2088\" src=\"https:\/\/aupairscout.com\/wp-content\/uploads\/2022\/06\/berlin-g95ec6a320_1920.jpg\" alt=\"\" class=\"wp-image-2088\" srcset=\"https:\/\/aupairscout.com\/wp-content\/uploads\/2022\/06\/berlin-g95ec6a320_1920.jpg 1920w, https:\/\/aupairscout.com\/wp-content\/uploads\/2022\/06\/berlin-g95ec6a320_1920-600x382.jpg 600w, https:\/\/aupairscout.com\/wp-content\/uploads\/2022\/06\/berlin-g95ec6a320_1920-300x191.jpg 300w, https:\/\/aupairscout.com\/wp-content\/uploads\/2022\/06\/berlin-g95ec6a320_1920-1024x652.jpg 1024w, https:\/\/aupairscout.com\/wp-content\/uploads\/2022\/06\/berlin-g95ec6a320_1920-768x489.jpg 768w, https:\/\/aupairscout.com\/wp-content\/uploads\/2022\/06\/berlin-g95ec6a320_1920-1536x978.jpg 1536w, https:\/\/aupairscout.com\/wp-content\/uploads\/2022\/06\/berlin-g95ec6a320_1920-18x12.jpg 18w\" sizes=\"auto, (max-width: 1920px) 100vw, 1920px\" \/><\/a><\/figure>\n\n\n\n<figure class=\"wp-block-image size-full\"><a href=\"https:\/\/aupairscout.com\/wp-content\/uploads\/2022\/06\/berlin-gad099bc4e_1280.jpg\"><img loading=\"lazy\" decoding=\"async\" width=\"1280\" height=\"960\" data-id=\"2219\" src=\"https:\/\/aupairscout.com\/wp-content\/uploads\/2022\/06\/berlin-gad099bc4e_1280.jpg\" alt=\"\" class=\"wp-image-2219\" srcset=\"https:\/\/aupairscout.com\/wp-content\/uploads\/2022\/06\/berlin-gad099bc4e_1280.jpg 1280w, https:\/\/aupairscout.com\/wp-content\/uploads\/2022\/06\/berlin-gad099bc4e_1280-600x450.jpg 600w, https:\/\/aupairscout.com\/wp-content\/uploads\/2022\/06\/berlin-gad099bc4e_1280-300x225.jpg 300w, https:\/\/aupairscout.com\/wp-content\/uploads\/2022\/06\/berlin-gad099bc4e_1280-1024x768.jpg 1024w, https:\/\/aupairscout.com\/wp-content\/uploads\/2022\/06\/berlin-gad099bc4e_1280-768x576.jpg 768w, https:\/\/aupairscout.com\/wp-content\/uploads\/2022\/06\/berlin-gad099bc4e_1280-16x12.jpg 16w\" sizes=\"auto, (max-width: 1280px) 100vw, 1280px\" \/><\/a><\/figure>\n\n\n\n<figure class=\"wp-block-image size-full\"><a href=\"https:\/\/aupairscout.com\/wp-content\/uploads\/2022\/06\/architecture-ga186532b8_1280.jpg\"><img loading=\"lazy\" decoding=\"async\" width=\"1280\" height=\"720\" data-id=\"2220\" src=\"https:\/\/aupairscout.com\/wp-content\/uploads\/2022\/06\/architecture-ga186532b8_1280.jpg\" alt=\"\" class=\"wp-image-2220\" srcset=\"https:\/\/aupairscout.com\/wp-content\/uploads\/2022\/06\/architecture-ga186532b8_1280.jpg 1280w, https:\/\/aupairscout.com\/wp-content\/uploads\/2022\/06\/architecture-ga186532b8_1280-600x338.jpg 600w, https:\/\/aupairscout.com\/wp-content\/uploads\/2022\/06\/architecture-ga186532b8_1280-300x169.jpg 300w, https:\/\/aupairscout.com\/wp-content\/uploads\/2022\/06\/architecture-ga186532b8_1280-1024x576.jpg 1024w, https:\/\/aupairscout.com\/wp-content\/uploads\/2022\/06\/architecture-ga186532b8_1280-768x432.jpg 768w, https:\/\/aupairscout.com\/wp-content\/uploads\/2022\/06\/architecture-ga186532b8_1280-18x10.jpg 18w\" sizes=\"auto, (max-width: 1280px) 100vw, 1280px\" \/><\/a><\/figure>\n\n\n\n<figure class=\"wp-block-image size-full\"><a href=\"https:\/\/aupairscout.com\/wp-content\/uploads\/2022\/06\/berlin-g7b268fb94_1280.jpg\"><img loading=\"lazy\" decoding=\"async\" width=\"1280\" height=\"817\" data-id=\"2218\" src=\"https:\/\/aupairscout.com\/wp-content\/uploads\/2022\/06\/berlin-g7b268fb94_1280.jpg\" alt=\"\" class=\"wp-image-2218\" srcset=\"https:\/\/aupairscout.com\/wp-content\/uploads\/2022\/06\/berlin-g7b268fb94_1280.jpg 1280w, https:\/\/aupairscout.com\/wp-content\/uploads\/2022\/06\/berlin-g7b268fb94_1280-600x383.jpg 600w, https:\/\/aupairscout.com\/wp-content\/uploads\/2022\/06\/berlin-g7b268fb94_1280-300x191.jpg 300w, https:\/\/aupairscout.com\/wp-content\/uploads\/2022\/06\/berlin-g7b268fb94_1280-1024x654.jpg 1024w, https:\/\/aupairscout.com\/wp-content\/uploads\/2022\/06\/berlin-g7b268fb94_1280-768x490.jpg 768w, https:\/\/aupairscout.com\/wp-content\/uploads\/2022\/06\/berlin-g7b268fb94_1280-18x12.jpg 18w\" sizes=\"auto, (max-width: 1280px) 100vw, 1280px\" \/><\/a><\/figure>\n\n\n\n<figure class=\"wp-block-image size-full\"><a href=\"https:\/\/aupairscout.com\/wp-content\/uploads\/2022\/06\/brand-front-of-the-brandenburg-gate-gc64123c11_1280.jpg\"><img loading=\"lazy\" decoding=\"async\" width=\"1280\" height=\"853\" data-id=\"2216\" src=\"https:\/\/aupairscout.com\/wp-content\/uploads\/2022\/06\/brand-front-of-the-brandenburg-gate-gc64123c11_1280.jpg\" alt=\"\" class=\"wp-image-2216\" srcset=\"https:\/\/aupairscout.com\/wp-content\/uploads\/2022\/06\/brand-front-of-the-brandenburg-gate-gc64123c11_1280.jpg 1280w, https:\/\/aupairscout.com\/wp-content\/uploads\/2022\/06\/brand-front-of-the-brandenburg-gate-gc64123c11_1280-600x400.jpg 600w, https:\/\/aupairscout.com\/wp-content\/uploads\/2022\/06\/brand-front-of-the-brandenburg-gate-gc64123c11_1280-300x200.jpg 300w, https:\/\/aupairscout.com\/wp-content\/uploads\/2022\/06\/brand-front-of-the-brandenburg-gate-gc64123c11_1280-1024x682.jpg 1024w, https:\/\/aupairscout.com\/wp-content\/uploads\/2022\/06\/brand-front-of-the-brandenburg-gate-gc64123c11_1280-768x512.jpg 768w, https:\/\/aupairscout.com\/wp-content\/uploads\/2022\/06\/brand-front-of-the-brandenburg-gate-gc64123c11_1280-18x12.jpg 18w\" sizes=\"auto, (max-width: 1280px) 100vw, 1280px\" \/><\/a><\/figure>\n<\/figure>\n<\/div>\n<\/div>\n<\/section>\n\n\n\n<section id=\"last-cta\" class=\"wp-block-group with-background small has-global-padding is-layout-constrained wp-block-group-is-layout-constrained\">\n<div class=\"wp-block-columns aupair is-layout-flex wp-container-core-columns-is-layout-28f84493 wp-block-columns-is-layout-flex\">\n<div class=\"wp-block-column is-layout-flow wp-block-column-is-layout-flow\">\n<h2 class=\"wp-block-heading\"><strong>Inscrivez-vous maintenant gratuitement!<\/strong><\/h2>\n\n\n\n<h5 class=\"wp-block-heading\">NOUS R\u00c9UNIONS DES AU PAIRS, DES FAMILLES D&#039;ACCUEIL, DES AGENCES, DES \u00c9COLES DE LANGUES ET DES CLUBS AU PAIR DANS LE MONDE ENTIER DEPUIS 1997.<\/h5>\n<\/div>\n\n\n\n<div class=\"wp-block-column is-layout-flow wp-block-column-is-layout-flow\">\n<div class=\"wp-block-buttons is-layout-flex wp-block-buttons-is-layout-flex\">\n<div class=\"wp-block-button highlighted\"><a class=\"wp-block-button__link wp-element-button\" href=\"\/#registrierung\"><strong>Allons-y<\/strong><\/a><\/div>\n<\/div>\n<\/div>\n<\/div>\n<\/section>","protected":false},"excerpt":{"rendered":"<p>Geschichte Berlin ist die Hauptstadt Deutschlands und zugleich ein Bundesland. Mit etwa dreieinhalb Millionen Einwohnern ist Berlin die gr\u00f6\u00dfte deutsche Stadt sowie die gr\u00f6\u00dfte Stadt der Europ\u00e4ischen Union. Sie liegt im Osten Deutschlands und wird von allen Seiten vom Bundesland Brandenburg umgeben. S\u00fcdlich von Berlin liegt die brandenburgische Hauptstadt Potsdam. Vor fast 800 Jahren wurde [&hellip;]<\/p>\n","protected":false},"author":990158,"featured_media":0,"parent":0,"menu_order":0,"comment_status":"closed","ping_status":"closed","template":"","meta":{"footnotes":""},"class_list":["post-2214","page","type-page","status-publish","hentry"],"_links":{"self":[{"href":"https:\/\/aupairscout.com\/fr\/wp-json\/wp\/v2\/pages\/2214","targetHints":{"allow":["GET"]}}],"collection":[{"href":"https:\/\/aupairscout.com\/fr\/wp-json\/wp\/v2\/pages"}],"about":[{"href":"https:\/\/aupairscout.com\/fr\/wp-json\/wp\/v2\/types\/page"}],"author":[{"embeddable":true,"href":"https:\/\/aupairscout.com\/fr\/wp-json\/wp\/v2\/users\/990158"}],"replies":[{"embeddable":true,"href":"https:\/\/aupairscout.com\/fr\/wp-json\/wp\/v2\/comments?post=2214"}],"version-history":[{"count":10,"href":"https:\/\/aupairscout.com\/fr\/wp-json\/wp\/v2\/pages\/2214\/revisions"}],"predecessor-version":[{"id":4977,"href":"https:\/\/aupairscout.com\/fr\/wp-json\/wp\/v2\/pages\/2214\/revisions\/4977"}],"wp:attachment":[{"href":"https:\/\/aupairscout.com\/fr\/wp-json\/wp\/v2\/media?parent=2214"}],"curies":[{"name":"wp","href":"https:\/\/api.w.org\/{rel}","templated":true}]}}