{"id":2184,"date":"2022-06-22T10:05:39","date_gmt":"2022-06-22T08:05:39","guid":{"rendered":"https:\/\/aupair.mondoit.de\/?page_id=2184"},"modified":"2024-12-23T18:05:36","modified_gmt":"2024-12-23T17:05:36","slug":"faq-pour-les-agences","status":"publish","type":"page","link":"https:\/\/aupairscout.com\/fr\/faq-pour-les-agences\/","title":{"rendered":"FAQ de l&#039;agence"},"content":{"rendered":"<div id=\"pagehead\" class=\"wp-block-group has-global-padding is-layout-constrained wp-block-group-is-layout-constrained\">\n<div class=\"wp-block-columns is-layout-flex wp-container-core-columns-is-layout-28f84493 wp-block-columns-is-layout-flex\">\n<div class=\"wp-block-column is-layout-flow wp-block-column-is-layout-flow\">\n<figure class=\"wp-block-image size-large\"><img loading=\"lazy\" decoding=\"async\" width=\"1024\" height=\"672\" src=\"https:\/\/aupairscout.com\/wp-content\/uploads\/2023\/09\/Registrierung-Agentur-1024x672.jpg\" alt=\"Une agence au pair peut utiliser le site Au pair Scout pour pr\u00e9senter et placer ses propres au pairs. \" class=\"wp-image-4382\" srcset=\"https:\/\/aupairscout.com\/wp-content\/uploads\/2023\/09\/Registrierung-Agentur-1024x672.jpg 1024w, https:\/\/aupairscout.com\/wp-content\/uploads\/2023\/09\/Registrierung-Agentur-300x197.jpg 300w, https:\/\/aupairscout.com\/wp-content\/uploads\/2023\/09\/Registrierung-Agentur-768x504.jpg 768w, https:\/\/aupairscout.com\/wp-content\/uploads\/2023\/09\/Registrierung-Agentur-18x12.jpg 18w, https:\/\/aupairscout.com\/wp-content\/uploads\/2023\/09\/Registrierung-Agentur.jpg 1280w\" sizes=\"auto, (max-width: 1024px) 100vw, 1024px\" \/><\/figure>\n<\/div>\n\n\n\n<div class=\"wp-block-column is-layout-flow wp-block-column-is-layout-flow\">\n<h2 class=\"wp-block-heading\">Questions de l&#039;agence Au Pair sur le site Web Au Pair Scout<\/h2>\n\n\n\n<p>Vous trouverez ici des questions et r\u00e9ponses sur tous les sujets qui vous int\u00e9ressent. Cliquez simplement sur le domaine concern\u00e9, puis sur une question.<\/p>\n<\/div>\n<\/div>\n<\/div>\n\n\n\n<section class=\"wp-block-group near has-global-padding is-layout-constrained wp-block-group-is-layout-constrained\">\n<div class=\"wp-block-getwid-accordion faq has-icon-left\" data-active-element=\"none\">\n<div class=\"wp-block-getwid-accordion__header-wrapper\"><span class=\"wp-block-getwid-accordion__header\"><a href=\"#\"><span class=\"wp-block-getwid-accordion__header-title\">G\u00e9n\u00e9ral<\/span><span class=\"wp-block-getwid-accordion__icon is-active\"><i class=\"fas fa-plus\"><\/i><\/span><span class=\"wp-block-getwid-accordion__icon is-passive\"><i class=\"fas fa-minus\"><\/i><\/span><\/a><\/span><\/div><div class=\"wp-block-getwid-accordion__content-wrapper\"><div class=\"wp-block-getwid-accordion__content\">\n<div class=\"wp-block-getwid-accordion has-icon-left\" data-active-element=\"none\">\n<div class=\"wp-block-getwid-accordion__header-wrapper\"><span class=\"wp-block-getwid-accordion__header\"><a href=\"#\"><span class=\"wp-block-getwid-accordion__header-title\">Qui peut s&#039;inscrire en tant qu&#039;agence.<\/span><span class=\"wp-block-getwid-accordion__icon is-active\"><i class=\"fas fa-plus\"><\/i><\/span><span class=\"wp-block-getwid-accordion__icon is-passive\"><i class=\"fas fa-minus\"><\/i><\/span><\/a><\/span><\/div><div class=\"wp-block-getwid-accordion__content-wrapper\"><div class=\"wp-block-getwid-accordion__content\">\n<p>Toute agence qui s&#039;occupe des jeunes au pair peut s&#039;inscrire.<\/p>\n<\/div><\/div>\n<\/div>\n<\/div><\/div>\n\n\n\n<div class=\"wp-block-getwid-accordion__header-wrapper\"><span class=\"wp-block-getwid-accordion__header\"><a href=\"#\"><span class=\"wp-block-getwid-accordion__header-title\">Inscription \/ Connexion<\/span><span class=\"wp-block-getwid-accordion__icon is-active\"><i class=\"fas fa-plus\"><\/i><\/span><span class=\"wp-block-getwid-accordion__icon is-passive\"><i class=\"fas fa-minus\"><\/i><\/span><\/a><\/span><\/div><div class=\"wp-block-getwid-accordion__content-wrapper\"><div class=\"wp-block-getwid-accordion__content\">\n<div class=\"wp-block-getwid-accordion has-icon-left\" data-active-element=\"none\">\n<div class=\"wp-block-getwid-accordion__header-wrapper\"><span class=\"wp-block-getwid-accordion__header\"><a href=\"#\"><span class=\"wp-block-getwid-accordion__header-title\">Comment peut-on s&#039;inscrire ?<\/span><span class=\"wp-block-getwid-accordion__icon is-active\"><i class=\"fas fa-plus\"><\/i><\/span><span class=\"wp-block-getwid-accordion__icon is-passive\"><i class=\"fas fa-minus\"><\/i><\/span><\/a><\/span><\/div><div class=\"wp-block-getwid-accordion__content-wrapper\"><div class=\"wp-block-getwid-accordion__content\">\n<p>C&#039;est tr\u00e8s simple : pour ce faire, veuillez remplir notre formulaire sous la rubrique \u00ab\u00a0S&#039;inscrire\u00a0\u00bb de mani\u00e8re v\u00e9ridique et compl\u00e8te.<\/p>\n<\/div><\/div>\n<\/div>\n<\/div><\/div>\n\n\n\n<div class=\"wp-block-getwid-accordion__header-wrapper\"><span class=\"wp-block-getwid-accordion__header\"><a href=\"#\"><span class=\"wp-block-getwid-accordion__header-title\">Agence avec abonnement<\/span><span class=\"wp-block-getwid-accordion__icon is-active\"><i class=\"fas fa-plus\"><\/i><\/span><span class=\"wp-block-getwid-accordion__icon is-passive\"><i class=\"fas fa-minus\"><\/i><\/span><\/a><\/span><\/div><div class=\"wp-block-getwid-accordion__content-wrapper\"><div class=\"wp-block-getwid-accordion__content\">\n<div class=\"wp-block-getwid-accordion has-icon-left\" data-active-element=\"none\">\n<div class=\"wp-block-getwid-accordion__header-wrapper\"><span class=\"wp-block-getwid-accordion__header\"><a href=\"#\"><span class=\"wp-block-getwid-accordion__header-title\">Avec ABO vous pouvez :<\/span><span class=\"wp-block-getwid-accordion__icon is-active\"><i class=\"fas fa-plus\"><\/i><\/span><span class=\"wp-block-getwid-accordion__icon is-passive\"><i class=\"fas fa-minus\"><\/i><\/span><\/a><\/span><\/div><div class=\"wp-block-getwid-accordion__content-wrapper\"><div class=\"wp-block-getwid-accordion__content\">\n<ul class=\"wp-block-list\">\n<li>Mettez vos propres jeunes au pair en ligne dans la galerie via votre compte<\/li>\n\n\n\n<li>La communication avec les familles de vos au pairs passe par votre agence<\/li>\n\n\n\n<li>Vous pouvez consulter les profils complets d&#039;autres au pairs et les contacter<\/li>\n\n\n\n<li>Contactez-nous via des messages personnalis\u00e9s<\/li>\n\n\n\n<li>Vous pouvez consulter les profils complets des familles et les contacter<\/li>\n\n\n\n<li>Contactez-nous via des messages personnalis\u00e9s<\/li>\n\n\n\n<li>\u00c9change d\u2019autres donn\u00e9es et informations entre utilisateurs<\/li>\n\n\n\n<li>Acc\u00e8s aux descriptions personnelles et aux r\u00e9f\u00e9rences<\/li>\n<\/ul>\n<\/div><\/div>\n\n\n\n<div class=\"wp-block-getwid-accordion__header-wrapper\"><span class=\"wp-block-getwid-accordion__header\"><a href=\"#\"><span class=\"wp-block-getwid-accordion__header-title\">AuPairScout offre en \u00e9change :<\/span><span class=\"wp-block-getwid-accordion__icon is-active\"><i class=\"fas fa-plus\"><\/i><\/span><span class=\"wp-block-getwid-accordion__icon is-passive\"><i class=\"fas fa-minus\"><\/i><\/span><\/a><\/span><\/div><div class=\"wp-block-getwid-accordion__content-wrapper\"><div class=\"wp-block-getwid-accordion__content\">\n<p><\/p>\n\n\n\n<ul class=\"wp-block-list\">\n<li>Des d\u00e9cennies d&#039;exp\u00e9rience en tant qu&#039;agence au pair<\/li>\n\n\n\n<li>Communication avec notre \u00e9quipe AuPairScout<\/li>\n<\/ul>\n<\/div><\/div>\n<\/div>\n<\/div><\/div>\n<\/div>\n<\/section>","protected":false},"excerpt":{"rendered":"<p>Au-pair Agentur Fragen zur Au-pair Scout Website Hier finden Sie Fragen und Antworten zu allen Themen, die Sie interessieren. Klicken Sie einfach zun\u00e4chst auf den jeweiligen Themenbereich und anschlie\u00dfend auf eine Frage.<\/p>","protected":false},"author":990158,"featured_media":0,"parent":0,"menu_order":0,"comment_status":"closed","ping_status":"closed","template":"","meta":{"footnotes":""},"class_list":["post-2184","page","type-page","status-publish","hentry"],"_links":{"self":[{"href":"https:\/\/aupairscout.com\/fr\/wp-json\/wp\/v2\/pages\/2184","targetHints":{"allow":["GET"]}}],"collection":[{"href":"https:\/\/aupairscout.com\/fr\/wp-json\/wp\/v2\/pages"}],"about":[{"href":"https:\/\/aupairscout.com\/fr\/wp-json\/wp\/v2\/types\/page"}],"author":[{"embeddable":true,"href":"https:\/\/aupairscout.com\/fr\/wp-json\/wp\/v2\/users\/990158"}],"replies":[{"embeddable":true,"href":"https:\/\/aupairscout.com\/fr\/wp-json\/wp\/v2\/comments?post=2184"}],"version-history":[{"count":13,"href":"https:\/\/aupairscout.com\/fr\/wp-json\/wp\/v2\/pages\/2184\/revisions"}],"predecessor-version":[{"id":6516,"href":"https:\/\/aupairscout.com\/fr\/wp-json\/wp\/v2\/pages\/2184\/revisions\/6516"}],"wp:attachment":[{"href":"https:\/\/aupairscout.com\/fr\/wp-json\/wp\/v2\/media?parent=2184"}],"curies":[{"name":"wp","href":"https:\/\/api.w.org\/{rel}","templated":true}]}}